{"id":20809,"date":"2025-05-19T08:46:03","date_gmt":"2025-05-19T08:46:03","guid":{"rendered":"https:\/\/mx-springs.com\/diventa-un-rivenditore-ufficiale\/"},"modified":"2025-06-11T11:27:10","modified_gmt":"2025-06-11T11:27:10","slug":"diventa-un-rivenditore-ufficiale","status":"publish","type":"page","link":"https:\/\/mx-springs.com\/it\/diventa-un-rivenditore-ufficiale\/","title":{"rendered":"DIVENTA UN RIVENDITORE UFFICIALE"},"content":{"rendered":"\t\t<div data-elementor-type=\"wp-page\" data-elementor-id=\"20809\" class=\"elementor elementor-20809 elementor-11906\" data-elementor-post-type=\"page\">\n\t\t\t\t\t\t<section class=\"elementor-section elementor-top-section elementor-element elementor-element-c901241 elementor-section-boxed elementor-section-height-default elementor-section-height-default qodef-elementor-content-no\" data-id=\"c901241\" data-element_type=\"section\" data-e-type=\"section\">\n\t\t\t\t\t\t<div class=\"elementor-container elementor-column-gap-default\">\n\t\t\t\t\t<div class=\"elementor-column elementor-col-100 elementor-top-column elementor-element elementor-element-2e0d84a\" data-id=\"2e0d84a\" data-element_type=\"column\" data-e-type=\"column\">\n\t\t\t<div class=\"elementor-widget-wrap elementor-element-populated\">\n\t\t\t\t\t\t<div class=\"elementor-element elementor-element-784191e elementor-widget elementor-widget-spacer\" data-id=\"784191e\" data-element_type=\"widget\" data-e-type=\"widget\" data-widget_type=\"spacer.default\">\n\t\t\t\t<div class=\"elementor-widget-container\">\n\t\t\t\t\t\t\t<div class=\"elementor-spacer\">\n\t\t\t<div class=\"elementor-spacer-inner\"><\/div>\n\t\t<\/div>\n\t\t\t\t\t\t<\/div>\n\t\t\t\t<\/div>\n\t\t\t\t\t<\/div>\n\t\t<\/div>\n\t\t\t\t\t<\/div>\n\t\t<\/section>\n\t\t\t\t<section class=\"elementor-section elementor-top-section elementor-element elementor-element-19a8c47 elementor-section-boxed elementor-section-height-default elementor-section-height-default qodef-elementor-content-no\" data-id=\"19a8c47\" data-element_type=\"section\" data-e-type=\"section\">\n\t\t\t\t\t\t<div class=\"elementor-container elementor-column-gap-default\">\n\t\t\t\t\t<div class=\"elementor-column elementor-col-100 elementor-top-column elementor-element elementor-element-cd08ff8\" data-id=\"cd08ff8\" data-element_type=\"column\" data-e-type=\"column\">\n\t\t\t<div class=\"elementor-widget-wrap elementor-element-populated\">\n\t\t\t\t\t\t<div class=\"elementor-element elementor-element-4086e5e elementor-widget elementor-widget-text-editor\" data-id=\"4086e5e\" data-element_type=\"widget\" data-e-type=\"widget\" data-widget_type=\"text-editor.default\">\n\t\t\t\t<div class=\"elementor-widget-container\">\n\t\t\t\t\t\t\t\t\t<p>\t\t\t<h2 class=\"b2bking_b2bregistration_only_register_header\">\r\n\t\t\tRegistrati<\/h2>\r\n\t\t\t<div class=\"woocommerce\">\r\n\t\t\t\t<form method=\"post\" class=\"woocommerce-form woocommerce-form-register register\" enctype=\"multipart\/form-data\" >\r\n\r\n\t\t\t\t\t\r\n\t\t\t\t\t\r\n\t\t\t\t\t<p class=\"woocommerce-form-row woocommerce-form-row--wide form-row form-row-wide\">\r\n\t\t\t\t\t\t<label for=\"reg_email\">Indirizzo email&nbsp;<span class=\"required\">*<\/span><\/label>\r\n\t\t\t\t\t\t<input type=\"email\" class=\"woocommerce-Input woocommerce-Input--text input-text\" name=\"email\" id=\"reg_email\" autocomplete=\"email\" value=\"\" \/>\r\n\t\t\t\t\t<\/p>\r\n\r\n\t\t\t\t\t\r\n\t\t\t\t\t\t<p>Un lien pour d\u00e9finir un nouveau mot de passe sera envoy\u00e9 \u00e0 votre adresse e-mail.<\/p>\r\n\r\n\t\t\t\t\t\r\n\t\t\t\t\t\t\t\t\t\t\t<p class=\"woocommerce-form-row woocommerce-form-row--wide form-row form-row-wide b2bking_registration_roles_dropdown_section b2bking_registration_roles_dropdown_section_hidden\">\r\n\t\t\t\t\t\t\t\t\t\t\t\t\t\t<label for=\"b2bking_registration_roles_dropdown\">\r\n\t\t\t\t\t\t\t\tTipologia di utente&nbsp;<span class=\"required\">*<\/span>\r\n\t\t\t\t\t\t\t<\/label>\r\n\t\t\t\t\t\t\t<select id=\"b2bking_registration_roles_dropdown\" name=\"b2bking_registration_roles_dropdown\" required>\r\n\t\t\t\t\t\t\t\t<option value=\"role_6048\" >B2B (vereist goedkeuring)<\/option>\t\t\t\t\t\t\t<\/select>\r\n\t\t\t\t\t\t<\/p>\r\n\t\t\t\t\t\t<div class=\" b2bking_custom_registration_container b2bking_custom_registration_container_field_6049 b2bking_custom_registration_role_6048\"><p class=\"woocommerce-form-row woocommerce-form-row--wide form-row form-row-wide \"><label for=\"b2bking_field_6049\">Voornaam&nbsp;<span class=\"required\">*<\/span><\/label><input type=\"text\" id=\"b2bking_field_6049\" class=\"b2bking_custom_registration_field b2bking_custom_field_req_required\" name=\"b2bking_custom_field_6049\" value=\"\" placeholder=\"Vul hier uw voornaam in...\" required><\/p><\/div><div class=\" b2bking_custom_registration_container b2bking_custom_registration_container_field_6050 b2bking_custom_registration_role_6048\"><p class=\"woocommerce-form-row woocommerce-form-row--wide form-row form-row-wide \"><label for=\"b2bking_field_6050\">Achternaam&nbsp;<span class=\"required\">*<\/span><\/label><input type=\"text\" id=\"b2bking_field_6050\" class=\"b2bking_custom_registration_field b2bking_custom_field_req_required\" name=\"b2bking_custom_field_6050\" value=\"\" placeholder=\"Vul hier uw achternaam in...\" required><\/p><\/div><div class=\" b2bking_custom_registration_container b2bking_custom_registration_container_field_6051 b2bking_custom_registration_role_6048\"><p class=\"woocommerce-form-row woocommerce-form-row--wide form-row form-row-wide \"><label for=\"b2bking_field_6051\">Bedrijfsnaam&nbsp;<span class=\"required\">*<\/span><\/label><input type=\"text\" id=\"b2bking_field_6051\" class=\"b2bking_custom_registration_field b2bking_custom_field_req_required\" name=\"b2bking_custom_field_6051\" value=\"\" placeholder=\"Vul hier uw bedrijfsnaam in...\" required><\/p><\/div><div class=\" b2bking_custom_registration_container b2bking_custom_registration_container_field_6052 b2bking_custom_registration_role_6048\"><p class=\"woocommerce-form-row woocommerce-form-row--wide form-row form-row-wide \"><label for=\"b2bking_field_6052\">Straatnaam&nbsp;<span class=\"required\">*<\/span><\/label><input type=\"text\" id=\"b2bking_field_6052\" class=\"b2bking_custom_registration_field b2bking_custom_field_req_required\" name=\"b2bking_custom_field_6052\" value=\"\" placeholder=\"Vul hier jouw adres in...\" required><\/p><\/div><div class=\" b2bking_custom_registration_container b2bking_custom_registration_container_field_6053 b2bking_custom_registration_role_6048\"><p class=\"woocommerce-form-row woocommerce-form-row--wide form-row form-row-wide \"><label for=\"b2bking_field_6053\">Huisnummer&nbsp;<span class=\"required\">*<\/span><\/label><input type=\"text\" id=\"b2bking_field_6053\" class=\"b2bking_custom_registration_field b2bking_custom_field_req_required\" name=\"b2bking_custom_field_6053\" value=\"\" placeholder=\"Huisnummer...\" required><\/p><\/div><div class=\" b2bking_custom_registration_container b2bking_custom_registration_container_field_6057 b2bking_custom_registration_role_6048\"><p class=\"woocommerce-form-row woocommerce-form-row--wide form-row form-row-wide b2bking_country_or_state\"><label for=\"b2bking_custom_field_6057\">Land&nbsp;<span class=\"required\">*<\/span><\/label><p class=\"form-row b2bking_country_field_selector b2bking_custom_registration_field b2bking_custom_field_req_required b2bking_country_field_req_required\" id=\"b2bking_custom_field_6057_field\" data-priority=\"\"><span class=\"woocommerce-input-wrapper\"><select name=\"b2bking_custom_field_6057\" id=\"b2bking_custom_field_6057\" class=\"country_to_state country_select \"  data-placeholder=\"Seleziona un paese \/ una regione&hellip;\" ><option value=\"\">Seleziona un paese \/ una regione&hellip;<\/option><option value=\"AF\" >Afghanistan<\/option><option value=\"AL\" >Albania<\/option><option value=\"DZ\" >Algeria<\/option><option value=\"AS\" >American Samoa<\/option><option value=\"AD\" >Andorra<\/option><option value=\"AO\" >Angola<\/option><option value=\"AI\" >Anguilla<\/option><option value=\"AQ\" >Antartide<\/option><option value=\"AG\" >Antigua e Barbuda<\/option><option value=\"SA\" >Arabia Saudita<\/option><option value=\"AR\" >Argentina<\/option><option value=\"AM\" >Armenia<\/option><option value=\"AW\" >Aruba<\/option><option value=\"AU\" >Australia<\/option><option value=\"AT\" >Austria<\/option><option value=\"AZ\" >Azerbaijan<\/option><option value=\"BS\" >Bahamas<\/option><option value=\"BH\" >Bahrain<\/option><option value=\"BD\" >Bangladesh<\/option><option value=\"BB\" >Barbados<\/option><option value=\"PW\" >Belau<\/option><option value=\"BE\" >Belgio<\/option><option value=\"BZ\" >Belize<\/option><option value=\"BJ\" >Benin<\/option><option value=\"BM\" >Bermuda<\/option><option value=\"BT\" >Bhutan<\/option><option value=\"BY\" >Bielorussia<\/option><option value=\"MM\" >Birmania<\/option><option value=\"BO\" >Bolivia<\/option><option value=\"BQ\" >Bonaire, Saint Eustatius e Saba<\/option><option value=\"BA\" >Bosnia-Erzegovina<\/option><option value=\"BW\" >Botswana<\/option><option value=\"BR\" >Brasile<\/option><option value=\"BN\" >Brunei<\/option><option value=\"BG\" >Bulgaria<\/option><option value=\"BF\" >Burkina Faso<\/option><option value=\"BI\" >Burundi<\/option><option value=\"KH\" >Cambogia<\/option><option value=\"CM\" >Camerun<\/option><option value=\"CA\" >Canada<\/option><option value=\"CV\" >Capo Verde<\/option><option value=\"TD\" >Ciad<\/option><option value=\"CL\" >Cile<\/option><option value=\"CN\" >Cina<\/option><option value=\"CY\" >Cipro<\/option><option value=\"CO\" >Colombia<\/option><option value=\"KM\" >Comore<\/option><option value=\"CG\" >Congo (Brazzaville)<\/option><option value=\"CD\" >Congo (Kinshasa)<\/option><option value=\"KP\" >Corea del Nord<\/option><option value=\"KR\" >Corea del Sud<\/option><option value=\"CI\" >Costa d&#039;Avorio<\/option><option value=\"CR\" >Costa Rica<\/option><option value=\"HR\" >Croazia<\/option><option value=\"CU\" >Cuba<\/option><option value=\"CW\" >Cura&ccedil;ao<\/option><option value=\"DK\" >Danimarca<\/option><option value=\"DM\" >Dominica<\/option><option value=\"EC\" >Ecuador<\/option><option value=\"EG\" >Egitto<\/option><option value=\"SV\" >El Salvador<\/option><option value=\"AE\" >Emirati Arabi Uniti<\/option><option value=\"ER\" >Eritrea<\/option><option value=\"EE\" >Estonia<\/option><option value=\"SZ\" >Eswatini<\/option><option value=\"ET\" >Etiopia<\/option><option value=\"FJ\" >Figi<\/option><option value=\"PH\" >Filippine<\/option><option value=\"FI\" >Finlandia<\/option><option value=\"FR\" >Francia<\/option><option value=\"GA\" >Gabon<\/option><option value=\"GM\" >Gambia<\/option><option value=\"GE\" >Georgia<\/option><option value=\"DE\" >Germania<\/option><option value=\"GH\" >Ghana<\/option><option value=\"JM\" >Giamaica<\/option><option value=\"JP\" >Giappone<\/option><option value=\"GI\" >Gibilterra<\/option><option value=\"DJ\" >Gibuti<\/option><option value=\"JO\" >Giordania<\/option><option value=\"GR\" >Grecia<\/option><option value=\"GD\" >Grenada<\/option><option value=\"GL\" >Groenlandia<\/option><option value=\"GP\" >Guadalupa<\/option><option value=\"GU\" >Guam<\/option><option value=\"GT\" >Guatemala<\/option><option value=\"GG\" >Guernsey<\/option><option value=\"GN\" >Guinea<\/option><option value=\"GQ\" >Guinea Equatoriale<\/option><option value=\"GW\" >Guinea-Bissau<\/option><option value=\"GY\" >Guyana<\/option><option value=\"GF\" >Guyana Francese<\/option><option value=\"HT\" >Haiti<\/option><option value=\"HN\" >Honduras<\/option><option value=\"HK\" >Hong Kong<\/option><option value=\"IN\" >India<\/option><option value=\"ID\" >Indonesia<\/option><option value=\"IR\" >Iran<\/option><option value=\"IQ\" >Iraq<\/option><option value=\"IE\" >Irlanda<\/option><option value=\"IS\" >Islanda<\/option><option value=\"BV\" >Isola Bouvet<\/option><option value=\"IM\" >Isola di Man<\/option><option value=\"CX\" >Isola di Natale<\/option><option value=\"NF\" >Isola Norfolk<\/option><option value=\"AX\" >Isole \u00c5land<\/option><option value=\"KY\" >Isole Cayman<\/option><option value=\"CC\" >Isole Cocos (Keeling)<\/option><option value=\"CK\" >Isole Cook<\/option><option value=\"FK\" >Isole Falkland<\/option><option value=\"FO\" >Isole Faroe<\/option><option value=\"HM\" >Isole Heard e McDonald<\/option><option value=\"MH\" >Isole Marshall<\/option><option value=\"SB\" >Isole Salomone<\/option><option value=\"VI\" >Isole Vergini Americane<\/option><option value=\"VG\" >Isole Vergini Britanniche<\/option><option value=\"IL\" >Israele<\/option><option value=\"IT\" >Italia<\/option><option value=\"KZ\" >Kazakistan<\/option><option value=\"KE\" >Kenya<\/option><option value=\"KG\" >Kirghizistan<\/option><option value=\"KI\" >Kiribati<\/option><option value=\"XK\" >Kosovo<\/option><option value=\"KW\" >Kuwait<\/option><option value=\"LA\" >Laos<\/option><option value=\"LS\" >Lesotho<\/option><option value=\"LV\" >Lettonia<\/option><option value=\"LB\" >Libano<\/option><option value=\"LR\" >Liberia<\/option><option value=\"LY\" >Libia<\/option><option value=\"LI\" >Liechtenstein<\/option><option value=\"LT\" >Lituania<\/option><option value=\"LU\" >Lussemburgo<\/option><option value=\"MO\" >Macao<\/option><option value=\"MK\" >Macedonia del Nord<\/option><option value=\"MG\" >Madagascar<\/option><option value=\"JE\" >Maglia<\/option><option value=\"MW\" >Malawi<\/option><option value=\"MY\" >Malaysia<\/option><option value=\"MV\" >Maldive<\/option><option value=\"ML\" >Mali<\/option><option value=\"MT\" >Malta<\/option><option value=\"MA\" >Marocco<\/option><option value=\"MQ\" >Martinica<\/option><option value=\"MR\" >Mauritania<\/option><option value=\"MU\" >Mauritius<\/option><option value=\"YT\" >Mayotte<\/option><option value=\"MX\" >Messico<\/option><option value=\"FM\" >Micronesia<\/option><option value=\"MD\" >Moldavia<\/option><option value=\"MC\" >Monaco<\/option><option value=\"MN\" >Mongolia<\/option><option value=\"ME\" >Montenegro<\/option><option value=\"MS\" >Montserrat<\/option><option value=\"MZ\" >Mozambico<\/option><option value=\"NA\" >Namibia<\/option><option value=\"NR\" >Nauru<\/option><option value=\"NP\" >Nepal<\/option><option value=\"NI\" >Nicaragua<\/option><option value=\"NE\" >Niger<\/option><option value=\"NG\" >Nigeria<\/option><option value=\"NU\" >Niue<\/option><option value=\"MP\" >Northern Mariana Islands<\/option><option value=\"NO\" >Norvegia<\/option><option value=\"NC\" >Nuova Caledonia<\/option><option value=\"NZ\" >Nuova Zelanda<\/option><option value=\"OM\" >Oman<\/option><option value=\"NL\" >Paesi Bassi<\/option><option value=\"PK\" >Pakistan<\/option><option value=\"PA\" >Panama<\/option><option value=\"PG\" >Papua Nuova Guinea<\/option><option value=\"PY\" >Paraguay<\/option><option value=\"PE\" >Per\u00f9<\/option><option value=\"PN\" >Pitcairn<\/option><option value=\"PF\" >Polinesia Francese<\/option><option value=\"PL\" >Polonia<\/option><option value=\"PR\" >Porto Rico<\/option><option value=\"PT\" >Portogallo<\/option><option value=\"QA\" >Qatar<\/option><option value=\"GB\" >Regno Unito (UK)<\/option><option value=\"CZ\" >Repubblica Ceca<\/option><option value=\"CF\" >Repubblica Centrafricana<\/option><option value=\"DO\" >Repubblica Dominicana<\/option><option value=\"RE\" >Reunion<\/option><option value=\"RO\" >Romania<\/option><option value=\"RW\" >Ruanda<\/option><option value=\"RU\" >Russia<\/option><option value=\"EH\" >Sahara Occidentale<\/option><option value=\"SH\" >Saint Helena<\/option><option value=\"KN\" >Saint Kitts e Nevis<\/option><option value=\"MF\" >Saint Martin (Francia)<\/option><option value=\"SX\" >Saint Martin (Paesi Bassi)<\/option><option value=\"VC\" >Saint Vincent e Grenadine<\/option><option value=\"BL\" >Saint-Barth\u00e9lemy<\/option><option value=\"PM\" >Saint-Pierre e Miquelon<\/option><option value=\"WS\" >Samoa<\/option><option value=\"SM\" >San Marino<\/option><option value=\"LC\" >Santa Lucia<\/option><option value=\"ST\" >S\u00e3o Tom\u00e9 e Pr\u00edncipe<\/option><option value=\"SN\" >Senegal<\/option><option value=\"RS\" >Serbia<\/option><option value=\"SC\" >Seychelles<\/option><option value=\"SL\" >Sierra Leone<\/option><option value=\"SG\" >Singapore<\/option><option value=\"SY\" >Siria<\/option><option value=\"SK\" >Slovacchia<\/option><option value=\"SI\" >Slovenia<\/option><option value=\"SO\" >Somalia<\/option><option value=\"GS\" >South Georgia\/Sandwich Islands<\/option><option value=\"ES\" >Spagna<\/option><option value=\"LK\" >Sri Lanka<\/option><option value=\"US\" >Stati Uniti (US)<\/option><option value=\"UM\" >Stati Uniti (US) Isole Minori<\/option><option value=\"ZA\" >Sud Africa<\/option><option value=\"SD\" >Sudan<\/option><option value=\"SS\" >Sudan del Sud<\/option><option value=\"SR\" >Suriname<\/option><option value=\"SJ\" >Svalbard e Jan Mayen<\/option><option value=\"SE\" >Svezia<\/option><option value=\"CH\" >Svizzera<\/option><option value=\"TJ\" >Tagikistan<\/option><option value=\"TH\" >Tailandia<\/option><option value=\"TW\" >Taiwan<\/option><option value=\"TZ\" >Tanzania<\/option><option value=\"TF\" >Terre Australi e Antartiche Francesi<\/option><option value=\"PS\" >Territori palestinesi<\/option><option value=\"IO\" >Territorio Britannico dell&#039;Oceano Indiano<\/option><option value=\"TL\" >Timor Est<\/option><option value=\"TG\" >Togo<\/option><option value=\"TK\" >Tokelau<\/option><option value=\"TO\" >Tonga<\/option><option value=\"TT\" >Trinidad e Tobago<\/option><option value=\"TN\" >Tunisia<\/option><option value=\"TR\" >Turchia<\/option><option value=\"TM\" >Turkmenistan<\/option><option value=\"TC\" >Turks e Caicos<\/option><option value=\"TV\" >Tuvalu<\/option><option value=\"UA\" >Ucraina<\/option><option value=\"UG\" >Uganda<\/option><option value=\"HU\" >Ungheria<\/option><option value=\"UY\" >Uruguay<\/option><option value=\"UZ\" >Uzbekistan<\/option><option value=\"VU\" >Vanuatu<\/option><option value=\"VA\" >Vaticano<\/option><option value=\"VE\" >Venezuela<\/option><option value=\"VN\" >Vietnam<\/option><option value=\"WF\" >Wallis e Futuna<\/option><option value=\"YE\" >Yemen<\/option><option value=\"ZM\" >Zambia<\/option><option value=\"ZW\" >Zimbabwe<\/option><\/select><noscript><button type=\"submit\" name=\"woocommerce_checkout_update_totals\" value=\"Aggiorna il Paese\/la regione\">Aggiorna il Paese\/la regione<\/button><\/noscript><\/span><\/p><p class=\"form-row b2bking_custom_registration_field b2bking_custom_field_req_required\" id=\"billing_state_field\" data-priority=\"\"><span class=\"woocommerce-input-wrapper\"><input type=\"text\" class=\"input-text \" value=\"\"  placeholder=\"Stato \/ Paese\" name=\"billing_state\" id=\"billing_state\"  data-input-classes=\"\"\/><\/span><\/p><input type=\"hidden\" id=\"b2bking_country_registration_field_number\" name=\"b2bking_country_registration_field_number\" value=\"6057\"><\/p><\/div><div class=\" b2bking_custom_registration_container b2bking_custom_registration_container_field_6054 b2bking_custom_registration_role_6048\"><p class=\"woocommerce-form-row woocommerce-form-row--wide form-row form-row-wide \"><label for=\"b2bking_field_6054\">Plaats&nbsp;<span class=\"required\">*<\/span><\/label><input type=\"text\" id=\"b2bking_field_6054\" class=\"b2bking_custom_registration_field b2bking_custom_field_req_required\" name=\"b2bking_custom_field_6054\" value=\"\" placeholder=\"Vul hier de plaats van het bedrijfsadres in\" required><\/p><\/div><div class=\" b2bking_custom_registration_container b2bking_custom_registration_container_field_6055 b2bking_custom_registration_role_6048\"><p class=\"woocommerce-form-row woocommerce-form-row--wide form-row form-row-wide \"><label for=\"b2bking_field_6055\">Postcode&nbsp;<span class=\"required\">*<\/span><\/label><input type=\"text\" id=\"b2bking_field_6055\" class=\"b2bking_custom_registration_field b2bking_custom_field_req_required\" name=\"b2bking_custom_field_6055\" value=\"\" placeholder=\"Vul hier uw postcode \/ ZIP in...\" required><\/p><\/div><div class=\" b2bking_custom_registration_container b2bking_custom_registration_container_field_6056 b2bking_custom_registration_role_6048\"><p class=\"woocommerce-form-row woocommerce-form-row--wide form-row form-row-wide \"><label for=\"b2bking_field_6056\">Telefoonnummer&nbsp;<span class=\"required\">*<\/span><\/label><input id=\"b2bking_field_6056\" type=\"tel\" class=\"b2bking_custom_registration_field b2bking_custom_field_req_required\" name=\"b2bking_custom_field_6056\" value=\"\" placeholder=\"Vul hier uw telefoonnummer in...\" required><\/p><\/div><wc-order-attribution-inputs><\/wc-order-attribution-inputs><p class=\"form-row form-row-wide validate-required validate-eu-vat-number\" id=\"billing_eu_vat_number_field\" data-priority=\"200\"><label for=\"billing_eu_vat_number\" class=\" required_field\">Numero di partita IVA UE&nbsp;<span class=\"required\" aria-hidden=\"true\">*<\/span><\/label><span class=\"woocommerce-input-wrapper\"><input type=\"text\" class=\"input-text \" name=\"billing_eu_vat_number\" id=\"billing_eu_vat_number\" placeholder=\"Numero di partita IVA UE\"  value=\"\" aria-required=\"true\" \/><\/span><\/p><div class=\"woocommerce-privacy-policy-text\"><p>Your personal data will be used to support your experience throughout this website, to manage access to your account, and for other purposes described in our <a href=\"\" class=\"woocommerce-privacy-policy-link\" target=\"_blank\">Informativa sulla privacy<\/a>.<\/p>\n<\/div>\r\n\t\t\t\t\t<p class=\"woocommerce-form-row form-row\">\r\n\t\t\t\t\t\t<input type=\"hidden\" id=\"woocommerce-register-nonce\" name=\"woocommerce-register-nonce\" value=\"0037fc8b2f\" \/><input type=\"hidden\" name=\"_wp_http_referer\" value=\"\/it\/wp-json\/wp\/v2\/pages\/20809\" \/>\t\t\t\t\t\t<button type=\"submit\" class=\"woocommerce-Button woocommerce-button button woocommerce-form-register__submit\" name=\"register\" value=\"Registrati\">Registrati<\/button>\r\n\t\t\t\t\t<\/p>\r\n\r\n\t\t\t\t\t\r\n\t\t\t\t<\/form>\r\n\t\t\t<\/div>\r\n\t\t\t<\/p>\t\t\t\t\t\t\t\t<\/div>\n\t\t\t\t<\/div>\n\t\t\t\t\t<\/div>\n\t\t<\/div>\n\t\t\t\t\t<\/div>\n\t\t<\/section>\n\t\t\t\t<section class=\"elementor-section elementor-top-section elementor-element elementor-element-73301b6 elementor-section-boxed elementor-section-height-default elementor-section-height-default qodef-elementor-content-no\" data-id=\"73301b6\" data-element_type=\"section\" data-e-type=\"section\">\n\t\t\t\t\t\t<div class=\"elementor-container elementor-column-gap-default\">\n\t\t\t\t\t<div class=\"elementor-column elementor-col-100 elementor-top-column elementor-element elementor-element-890de9b\" data-id=\"890de9b\" data-element_type=\"column\" data-e-type=\"column\">\n\t\t\t<div class=\"elementor-widget-wrap elementor-element-populated\">\n\t\t\t\t\t\t<div class=\"elementor-element elementor-element-956f0ad elementor-widget elementor-widget-spacer\" data-id=\"956f0ad\" data-element_type=\"widget\" data-e-type=\"widget\" data-widget_type=\"spacer.default\">\n\t\t\t\t<div class=\"elementor-widget-container\">\n\t\t\t\t\t\t\t<div class=\"elementor-spacer\">\n\t\t\t<div class=\"elementor-spacer-inner\"><\/div>\n\t\t<\/div>\n\t\t\t\t\t\t<\/div>\n\t\t\t\t<\/div>\n\t\t\t\t\t<\/div>\n\t\t<\/div>\n\t\t\t\t\t<\/div>\n\t\t<\/section>\n\t\t\t\t<\/div>\n\t\t","protected":false},"excerpt":{"rendered":"","protected":false},"author":1,"featured_media":0,"parent":0,"menu_order":0,"comment_status":"closed","ping_status":"closed","template":"page-full-width.php","meta":{"footnotes":""},"class_list":["post-20809","page","type-page","status-publish","hentry"],"_links":{"self":[{"href":"https:\/\/mx-springs.com\/it\/wp-json\/wp\/v2\/pages\/20809","targetHints":{"allow":["GET"]}}],"collection":[{"href":"https:\/\/mx-springs.com\/it\/wp-json\/wp\/v2\/pages"}],"about":[{"href":"https:\/\/mx-springs.com\/it\/wp-json\/wp\/v2\/types\/page"}],"author":[{"embeddable":true,"href":"https:\/\/mx-springs.com\/it\/wp-json\/wp\/v2\/users\/1"}],"replies":[{"embeddable":true,"href":"https:\/\/mx-springs.com\/it\/wp-json\/wp\/v2\/comments?post=20809"}],"version-history":[{"count":1,"href":"https:\/\/mx-springs.com\/it\/wp-json\/wp\/v2\/pages\/20809\/revisions"}],"predecessor-version":[{"id":20810,"href":"https:\/\/mx-springs.com\/it\/wp-json\/wp\/v2\/pages\/20809\/revisions\/20810"}],"wp:attachment":[{"href":"https:\/\/mx-springs.com\/it\/wp-json\/wp\/v2\/media?parent=20809"}],"curies":[{"name":"wp","href":"https:\/\/api.w.org\/{rel}","templated":true}]}}