{"id":28431,"date":"2026-03-11T15:29:32","date_gmt":"2026-03-11T15:29:32","guid":{"rendered":"https:\/\/staging.mx-springs.com\/producten\/ressort-damortisseur-mx-64-66-275\/"},"modified":"2026-03-11T18:20:55","modified_gmt":"2026-03-11T18:20:55","slug":"ressort-damortisseur-mx-64-66-275","status":"publish","type":"product","link":"https:\/\/mx-springs.com\/fr\/produit\/ressort-damortisseur-mx-64-66-275\/","title":{"rendered":"Ressort d&rsquo;amortisseur MX 64-66-275"},"content":{"rendered":"<div class=\"mx-desc\">\n<div class=\"mx-desc__block\">\n<div class=\"mx-desc__title\">Convient pour<\/div>\n<div class=\"mx-desc__box\">\n<div class=\"mx-desc__row\">\n<div class=\"mx-desc__label\">Yamaha<\/div>\n<div class=\"mx-desc__value\">\n    WR 450F (2019\u20132026)<br \/>YZF 250 (2019\u20132026)<br \/>YZF 450 (2018\u20132026)\n  <\/div>\n<\/div><\/div>\n<\/p><\/div>\n<div class=\"mx-desc__block\">\n<div class=\"mx-desc__title\">Sp\u00e9cifications<\/div>\n<div class=\"mx-desc__box\">\n<div class=\"mx-desc__row\">\n<div class=\"mx-desc__label\">Diam\u00e8tre int\u00e9rieur<\/div>\n<div class=\"mx-desc__value\">64 mm<\/div>\n<\/div>\n<div class=\"mx-desc__row\">\n<div class=\"mx-desc__label\">Diam\u00e8tre ext\u00e9rieur<\/div>\n<div class=\"mx-desc__value\">66 mm<\/div>\n<\/div>\n<div class=\"mx-desc__row\">\n<div class=\"mx-desc__label\">Longueur<\/div>\n<div class=\"mx-desc__value\">275 mm<\/div>\n<\/div>\n<div class=\"mx-desc__row\">\n<div class=\"mx-desc__label\">Raideurs<\/div>\n<div class=\"mx-desc__value mx-desc__springs\">\n    40,0 N\/mm \u00b7 42,0 N\/mm \u00b7 44,0 N\/mm \u00b7 46,0 N\/mm \u00b7 48,0 N\/mm \u00b7 50,0 N\/mm \u00b7 52,0 N\/mm \u00b7 54,0 N\/mm \u00b7 56,0 N\/mm \u00b7 58,0 N\/mm \u00b7 60,0 N\/mm \u00b7 62,0 N\/mm \u00b7 64,0 N\/mm \u00b7 66,0 N\/mm<\/p>\n<div class=\"mx-desc__note\">\n      La raideur correcte d\u00e9pend du poids du pilote, du style de conduite et de l\u2019utilisation. En cas de doute, contactez MX-Springs.\n    <\/div>\n<\/p><\/div>\n<\/div><\/div>\n<\/p><\/div>\n<\/div>\n","protected":false},"excerpt":{"rendered":"<p>Ressort d&rsquo;amortisseur convient \u00e0 divers mod\u00e8les Yamaha des ann\u00e9es sp\u00e9cifi\u00e9es. <a href=\"#tab-description\">Voir les sp\u00e9cifications compl\u00e8tes<\/a>.<\/p>\n","protected":false},"featured_media":21881,"template":"","meta":[],"product_brand":[],"product_cat":[38918,39056,39062,39068,39074,39080,39086,39092,39098,32600,38948,39194,39200,39206,39212,39218,39224,39230,39236,38954,39326,39332,39338,39344,39350,39356,39362,39368,39374],"product_tag":[],"class_list":{"0":"post-28431","1":"product","2":"type-product","3":"status-publish","4":"has-post-thumbnail","6":"product_cat-yamaha-wr-450f-fr","7":"product_cat-yamaha-wr-450f-2019-fr","8":"product_cat-yamaha-wr-450f-2020-fr","9":"product_cat-yamaha-wr-450f-2021-fr","10":"product_cat-yamaha-wr-450f-2022-fr","11":"product_cat-yamaha-wr-450f-2023-fr","12":"product_cat-yamaha-wr-450f-2024-fr","13":"product_cat-yamaha-wr-450f-2025-fr","14":"product_cat-yamaha-wr-450f-2026-fr","15":"product_cat-yamaha-fr","16":"product_cat-yamaha-yzf-250-fr","17":"product_cat-yamaha-yzf-250-2019-fr","18":"product_cat-yamaha-yzf-250-2020-fr","19":"product_cat-yamaha-yzf-250-2021-fr","20":"product_cat-yamaha-yzf-250-2022-fr","21":"product_cat-yamaha-yzf-250-2023-fr","22":"product_cat-yamaha-yzf-250-2024-fr","23":"product_cat-yamaha-yzf-250-2025-fr","24":"product_cat-yamaha-yzf-250-2026-fr","25":"product_cat-yamaha-yzf-450-fr","26":"product_cat-yamaha-yzf-450-2018-fr","27":"product_cat-yamaha-yzf-450-2019-fr","28":"product_cat-yamaha-yzf-450-2020-fr","29":"product_cat-yamaha-yzf-450-2021-fr","30":"product_cat-yamaha-yzf-450-2022-fr","31":"product_cat-yamaha-yzf-450-2023-fr","32":"product_cat-yamaha-yzf-450-2024-fr","33":"product_cat-yamaha-yzf-450-2025-fr","34":"product_cat-yamaha-yzf-450-2026-fr","36":"first","37":"instock","38":"taxable","39":"shipping-taxable","40":"product-type-variable"},"_links":{"self":[{"href":"https:\/\/mx-springs.com\/fr\/wp-json\/wp\/v2\/product\/28431","targetHints":{"allow":["GET"]}}],"collection":[{"href":"https:\/\/mx-springs.com\/fr\/wp-json\/wp\/v2\/product"}],"about":[{"href":"https:\/\/mx-springs.com\/fr\/wp-json\/wp\/v2\/types\/product"}],"wp:featuredmedia":[{"embeddable":true,"href":"https:\/\/mx-springs.com\/fr\/wp-json\/wp\/v2\/media\/21881"}],"wp:attachment":[{"href":"https:\/\/mx-springs.com\/fr\/wp-json\/wp\/v2\/media?parent=28431"}],"wp:term":[{"taxonomy":"product_brand","embeddable":true,"href":"https:\/\/mx-springs.com\/fr\/wp-json\/wp\/v2\/product_brand?post=28431"},{"taxonomy":"product_cat","embeddable":true,"href":"https:\/\/mx-springs.com\/fr\/wp-json\/wp\/v2\/product_cat?post=28431"},{"taxonomy":"product_tag","embeddable":true,"href":"https:\/\/mx-springs.com\/fr\/wp-json\/wp\/v2\/product_tag?post=28431"}],"curies":[{"name":"wp","href":"https:\/\/api.w.org\/{rel}","templated":true}]}}