{"id":28419,"date":"2026-03-11T15:29:32","date_gmt":"2026-03-11T15:29:32","guid":{"rendered":"https:\/\/staging.mx-springs.com\/producten\/ressort-damortisseur-mx-64-66-260\/"},"modified":"2026-03-11T18:16:44","modified_gmt":"2026-03-11T18:16:44","slug":"ressort-damortisseur-mx-64-66-260","status":"publish","type":"product","link":"https:\/\/mx-springs.com\/fr\/produit\/ressort-damortisseur-mx-64-66-260\/","title":{"rendered":"Ressort d&rsquo;amortisseur MX 64-66-260"},"content":{"rendered":"<div class=\"mx-desc\">\n<div class=\"mx-desc__block\">\n<div class=\"mx-desc__title\">Convient pour<\/div>\n<div class=\"mx-desc__box\">\n<div class=\"mx-desc__row\">\n<div class=\"mx-desc__label\">Honda<\/div>\n<div class=\"mx-desc__value\">\n    CR 250R (2001\u20132007)<br \/>CRF 250R (2004\u20132014)<br \/>CRF 450R (2002\u20132015)<br \/>CRF 450X (2010\u20132017)\n  <\/div>\n<\/div>\n<div class=\"mx-desc__row\">\n<div class=\"mx-desc__label\">Sherco<\/div>\n<div class=\"mx-desc__value\">\n    SC 250 FACTORY (2019\u20132020)<br \/>SC 300 FACTORY (2019\u20132026)<br \/>SC-F 250 FACTORY (2019\u20132020)<br \/>SCF 300 FACTORY (2019\u20132026)<br \/>SCF 450 FACTORY (2019\u20132026)<br \/>SCF 500 FACTORY (2019\u20132020)<br \/>SE 125 FACTORY (2019\u20132026)<br \/>SE 250 FACTORY (2019\u20132026)<br \/>SE 300 FACTORY (2019\u20132026)<br \/>SEF 250 FACTORY (2019\u20132026)<br \/>SEF 450 ISDE RACING (2019\u20132023)<br \/>SEF 500 FACTORY (2019\u20132020)\n  <\/div>\n<\/div>\n<div class=\"mx-desc__row\">\n<div class=\"mx-desc__label\">Stark<\/div>\n<div class=\"mx-desc__value\">\n    VARG EX (2024\u20132026)<br \/>VARG MX (2024\u20132026)\n  <\/div>\n<\/div>\n<div class=\"mx-desc__row\">\n<div class=\"mx-desc__label\">Suzuki<\/div>\n<div class=\"mx-desc__value\">\n    RM 125 (2004\u20132009)<br \/>RM 250 (2004\u20132009)<br \/>RMZ 250 (2007\u20132018)<br \/>RMZ 450 (2005\u20132017)\n  <\/div>\n<\/div>\n<div class=\"mx-desc__row\">\n<div class=\"mx-desc__label\">Yamaha<\/div>\n<div class=\"mx-desc__value\">\n    WR 450F (2016\u20132018)<br \/>YZF 250 (2014\u20132018)<br \/>YZF 450 (2010\u20132017)\n  <\/div>\n<\/div><\/div>\n<\/p><\/div>\n<div class=\"mx-desc__block\">\n<div class=\"mx-desc__title\">Sp\u00e9cifications<\/div>\n<div class=\"mx-desc__box\">\n<div class=\"mx-desc__row\">\n<div class=\"mx-desc__label\">Diam\u00e8tre int\u00e9rieur<\/div>\n<div class=\"mx-desc__value\">64 mm<\/div>\n<\/div>\n<div class=\"mx-desc__row\">\n<div class=\"mx-desc__label\">Diam\u00e8tre ext\u00e9rieur<\/div>\n<div class=\"mx-desc__value\">66 mm<\/div>\n<\/div>\n<div class=\"mx-desc__row\">\n<div class=\"mx-desc__label\">Longueur<\/div>\n<div class=\"mx-desc__value\">260 mm<\/div>\n<\/div>\n<div class=\"mx-desc__row\">\n<div class=\"mx-desc__label\">Raideurs<\/div>\n<div class=\"mx-desc__value mx-desc__springs\">\n    34,0 N\/mm \u00b7 36,0 N\/mm \u00b7 38,0 N\/mm \u00b7 40,0 N\/mm \u00b7 42,0 N\/mm \u00b7 44,0 N\/mm \u00b7 46,0 N\/mm \u00b7 48,0 N\/mm \u00b7 50,0 N\/mm \u00b7 52,0 N\/mm \u00b7 54,0 N\/mm \u00b7 56,0 N\/mm \u00b7 58,0 N\/mm \u00b7 60,0 N\/mm \u00b7 62,0 N\/mm \u00b7 64,0 N\/mm<\/p>\n<div class=\"mx-desc__note\">\n      La raideur correcte d\u00e9pend du poids du pilote, du style de conduite et de l\u2019utilisation. En cas de doute, contactez MX-Springs.\n    <\/div>\n<\/p><\/div>\n<\/div><\/div>\n<\/p><\/div>\n<\/div>\n","protected":false},"excerpt":{"rendered":"<p>Ressort d&rsquo;amortisseur convient \u00e0 divers mod\u00e8les Honda, Sherco, Stark, Suzuki et Yamaha des ann\u00e9es sp\u00e9cifi\u00e9es. <a href=\"#tab-description\">Voir les sp\u00e9cifications compl\u00e8tes<\/a>.<\/p>\n","protected":false},"featured_media":21881,"template":"","meta":[],"product_brand":[],"product_cat":[37130,38084,38090,38096,38102,38108,38114,38120,37136,37154,37160,37166,37172,37178,37184,37190,37196,37202,37208,37214,37142,37292,37298,37304,37310,37316,37322,37328,37334,37340,37346,37352,37358,37364,37370,37148,37442,37448,37454,37460,37466,37472,37478,37484,32534,37544,38126,38132,38138,38144,38150,38156,37550,38162,38168,38174,38180,38186,38192,37556,37586,37592,37598,37604,37610,37616,37622,37628,37634,37640,37646,37652,37562,37706,37712,37718,37724,37730,37736,37742,37748,37754,37760,37766,37772,37778,38204,38342,38348,38210,38354,38360,38366,38372,38378,38384,38390,38396,38216,38402,38408,38222,38414,38420,38426,38432,38438,38444,38450,38456,38228,38462,38468,38474,38480,38486,38492,38498,38504,38234,38510,38516,38240,38528,38534,38540,38546,38552,38558,38564,38570,38258,38600,38606,38612,38618,38624,38630,38636,38642,38276,38672,38678,38684,38690,38696,38702,38708,38714,38294,38750,38756,38762,38768,38774,38780,38786,38792,38318,38822,38828,38834,38840,38846,38330,38852,38858,32570,32576,32582,38864,38876,38882,38888,38870,38894,38900,38906,38918,39038,39044,39050,32600,38948,39164,39170,39176,39182,39188,38954,39278,39284,39290,39296,39302,39308,39314,39320],"product_tag":[],"class_list":{"0":"post-28419","1":"product","2":"type-product","3":"status-publish","4":"has-post-thumbnail","6":"product_cat-honda-cr-250r-fr","7":"product_cat-honda-cr-250r-2001-fr","8":"product_cat-honda-cr-250r-2002-fr","9":"product_cat-honda-cr-250r-2003-fr","10":"product_cat-honda-cr-250r-2004-fr","11":"product_cat-honda-cr-250r-2005-fr","12":"product_cat-honda-cr-250r-2006-fr","13":"product_cat-honda-cr-250r-2007-fr","14":"product_cat-honda-crf-250r-fr","15":"product_cat-honda-crf-250r-2004-fr","16":"product_cat-honda-crf-250r-2005-fr","17":"product_cat-honda-crf-250r-2006-fr","18":"product_cat-honda-crf-250r-2007-fr","19":"product_cat-honda-crf-250r-2008-fr","20":"product_cat-honda-crf-250r-2009-fr","21":"product_cat-honda-crf-250r-2010-fr","22":"product_cat-honda-crf-250r-2011-fr","23":"product_cat-honda-crf-250r-2012-fr","24":"product_cat-honda-crf-250r-2013-fr","25":"product_cat-honda-crf-250r-2014-fr","26":"product_cat-honda-crf-450r-fr","27":"product_cat-honda-crf-450r-2002-fr","28":"product_cat-honda-crf-450r-2003-fr","29":"product_cat-honda-crf-450r-2004-fr","30":"product_cat-honda-crf-450r-2005-fr","31":"product_cat-honda-crf-450r-2006-fr","32":"product_cat-honda-crf-450r-2007-fr","33":"product_cat-honda-crf-450r-2008-fr","34":"product_cat-honda-crf-450r-2009-fr","35":"product_cat-honda-crf-450r-2010-fr","36":"product_cat-honda-crf-450r-2011-fr","37":"product_cat-honda-crf-450r-2012-fr","38":"product_cat-honda-crf-450r-2013-fr","39":"product_cat-honda-crf-450r-2014-fr","40":"product_cat-honda-crf-450r-2015-fr","41":"product_cat-honda-crf-450x-fr","42":"product_cat-honda-crf-450x-2010-fr","43":"product_cat-honda-crf-450x-2011-fr","44":"product_cat-honda-crf-450x-2012-fr","45":"product_cat-honda-crf-450x-2013-fr","46":"product_cat-honda-crf-450x-2014-fr","47":"product_cat-honda-crf-450x-2015-fr","48":"product_cat-honda-crf-450x-2016-fr","49":"product_cat-honda-crf-450x-2017-fr","50":"product_cat-honda-fr","51":"product_cat-suzuki-rm-125-fr","52":"product_cat-suzuki-rm-125-2004-fr","53":"product_cat-suzuki-rm-125-2005-fr","54":"product_cat-suzuki-rm-125-2006-fr","55":"product_cat-suzuki-rm-125-2007-fr","56":"product_cat-suzuki-rm-125-2008-fr","57":"product_cat-suzuki-rm-125-2009-fr","58":"product_cat-suzuki-rm-250-fr","59":"product_cat-suzuki-rm-250-2004-fr","60":"product_cat-suzuki-rm-250-2005-fr","61":"product_cat-suzuki-rm-250-2006-fr","62":"product_cat-suzuki-rm-250-2007-fr","63":"product_cat-suzuki-rm-250-2008-fr","64":"product_cat-suzuki-rm-250-2009-fr","65":"product_cat-suzuki-rmz-250-fr","66":"product_cat-suzuki-rmz-250-2007-fr","67":"product_cat-suzuki-rmz-250-2008-fr","68":"product_cat-suzuki-rmz-250-2009-fr","69":"product_cat-suzuki-rmz-250-2010-fr","70":"product_cat-suzuki-rmz-250-2011-fr","71":"product_cat-suzuki-rmz-250-2012-fr","72":"product_cat-suzuki-rmz-250-2013-fr","73":"product_cat-suzuki-rmz-250-2014-fr","74":"product_cat-suzuki-rmz-250-2015-fr","75":"product_cat-suzuki-rmz-250-2016-fr","76":"product_cat-suzuki-rmz-250-2017-fr","77":"product_cat-suzuki-rmz-250-2018-fr","78":"product_cat-suzuki-rmz-450-fr","79":"product_cat-suzuki-rmz-450-2005-fr","80":"product_cat-suzuki-rmz-450-2006-fr","81":"product_cat-suzuki-rmz-450-2007-fr","82":"product_cat-suzuki-rmz-450-2008-fr","83":"product_cat-suzuki-rmz-450-2009-fr","84":"product_cat-suzuki-rmz-450-2010-fr","85":"product_cat-suzuki-rmz-450-2011-fr","86":"product_cat-suzuki-rmz-450-2012-fr","87":"product_cat-suzuki-rmz-450-2013-fr","88":"product_cat-suzuki-rmz-450-2014-fr","89":"product_cat-suzuki-rmz-450-2015-fr","90":"product_cat-suzuki-rmz-450-2016-fr","91":"product_cat-suzuki-rmz-450-2017-fr","92":"product_cat-sherco-sc-250-factory-fr","93":"product_cat-sherco-sc-250-factory-2019-fr","94":"product_cat-sherco-sc-250-factory-2020-fr","95":"product_cat-sherco-sc-300-factory-fr","96":"product_cat-sherco-sc-300-factory-2019-fr","97":"product_cat-sherco-sc-300-factory-2020-fr","98":"product_cat-sherco-sc-300-factory-2021-fr","99":"product_cat-sherco-sc-300-factory-2022-fr","100":"product_cat-sherco-sc-300-factory-2023-fr","101":"product_cat-sherco-sc-300-factory-2024-fr","102":"product_cat-sherco-sc-300-factory-2025-fr","103":"product_cat-sherco-sc-300-factory-2026-fr","104":"product_cat-sherco-sc-f-250-factory-fr","105":"product_cat-sherco-sc-f-250-factory-2019-fr","106":"product_cat-sherco-sc-f-250-factory-2020-fr","107":"product_cat-sherco-scf-300-factory-fr","108":"product_cat-sherco-scf-300-factory-2019-fr","109":"product_cat-sherco-scf-300-factory-2020-fr","110":"product_cat-sherco-scf-300-factory-2021-fr","111":"product_cat-sherco-scf-300-factory-2022-fr","112":"product_cat-sherco-scf-300-factory-2023-fr","113":"product_cat-sherco-scf-300-factory-2024-fr","114":"product_cat-sherco-scf-300-factory-2025-fr","115":"product_cat-sherco-scf-300-factory-2026-fr","116":"product_cat-sherco-scf-450-factory-fr","117":"product_cat-sherco-scf-450-factory-2019-fr","118":"product_cat-sherco-scf-450-factory-2020-fr","119":"product_cat-sherco-scf-450-factory-2021-fr","120":"product_cat-sherco-scf-450-factory-2022-fr","121":"product_cat-sherco-scf-450-factory-2023-fr","122":"product_cat-sherco-scf-450-factory-2024-fr","123":"product_cat-sherco-scf-450-factory-2025-fr","124":"product_cat-sherco-scf-450-factory-2026-fr","125":"product_cat-sherco-scf-500-factory-fr","126":"product_cat-sherco-scf-500-factory-2019-fr","127":"product_cat-sherco-scf-500-factory-2020-fr","128":"product_cat-sherco-se-125-factory-fr","129":"product_cat-sherco-se-125-factory-2019-fr","130":"product_cat-sherco-se-125-factory-2020-fr","131":"product_cat-sherco-se-125-factory-2021-fr","132":"product_cat-sherco-se-125-factory-2022-fr","133":"product_cat-sherco-se-125-factory-2023-fr","134":"product_cat-sherco-se-125-factory-2024-fr","135":"product_cat-sherco-se-125-factory-2025-fr","136":"product_cat-sherco-se-125-factory-2026-fr","137":"product_cat-sherco-se-250-factory-fr","138":"product_cat-sherco-se-250-factory-2019-fr","139":"product_cat-sherco-se-250-factory-2020-fr","140":"product_cat-sherco-se-250-factory-2021-fr","141":"product_cat-sherco-se-250-factory-2022-fr","142":"product_cat-sherco-se-250-factory-2023-fr","143":"product_cat-sherco-se-250-factory-2024-fr","144":"product_cat-sherco-se-250-factory-2025-fr","145":"product_cat-sherco-se-250-factory-2026-fr","146":"product_cat-sherco-se-300-factory-fr","147":"product_cat-sherco-se-300-factory-2019-fr","148":"product_cat-sherco-se-300-factory-2020-fr","149":"product_cat-sherco-se-300-factory-2021-fr","150":"product_cat-sherco-se-300-factory-2022-fr","151":"product_cat-sherco-se-300-factory-2023-fr","152":"product_cat-sherco-se-300-factory-2024-fr","153":"product_cat-sherco-se-300-factory-2025-fr","154":"product_cat-sherco-se-300-factory-2026-fr","155":"product_cat-sherco-sef-250-factory-fr","156":"product_cat-sherco-sef-250-factory-2019-fr","157":"product_cat-sherco-sef-250-factory-2020-fr","158":"product_cat-sherco-sef-250-factory-2021-fr","159":"product_cat-sherco-sef-250-factory-2022-fr","160":"product_cat-sherco-sef-250-factory-2023-fr","161":"product_cat-sherco-sef-250-factory-2024-fr","162":"product_cat-sherco-sef-250-factory-2025-fr","163":"product_cat-sherco-sef-250-factory-2026-fr","164":"product_cat-sherco-sef-450-isde-racing-fr","165":"product_cat-sherco-sef-450-isde-racing-2019-fr","166":"product_cat-sherco-sef-450-isde-racing-2020-fr","167":"product_cat-sherco-sef-450-isde-racing-2021-fr","168":"product_cat-sherco-sef-450-isde-racing-2022-fr","169":"product_cat-sherco-sef-450-isde-racing-2023-fr","170":"product_cat-sherco-sef-500-factory-fr","171":"product_cat-sherco-sef-500-factory-2019-fr","172":"product_cat-sherco-sef-500-factory-2020-fr","173":"product_cat-sherco-fr","174":"product_cat-stark-fr","175":"product_cat-suzuki-fr","176":"product_cat-stark-varg-ex-fr","177":"product_cat-stark-varg-ex-2024-fr","178":"product_cat-stark-varg-ex-2025-fr","179":"product_cat-stark-varg-ex-2026-fr","180":"product_cat-stark-varg-mx-fr","181":"product_cat-stark-varg-mx-2024-fr","182":"product_cat-stark-varg-mx-2025-fr","183":"product_cat-stark-varg-mx-2026-fr","184":"product_cat-yamaha-wr-450f-fr","185":"product_cat-yamaha-wr-450f-2016-fr","186":"product_cat-yamaha-wr-450f-2017-fr","187":"product_cat-yamaha-wr-450f-2018-fr","188":"product_cat-yamaha-fr","189":"product_cat-yamaha-yzf-250-fr","190":"product_cat-yamaha-yzf-250-2014-fr","191":"product_cat-yamaha-yzf-250-2015-fr","192":"product_cat-yamaha-yzf-250-2016-fr","193":"product_cat-yamaha-yzf-250-2017-fr","194":"product_cat-yamaha-yzf-250-2018-fr","195":"product_cat-yamaha-yzf-450-fr","196":"product_cat-yamaha-yzf-450-2010-fr","197":"product_cat-yamaha-yzf-450-2011-fr","198":"product_cat-yamaha-yzf-450-2012-fr","199":"product_cat-yamaha-yzf-450-2013-fr","200":"product_cat-yamaha-yzf-450-2014-fr","201":"product_cat-yamaha-yzf-450-2015-fr","202":"product_cat-yamaha-yzf-450-2016-fr","203":"product_cat-yamaha-yzf-450-2017-fr","205":"first","206":"instock","207":"taxable","208":"shipping-taxable","209":"product-type-variable"},"_links":{"self":[{"href":"https:\/\/mx-springs.com\/fr\/wp-json\/wp\/v2\/product\/28419","targetHints":{"allow":["GET"]}}],"collection":[{"href":"https:\/\/mx-springs.com\/fr\/wp-json\/wp\/v2\/product"}],"about":[{"href":"https:\/\/mx-springs.com\/fr\/wp-json\/wp\/v2\/types\/product"}],"wp:featuredmedia":[{"embeddable":true,"href":"https:\/\/mx-springs.com\/fr\/wp-json\/wp\/v2\/media\/21881"}],"wp:attachment":[{"href":"https:\/\/mx-springs.com\/fr\/wp-json\/wp\/v2\/media?parent=28419"}],"wp:term":[{"taxonomy":"product_brand","embeddable":true,"href":"https:\/\/mx-springs.com\/fr\/wp-json\/wp\/v2\/product_brand?post=28419"},{"taxonomy":"product_cat","embeddable":true,"href":"https:\/\/mx-springs.com\/fr\/wp-json\/wp\/v2\/product_cat?post=28419"},{"taxonomy":"product_tag","embeddable":true,"href":"https:\/\/mx-springs.com\/fr\/wp-json\/wp\/v2\/product_tag?post=28419"}],"curies":[{"name":"wp","href":"https:\/\/api.w.org\/{rel}","templated":true}]}}