{"id":28403,"date":"2026-03-11T15:20:40","date_gmt":"2026-03-11T15:20:40","guid":{"rendered":"https:\/\/staging.mx-springs.com\/producten\/ressort-damortisseur-mx-64-66-240\/"},"modified":"2026-03-20T08:39:32","modified_gmt":"2026-03-20T08:39:32","slug":"ressort-damortisseur-mx-64-66-240","status":"publish","type":"product","link":"https:\/\/mx-springs.com\/fr\/produit\/ressort-damortisseur-mx-64-66-240\/","title":{"rendered":"Ressort d&rsquo;amortisseur MX 64-66-240"},"content":{"rendered":"<div class=\"mx-desc\">\n<div class=\"mx-desc__block\">\n<div class=\"mx-desc__title\">Convient pour<\/div>\n<div class=\"mx-desc__box\">\n<div class=\"mx-desc__row\">\n<div class=\"mx-desc__label\">Honda<\/div>\n<div class=\"mx-desc__value\">\n    CRF 250R (2015\u20132026)<br \/>CRF 450R (2016\u20132026)<br \/>CRF 450X (2018\u20132026)\n  <\/div>\n<\/div>\n<div class=\"mx-desc__row\">\n<div class=\"mx-desc__label\">Suzuki<\/div>\n<div class=\"mx-desc__value\">\n    RMZ 250 (2019\u20132026)<br \/>RMZ 450 (2018\u20132026)\n  <\/div>\n<\/div>\n<div class=\"mx-desc__row\">\n<div class=\"mx-desc__label\">Triumph<\/div>\n<div class=\"mx-desc__value\">\n    TF 250-X (2024\u20132026)<br \/>TF 250E (2026)<br \/>TF 450-X (2025\u20132026)<br \/>TF 450E (2026)\n  <\/div>\n<\/div><\/div>\n<\/p><\/div>\n<div class=\"mx-desc__block\">\n<div class=\"mx-desc__title\">Sp\u00e9cifications<\/div>\n<div class=\"mx-desc__box\">\n<div class=\"mx-desc__row\">\n<div class=\"mx-desc__label\">Diam\u00e8tre int\u00e9rieur<\/div>\n<div class=\"mx-desc__value\">64 mm<\/div>\n<\/div>\n<div class=\"mx-desc__row\">\n<div class=\"mx-desc__label\">Diam\u00e8tre ext\u00e9rieur<\/div>\n<div class=\"mx-desc__value\">66 mm<\/div>\n<\/div>\n<div class=\"mx-desc__row\">\n<div class=\"mx-desc__label\">Longueur<\/div>\n<div class=\"mx-desc__value\">240 mm<\/div>\n<\/div>\n<div class=\"mx-desc__row\">\n<div class=\"mx-desc__label\">Raideurs<\/div>\n<div class=\"mx-desc__value mx-desc__springs\">\n    40,0 N\/mm \u00b7 44,0 N\/mm \u00b7 46,0 N\/mm \u00b7 48,0 N\/mm \u00b7 50,0 N\/mm \u00b7 52,0 N\/mm \u00b7 54,0 N\/mm \u00b7 56,0 N\/mm \u00b7 58,0 N\/mm \u00b7 60,0 N\/mm \u00b7 62,0 N\/mm \u00b7 64,0 N\/mm<\/p>\n<div class=\"mx-desc__note\">\n      La raideur correcte d\u00e9pend du poids du pilote, du style de conduite et de l\u2019utilisation. En cas de doute, contactez MX-Springs.\n    <\/div>\n<\/p><\/div>\n<\/div><\/div>\n<\/p><\/div>\n<\/div>\n","protected":false},"excerpt":{"rendered":"<p>Ressort d&rsquo;amortisseur convient \u00e0 divers mod\u00e8les Honda, Suzuki et Triumph des ann\u00e9es sp\u00e9cifi\u00e9es. <a href=\"#tab-description\">Voir les sp\u00e9cifications compl\u00e8tes<\/a>.<\/p>\n","protected":false},"featured_media":21881,"template":"","meta":[],"product_brand":[],"product_cat":[37136,37220,37226,37232,37238,37244,37250,37256,37262,37268,37274,37280,37286,37142,37376,37382,37388,37394,37400,37406,37412,37418,37424,37430,37436,37148,37490,37496,37502,37508,37514,37520,37526,37532,37538,32534,37556,37658,37664,37670,37676,37682,37688,37694,37700,37562,37784,37790,37796,37802,37808,37814,37820,37826,37832,32582,38018,38042,38048,38054,38030,38066,38072,38024,38060,38036,38078,32594],"product_tag":[],"class_list":{"0":"post-28403","1":"product","2":"type-product","3":"status-publish","4":"has-post-thumbnail","6":"product_cat-honda-crf-250r-fr","7":"product_cat-honda-crf-250r-2015-fr","8":"product_cat-honda-crf-250r-2016-fr","9":"product_cat-honda-crf-250r-2017-fr","10":"product_cat-honda-crf-250r-2018-fr","11":"product_cat-honda-crf-250r-2019-fr","12":"product_cat-honda-crf-250r-2020-fr","13":"product_cat-honda-crf-250r-2021-fr","14":"product_cat-honda-crf-250r-2022-fr","15":"product_cat-honda-crf-250r-2023-fr","16":"product_cat-honda-crf-250r-2024-fr","17":"product_cat-honda-crf-250r-2025-fr","18":"product_cat-honda-crf-250r-2026-fr","19":"product_cat-honda-crf-450r-fr","20":"product_cat-honda-crf-450r-2016-fr","21":"product_cat-honda-crf-450r-2017-fr","22":"product_cat-honda-crf-450r-2018-fr","23":"product_cat-honda-crf-450r-2019-fr","24":"product_cat-honda-crf-450r-2020-fr","25":"product_cat-honda-crf-450r-2021-fr","26":"product_cat-honda-crf-450r-2022-fr","27":"product_cat-honda-crf-450r-2023-fr","28":"product_cat-honda-crf-450r-2024-fr","29":"product_cat-honda-crf-450r-2025-fr","30":"product_cat-honda-crf-450r-2026-fr","31":"product_cat-honda-crf-450x-fr","32":"product_cat-honda-crf-450x-2018-fr","33":"product_cat-honda-crf-450x-2019-fr","34":"product_cat-honda-crf-450x-2020-fr","35":"product_cat-honda-crf-450x-2021-fr","36":"product_cat-honda-crf-450x-2022-fr","37":"product_cat-honda-crf-450x-2023-fr","38":"product_cat-honda-crf-450x-2024-fr","39":"product_cat-honda-crf-450x-2025-fr","40":"product_cat-honda-crf-450x-2026-fr","41":"product_cat-honda-fr","42":"product_cat-suzuki-rmz-250-fr","43":"product_cat-suzuki-rmz-250-2019-fr","44":"product_cat-suzuki-rmz-250-2020-fr","45":"product_cat-suzuki-rmz-250-2021-fr","46":"product_cat-suzuki-rmz-250-2022-fr","47":"product_cat-suzuki-rmz-250-2023-fr","48":"product_cat-suzuki-rmz-250-2024-fr","49":"product_cat-suzuki-rmz-250-2025-fr","50":"product_cat-suzuki-rmz-250-2026-fr","51":"product_cat-suzuki-rmz-450-fr","52":"product_cat-suzuki-rmz-450-2018-fr","53":"product_cat-suzuki-rmz-450-2019-fr","54":"product_cat-suzuki-rmz-450-2020-fr","55":"product_cat-suzuki-rmz-450-2021-fr","56":"product_cat-suzuki-rmz-450-2022-fr","57":"product_cat-suzuki-rmz-450-2023-fr","58":"product_cat-suzuki-rmz-450-2024-fr","59":"product_cat-suzuki-rmz-450-2025-fr","60":"product_cat-suzuki-rmz-450-2026-fr","61":"product_cat-suzuki-fr","62":"product_cat-triumph-tf-250-x-fr","63":"product_cat-triumph-tf-250-x-2024-fr","64":"product_cat-triumph-tf-250-x-2025-fr","65":"product_cat-triumph-tf-250-x-2026-fr","66":"product_cat-triumph-tf-450-x-fr","67":"product_cat-triumph-tf-450-x-2025-fr","68":"product_cat-triumph-tf-450-x-2026-fr","69":"product_cat-triumph-tf-250e-fr","70":"product_cat-triumph-tf-250e-2026-fr","71":"product_cat-triumph-tf-450e-fr","72":"product_cat-triumph-tf-450e-2026-fr","73":"product_cat-triumph-fr","75":"first","76":"instock","77":"taxable","78":"shipping-taxable","79":"product-type-variable"},"_links":{"self":[{"href":"https:\/\/mx-springs.com\/fr\/wp-json\/wp\/v2\/product\/28403","targetHints":{"allow":["GET"]}}],"collection":[{"href":"https:\/\/mx-springs.com\/fr\/wp-json\/wp\/v2\/product"}],"about":[{"href":"https:\/\/mx-springs.com\/fr\/wp-json\/wp\/v2\/types\/product"}],"wp:featuredmedia":[{"embeddable":true,"href":"https:\/\/mx-springs.com\/fr\/wp-json\/wp\/v2\/media\/21881"}],"wp:attachment":[{"href":"https:\/\/mx-springs.com\/fr\/wp-json\/wp\/v2\/media?parent=28403"}],"wp:term":[{"taxonomy":"product_brand","embeddable":true,"href":"https:\/\/mx-springs.com\/fr\/wp-json\/wp\/v2\/product_brand?post=28403"},{"taxonomy":"product_cat","embeddable":true,"href":"https:\/\/mx-springs.com\/fr\/wp-json\/wp\/v2\/product_cat?post=28403"},{"taxonomy":"product_tag","embeddable":true,"href":"https:\/\/mx-springs.com\/fr\/wp-json\/wp\/v2\/product_tag?post=28403"}],"curies":[{"name":"wp","href":"https:\/\/api.w.org\/{rel}","templated":true}]}}