{"id":28386,"date":"2026-03-11T15:20:40","date_gmt":"2026-03-11T15:20:40","guid":{"rendered":"https:\/\/staging.mx-springs.com\/producten\/ressort-damortisseur-mx-63-260\/"},"modified":"2026-03-11T18:08:06","modified_gmt":"2026-03-11T18:08:06","slug":"ressort-damortisseur-mx-63-260","status":"publish","type":"product","link":"https:\/\/mx-springs.com\/fr\/produit\/ressort-damortisseur-mx-63-260\/","title":{"rendered":"Ressort d&rsquo;amortisseur MX 63-260"},"content":{"rendered":"<div class=\"mx-desc\">\n<div class=\"mx-desc__block\">\n<div class=\"mx-desc__title\">Convient pour<\/div>\n<div class=\"mx-desc__box\">\n<div class=\"mx-desc__row\">\n<div class=\"mx-desc__label\">GASGAS<\/div>\n<div class=\"mx-desc__value\">\n    EC 250 (2021\u20132023)<br \/>EC 250F (2021\u20132023)<br \/>EC 300 (2021\u20132023)<br \/>EC 350F (2021\u20132023)<br \/>EC 450F (2021\u20132023)<br \/>MC 125 (2021\u20132023)<br \/>MC 250 (2021\u20132023)<br \/>MC 250F (2021\u20132023)<br \/>MC 350F (2021\u20132023)<br \/>MC 450F (2021\u20132023)\n  <\/div>\n<\/div>\n<div class=\"mx-desc__row\">\n<div class=\"mx-desc__label\">Husqvarna<\/div>\n<div class=\"mx-desc__value\">\n    FC 250 (2014\u20132022)<br \/>FC 350 (2014\u20132022)<br \/>FC 450 (2014\u20132022)<br \/>FE 250 (2014\u20132023)<br \/>FE 350 (2014\u20132023)<br \/>FE 450 (2014\u20132023)<br \/>FE 501 (2014\u20132023)<br \/>TC 125 (2014\u20132022)<br \/>TC 250 (2014\u20132022)<br \/>TE 125 (2014\u20132016)<br \/>TE 150 (2017\u20132023)<br \/>TE 250 (2014\u20132023)<br \/>TE 300 (2014\u20132023)\n  <\/div>\n<\/div>\n<div class=\"mx-desc__row\">\n<div class=\"mx-desc__label\">KTM<\/div>\n<div class=\"mx-desc__value\">\n    SX 125 (2012\u20132022)<br \/>SX 144 (2007\u20132008)<br \/>SX 150 (2012\u20132022)<br \/>SX 250 (2012\u20132022)<br \/>SX-F 250 (2011\u20132022)<br \/>SX-F 350 (2011\u20132022)<br \/>SX-F 450 (2011\u20132022)\n  <\/div>\n<\/div><\/div>\n<\/p><\/div>\n<div class=\"mx-desc__block\">\n<div class=\"mx-desc__title\">Sp\u00e9cifications<\/div>\n<div class=\"mx-desc__box\">\n<div class=\"mx-desc__row\">\n<div class=\"mx-desc__label\">Diam\u00e8tre int\u00e9rieur<\/div>\n<div class=\"mx-desc__value\">63 mm<\/div>\n<\/div>\n<div class=\"mx-desc__row\">\n<div class=\"mx-desc__label\">Longueur<\/div>\n<div class=\"mx-desc__value\">260 mm<\/div>\n<\/div>\n<div class=\"mx-desc__row\">\n<div class=\"mx-desc__label\">Raideurs<\/div>\n<div class=\"mx-desc__value mx-desc__springs\">\n    32,0 N\/mm \u00b7 34,0 N\/mm \u00b7 36,0 N\/mm \u00b7 38,0 N\/mm \u00b7 40,0 N\/mm \u00b7 42,0 N\/mm \u00b7 44,0 N\/mm \u00b7 46,0 N\/mm \u00b7 48,0 N\/mm \u00b7 50,0 N\/mm \u00b7 52,0 N\/mm \u00b7 54,0 N\/mm \u00b7 56,0 N\/mm \u00b7 58,0 N\/mm \u00b7 60,0 N\/mm \u00b7 62,0 N\/mm<\/p>\n<div class=\"mx-desc__note\">\n      La raideur correcte d\u00e9pend du poids du pilote, du style de conduite et de l\u2019utilisation. En cas de doute, contactez MX-Springs.\n    <\/div>\n<\/p><\/div>\n<\/div><\/div>\n<\/p><\/div>\n<\/div>\n","protected":false},"excerpt":{"rendered":"<p>Ressort d&rsquo;amortisseur convient \u00e0 divers mod\u00e8les GASGAS, Husqvarna et KTM des ann\u00e9es sp\u00e9cifi\u00e9es. <a href=\"#tab-description\">Voir les sp\u00e9cifications compl\u00e8tes<\/a>.<\/p>\n","protected":false},"featured_media":21881,"template":"","meta":[],"product_brand":[],"product_cat":[32606,34364,34370,34376,32618,34436,34442,34448,32612,34400,34406,34412,32624,34472,34478,34484,32630,34508,34514,34520,33074,34544,34550,34556,34562,34568,34574,34580,34586,34592,33080,34622,34628,34634,34640,34646,34652,34658,34664,34670,33086,34700,34706,34712,34718,34724,34730,34736,34742,34748,33092,34778,34784,34790,34796,34802,34808,34814,34820,34826,34832,33098,34856,34862,34868,34874,34880,34886,34892,34898,34904,34910,33104,34934,34940,34946,34952,34958,34964,34970,34976,34982,34988,33110,35012,35018,35024,35030,35036,35042,35048,35054,35060,35066,32528,32546,32558,32636,35090,35096,35102,32642,35126,35132,35138,32648,35162,35168,35174,32654,35198,35204,35210,32660,35234,35240,35246,32852,35318,35324,35330,35336,35342,35348,35354,35360,35366,35372,35378,32858,36878,36884,32864,36938,36944,36950,36956,36962,36968,36974,36980,36986,36992,36998,32870,35456,35462,35468,35474,35480,35486,35492,35498,35504,35510,35516,32894,35600,35606,35612,35618,35624,35630,35636,35642,35648,35654,35660,35666,32900,35696,35702,35708,35714,35720,35726,35732,35738,35744,35750,35756,35762,32906,35834,35840,35846,35852,35858,35864,35870,35876,35882,35888,35894,35900,33116,35930,35936,35942,35948,35954,35960,35966,35972,35978,33122,36008,36014,36020,36026,36032,36038,36044,36050,36056,33140,36086,36092,36098,33146,37076,37082,37088,37094,37100,37106,37112,33152,36158,36164,36170,36176,36182,36188,36194,36200,36206,36212,33158,36236,36242,36248,36254,36260,36266,36272,36278,36284,36290],"product_tag":[],"class_list":{"0":"post-28386","1":"product","2":"type-product","3":"status-publish","4":"has-post-thumbnail","6":"product_cat-gasgas-ec-250-fr","7":"product_cat-gasgas-ec-250-2021-fr","8":"product_cat-gasgas-ec-250-2022-fr","9":"product_cat-gasgas-ec-250-2023-fr","10":"product_cat-gasgas-ec-300-fr","11":"product_cat-gasgas-ec-300-2021-fr","12":"product_cat-gasgas-ec-300-2022-fr","13":"product_cat-gasgas-ec-300-2023-fr","14":"product_cat-gasgas-ec-250f-fr","15":"product_cat-gasgas-ec-250f-2021-fr","16":"product_cat-gasgas-ec-250f-2022-fr","17":"product_cat-gasgas-ec-250f-2023-fr","18":"product_cat-gasgas-ec-350f-fr","19":"product_cat-gasgas-ec-350f-2021-fr","20":"product_cat-gasgas-ec-350f-2022-fr","21":"product_cat-gasgas-ec-350f-2023-fr","22":"product_cat-gasgas-ec-450f-fr","23":"product_cat-gasgas-ec-450f-2021-fr","24":"product_cat-gasgas-ec-450f-2022-fr","25":"product_cat-gasgas-ec-450f-2023-fr","26":"product_cat-husqvarna-fc-250-fr","27":"product_cat-husqvarna-fc-250-2014-fr","28":"product_cat-husqvarna-fc-250-2015-fr","29":"product_cat-husqvarna-fc-250-2016-fr","30":"product_cat-husqvarna-fc-250-2017-fr","31":"product_cat-husqvarna-fc-250-2018-fr","32":"product_cat-husqvarna-fc-250-2019-fr","33":"product_cat-husqvarna-fc-250-2020-fr","34":"product_cat-husqvarna-fc-250-2021-fr","35":"product_cat-husqvarna-fc-250-2022-fr","36":"product_cat-husqvarna-fc-350-fr","37":"product_cat-husqvarna-fc-350-2014-fr","38":"product_cat-husqvarna-fc-350-2015-fr","39":"product_cat-husqvarna-fc-350-2016-fr","40":"product_cat-husqvarna-fc-350-2017-fr","41":"product_cat-husqvarna-fc-350-2018-fr","42":"product_cat-husqvarna-fc-350-2019-fr","43":"product_cat-husqvarna-fc-350-2020-fr","44":"product_cat-husqvarna-fc-350-2021-fr","45":"product_cat-husqvarna-fc-350-2022-fr","46":"product_cat-husqvarna-fc-450-fr","47":"product_cat-husqvarna-fc-450-2014-fr","48":"product_cat-husqvarna-fc-450-2015-fr","49":"product_cat-husqvarna-fc-450-2016-fr","50":"product_cat-husqvarna-fc-450-2017-fr","51":"product_cat-husqvarna-fc-450-2018-fr","52":"product_cat-husqvarna-fc-450-2019-fr","53":"product_cat-husqvarna-fc-450-2020-fr","54":"product_cat-husqvarna-fc-450-2021-fr","55":"product_cat-husqvarna-fc-450-2022-fr","56":"product_cat-husqvarna-fe-250-fr","57":"product_cat-husqvarna-fe-250-2014-fr","58":"product_cat-husqvarna-fe-250-2015-fr","59":"product_cat-husqvarna-fe-250-2016-fr","60":"product_cat-husqvarna-fe-250-2017-fr","61":"product_cat-husqvarna-fe-250-2018-fr","62":"product_cat-husqvarna-fe-250-2019-fr","63":"product_cat-husqvarna-fe-250-2020-fr","64":"product_cat-husqvarna-fe-250-2021-fr","65":"product_cat-husqvarna-fe-250-2022-fr","66":"product_cat-husqvarna-fe-250-2023-fr","67":"product_cat-husqvarna-fe-350-fr","68":"product_cat-husqvarna-fe-350-2014-fr","69":"product_cat-husqvarna-fe-350-2015-fr","70":"product_cat-husqvarna-fe-350-2016-fr","71":"product_cat-husqvarna-fe-350-2017-fr","72":"product_cat-husqvarna-fe-350-2018-fr","73":"product_cat-husqvarna-fe-350-2019-fr","74":"product_cat-husqvarna-fe-350-2020-fr","75":"product_cat-husqvarna-fe-350-2021-fr","76":"product_cat-husqvarna-fe-350-2022-fr","77":"product_cat-husqvarna-fe-350-2023-fr","78":"product_cat-husqvarna-fe-450-fr","79":"product_cat-husqvarna-fe-450-2014-fr","80":"product_cat-husqvarna-fe-450-2015-fr","81":"product_cat-husqvarna-fe-450-2016-fr","82":"product_cat-husqvarna-fe-450-2017-fr","83":"product_cat-husqvarna-fe-450-2018-fr","84":"product_cat-husqvarna-fe-450-2019-fr","85":"product_cat-husqvarna-fe-450-2020-fr","86":"product_cat-husqvarna-fe-450-2021-fr","87":"product_cat-husqvarna-fe-450-2022-fr","88":"product_cat-husqvarna-fe-450-2023-fr","89":"product_cat-husqvarna-fe-501-fr","90":"product_cat-husqvarna-fe-501-2014-fr","91":"product_cat-husqvarna-fe-501-2015-fr","92":"product_cat-husqvarna-fe-501-2016-fr","93":"product_cat-husqvarna-fe-501-2017-fr","94":"product_cat-husqvarna-fe-501-2018-fr","95":"product_cat-husqvarna-fe-501-2019-fr","96":"product_cat-husqvarna-fe-501-2020-fr","97":"product_cat-husqvarna-fe-501-2021-fr","98":"product_cat-husqvarna-fe-501-2022-fr","99":"product_cat-husqvarna-fe-501-2023-fr","100":"product_cat-gasgas-fr","101":"product_cat-husqvarna-fr","102":"product_cat-ktm-fr","103":"product_cat-gasgas-mc-125-fr","104":"product_cat-gasgas-mc-125-2021-fr","105":"product_cat-gasgas-mc-125-2022-fr","106":"product_cat-gasgas-mc-125-2023-fr","107":"product_cat-gasgas-mc-250-fr","108":"product_cat-gasgas-mc-250-2021-fr","109":"product_cat-gasgas-mc-250-2022-fr","110":"product_cat-gasgas-mc-250-2023-fr","111":"product_cat-gasgas-mc-250f-fr","112":"product_cat-gasgas-mc-250f-2021-fr","113":"product_cat-gasgas-mc-250f-2022-fr","114":"product_cat-gasgas-mc-250f-2023-fr","115":"product_cat-gasgas-mc-350f-fr","116":"product_cat-gasgas-mc-350f-2021-fr","117":"product_cat-gasgas-mc-350f-2022-fr","118":"product_cat-gasgas-mc-350f-2023-fr","119":"product_cat-gasgas-mc-450f-fr","120":"product_cat-gasgas-mc-450f-2021-fr","121":"product_cat-gasgas-mc-450f-2022-fr","122":"product_cat-gasgas-mc-450f-2023-fr","123":"product_cat-ktm-sx-125-fr","124":"product_cat-ktm-sx-125-2012-fr","125":"product_cat-ktm-sx-125-2013-fr","126":"product_cat-ktm-sx-125-2014-fr","127":"product_cat-ktm-sx-125-2015-fr","128":"product_cat-ktm-sx-125-2016-fr","129":"product_cat-ktm-sx-125-2017-fr","130":"product_cat-ktm-sx-125-2018-fr","131":"product_cat-ktm-sx-125-2019-fr","132":"product_cat-ktm-sx-125-2020-fr","133":"product_cat-ktm-sx-125-2021-fr","134":"product_cat-ktm-sx-125-2022-fr","135":"product_cat-ktm-sx-144-fr","136":"product_cat-ktm-sx-144-2007-fr","137":"product_cat-ktm-sx-144-2008-fr","138":"product_cat-ktm-sx-150-fr","139":"product_cat-ktm-sx-150-2012-fr","140":"product_cat-ktm-sx-150-2013-fr","141":"product_cat-ktm-sx-150-2014-fr","142":"product_cat-ktm-sx-150-2015-fr","143":"product_cat-ktm-sx-150-2016-fr","144":"product_cat-ktm-sx-150-2017-fr","145":"product_cat-ktm-sx-150-2018-fr","146":"product_cat-ktm-sx-150-2019-fr","147":"product_cat-ktm-sx-150-2020-fr","148":"product_cat-ktm-sx-150-2021-fr","149":"product_cat-ktm-sx-150-2022-fr","150":"product_cat-ktm-sx-250-fr","151":"product_cat-ktm-sx-250-2012-fr","152":"product_cat-ktm-sx-250-2013-fr","153":"product_cat-ktm-sx-250-2014-fr","154":"product_cat-ktm-sx-250-2015-fr","155":"product_cat-ktm-sx-250-2016-fr","156":"product_cat-ktm-sx-250-2017-fr","157":"product_cat-ktm-sx-250-2018-fr","158":"product_cat-ktm-sx-250-2019-fr","159":"product_cat-ktm-sx-250-2020-fr","160":"product_cat-ktm-sx-250-2021-fr","161":"product_cat-ktm-sx-250-2022-fr","162":"product_cat-ktm-sx-f-250-fr","163":"product_cat-ktm-sx-f-250-2011-fr","164":"product_cat-ktm-sx-f-250-2012-fr","165":"product_cat-ktm-sx-f-250-2013-fr","166":"product_cat-ktm-sx-f-250-2014-fr","167":"product_cat-ktm-sx-f-250-2015-fr","168":"product_cat-ktm-sx-f-250-2016-fr","169":"product_cat-ktm-sx-f-250-2017-fr","170":"product_cat-ktm-sx-f-250-2018-fr","171":"product_cat-ktm-sx-f-250-2019-fr","172":"product_cat-ktm-sx-f-250-2020-fr","173":"product_cat-ktm-sx-f-250-2021-fr","174":"product_cat-ktm-sx-f-250-2022-fr","175":"product_cat-ktm-sx-f-350-fr","176":"product_cat-ktm-sx-f-350-2011-fr","177":"product_cat-ktm-sx-f-350-2012-fr","178":"product_cat-ktm-sx-f-350-2013-fr","179":"product_cat-ktm-sx-f-350-2014-fr","180":"product_cat-ktm-sx-f-350-2015-fr","181":"product_cat-ktm-sx-f-350-2016-fr","182":"product_cat-ktm-sx-f-350-2017-fr","183":"product_cat-ktm-sx-f-350-2018-fr","184":"product_cat-ktm-sx-f-350-2019-fr","185":"product_cat-ktm-sx-f-350-2020-fr","186":"product_cat-ktm-sx-f-350-2021-fr","187":"product_cat-ktm-sx-f-350-2022-fr","188":"product_cat-ktm-sx-f-450-fr","189":"product_cat-ktm-sx-f-450-2011-fr","190":"product_cat-ktm-sx-f-450-2012-fr","191":"product_cat-ktm-sx-f-450-2013-fr","192":"product_cat-ktm-sx-f-450-2014-fr","193":"product_cat-ktm-sx-f-450-2015-fr","194":"product_cat-ktm-sx-f-450-2016-fr","195":"product_cat-ktm-sx-f-450-2017-fr","196":"product_cat-ktm-sx-f-450-2018-fr","197":"product_cat-ktm-sx-f-450-2019-fr","198":"product_cat-ktm-sx-f-450-2020-fr","199":"product_cat-ktm-sx-f-450-2021-fr","200":"product_cat-ktm-sx-f-450-2022-fr","201":"product_cat-husqvarna-tc-125-fr","202":"product_cat-husqvarna-tc-125-2014-fr","203":"product_cat-husqvarna-tc-125-2015-fr","204":"product_cat-husqvarna-tc-125-2016-fr","205":"product_cat-husqvarna-tc-125-2017-fr","206":"product_cat-husqvarna-tc-125-2018-fr","207":"product_cat-husqvarna-tc-125-2019-fr","208":"product_cat-husqvarna-tc-125-2020-fr","209":"product_cat-husqvarna-tc-125-2021-fr","210":"product_cat-husqvarna-tc-125-2022-fr","211":"product_cat-husqvarna-tc-250-fr","212":"product_cat-husqvarna-tc-250-2014-fr","213":"product_cat-husqvarna-tc-250-2015-fr","214":"product_cat-husqvarna-tc-250-2016-fr","215":"product_cat-husqvarna-tc-250-2017-fr","216":"product_cat-husqvarna-tc-250-2018-fr","217":"product_cat-husqvarna-tc-250-2019-fr","218":"product_cat-husqvarna-tc-250-2020-fr","219":"product_cat-husqvarna-tc-250-2021-fr","220":"product_cat-husqvarna-tc-250-2022-fr","221":"product_cat-husqvarna-te-125-fr","222":"product_cat-husqvarna-te-125-2014-fr","223":"product_cat-husqvarna-te-125-2015-fr","224":"product_cat-husqvarna-te-125-2016-fr","225":"product_cat-husqvarna-te-150-fr","226":"product_cat-husqvarna-te-150-2017-fr","227":"product_cat-husqvarna-te-150-2018-fr","228":"product_cat-husqvarna-te-150-2019-fr","229":"product_cat-husqvarna-te-150-2020-fr","230":"product_cat-husqvarna-te-150-2021-fr","231":"product_cat-husqvarna-te-150-2022-fr","232":"product_cat-husqvarna-te-150-2023-fr","233":"product_cat-husqvarna-te-250-fr","234":"product_cat-husqvarna-te-250-2014-fr","235":"product_cat-husqvarna-te-250-2015-fr","236":"product_cat-husqvarna-te-250-2016-fr","237":"product_cat-husqvarna-te-250-2017-fr","238":"product_cat-husqvarna-te-250-2018-fr","239":"product_cat-husqvarna-te-250-2019-fr","240":"product_cat-husqvarna-te-250-2020-fr","241":"product_cat-husqvarna-te-250-2021-fr","242":"product_cat-husqvarna-te-250-2022-fr","243":"product_cat-husqvarna-te-250-2023-fr","244":"product_cat-husqvarna-te-300-fr","245":"product_cat-husqvarna-te-300-2014-fr","246":"product_cat-husqvarna-te-300-2015-fr","247":"product_cat-husqvarna-te-300-2016-fr","248":"product_cat-husqvarna-te-300-2017-fr","249":"product_cat-husqvarna-te-300-2018-fr","250":"product_cat-husqvarna-te-300-2019-fr","251":"product_cat-husqvarna-te-300-2020-fr","252":"product_cat-husqvarna-te-300-2021-fr","253":"product_cat-husqvarna-te-300-2022-fr","254":"product_cat-husqvarna-te-300-2023-fr","256":"first","257":"instock","258":"taxable","259":"shipping-taxable","260":"product-type-variable"},"_links":{"self":[{"href":"https:\/\/mx-springs.com\/fr\/wp-json\/wp\/v2\/product\/28386","targetHints":{"allow":["GET"]}}],"collection":[{"href":"https:\/\/mx-springs.com\/fr\/wp-json\/wp\/v2\/product"}],"about":[{"href":"https:\/\/mx-springs.com\/fr\/wp-json\/wp\/v2\/types\/product"}],"wp:featuredmedia":[{"embeddable":true,"href":"https:\/\/mx-springs.com\/fr\/wp-json\/wp\/v2\/media\/21881"}],"wp:attachment":[{"href":"https:\/\/mx-springs.com\/fr\/wp-json\/wp\/v2\/media?parent=28386"}],"wp:term":[{"taxonomy":"product_brand","embeddable":true,"href":"https:\/\/mx-springs.com\/fr\/wp-json\/wp\/v2\/product_brand?post=28386"},{"taxonomy":"product_cat","embeddable":true,"href":"https:\/\/mx-springs.com\/fr\/wp-json\/wp\/v2\/product_cat?post=28386"},{"taxonomy":"product_tag","embeddable":true,"href":"https:\/\/mx-springs.com\/fr\/wp-json\/wp\/v2\/product_tag?post=28386"}],"curies":[{"name":"wp","href":"https:\/\/api.w.org\/{rel}","templated":true}]}}