{"id":28376,"date":"2026-03-11T15:19:16","date_gmt":"2026-03-11T15:19:16","guid":{"rendered":"https:\/\/staging.mx-springs.com\/producten\/ressort-damortisseur-mx-63-250\/"},"modified":"2026-03-11T18:03:38","modified_gmt":"2026-03-11T18:03:38","slug":"ressort-damortisseur-mx-63-250","status":"publish","type":"product","link":"https:\/\/mx-springs.com\/fr\/produit\/ressort-damortisseur-mx-63-250\/","title":{"rendered":"Ressort d&rsquo;amortisseur MX 63-250"},"content":{"rendered":"<div class=\"mx-desc\">\n<div class=\"mx-desc__block\">\n<div class=\"mx-desc__title\">Convient pour<\/div>\n<div class=\"mx-desc__box\">\n<div class=\"mx-desc__row\">\n<div class=\"mx-desc__label\">Husaberg<\/div>\n<div class=\"mx-desc__value\">\n    FE 250 (2013\u20132014)<br \/>FE 350 (2013\u20132014)<br \/>FE 390 (2009\u20132014)<br \/>FE 450 (2009\u20132014)<br \/>FE 501 (2013\u20132014)<br \/>FE 570 (2009\u20132012)<br \/>TE 125 (2011\u20132014)<br \/>TE 250 (2011\u20132014)<br \/>TE 300 (2011\u20132014)\n  <\/div>\n<\/div>\n<div class=\"mx-desc__row\">\n<div class=\"mx-desc__label\">KTM<\/div>\n<div class=\"mx-desc__value\">\n    EXC 125 (2005\u20132016)<br \/>EXC 200 (2005\u20132016)<br \/>EXC 250 (2005\u20132017)<br \/>EXC 300 (2005\u20132017)<br \/>EXC-F 250 (2006\u20132018)<br \/>EXC-F 350 (2011\u20132016)<br \/>EXC-F 400 (2005\u20132011)<br \/>EXC-F 450 (2005\u20132016)<br \/>EXC-F 500 (2012\u20132016)<br \/>EXC-F 525 (2005\u20132011)<br \/>EXC-F 530 (2005\u20132011)<br \/>SX 125 (2004\u20132011)<br \/>SX 144 (2004\u20132008)<br \/>SX 150 (2004\u20132011)<br \/>SX 250 (2004\u20132011)<br \/>SX-F 250 (2006\u20132010)<br \/>SX-F 450 (2004\u20132010)\n  <\/div>\n<\/div><\/div>\n<\/p><\/div>\n<div class=\"mx-desc__block\">\n<div class=\"mx-desc__title\">Sp\u00e9cifications<\/div>\n<div class=\"mx-desc__box\">\n<div class=\"mx-desc__row\">\n<div class=\"mx-desc__label\">Diam\u00e8tre int\u00e9rieur<\/div>\n<div class=\"mx-desc__value\">63 mm<\/div>\n<\/div>\n<div class=\"mx-desc__row\">\n<div class=\"mx-desc__label\">Longueur<\/div>\n<div class=\"mx-desc__value\">250 mm<\/div>\n<\/div>\n<div class=\"mx-desc__row\">\n<div class=\"mx-desc__label\">Raideurs<\/div>\n<div class=\"mx-desc__value mx-desc__springs\">\n    63,0 N\/mm \u00b7 66,0 N\/mm \u00b7 69,0 N\/mm \u00b7 72,0 N\/mm \u00b7 76,0 N\/mm \u00b7 80,0 N\/mm \u00b7 84,0 N\/mm \u00b7 88,0 N\/mm \u00b7 92,0 N\/mm<\/p>\n<div class=\"mx-desc__note\">\n      La raideur correcte d\u00e9pend du poids du pilote, du style de conduite et de l\u2019utilisation. En cas de doute, contactez MX-Springs.\n    <\/div>\n<\/p><\/div>\n<\/div><\/div>\n<\/p><\/div>\n<\/div>\n","protected":false},"excerpt":{"rendered":"<p>Ressort d&rsquo;amortisseur convient \u00e0 divers mod\u00e8les Husaberg et KTM des ann\u00e9es sp\u00e9cifi\u00e9es. <a href=\"#tab-description\">Voir les sp\u00e9cifications compl\u00e8tes<\/a>.<\/p>\n","protected":false},"featured_media":21881,"template":"","meta":[],"product_brand":[],"product_cat":[32714,36314,36320,36326,36332,36338,36344,36350,36356,36362,36368,36374,36380,32732,36386,36392,36398,36404,36410,36416,36422,36428,36434,36440,36446,36452,32738,33614,33620,33626,33632,33638,33644,33650,33656,33662,33668,33674,33680,33686,32750,33746,33752,33758,33764,33770,33776,33782,33788,33794,33800,33806,33812,33818,32786,33878,33884,33890,33896,33902,33908,33914,33920,33926,33932,33938,33944,33950,32798,34064,34070,34076,34082,34088,34094,32810,36458,36464,36470,36626,36632,36638,36644,32816,36500,36506,36512,34160,34166,34172,34178,34184,34190,34196,34202,34208,32828,34274,34280,34286,34292,34298,32774,36542,36548,36554,36560,36566,36572,36578,32840,36584,36590,36596,36650,36656,36662,36668,36674,36728,36734,36680,36740,36746,36686,36752,36758,36764,36770,36776,36782,36692,36788,36794,36800,36806,36812,36818,36698,36824,36830,36704,36836,36842,36848,36854,32540,32558,32852,35270,35276,35282,35288,35294,35300,35306,35312,32858,36860,36866,36872,36878,36884,32864,36890,36896,36902,36908,36914,36920,36926,36932,32870,35408,35414,35420,35426,35432,35438,35444,35450,32894,35570,35576,35582,35588,35594,32906,35792,35798,35804,35810,35816,35822,35828,36710,37004,37010,37016,37022,36716,37028,37034,37040,37046,36722,37052,37058,37064,37070],"product_tag":[],"class_list":{"0":"post-28376","1":"product","2":"type-product","3":"status-publish","4":"has-post-thumbnail","6":"product_cat-ktm-exc-125-fr","7":"product_cat-ktm-exc-125-2005-fr","8":"product_cat-ktm-exc-125-2006-fr","9":"product_cat-ktm-exc-125-2007-fr","10":"product_cat-ktm-exc-125-2008-fr","11":"product_cat-ktm-exc-125-2009-fr","12":"product_cat-ktm-exc-125-2010-fr","13":"product_cat-ktm-exc-125-2011-fr","14":"product_cat-ktm-exc-125-2012-fr","15":"product_cat-ktm-exc-125-2013-fr","16":"product_cat-ktm-exc-125-2014-fr","17":"product_cat-ktm-exc-125-2015-fr","18":"product_cat-ktm-exc-125-2016-fr","19":"product_cat-ktm-exc-200-fr","20":"product_cat-ktm-exc-200-2005-fr","21":"product_cat-ktm-exc-200-2006-fr","22":"product_cat-ktm-exc-200-2007-fr","23":"product_cat-ktm-exc-200-2008-fr","24":"product_cat-ktm-exc-200-2009-fr","25":"product_cat-ktm-exc-200-2010-fr","26":"product_cat-ktm-exc-200-2011-fr","27":"product_cat-ktm-exc-200-2012-fr","28":"product_cat-ktm-exc-200-2013-fr","29":"product_cat-ktm-exc-200-2014-fr","30":"product_cat-ktm-exc-200-2015-fr","31":"product_cat-ktm-exc-200-2016-fr","32":"product_cat-ktm-exc-250-fr","33":"product_cat-ktm-exc-250-2005-fr","34":"product_cat-ktm-exc-250-2006-fr","35":"product_cat-ktm-exc-250-2007-fr","36":"product_cat-ktm-exc-250-2008-fr","37":"product_cat-ktm-exc-250-2009-fr","38":"product_cat-ktm-exc-250-2010-fr","39":"product_cat-ktm-exc-250-2011-fr","40":"product_cat-ktm-exc-250-2012-fr","41":"product_cat-ktm-exc-250-2013-fr","42":"product_cat-ktm-exc-250-2014-fr","43":"product_cat-ktm-exc-250-2015-fr","44":"product_cat-ktm-exc-250-2016-fr","45":"product_cat-ktm-exc-250-2017-fr","46":"product_cat-ktm-exc-300-fr","47":"product_cat-ktm-exc-300-2005-fr","48":"product_cat-ktm-exc-300-2006-fr","49":"product_cat-ktm-exc-300-2007-fr","50":"product_cat-ktm-exc-300-2008-fr","51":"product_cat-ktm-exc-300-2009-fr","52":"product_cat-ktm-exc-300-2010-fr","53":"product_cat-ktm-exc-300-2011-fr","54":"product_cat-ktm-exc-300-2012-fr","55":"product_cat-ktm-exc-300-2013-fr","56":"product_cat-ktm-exc-300-2014-fr","57":"product_cat-ktm-exc-300-2015-fr","58":"product_cat-ktm-exc-300-2016-fr","59":"product_cat-ktm-exc-300-2017-fr","60":"product_cat-ktm-exc-f-250-fr","61":"product_cat-ktm-exc-f-250-2006-fr","62":"product_cat-ktm-exc-f-250-2007-fr","63":"product_cat-ktm-exc-f-250-2008-fr","64":"product_cat-ktm-exc-f-250-2009-fr","65":"product_cat-ktm-exc-f-250-2010-fr","66":"product_cat-ktm-exc-f-250-2011-fr","67":"product_cat-ktm-exc-f-250-2012-fr","68":"product_cat-ktm-exc-f-250-2013-fr","69":"product_cat-ktm-exc-f-250-2014-fr","70":"product_cat-ktm-exc-f-250-2015-fr","71":"product_cat-ktm-exc-f-250-2016-fr","72":"product_cat-ktm-exc-f-250-2017-fr","73":"product_cat-ktm-exc-f-250-2018-fr","74":"product_cat-ktm-exc-f-350-fr","75":"product_cat-ktm-exc-f-350-2011-fr","76":"product_cat-ktm-exc-f-350-2012-fr","77":"product_cat-ktm-exc-f-350-2013-fr","78":"product_cat-ktm-exc-f-350-2014-fr","79":"product_cat-ktm-exc-f-350-2015-fr","80":"product_cat-ktm-exc-f-350-2016-fr","81":"product_cat-ktm-exc-f-400-fr","82":"product_cat-ktm-exc-f-400-2005-fr","83":"product_cat-ktm-exc-f-400-2006-fr","84":"product_cat-ktm-exc-f-400-2007-fr","85":"product_cat-ktm-exc-f-400-2008-fr","86":"product_cat-ktm-exc-f-400-2009-fr","87":"product_cat-ktm-exc-f-400-2010-fr","88":"product_cat-ktm-exc-f-400-2011-fr","89":"product_cat-ktm-exc-f-450-fr","90":"product_cat-ktm-exc-f-450-2005-fr","91":"product_cat-ktm-exc-f-450-2006-fr","92":"product_cat-ktm-exc-f-450-2007-fr","93":"product_cat-ktm-exc-f-450-2008-fr","94":"product_cat-ktm-exc-f-450-2009-fr","95":"product_cat-ktm-exc-f-450-2010-fr","96":"product_cat-ktm-exc-f-450-2011-fr","97":"product_cat-ktm-exc-f-450-2012-fr","98":"product_cat-ktm-exc-f-450-2013-fr","99":"product_cat-ktm-exc-f-450-2014-fr","100":"product_cat-ktm-exc-f-450-2015-fr","101":"product_cat-ktm-exc-f-450-2016-fr","102":"product_cat-ktm-exc-f-500-fr","103":"product_cat-ktm-exc-f-500-2012-fr","104":"product_cat-ktm-exc-f-500-2013-fr","105":"product_cat-ktm-exc-f-500-2014-fr","106":"product_cat-ktm-exc-f-500-2015-fr","107":"product_cat-ktm-exc-f-500-2016-fr","108":"product_cat-ktm-exc-f-525-fr","109":"product_cat-ktm-exc-f-525-2005-fr","110":"product_cat-ktm-exc-f-525-2006-fr","111":"product_cat-ktm-exc-f-525-2007-fr","112":"product_cat-ktm-exc-f-525-2008-fr","113":"product_cat-ktm-exc-f-525-2009-fr","114":"product_cat-ktm-exc-f-525-2010-fr","115":"product_cat-ktm-exc-f-525-2011-fr","116":"product_cat-ktm-exc-f-530-fr","117":"product_cat-ktm-exc-f-530-2005-fr","118":"product_cat-ktm-exc-f-530-2006-fr","119":"product_cat-ktm-exc-f-530-2007-fr","120":"product_cat-ktm-exc-f-530-2008-fr","121":"product_cat-ktm-exc-f-530-2009-fr","122":"product_cat-ktm-exc-f-530-2010-fr","123":"product_cat-ktm-exc-f-530-2011-fr","124":"product_cat-husaberg-fe-250-fr","125":"product_cat-husaberg-fe-250-2013-fr","126":"product_cat-husaberg-fe-250-2014-fr","127":"product_cat-husaberg-fe-350-fr","128":"product_cat-husaberg-fe-350-2013-fr","129":"product_cat-husaberg-fe-350-2014-fr","130":"product_cat-husaberg-fe-390-fr","131":"product_cat-husaberg-fe-390-2009-fr","132":"product_cat-husaberg-fe-390-2010-fr","133":"product_cat-husaberg-fe-390-2011-fr","134":"product_cat-husaberg-fe-390-2012-fr","135":"product_cat-husaberg-fe-390-2013-fr","136":"product_cat-husaberg-fe-390-2014-fr","137":"product_cat-husaberg-fe-450-fr","138":"product_cat-husaberg-fe-450-2009-fr","139":"product_cat-husaberg-fe-450-2010-fr","140":"product_cat-husaberg-fe-450-2011-fr","141":"product_cat-husaberg-fe-450-2012-fr","142":"product_cat-husaberg-fe-450-2013-fr","143":"product_cat-husaberg-fe-450-2014-fr","144":"product_cat-husaberg-fe-501-fr","145":"product_cat-husaberg-fe-501-2013-fr","146":"product_cat-husaberg-fe-501-2014-fr","147":"product_cat-husaberg-fe-570-fr","148":"product_cat-husaberg-fe-570-2009-fr","149":"product_cat-husaberg-fe-570-2010-fr","150":"product_cat-husaberg-fe-570-2011-fr","151":"product_cat-husaberg-fe-570-2012-fr","152":"product_cat-husaberg-fr","153":"product_cat-ktm-fr","154":"product_cat-ktm-sx-125-fr","155":"product_cat-ktm-sx-125-2004-fr","156":"product_cat-ktm-sx-125-2005-fr","157":"product_cat-ktm-sx-125-2006-fr","158":"product_cat-ktm-sx-125-2007-fr","159":"product_cat-ktm-sx-125-2008-fr","160":"product_cat-ktm-sx-125-2009-fr","161":"product_cat-ktm-sx-125-2010-fr","162":"product_cat-ktm-sx-125-2011-fr","163":"product_cat-ktm-sx-144-fr","164":"product_cat-ktm-sx-144-2004-fr","165":"product_cat-ktm-sx-144-2005-fr","166":"product_cat-ktm-sx-144-2006-fr","167":"product_cat-ktm-sx-144-2007-fr","168":"product_cat-ktm-sx-144-2008-fr","169":"product_cat-ktm-sx-150-fr","170":"product_cat-ktm-sx-150-2004-fr","171":"product_cat-ktm-sx-150-2005-fr","172":"product_cat-ktm-sx-150-2006-fr","173":"product_cat-ktm-sx-150-2007-fr","174":"product_cat-ktm-sx-150-2008-fr","175":"product_cat-ktm-sx-150-2009-fr","176":"product_cat-ktm-sx-150-2010-fr","177":"product_cat-ktm-sx-150-2011-fr","178":"product_cat-ktm-sx-250-fr","179":"product_cat-ktm-sx-250-2004-fr","180":"product_cat-ktm-sx-250-2005-fr","181":"product_cat-ktm-sx-250-2006-fr","182":"product_cat-ktm-sx-250-2007-fr","183":"product_cat-ktm-sx-250-2008-fr","184":"product_cat-ktm-sx-250-2009-fr","185":"product_cat-ktm-sx-250-2010-fr","186":"product_cat-ktm-sx-250-2011-fr","187":"product_cat-ktm-sx-f-250-fr","188":"product_cat-ktm-sx-f-250-2006-fr","189":"product_cat-ktm-sx-f-250-2007-fr","190":"product_cat-ktm-sx-f-250-2008-fr","191":"product_cat-ktm-sx-f-250-2009-fr","192":"product_cat-ktm-sx-f-250-2010-fr","193":"product_cat-ktm-sx-f-450-fr","194":"product_cat-ktm-sx-f-450-2004-fr","195":"product_cat-ktm-sx-f-450-2005-fr","196":"product_cat-ktm-sx-f-450-2006-fr","197":"product_cat-ktm-sx-f-450-2007-fr","198":"product_cat-ktm-sx-f-450-2008-fr","199":"product_cat-ktm-sx-f-450-2009-fr","200":"product_cat-ktm-sx-f-450-2010-fr","201":"product_cat-husaberg-te-125-fr","202":"product_cat-husaberg-te-125-2011-fr","203":"product_cat-husaberg-te-125-2012-fr","204":"product_cat-husaberg-te-125-2013-fr","205":"product_cat-husaberg-te-125-2014-fr","206":"product_cat-husaberg-te-250-fr","207":"product_cat-husaberg-te-250-2011-fr","208":"product_cat-husaberg-te-250-2012-fr","209":"product_cat-husaberg-te-250-2013-fr","210":"product_cat-husaberg-te-250-2014-fr","211":"product_cat-husaberg-te-300-fr","212":"product_cat-husaberg-te-300-2011-fr","213":"product_cat-husaberg-te-300-2012-fr","214":"product_cat-husaberg-te-300-2013-fr","215":"product_cat-husaberg-te-300-2014-fr","217":"first","218":"instock","219":"taxable","220":"shipping-taxable","221":"product-type-variable"},"_links":{"self":[{"href":"https:\/\/mx-springs.com\/fr\/wp-json\/wp\/v2\/product\/28376","targetHints":{"allow":["GET"]}}],"collection":[{"href":"https:\/\/mx-springs.com\/fr\/wp-json\/wp\/v2\/product"}],"about":[{"href":"https:\/\/mx-springs.com\/fr\/wp-json\/wp\/v2\/types\/product"}],"wp:featuredmedia":[{"embeddable":true,"href":"https:\/\/mx-springs.com\/fr\/wp-json\/wp\/v2\/media\/21881"}],"wp:attachment":[{"href":"https:\/\/mx-springs.com\/fr\/wp-json\/wp\/v2\/media?parent=28376"}],"wp:term":[{"taxonomy":"product_brand","embeddable":true,"href":"https:\/\/mx-springs.com\/fr\/wp-json\/wp\/v2\/product_brand?post=28376"},{"taxonomy":"product_cat","embeddable":true,"href":"https:\/\/mx-springs.com\/fr\/wp-json\/wp\/v2\/product_cat?post=28376"},{"taxonomy":"product_tag","embeddable":true,"href":"https:\/\/mx-springs.com\/fr\/wp-json\/wp\/v2\/product_tag?post=28376"}],"curies":[{"name":"wp","href":"https:\/\/api.w.org\/{rel}","templated":true}]}}