{"id":28359,"date":"2026-03-11T15:12:07","date_gmt":"2026-03-11T15:12:07","guid":{"rendered":"https:\/\/staging.mx-springs.com\/producten\/ressort-damortisseur-mx-63-240\/"},"modified":"2026-03-11T18:00:43","modified_gmt":"2026-03-11T18:00:43","slug":"ressort-damortisseur-mx-63-240","status":"publish","type":"product","link":"https:\/\/mx-springs.com\/fr\/produit\/ressort-damortisseur-mx-63-240\/","title":{"rendered":"Ressort d&rsquo;amortisseur MX 63-240"},"content":{"rendered":"<div class=\"mx-desc\">\n<div class=\"mx-desc__block\">\n<div class=\"mx-desc__title\">Convient pour<\/div>\n<div class=\"mx-desc__box\">\n<div class=\"mx-desc__row\">\n<div class=\"mx-desc__label\">GASGAS<\/div>\n<div class=\"mx-desc__value\">\n    EC 250 (2024\u20132026)<br \/>EC 250F (2024\u20132026)<br \/>EC 300 (2024\u20132026)<br \/>EC 350F (2024\u20132026)<br \/>EC 450F (2024\u20132026)<br \/>MC 125 (2024\u20132026)<br \/>MC 250 (2024\u20132026)<br \/>MC 250F (2024\u20132026)<br \/>MC 350F (2024\u20132026)<br \/>MC 450F (2024\u20132026)\n  <\/div>\n<\/div>\n<div class=\"mx-desc__row\">\n<div class=\"mx-desc__label\">Husqvarna<\/div>\n<div class=\"mx-desc__value\">\n    FC 250 (2023\u20132026)<br \/>FC 350 (2023\u20132026)<br \/>FC 450 (2023\u20132026)<br \/>FE 250 (2024\u20132026)<br \/>FE 350 (2024\u20132026)<br \/>FE 450 (2024\u20132026)<br \/>FE 501 (2024\u20132026)<br \/>TC 125 (2023\u20132026)<br \/>TC 250 (2023\u20132026)<br \/>TE 125 (2024\u20132026)<br \/>TE 250 (2024\u20132026)<br \/>TE 300 (2024\u20132026)\n  <\/div>\n<\/div>\n<div class=\"mx-desc__row\">\n<div class=\"mx-desc__label\">KTM<\/div>\n<div class=\"mx-desc__value\">\n    SX 125 (2023\u20132026)<br \/>SX 250 (2023\u20132026)<br \/>SX 300 (2023\u20132026)<br \/>SX-F 250 (2023\u20132026)<br \/>SX-F 350 (2023\u20132026)<br \/>SX-F 450 (2023\u20132026)\n  <\/div>\n<\/div><\/div>\n<\/p><\/div>\n<div class=\"mx-desc__block\">\n<div class=\"mx-desc__title\">Sp\u00e9cifications<\/div>\n<div class=\"mx-desc__box\">\n<div class=\"mx-desc__row\">\n<div class=\"mx-desc__label\">Diam\u00e8tre int\u00e9rieur<\/div>\n<div class=\"mx-desc__value\">63 mm<\/div>\n<\/div>\n<div class=\"mx-desc__row\">\n<div class=\"mx-desc__label\">Longueur<\/div>\n<div class=\"mx-desc__value\">240 mm<\/div>\n<\/div>\n<div class=\"mx-desc__row\">\n<div class=\"mx-desc__label\">Raideurs<\/div>\n<div class=\"mx-desc__value mx-desc__springs\">\n    32,0 N\/mm \u00b7 34,0 N\/mm \u00b7 36,0 N\/mm \u00b7 38,0 N\/mm \u00b7 40,0 N\/mm \u00b7 42,0 N\/mm \u00b7 44,0 N\/mm \u00b7 46,0 N\/mm \u00b7 48,0 N\/mm \u00b7 50,0 N\/mm \u00b7 52,0 N\/mm \u00b7 54,0 N\/mm \u00b7 56,0 N\/mm \u00b7 58,0 N\/mm \u00b7 60,0 N\/mm \u00b7 62,0 N\/mm<\/p>\n<div class=\"mx-desc__note\">\n      La raideur correcte d\u00e9pend du poids du pilote, du style de conduite et de l\u2019utilisation. En cas de doute, contactez MX-Springs.\n    <\/div>\n<\/p><\/div>\n<\/div><\/div>\n<\/p><\/div>\n<\/div>\n","protected":false},"excerpt":{"rendered":"<p>Ressort d&rsquo;amortisseur convient \u00e0 divers mod\u00e8les GASGAS, Husqvarna et KTM des ann\u00e9es sp\u00e9cifi\u00e9es. <a href=\"#tab-description\">Voir les sp\u00e9cifications compl\u00e8tes<\/a>.<\/p>\n","protected":false},"featured_media":21881,"template":"","meta":[],"product_brand":[],"product_cat":[32606,34382,34388,34394,32618,34454,34460,34466,32612,34418,34424,34430,32624,34490,34496,34502,32630,34526,34532,34538,33074,34598,34604,34610,34616,33080,34676,34682,34688,34694,33086,34754,34760,34766,34772,33092,34838,34844,34850,33098,34916,34922,34928,33104,34994,35000,35006,33110,35072,35078,35084,32528,32546,32558,32636,35108,35114,35120,32642,35144,35150,35156,32648,35180,35186,35192,32654,35216,35222,35228,32660,35252,35258,35264,32852,35384,35390,35396,35402,32870,35522,35528,35534,35540,32876,35546,35552,35558,35564,32894,35672,35678,35684,35690,32900,35768,35774,35780,35786,32906,35906,35912,35918,35924,33116,35984,35990,35996,36002,33122,36062,36068,36074,36080,33140,36140,36146,36152,33152,36218,36224,36230,33158,36296,36302,36308],"product_tag":[],"class_list":{"0":"post-28359","1":"product","2":"type-product","3":"status-publish","4":"has-post-thumbnail","6":"product_cat-gasgas-ec-250-fr","7":"product_cat-gasgas-ec-250-2024-fr","8":"product_cat-gasgas-ec-250-2025-fr","9":"product_cat-gasgas-ec-250-2026-fr","10":"product_cat-gasgas-ec-300-fr","11":"product_cat-gasgas-ec-300-2024-fr","12":"product_cat-gasgas-ec-300-2025-fr","13":"product_cat-gasgas-ec-300-2026-fr","14":"product_cat-gasgas-ec-250f-fr","15":"product_cat-gasgas-ec-250f-2024-fr","16":"product_cat-gasgas-ec-250f-2025-fr","17":"product_cat-gasgas-ec-250f-2026-fr","18":"product_cat-gasgas-ec-350f-fr","19":"product_cat-gasgas-ec-350f-2024-fr","20":"product_cat-gasgas-ec-350f-2025-fr","21":"product_cat-gasgas-ec-350f-2026-fr","22":"product_cat-gasgas-ec-450f-fr","23":"product_cat-gasgas-ec-450f-2024-fr","24":"product_cat-gasgas-ec-450f-2025-fr","25":"product_cat-gasgas-ec-450f-2026-fr","26":"product_cat-husqvarna-fc-250-fr","27":"product_cat-husqvarna-fc-250-2023-fr","28":"product_cat-husqvarna-fc-250-2024-fr","29":"product_cat-husqvarna-fc-250-2025-fr","30":"product_cat-husqvarna-fc-250-2026-fr","31":"product_cat-husqvarna-fc-350-fr","32":"product_cat-husqvarna-fc-350-2023-fr","33":"product_cat-husqvarna-fc-350-2024-fr","34":"product_cat-husqvarna-fc-350-2025-fr","35":"product_cat-husqvarna-fc-350-2026-fr","36":"product_cat-husqvarna-fc-450-fr","37":"product_cat-husqvarna-fc-450-2023-fr","38":"product_cat-husqvarna-fc-450-2024-fr","39":"product_cat-husqvarna-fc-450-2025-fr","40":"product_cat-husqvarna-fc-450-2026-fr","41":"product_cat-husqvarna-fe-250-fr","42":"product_cat-husqvarna-fe-250-2024-fr","43":"product_cat-husqvarna-fe-250-2025-fr","44":"product_cat-husqvarna-fe-250-2026-fr","45":"product_cat-husqvarna-fe-350-fr","46":"product_cat-husqvarna-fe-350-2024-fr","47":"product_cat-husqvarna-fe-350-2025-fr","48":"product_cat-husqvarna-fe-350-2026-fr","49":"product_cat-husqvarna-fe-450-fr","50":"product_cat-husqvarna-fe-450-2024-fr","51":"product_cat-husqvarna-fe-450-2025-fr","52":"product_cat-husqvarna-fe-450-2026-fr","53":"product_cat-husqvarna-fe-501-fr","54":"product_cat-husqvarna-fe-501-2024-fr","55":"product_cat-husqvarna-fe-501-2025-fr","56":"product_cat-husqvarna-fe-501-2026-fr","57":"product_cat-gasgas-fr","58":"product_cat-husqvarna-fr","59":"product_cat-ktm-fr","60":"product_cat-gasgas-mc-125-fr","61":"product_cat-gasgas-mc-125-2024-fr","62":"product_cat-gasgas-mc-125-2025-fr","63":"product_cat-gasgas-mc-125-2026-fr","64":"product_cat-gasgas-mc-250-fr","65":"product_cat-gasgas-mc-250-2024-fr","66":"product_cat-gasgas-mc-250-2025-fr","67":"product_cat-gasgas-mc-250-2026-fr","68":"product_cat-gasgas-mc-250f-fr","69":"product_cat-gasgas-mc-250f-2024-fr","70":"product_cat-gasgas-mc-250f-2025-fr","71":"product_cat-gasgas-mc-250f-2026-fr","72":"product_cat-gasgas-mc-350f-fr","73":"product_cat-gasgas-mc-350f-2024-fr","74":"product_cat-gasgas-mc-350f-2025-fr","75":"product_cat-gasgas-mc-350f-2026-fr","76":"product_cat-gasgas-mc-450f-fr","77":"product_cat-gasgas-mc-450f-2024-fr","78":"product_cat-gasgas-mc-450f-2025-fr","79":"product_cat-gasgas-mc-450f-2026-fr","80":"product_cat-ktm-sx-125-fr","81":"product_cat-ktm-sx-125-2023-fr","82":"product_cat-ktm-sx-125-2024-fr","83":"product_cat-ktm-sx-125-2025-fr","84":"product_cat-ktm-sx-125-2026-fr","85":"product_cat-ktm-sx-250-fr","86":"product_cat-ktm-sx-250-2023-fr","87":"product_cat-ktm-sx-250-2024-fr","88":"product_cat-ktm-sx-250-2025-fr","89":"product_cat-ktm-sx-250-2026-fr","90":"product_cat-ktm-sx-300-fr","91":"product_cat-ktm-sx-300-2023-fr","92":"product_cat-ktm-sx-300-2024-fr","93":"product_cat-ktm-sx-300-2025-fr","94":"product_cat-ktm-sx-300-2026-fr","95":"product_cat-ktm-sx-f-250-fr","96":"product_cat-ktm-sx-f-250-2023-fr","97":"product_cat-ktm-sx-f-250-2024-fr","98":"product_cat-ktm-sx-f-250-2025-fr","99":"product_cat-ktm-sx-f-250-2026-fr","100":"product_cat-ktm-sx-f-350-fr","101":"product_cat-ktm-sx-f-350-2023-fr","102":"product_cat-ktm-sx-f-350-2024-fr","103":"product_cat-ktm-sx-f-350-2025-fr","104":"product_cat-ktm-sx-f-350-2026-fr","105":"product_cat-ktm-sx-f-450-fr","106":"product_cat-ktm-sx-f-450-2023-fr","107":"product_cat-ktm-sx-f-450-2024-fr","108":"product_cat-ktm-sx-f-450-2025-fr","109":"product_cat-ktm-sx-f-450-2026-fr","110":"product_cat-husqvarna-tc-125-fr","111":"product_cat-husqvarna-tc-125-2023-fr","112":"product_cat-husqvarna-tc-125-2024-fr","113":"product_cat-husqvarna-tc-125-2025-fr","114":"product_cat-husqvarna-tc-125-2026-fr","115":"product_cat-husqvarna-tc-250-fr","116":"product_cat-husqvarna-tc-250-2023-fr","117":"product_cat-husqvarna-tc-250-2024-fr","118":"product_cat-husqvarna-tc-250-2025-fr","119":"product_cat-husqvarna-tc-250-2026-fr","120":"product_cat-husqvarna-te-125-fr","121":"product_cat-husqvarna-te-125-2024-fr","122":"product_cat-husqvarna-te-125-2025-fr","123":"product_cat-husqvarna-te-125-2026-fr","124":"product_cat-husqvarna-te-250-fr","125":"product_cat-husqvarna-te-250-2024-fr","126":"product_cat-husqvarna-te-250-2025-fr","127":"product_cat-husqvarna-te-250-2026-fr","128":"product_cat-husqvarna-te-300-fr","129":"product_cat-husqvarna-te-300-2024-fr","130":"product_cat-husqvarna-te-300-2025-fr","131":"product_cat-husqvarna-te-300-2026-fr","133":"first","134":"instock","135":"taxable","136":"shipping-taxable","137":"product-type-variable"},"_links":{"self":[{"href":"https:\/\/mx-springs.com\/fr\/wp-json\/wp\/v2\/product\/28359","targetHints":{"allow":["GET"]}}],"collection":[{"href":"https:\/\/mx-springs.com\/fr\/wp-json\/wp\/v2\/product"}],"about":[{"href":"https:\/\/mx-springs.com\/fr\/wp-json\/wp\/v2\/types\/product"}],"wp:featuredmedia":[{"embeddable":true,"href":"https:\/\/mx-springs.com\/fr\/wp-json\/wp\/v2\/media\/21881"}],"wp:attachment":[{"href":"https:\/\/mx-springs.com\/fr\/wp-json\/wp\/v2\/media?parent=28359"}],"wp:term":[{"taxonomy":"product_brand","embeddable":true,"href":"https:\/\/mx-springs.com\/fr\/wp-json\/wp\/v2\/product_brand?post=28359"},{"taxonomy":"product_cat","embeddable":true,"href":"https:\/\/mx-springs.com\/fr\/wp-json\/wp\/v2\/product_cat?post=28359"},{"taxonomy":"product_tag","embeddable":true,"href":"https:\/\/mx-springs.com\/fr\/wp-json\/wp\/v2\/product_tag?post=28359"}],"curies":[{"name":"wp","href":"https:\/\/api.w.org\/{rel}","templated":true}]}}