{"id":28346,"date":"2026-03-11T15:10:40","date_gmt":"2026-03-11T15:10:40","guid":{"rendered":"https:\/\/staging.mx-springs.com\/producten\/ressort-damortisseur-mx-59-62-270\/"},"modified":"2026-03-11T17:55:03","modified_gmt":"2026-03-11T17:55:03","slug":"ressort-damortisseur-mx-59-62-270","status":"publish","type":"product","link":"https:\/\/mx-springs.com\/fr\/produit\/ressort-damortisseur-mx-59-62-270\/","title":{"rendered":"Ressort d&rsquo;amortisseur MX 59-62-270"},"content":{"rendered":"<div class=\"mx-desc\">\n<div class=\"mx-desc__block\">\n<div class=\"mx-desc__title\">Convient pour<\/div>\n<div class=\"mx-desc__box\">\n<div class=\"mx-desc__row\">\n<div class=\"mx-desc__label\">Beta<\/div>\n<div class=\"mx-desc__value\">\n    RR 125 2T RACING (2023\u20132026)<br \/>RR 200 2T RACING (2023\u20132026)<br \/>RR 250 2T RACING (2023\u20132026)<br \/>RR 300 2T RACING (2023\u20132026)<br \/>RR 350 4T RACING (2023\u20132026)<br \/>RR 390 4T RACING (2023\u20132026)<br \/>RR 400 4T RACING (2011\u20132012)<br \/>RR 430 4T RACING (2023\u20132026)<br \/>RR 480 4T RACING (2023\u20132026)<br \/>RX 300 2T (2023\u20132024)\n  <\/div>\n<\/div>\n<div class=\"mx-desc__row\">\n<div class=\"mx-desc__label\">Honda<\/div>\n<div class=\"mx-desc__value\">\n    CR 125R (2000\u20132007)\n  <\/div>\n<\/div>\n<div class=\"mx-desc__row\">\n<div class=\"mx-desc__label\">Yamaha<\/div>\n<div class=\"mx-desc__value\">\n    WR 250F (2005\u20132014)<br \/>WR 450F (2003\u20132015)<br \/>YZ 125 (2005\u20132026)<br \/>YZ 250 (2005\u20132026)<br \/>YZF 250 (2005\u20132013)<br \/>YZF 450 (2004\u20132009)\n  <\/div>\n<\/div><\/div>\n<\/p><\/div>\n<div class=\"mx-desc__block\">\n<div class=\"mx-desc__title\">Sp\u00e9cifications<\/div>\n<div class=\"mx-desc__box\">\n<div class=\"mx-desc__row\">\n<div class=\"mx-desc__label\">Diam\u00e8tre int\u00e9rieur<\/div>\n<div class=\"mx-desc__value\">59 mm<\/div>\n<\/div>\n<div class=\"mx-desc__row\">\n<div class=\"mx-desc__label\">Diam\u00e8tre ext\u00e9rieur<\/div>\n<div class=\"mx-desc__value\">62 mm<\/div>\n<\/div>\n<div class=\"mx-desc__row\">\n<div class=\"mx-desc__label\">Longueur<\/div>\n<div class=\"mx-desc__value\">270 mm<\/div>\n<\/div>\n<div class=\"mx-desc__row\">\n<div class=\"mx-desc__label\">Raideurs<\/div>\n<div class=\"mx-desc__value mx-desc__springs\">\n    40,0 N\/mm \u00b7 42,0 N\/mm \u00b7 44,0 N\/mm \u00b7 46,0 N\/mm \u00b7 48,0 N\/mm \u00b7 50,0 N\/mm \u00b7 52,0 N\/mm \u00b7 54,0 N\/mm \u00b7 56,0 N\/mm \u00b7 58,0 N\/mm \u00b7 60,0 N\/mm \u00b7 62,0 N\/mm<\/p>\n<div class=\"mx-desc__note\">\n      La raideur correcte d\u00e9pend du poids du pilote, du style de conduite et de l\u2019utilisation. En cas de doute, contactez MX-Springs.\n    <\/div>\n<\/p><\/div>\n<\/div><\/div>\n<\/p><\/div>\n<\/div>\n","protected":false},"excerpt":{"rendered":"<p>Ressort d&rsquo;amortisseur convient \u00e0 divers mod\u00e8les Beta, Honda et Yamaha des ann\u00e9es sp\u00e9cifi\u00e9es. <a href=\"#tab-description\">Voir les sp\u00e9cifications compl\u00e8tes<\/a>.<\/p>\n","protected":false},"featured_media":21881,"template":"","meta":[],"product_brand":[],"product_cat":[32516,37124,39596,39602,39608,39614,39620,39626,39632,39638,32534,37844,39662,39668,39674,39680,37856,39704,39710,39716,39722,37868,39746,39752,39758,39764,37880,39788,39794,39800,39806,37892,39830,39836,39842,39848,37904,39872,39878,39884,39890,37916,39896,39902,37928,39926,39932,39938,39944,37946,39968,39974,39980,39986,37958,39992,39998,38912,40004,40010,40016,40022,40028,40034,40040,40046,40052,40058,38918,38960,38966,38972,38978,38984,38990,38996,39002,39008,39014,39020,39026,39032,32600,38924,40136,40142,40148,40154,40160,40166,40172,40178,40184,40190,40196,40202,40208,40214,40220,40226,40232,40238,40244,40250,40256,40262,38930,40268,40274,40280,40286,40292,40298,40304,40310,40316,40322,40328,40334,40340,40346,40352,40358,40364,40370,40376,40382,40388,40394,38948,39110,39116,39122,39128,39134,39140,39146,39152,39158,38954,39242,39248,39254,39260,39266,39272],"product_tag":[],"class_list":{"0":"post-28346","1":"product","2":"type-product","3":"status-publish","4":"has-post-thumbnail","6":"product_cat-beta-fr","7":"product_cat-honda-cr-125r-fr","8":"product_cat-honda-cr-125r-2000-fr","9":"product_cat-honda-cr-125r-2001-fr","10":"product_cat-honda-cr-125r-2002-fr","11":"product_cat-honda-cr-125r-2003-fr","12":"product_cat-honda-cr-125r-2004-fr","13":"product_cat-honda-cr-125r-2005-fr","14":"product_cat-honda-cr-125r-2006-fr","15":"product_cat-honda-cr-125r-2007-fr","16":"product_cat-honda-fr","17":"product_cat-beta-rr-125-2t-racing-fr","18":"product_cat-beta-rr-125-2t-racing-2023-fr","19":"product_cat-beta-rr-125-2t-racing-2024-fr","20":"product_cat-beta-rr-125-2t-racing-2025-fr","21":"product_cat-beta-rr-125-2t-racing-2026-fr","22":"product_cat-beta-rr-200-2t-racing-fr","23":"product_cat-beta-rr-200-2t-racing-2023-fr","24":"product_cat-beta-rr-200-2t-racing-2024-fr","25":"product_cat-beta-rr-200-2t-racing-2025-fr","26":"product_cat-beta-rr-200-2t-racing-2026-fr","27":"product_cat-beta-rr-250-2t-racing-fr","28":"product_cat-beta-rr-250-2t-racing-2023-fr","29":"product_cat-beta-rr-250-2t-racing-2024-fr","30":"product_cat-beta-rr-250-2t-racing-2025-fr","31":"product_cat-beta-rr-250-2t-racing-2026-fr","32":"product_cat-beta-rr-300-2t-racing-fr","33":"product_cat-beta-rr-300-2t-racing-2023-fr","34":"product_cat-beta-rr-300-2t-racing-2024-fr","35":"product_cat-beta-rr-300-2t-racing-2025-fr","36":"product_cat-beta-rr-300-2t-racing-2026-fr","37":"product_cat-beta-rr-350-4t-racing-fr","38":"product_cat-beta-rr-350-4t-racing-2023-fr","39":"product_cat-beta-rr-350-4t-racing-2024-fr","40":"product_cat-beta-rr-350-4t-racing-2025-fr","41":"product_cat-beta-rr-350-4t-racing-2026-fr","42":"product_cat-beta-rr-390-4t-racing-fr","43":"product_cat-beta-rr-390-4t-racing-2023-fr","44":"product_cat-beta-rr-390-4t-racing-2024-fr","45":"product_cat-beta-rr-390-4t-racing-2025-fr","46":"product_cat-beta-rr-390-4t-racing-2026-fr","47":"product_cat-beta-rr-400-4t-racing-fr","48":"product_cat-beta-rr-400-4t-racing-2011-fr","49":"product_cat-beta-rr-400-4t-racing-2012-fr","50":"product_cat-beta-rr-430-4t-racing-fr","51":"product_cat-beta-rr-430-4t-racing-2023-fr","52":"product_cat-beta-rr-430-4t-racing-2024-fr","53":"product_cat-beta-rr-430-4t-racing-2025-fr","54":"product_cat-beta-rr-430-4t-racing-2026-fr","55":"product_cat-beta-rr-480-4t-racing-fr","56":"product_cat-beta-rr-480-4t-racing-2023-fr","57":"product_cat-beta-rr-480-4t-racing-2024-fr","58":"product_cat-beta-rr-480-4t-racing-2025-fr","59":"product_cat-beta-rr-480-4t-racing-2026-fr","60":"product_cat-beta-rx-300-2t-fr","61":"product_cat-beta-rx-300-2t-2023-fr","62":"product_cat-beta-rx-300-2t-2024-fr","63":"product_cat-yamaha-wr-250f-fr","64":"product_cat-yamaha-wr-250f-2005-fr","65":"product_cat-yamaha-wr-250f-2006-fr","66":"product_cat-yamaha-wr-250f-2007-fr","67":"product_cat-yamaha-wr-250f-2008-fr","68":"product_cat-yamaha-wr-250f-2009-fr","69":"product_cat-yamaha-wr-250f-2010-fr","70":"product_cat-yamaha-wr-250f-2011-fr","71":"product_cat-yamaha-wr-250f-2012-fr","72":"product_cat-yamaha-wr-250f-2013-fr","73":"product_cat-yamaha-wr-250f-2014-fr","74":"product_cat-yamaha-wr-450f-fr","75":"product_cat-yamaha-wr-450f-2003-fr","76":"product_cat-yamaha-wr-450f-2004-fr","77":"product_cat-yamaha-wr-450f-2005-fr","78":"product_cat-yamaha-wr-450f-2006-fr","79":"product_cat-yamaha-wr-450f-2007-fr","80":"product_cat-yamaha-wr-450f-2008-fr","81":"product_cat-yamaha-wr-450f-2009-fr","82":"product_cat-yamaha-wr-450f-2010-fr","83":"product_cat-yamaha-wr-450f-2011-fr","84":"product_cat-yamaha-wr-450f-2012-fr","85":"product_cat-yamaha-wr-450f-2013-fr","86":"product_cat-yamaha-wr-450f-2014-fr","87":"product_cat-yamaha-wr-450f-2015-fr","88":"product_cat-yamaha-fr","89":"product_cat-yamaha-yz-125-fr","90":"product_cat-yamaha-yz-125-2005-fr","91":"product_cat-yamaha-yz-125-2006-fr","92":"product_cat-yamaha-yz-125-2007-fr","93":"product_cat-yamaha-yz-125-2008-fr","94":"product_cat-yamaha-yz-125-2009-fr","95":"product_cat-yamaha-yz-125-2010-fr","96":"product_cat-yamaha-yz-125-2011-fr","97":"product_cat-yamaha-yz-125-2012-fr","98":"product_cat-yamaha-yz-125-2013-fr","99":"product_cat-yamaha-yz-125-2014-fr","100":"product_cat-yamaha-yz-125-2015-fr","101":"product_cat-yamaha-yz-125-2016-fr","102":"product_cat-yamaha-yz-125-2017-fr","103":"product_cat-yamaha-yz-125-2018-fr","104":"product_cat-yamaha-yz-125-2019-fr","105":"product_cat-yamaha-yz-125-2020-fr","106":"product_cat-yamaha-yz-125-2021-fr","107":"product_cat-yamaha-yz-125-2022-fr","108":"product_cat-yamaha-yz-125-2023-fr","109":"product_cat-yamaha-yz-125-2024-fr","110":"product_cat-yamaha-yz-125-2025-fr","111":"product_cat-yamaha-yz-125-2026-fr","112":"product_cat-yamaha-yz-250-fr","113":"product_cat-yamaha-yz-250-2005-fr","114":"product_cat-yamaha-yz-250-2006-fr","115":"product_cat-yamaha-yz-250-2007-fr","116":"product_cat-yamaha-yz-250-2008-fr","117":"product_cat-yamaha-yz-250-2009-fr","118":"product_cat-yamaha-yz-250-2010-fr","119":"product_cat-yamaha-yz-250-2011-fr","120":"product_cat-yamaha-yz-250-2012-fr","121":"product_cat-yamaha-yz-250-2013-fr","122":"product_cat-yamaha-yz-250-2014-fr","123":"product_cat-yamaha-yz-250-2015-fr","124":"product_cat-yamaha-yz-250-2016-fr","125":"product_cat-yamaha-yz-250-2017-fr","126":"product_cat-yamaha-yz-250-2018-fr","127":"product_cat-yamaha-yz-250-2019-fr","128":"product_cat-yamaha-yz-250-2020-fr","129":"product_cat-yamaha-yz-250-2021-fr","130":"product_cat-yamaha-yz-250-2022-fr","131":"product_cat-yamaha-yz-250-2023-fr","132":"product_cat-yamaha-yz-250-2024-fr","133":"product_cat-yamaha-yz-250-2025-fr","134":"product_cat-yamaha-yz-250-2026-fr","135":"product_cat-yamaha-yzf-250-fr","136":"product_cat-yamaha-yzf-250-2005-fr","137":"product_cat-yamaha-yzf-250-2006-fr","138":"product_cat-yamaha-yzf-250-2007-fr","139":"product_cat-yamaha-yzf-250-2008-fr","140":"product_cat-yamaha-yzf-250-2009-fr","141":"product_cat-yamaha-yzf-250-2010-fr","142":"product_cat-yamaha-yzf-250-2011-fr","143":"product_cat-yamaha-yzf-250-2012-fr","144":"product_cat-yamaha-yzf-250-2013-fr","145":"product_cat-yamaha-yzf-450-fr","146":"product_cat-yamaha-yzf-450-2004-fr","147":"product_cat-yamaha-yzf-450-2005-fr","148":"product_cat-yamaha-yzf-450-2006-fr","149":"product_cat-yamaha-yzf-450-2007-fr","150":"product_cat-yamaha-yzf-450-2008-fr","151":"product_cat-yamaha-yzf-450-2009-fr","153":"first","154":"instock","155":"taxable","156":"shipping-taxable","157":"product-type-variable"},"_links":{"self":[{"href":"https:\/\/mx-springs.com\/fr\/wp-json\/wp\/v2\/product\/28346","targetHints":{"allow":["GET"]}}],"collection":[{"href":"https:\/\/mx-springs.com\/fr\/wp-json\/wp\/v2\/product"}],"about":[{"href":"https:\/\/mx-springs.com\/fr\/wp-json\/wp\/v2\/types\/product"}],"wp:featuredmedia":[{"embeddable":true,"href":"https:\/\/mx-springs.com\/fr\/wp-json\/wp\/v2\/media\/21881"}],"wp:attachment":[{"href":"https:\/\/mx-springs.com\/fr\/wp-json\/wp\/v2\/media?parent=28346"}],"wp:term":[{"taxonomy":"product_brand","embeddable":true,"href":"https:\/\/mx-springs.com\/fr\/wp-json\/wp\/v2\/product_brand?post=28346"},{"taxonomy":"product_cat","embeddable":true,"href":"https:\/\/mx-springs.com\/fr\/wp-json\/wp\/v2\/product_cat?post=28346"},{"taxonomy":"product_tag","embeddable":true,"href":"https:\/\/mx-springs.com\/fr\/wp-json\/wp\/v2\/product_tag?post=28346"}],"curies":[{"name":"wp","href":"https:\/\/api.w.org\/{rel}","templated":true}]}}