{"id":28324,"date":"2026-03-11T15:03:34","date_gmt":"2026-03-11T15:03:34","guid":{"rendered":"https:\/\/staging.mx-springs.com\/producten\/ressort-damortisseur-mx-59-225\/"},"modified":"2026-03-11T17:49:14","modified_gmt":"2026-03-11T17:49:14","slug":"ressort-damortisseur-mx-59-225","status":"publish","type":"product","link":"https:\/\/mx-springs.com\/fr\/produit\/ressort-damortisseur-mx-59-225\/","title":{"rendered":"Ressort d&rsquo;amortisseur MX 59-225"},"content":{"rendered":"<div class=\"mx-desc\">\n<div class=\"mx-desc__block\">\n<div class=\"mx-desc__title\">Convient pour<\/div>\n<div class=\"mx-desc__box\">\n<div class=\"mx-desc__row\">\n<div class=\"mx-desc__label\">KTM<\/div>\n<div class=\"mx-desc__value\">\n    EXC 150 (2020\u20132025)<br \/>EXC 150 SIX DAYS (2024)<br \/>EXC 250 (2017\u20132025)<br \/>EXC 250 SIX DAYS (2017\u20132025)<br \/>EXC 300 (2017\u20132026)<br \/>EXC 300 SIX DAYS (2017\u20132026)<br \/>EXC-F 250 (2017\u20132025)<br \/>EXC-F 250 SIX DAYS (2017\u20132025)<br \/>EXC-F 350 (2017\u20132026)<br \/>EXC-F 350 SIX DAYS (2017\u20132026)<br \/>EXC-F 450 (2017\u20132026)<br \/>EXC-F 450 SIX DAYS (2017\u20132026)<br \/>EXC-F 500 (2017\u20132026)<br \/>EXC-F 500 SIX DAYS (2017\u20132026)\n  <\/div>\n<\/div><\/div>\n<\/p><\/div>\n<div class=\"mx-desc__block\">\n<div class=\"mx-desc__title\">Sp\u00e9cifications<\/div>\n<div class=\"mx-desc__box\">\n<div class=\"mx-desc__row\">\n<div class=\"mx-desc__label\">Diam\u00e8tre int\u00e9rieur<\/div>\n<div class=\"mx-desc__value\">59 mm<\/div>\n<\/div>\n<div class=\"mx-desc__row\">\n<div class=\"mx-desc__label\">Longueur<\/div>\n<div class=\"mx-desc__value\">225 mm<\/div>\n<\/div>\n<div class=\"mx-desc__row\">\n<div class=\"mx-desc__label\">Raideurs<\/div>\n<div class=\"mx-desc__value mx-desc__springs\">\n    57,0 N\/mm \u00b7 60,0 N\/mm \u00b7 63,0 N\/mm \u00b7 66,0 N\/mm \u00b7 69,0 N\/mm \u00b7 72,0 N\/mm \u00b7 75,0 N\/mm \u00b7 78,0 N\/mm \u00b7 81,0 N\/mm \u00b7 84,0 N\/mm \u00b7 88,0 N\/mm \u00b7 92,0 N\/mm<\/p>\n<div class=\"mx-desc__note\">\n      La raideur correcte d\u00e9pend du poids du pilote, du style de conduite et de l\u2019utilisation. En cas de doute, contactez MX-Springs.\n    <\/div>\n<\/p><\/div>\n<\/div><\/div>\n<\/p><\/div>\n<\/div>\n","protected":false},"excerpt":{"rendered":"<p>Ressort d&rsquo;amortisseur convient \u00e0 divers mod\u00e8les KTM des ann\u00e9es sp\u00e9cifi\u00e9es. <a href=\"#tab-description\">Voir les sp\u00e9cifications compl\u00e8tes<\/a>.<\/p>\n","protected":false},"featured_media":21881,"template":"","meta":[],"product_brand":[],"product_cat":[32726,33572,33578,33584,33590,33596,33602,43401,43749,32738,33686,33692,33698,33704,33710,33716,33722,33728,33734,32744,40496,43421,43426,43431,43436,43441,43446,43451,43456,32750,33818,33824,33830,33836,33842,33848,33854,33860,33866,33872,32756,40574,43461,43466,43471,43476,43481,43486,43491,43496,43501,32786,33944,33950,33956,33962,33968,33974,33980,33986,33992,32792,43506,43511,43516,43521,43526,43531,43536,43541,43546,32798,34100,34106,34112,34118,34124,34130,34136,34142,34148,34154,32804,43551,43556,43561,43566,43571,43576,43581,43586,43591,43596,32816,34214,34220,34226,34232,34238,34244,34250,34256,34262,34268,32822,43621,43626,43631,43636,43641,43646,43651,43656,43661,43666,32828,34304,34310,34316,34322,34328,34334,34340,34346,34352,34358,32834,43676,43681,43686,43691,43696,43701,43706,43711,43716,43721,32558],"product_tag":[],"class_list":{"0":"post-28324","1":"product","2":"type-product","3":"status-publish","4":"has-post-thumbnail","6":"product_cat-ktm-exc-150-fr","7":"product_cat-ktm-exc-150-2020-fr","8":"product_cat-ktm-exc-150-2021-fr","9":"product_cat-ktm-exc-150-2022-fr","10":"product_cat-ktm-exc-150-2023-fr","11":"product_cat-ktm-exc-150-2024-fr","12":"product_cat-ktm-exc-150-2025-fr","13":"product_cat-exc-150-six-days-fr","14":"product_cat-exc-150-six-days-2024-fr","15":"product_cat-ktm-exc-250-fr","16":"product_cat-ktm-exc-250-2017-fr","17":"product_cat-ktm-exc-250-2018-fr","18":"product_cat-ktm-exc-250-2019-fr","19":"product_cat-ktm-exc-250-2020-fr","20":"product_cat-ktm-exc-250-2021-fr","21":"product_cat-ktm-exc-250-2022-fr","22":"product_cat-ktm-exc-250-2023-fr","23":"product_cat-ktm-exc-250-2024-fr","24":"product_cat-ktm-exc-250-2025-fr","25":"product_cat-ktm-exc-250-six-days-fr","26":"product_cat-ktm-exc-250-six-days-2017-fr","27":"product_cat-exc-250-six-days-2018-fr","28":"product_cat-exc-250-six-days-2019-fr","29":"product_cat-exc-250-six-days-2020-fr","30":"product_cat-exc-250-six-days-2021-fr","31":"product_cat-exc-250-six-days-2022-fr","32":"product_cat-exc-250-six-days-2023-fr","33":"product_cat-exc-250-six-days-2024-fr","34":"product_cat-exc-250-six-days-2025-fr","35":"product_cat-ktm-exc-300-fr","36":"product_cat-ktm-exc-300-2017-fr","37":"product_cat-ktm-exc-300-2018-fr","38":"product_cat-ktm-exc-300-2019-fr","39":"product_cat-ktm-exc-300-2020-fr","40":"product_cat-ktm-exc-300-2021-fr","41":"product_cat-ktm-exc-300-2022-fr","42":"product_cat-ktm-exc-300-2023-fr","43":"product_cat-ktm-exc-300-2024-fr","44":"product_cat-ktm-exc-300-2025-fr","45":"product_cat-ktm-exc-300-2026-fr","46":"product_cat-ktm-exc-300-six-days-fr","47":"product_cat-ktm-exc-300-six-days-2017-fr","48":"product_cat-exc-300-six-days-2018-fr","49":"product_cat-exc-300-six-days-2019-fr","50":"product_cat-exc-300-six-days-2020-fr","51":"product_cat-exc-300-six-days-2021-fr","52":"product_cat-exc-300-six-days-2022-fr","53":"product_cat-exc-300-six-days-2023-fr","54":"product_cat-exc-300-six-days-2024-fr","55":"product_cat-exc-300-six-days-2025-fr","56":"product_cat-exc-300-six-days-2026-fr","57":"product_cat-ktm-exc-f-250-fr","58":"product_cat-ktm-exc-f-250-2017-fr","59":"product_cat-ktm-exc-f-250-2018-fr","60":"product_cat-ktm-exc-f-250-2019-fr","61":"product_cat-ktm-exc-f-250-2020-fr","62":"product_cat-ktm-exc-f-250-2021-fr","63":"product_cat-ktm-exc-f-250-2022-fr","64":"product_cat-ktm-exc-f-250-2023-fr","65":"product_cat-ktm-exc-f-250-2024-fr","66":"product_cat-ktm-exc-f-250-2025-fr","67":"product_cat-ktm-exc-f-250-six-days-fr","68":"product_cat-exc-f-250-six-days-2017-fr","69":"product_cat-exc-f-250-six-days-2018-fr","70":"product_cat-exc-f-250-six-days-2019-fr","71":"product_cat-exc-f-250-six-days-2020-fr","72":"product_cat-exc-f-250-six-days-2021-fr","73":"product_cat-exc-f-250-six-days-2022-fr","74":"product_cat-exc-f-250-six-days-2023-fr","75":"product_cat-exc-f-250-six-days-2024-fr","76":"product_cat-exc-f-250-six-days-2025-fr","77":"product_cat-ktm-exc-f-350-fr","78":"product_cat-ktm-exc-f-350-2017-fr","79":"product_cat-ktm-exc-f-350-2018-fr","80":"product_cat-ktm-exc-f-350-2019-fr","81":"product_cat-ktm-exc-f-350-2020-fr","82":"product_cat-ktm-exc-f-350-2021-fr","83":"product_cat-ktm-exc-f-350-2022-fr","84":"product_cat-ktm-exc-f-350-2023-fr","85":"product_cat-ktm-exc-f-350-2024-fr","86":"product_cat-ktm-exc-f-350-2025-fr","87":"product_cat-ktm-exc-f-350-2026-fr","88":"product_cat-ktm-exc-f-350-six-days-fr","89":"product_cat-exc-f-350-six-days-2017-fr","90":"product_cat-exc-f-350-six-days-2018-fr","91":"product_cat-exc-f-350-six-days-2019-fr","92":"product_cat-exc-f-350-six-days-2020-fr","93":"product_cat-exc-f-350-six-days-2021-fr","94":"product_cat-exc-f-350-six-days-2022-fr","95":"product_cat-exc-f-350-six-days-2023-fr","96":"product_cat-exc-f-350-six-days-2024-fr","97":"product_cat-exc-f-350-six-days-2025-fr","98":"product_cat-exc-f-350-six-days-2026-fr","99":"product_cat-ktm-exc-f-450-fr","100":"product_cat-ktm-exc-f-450-2017-fr","101":"product_cat-ktm-exc-f-450-2018-fr","102":"product_cat-ktm-exc-f-450-2019-fr","103":"product_cat-ktm-exc-f-450-2020-fr","104":"product_cat-ktm-exc-f-450-2021-fr","105":"product_cat-ktm-exc-f-450-2022-fr","106":"product_cat-ktm-exc-f-450-2023-fr","107":"product_cat-ktm-exc-f-450-2024-fr","108":"product_cat-ktm-exc-f-450-2025-fr","109":"product_cat-ktm-exc-f-450-2026-fr","110":"product_cat-ktm-exc-f-450-six-days-fr","111":"product_cat-exc-f-450-six-days-2017-fr","112":"product_cat-exc-f-450-six-days-2018-fr","113":"product_cat-exc-f-450-six-days-2019-fr","114":"product_cat-exc-f-450-six-days-2020-fr","115":"product_cat-exc-f-450-six-days-2021-fr","116":"product_cat-exc-f-450-six-days-2022-fr","117":"product_cat-exc-f-450-six-days-2023-fr","118":"product_cat-exc-f-450-six-days-2024-fr","119":"product_cat-exc-f-450-six-days-2025-fr","120":"product_cat-exc-f-450-six-days-2026-fr","121":"product_cat-ktm-exc-f-500-fr","122":"product_cat-ktm-exc-f-500-2017-fr","123":"product_cat-ktm-exc-f-500-2018-fr","124":"product_cat-ktm-exc-f-500-2019-fr","125":"product_cat-ktm-exc-f-500-2020-fr","126":"product_cat-ktm-exc-f-500-2021-fr","127":"product_cat-ktm-exc-f-500-2022-fr","128":"product_cat-ktm-exc-f-500-2023-fr","129":"product_cat-ktm-exc-f-500-2024-fr","130":"product_cat-ktm-exc-f-500-2025-fr","131":"product_cat-ktm-exc-f-500-2026-fr","132":"product_cat-ktm-exc-f-500-six-days-fr","133":"product_cat-exc-f-500-six-days-2017-fr","134":"product_cat-exc-f-500-six-days-2018-fr","135":"product_cat-exc-f-500-six-days-2019-fr","136":"product_cat-exc-f-500-six-days-2020-fr","137":"product_cat-exc-f-500-six-days-2021-fr","138":"product_cat-exc-f-500-six-days-2022-fr","139":"product_cat-exc-f-500-six-days-2023-fr","140":"product_cat-exc-f-500-six-days-2024-fr","141":"product_cat-exc-f-500-six-days-2025-fr","142":"product_cat-exc-f-500-six-days-2026-fr","143":"product_cat-ktm-fr","145":"first","146":"instock","147":"taxable","148":"shipping-taxable","149":"product-type-variable"},"_links":{"self":[{"href":"https:\/\/mx-springs.com\/fr\/wp-json\/wp\/v2\/product\/28324","targetHints":{"allow":["GET"]}}],"collection":[{"href":"https:\/\/mx-springs.com\/fr\/wp-json\/wp\/v2\/product"}],"about":[{"href":"https:\/\/mx-springs.com\/fr\/wp-json\/wp\/v2\/types\/product"}],"wp:featuredmedia":[{"embeddable":true,"href":"https:\/\/mx-springs.com\/fr\/wp-json\/wp\/v2\/media\/21881"}],"wp:attachment":[{"href":"https:\/\/mx-springs.com\/fr\/wp-json\/wp\/v2\/media?parent=28324"}],"wp:term":[{"taxonomy":"product_brand","embeddable":true,"href":"https:\/\/mx-springs.com\/fr\/wp-json\/wp\/v2\/product_brand?post=28324"},{"taxonomy":"product_cat","embeddable":true,"href":"https:\/\/mx-springs.com\/fr\/wp-json\/wp\/v2\/product_cat?post=28324"},{"taxonomy":"product_tag","embeddable":true,"href":"https:\/\/mx-springs.com\/fr\/wp-json\/wp\/v2\/product_tag?post=28324"}],"curies":[{"name":"wp","href":"https:\/\/api.w.org\/{rel}","templated":true}]}}