{"id":28316,"date":"2026-03-11T15:02:11","date_gmt":"2026-03-11T15:02:11","guid":{"rendered":"https:\/\/staging.mx-springs.com\/producten\/ressort-damortisseur-mx-59-220\/"},"modified":"2026-03-11T17:44:57","modified_gmt":"2026-03-11T17:44:57","slug":"ressort-damortisseur-mx-59-220","status":"publish","type":"product","link":"https:\/\/mx-springs.com\/fr\/produit\/ressort-damortisseur-mx-59-220\/","title":{"rendered":"Ressort d&rsquo;amortisseur MX 59-220"},"content":{"rendered":"<div class=\"mx-desc\">\n<div class=\"mx-desc__block\">\n<div class=\"mx-desc__title\">Convient pour<\/div>\n<div class=\"mx-desc__box\">\n<div class=\"mx-desc__row\">\n<div class=\"mx-desc__label\">GASGAS<\/div>\n<div class=\"mx-desc__value\">\n    MC 85 (2021\u20132026)\n  <\/div>\n<\/div>\n<div class=\"mx-desc__row\">\n<div class=\"mx-desc__label\">Husqvarna<\/div>\n<div class=\"mx-desc__value\">\n    TC 85 (2014\u20132026)\n  <\/div>\n<\/div>\n<div class=\"mx-desc__row\">\n<div class=\"mx-desc__label\">KTM<\/div>\n<div class=\"mx-desc__value\">\n    SX 105 (2008\u20132026)<br \/>SX 85 (2004\u20132026)\n  <\/div>\n<\/div><\/div>\n<\/p><\/div>\n<div class=\"mx-desc__block\">\n<div class=\"mx-desc__title\">Sp\u00e9cifications<\/div>\n<div class=\"mx-desc__box\">\n<div class=\"mx-desc__row\">\n<div class=\"mx-desc__label\">Diam\u00e8tre int\u00e9rieur<\/div>\n<div class=\"mx-desc__value\">59 mm<\/div>\n<\/div>\n<div class=\"mx-desc__row\">\n<div class=\"mx-desc__label\">Longueur<\/div>\n<div class=\"mx-desc__value\">220 mm<\/div>\n<\/div>\n<div class=\"mx-desc__row\">\n<div class=\"mx-desc__label\">Raideurs<\/div>\n<div class=\"mx-desc__value mx-desc__springs\">\n    30,0 N\/mm \u00b7 35,0 N\/mm \u00b7 40,0 N\/mm \u00b7 45,0 N\/mm \u00b7 50,0 N\/mm \u00b7 55,0 N\/mm \u00b7 60,0 N\/mm<\/p>\n<div class=\"mx-desc__note\">\n      La raideur correcte d\u00e9pend du poids du pilote, du style de conduite et de l\u2019utilisation. En cas de doute, contactez MX-Springs.\n    <\/div>\n<\/p><\/div>\n<\/div><\/div>\n<\/p><\/div>\n<\/div>\n","protected":false},"excerpt":{"rendered":"<p>Ressort d&rsquo;amortisseur convient \u00e0 divers mod\u00e8les GASGAS, Husqvarna et KTM des ann\u00e9es sp\u00e9cifi\u00e9es. <a href=\"#tab-description\">Voir les sp\u00e9cifications compl\u00e8tes<\/a>.<\/p>\n","protected":false},"featured_media":21881,"template":"","meta":[],"product_brand":[],"product_cat":[32528,32546,32558,32672,33206,33212,33218,33224,33230,33236,32888,33356,33362,33368,33374,33380,33386,33392,33398,33404,33410,33416,33422,33428,33434,33440,33446,33452,33458,33464,33470,33476,33482,33488,32846,33242,33248,33254,33260,33266,33272,33278,33284,33290,33296,33302,33308,33314,33320,33326,33332,33338,33344,33350,33134,33494,33500,33506,33512,33518,33524,33530,33536,33542,33548,33554,33560,33566],"product_tag":[],"class_list":{"0":"post-28316","1":"product","2":"type-product","3":"status-publish","4":"has-post-thumbnail","6":"product_cat-gasgas-fr","7":"product_cat-husqvarna-fr","8":"product_cat-ktm-fr","9":"product_cat-gasgas-mc-85-fr","10":"product_cat-gasgas-mc-85-2021-fr","11":"product_cat-gasgas-mc-85-2022-fr","12":"product_cat-gasgas-mc-85-2023-fr","13":"product_cat-gasgas-mc-85-2024-fr","14":"product_cat-gasgas-mc-85-2025-fr","15":"product_cat-gasgas-mc-85-2026-fr","16":"product_cat-ktm-sx-85-fr","17":"product_cat-ktm-sx-85-2004-fr","18":"product_cat-ktm-sx-85-2005-fr","19":"product_cat-ktm-sx-85-2006-fr","20":"product_cat-ktm-sx-85-2007-fr","21":"product_cat-ktm-sx-85-2008-fr","22":"product_cat-ktm-sx-85-2009-fr","23":"product_cat-ktm-sx-85-2010-fr","24":"product_cat-ktm-sx-85-2011-fr","25":"product_cat-ktm-sx-85-2012-fr","26":"product_cat-ktm-sx-85-2013-fr","27":"product_cat-ktm-sx-85-2014-fr","28":"product_cat-ktm-sx-85-2015-fr","29":"product_cat-ktm-sx-85-2016-fr","30":"product_cat-ktm-sx-85-2017-fr","31":"product_cat-ktm-sx-85-2018-fr","32":"product_cat-ktm-sx-85-2019-fr","33":"product_cat-ktm-sx-85-2020-fr","34":"product_cat-ktm-sx-85-2021-fr","35":"product_cat-ktm-sx-85-2022-fr","36":"product_cat-ktm-sx-85-2023-fr","37":"product_cat-ktm-sx-85-2024-fr","38":"product_cat-ktm-sx-85-2025-fr","39":"product_cat-ktm-sx-85-2026-fr","40":"product_cat-ktm-sx-105-fr","41":"product_cat-ktm-sx-105-2008-fr","42":"product_cat-ktm-sx-105-2009-fr","43":"product_cat-ktm-sx-105-2010-fr","44":"product_cat-ktm-sx-105-2011-fr","45":"product_cat-ktm-sx-105-2012-fr","46":"product_cat-ktm-sx-105-2013-fr","47":"product_cat-ktm-sx-105-2014-fr","48":"product_cat-ktm-sx-105-2015-fr","49":"product_cat-ktm-sx-105-2016-fr","50":"product_cat-ktm-sx-105-2017-fr","51":"product_cat-ktm-sx-105-2018-fr","52":"product_cat-ktm-sx-105-2019-fr","53":"product_cat-ktm-sx-105-2020-fr","54":"product_cat-ktm-sx-105-2021-fr","55":"product_cat-ktm-sx-105-2022-fr","56":"product_cat-ktm-sx-105-2023-fr","57":"product_cat-ktm-sx-105-2024-fr","58":"product_cat-ktm-sx-105-2025-fr","59":"product_cat-ktm-sx-105-2026-fr","60":"product_cat-husqvarna-tc-85-fr","61":"product_cat-husqvarna-tc-85-2014-fr","62":"product_cat-husqvarna-tc-85-2015-fr","63":"product_cat-husqvarna-tc-85-2016-fr","64":"product_cat-husqvarna-tc-85-2017-fr","65":"product_cat-husqvarna-tc-85-2018-fr","66":"product_cat-husqvarna-tc-85-2019-fr","67":"product_cat-husqvarna-tc-85-2020-fr","68":"product_cat-husqvarna-tc-85-2021-fr","69":"product_cat-husqvarna-tc-85-2022-fr","70":"product_cat-husqvarna-tc-85-2023-fr","71":"product_cat-husqvarna-tc-85-2024-fr","72":"product_cat-husqvarna-tc-85-2025-fr","73":"product_cat-husqvarna-tc-85-2026-fr","75":"first","76":"instock","77":"taxable","78":"shipping-taxable","79":"product-type-variable"},"_links":{"self":[{"href":"https:\/\/mx-springs.com\/fr\/wp-json\/wp\/v2\/product\/28316","targetHints":{"allow":["GET"]}}],"collection":[{"href":"https:\/\/mx-springs.com\/fr\/wp-json\/wp\/v2\/product"}],"about":[{"href":"https:\/\/mx-springs.com\/fr\/wp-json\/wp\/v2\/types\/product"}],"wp:featuredmedia":[{"embeddable":true,"href":"https:\/\/mx-springs.com\/fr\/wp-json\/wp\/v2\/media\/21881"}],"wp:attachment":[{"href":"https:\/\/mx-springs.com\/fr\/wp-json\/wp\/v2\/media?parent=28316"}],"wp:term":[{"taxonomy":"product_brand","embeddable":true,"href":"https:\/\/mx-springs.com\/fr\/wp-json\/wp\/v2\/product_brand?post=28316"},{"taxonomy":"product_cat","embeddable":true,"href":"https:\/\/mx-springs.com\/fr\/wp-json\/wp\/v2\/product_cat?post=28316"},{"taxonomy":"product_tag","embeddable":true,"href":"https:\/\/mx-springs.com\/fr\/wp-json\/wp\/v2\/product_tag?post=28316"}],"curies":[{"name":"wp","href":"https:\/\/api.w.org\/{rel}","templated":true}]}}