{"id":28297,"date":"2026-03-11T14:21:00","date_gmt":"2026-03-11T14:21:00","guid":{"rendered":"https:\/\/staging.mx-springs.com\/producten\/ressort-de-fourche-avant-mx-43-2-485-12\/"},"modified":"2026-03-12T09:38:56","modified_gmt":"2026-03-12T09:38:56","slug":"ressort-de-fourche-avant-mx-43-2-485","status":"publish","type":"product","link":"https:\/\/mx-springs.com\/fr\/produit\/ressort-de-fourche-avant-mx-43-2-485\/","title":{"rendered":"Ressort de fourche avant MX 43.2-485"},"content":{"rendered":"<div class=\"mx-desc\">\n<div class=\"mx-desc__block\">\n<div class=\"mx-desc__title\">Convient pour<\/div>\n<div class=\"mx-desc__box\">\n<div class=\"mx-desc__row\">\n<div class=\"mx-desc__label\">Husaberg<\/div>\n<div class=\"mx-desc__value\">\n    FE 390 (2011\u20132012)<br \/>FE 450 (2011\u20132012)<br \/>FE 570 (2011\u20132012)<br \/>TE 125 (2011\u20132012)<br \/>TE 250 (2011\u20132012)<br \/>TE 300 (2011\u20132012)\n  <\/div>\n<\/div>\n<div class=\"mx-desc__row\">\n<div class=\"mx-desc__label\">Husqvarna<\/div>\n<div class=\"mx-desc__value\">\n    FC 250 (2014)<br \/>FC 350 (2014)<br \/>FC 450 (2014)<br \/>TC 250 (2014)\n  <\/div>\n<\/div>\n<div class=\"mx-desc__row\">\n<div class=\"mx-desc__label\">KTM<\/div>\n<div class=\"mx-desc__value\">\n    SX 125 (2008\u20132016)<br \/>SX 150 (2008\u20132016)<br \/>SX 250 (2008\u20132016)<br \/>SX-F 250 (2008\u20132015)<br \/>SX-F 350 (2011\u20132015)<br \/>SX-F 450 (2008\u20132015)<br \/>SX-F 505 (2008\u20132015)\n  <\/div>\n<\/div>\n<div class=\"mx-desc__row\">\n<div class=\"mx-desc__label\">Yamaha<\/div>\n<div class=\"mx-desc__value\">\n    YZF 250 (2004)<br \/>YZF 450 (2004)\n  <\/div>\n<\/div><\/div>\n<\/p><\/div>\n<div class=\"mx-desc__block\">\n<div class=\"mx-desc__title\">Sp\u00e9cifications<\/div>\n<div class=\"mx-desc__box\">\n<div class=\"mx-desc__row\">\n<div class=\"mx-desc__label\">Diam\u00e8tre<\/div>\n<div class=\"mx-desc__value\">43.2 mm<\/div>\n<\/div>\n<div class=\"mx-desc__row\">\n<div class=\"mx-desc__label\">Longueur<\/div>\n<div class=\"mx-desc__value\">485 mm<\/div>\n<\/div>\n<div class=\"mx-desc__row\">\n<div class=\"mx-desc__label\">Raideurs<\/div>\n<div class=\"mx-desc__value mx-desc__springs\">\n    3,8 N\/mm \u00b7 4,0 N\/mm \u00b7 4,2 N\/mm \u00b7 4,4 N\/mm \u00b7 4,6 N\/mm \u00b7 4,8 N\/mm \u00b7 5,0 N\/mm \u00b7 5,2 N\/mm \u00b7 5,4 N\/mm \u00b7 5,6 N\/mm \u00b7 5,8 N\/mm<\/p>\n<div class=\"mx-desc__note\">\n      La raideur correcte d\u00e9pend du poids du pilote, du style de conduite et de l\u2019utilisation. En cas de doute, contactez MX-Springs.\n    <\/div>\n<\/p><\/div>\n<\/div><\/div>\n<\/p><\/div>\n<\/div>\n","protected":false},"excerpt":{"rendered":"<p>Ressort de fourche avant convient \u00e0 divers mod\u00e8les Husaberg, Husqvarna, KTM et Yamaha des ann\u00e9es sp\u00e9cifi\u00e9es. <a href=\"#tab-description\">Voir les sp\u00e9cifications compl\u00e8tes<\/a>.<\/p>\n","protected":false},"featured_media":21953,"template":"","meta":[],"product_brand":[],"product_cat":[33074,34544,33080,34622,33086,34700,36686,36764,36770,36692,36800,36806,36704,36848,36854,32540,32546,32558,32852,35294,35300,35306,35312,35318,35324,35330,35336,35342,32864,36914,36920,36926,36932,36938,36944,36950,36956,36962,32870,35432,35438,35444,35450,35456,35462,35468,35474,35480,32894,35582,35588,35594,35600,35606,35612,35618,35624,32900,35696,35702,35708,35714,35720,32906,35816,35822,35828,35834,35840,35846,35852,35858,32912,40700,40706,40712,40718,40724,40730,40736,40742,33122,36008,36710,37004,37010,36716,37028,37034,36722,37052,37058,32600,38948,39104,38954,39242],"product_tag":[],"class_list":{"0":"post-28297","1":"product","2":"type-product","3":"status-publish","4":"has-post-thumbnail","6":"product_cat-husqvarna-fc-250-fr","7":"product_cat-husqvarna-fc-250-2014-fr","8":"product_cat-husqvarna-fc-350-fr","9":"product_cat-husqvarna-fc-350-2014-fr","10":"product_cat-husqvarna-fc-450-fr","11":"product_cat-husqvarna-fc-450-2014-fr","12":"product_cat-husaberg-fe-390-fr","13":"product_cat-husaberg-fe-390-2011-fr","14":"product_cat-husaberg-fe-390-2012-fr","15":"product_cat-husaberg-fe-450-fr","16":"product_cat-husaberg-fe-450-2011-fr","17":"product_cat-husaberg-fe-450-2012-fr","18":"product_cat-husaberg-fe-570-fr","19":"product_cat-husaberg-fe-570-2011-fr","20":"product_cat-husaberg-fe-570-2012-fr","21":"product_cat-husaberg-fr","22":"product_cat-husqvarna-fr","23":"product_cat-ktm-fr","24":"product_cat-ktm-sx-125-fr","25":"product_cat-ktm-sx-125-2008-fr","26":"product_cat-ktm-sx-125-2009-fr","27":"product_cat-ktm-sx-125-2010-fr","28":"product_cat-ktm-sx-125-2011-fr","29":"product_cat-ktm-sx-125-2012-fr","30":"product_cat-ktm-sx-125-2013-fr","31":"product_cat-ktm-sx-125-2014-fr","32":"product_cat-ktm-sx-125-2015-fr","33":"product_cat-ktm-sx-125-2016-fr","34":"product_cat-ktm-sx-150-fr","35":"product_cat-ktm-sx-150-2008-fr","36":"product_cat-ktm-sx-150-2009-fr","37":"product_cat-ktm-sx-150-2010-fr","38":"product_cat-ktm-sx-150-2011-fr","39":"product_cat-ktm-sx-150-2012-fr","40":"product_cat-ktm-sx-150-2013-fr","41":"product_cat-ktm-sx-150-2014-fr","42":"product_cat-ktm-sx-150-2015-fr","43":"product_cat-ktm-sx-150-2016-fr","44":"product_cat-ktm-sx-250-fr","45":"product_cat-ktm-sx-250-2008-fr","46":"product_cat-ktm-sx-250-2009-fr","47":"product_cat-ktm-sx-250-2010-fr","48":"product_cat-ktm-sx-250-2011-fr","49":"product_cat-ktm-sx-250-2012-fr","50":"product_cat-ktm-sx-250-2013-fr","51":"product_cat-ktm-sx-250-2014-fr","52":"product_cat-ktm-sx-250-2015-fr","53":"product_cat-ktm-sx-250-2016-fr","54":"product_cat-ktm-sx-f-250-fr","55":"product_cat-ktm-sx-f-250-2008-fr","56":"product_cat-ktm-sx-f-250-2009-fr","57":"product_cat-ktm-sx-f-250-2010-fr","58":"product_cat-ktm-sx-f-250-2011-fr","59":"product_cat-ktm-sx-f-250-2012-fr","60":"product_cat-ktm-sx-f-250-2013-fr","61":"product_cat-ktm-sx-f-250-2014-fr","62":"product_cat-ktm-sx-f-250-2015-fr","63":"product_cat-ktm-sx-f-350-fr","64":"product_cat-ktm-sx-f-350-2011-fr","65":"product_cat-ktm-sx-f-350-2012-fr","66":"product_cat-ktm-sx-f-350-2013-fr","67":"product_cat-ktm-sx-f-350-2014-fr","68":"product_cat-ktm-sx-f-350-2015-fr","69":"product_cat-ktm-sx-f-450-fr","70":"product_cat-ktm-sx-f-450-2008-fr","71":"product_cat-ktm-sx-f-450-2009-fr","72":"product_cat-ktm-sx-f-450-2010-fr","73":"product_cat-ktm-sx-f-450-2011-fr","74":"product_cat-ktm-sx-f-450-2012-fr","75":"product_cat-ktm-sx-f-450-2013-fr","76":"product_cat-ktm-sx-f-450-2014-fr","77":"product_cat-ktm-sx-f-450-2015-fr","78":"product_cat-ktm-sx-f-505-fr","79":"product_cat-ktm-sx-f-505-2008-fr","80":"product_cat-ktm-sx-f-505-2009-fr","81":"product_cat-ktm-sx-f-505-2010-fr","82":"product_cat-ktm-sx-f-505-2011-fr","83":"product_cat-ktm-sx-f-505-2012-fr","84":"product_cat-ktm-sx-f-505-2013-fr","85":"product_cat-ktm-sx-f-505-2014-fr","86":"product_cat-ktm-sx-f-505-2015-fr","87":"product_cat-husqvarna-tc-250-fr","88":"product_cat-husqvarna-tc-250-2014-fr","89":"product_cat-husaberg-te-125-fr","90":"product_cat-husaberg-te-125-2011-fr","91":"product_cat-husaberg-te-125-2012-fr","92":"product_cat-husaberg-te-250-fr","93":"product_cat-husaberg-te-250-2011-fr","94":"product_cat-husaberg-te-250-2012-fr","95":"product_cat-husaberg-te-300-fr","96":"product_cat-husaberg-te-300-2011-fr","97":"product_cat-husaberg-te-300-2012-fr","98":"product_cat-yamaha-fr","99":"product_cat-yamaha-yzf-250-fr","100":"product_cat-yamaha-yzf-250-2004-fr","101":"product_cat-yamaha-yzf-450-fr","102":"product_cat-yamaha-yzf-450-2004-fr","104":"first","105":"instock","106":"taxable","107":"shipping-taxable","108":"product-type-variable"},"_links":{"self":[{"href":"https:\/\/mx-springs.com\/fr\/wp-json\/wp\/v2\/product\/28297","targetHints":{"allow":["GET"]}}],"collection":[{"href":"https:\/\/mx-springs.com\/fr\/wp-json\/wp\/v2\/product"}],"about":[{"href":"https:\/\/mx-springs.com\/fr\/wp-json\/wp\/v2\/types\/product"}],"wp:featuredmedia":[{"embeddable":true,"href":"https:\/\/mx-springs.com\/fr\/wp-json\/wp\/v2\/media\/21953"}],"wp:attachment":[{"href":"https:\/\/mx-springs.com\/fr\/wp-json\/wp\/v2\/media?parent=28297"}],"wp:term":[{"taxonomy":"product_brand","embeddable":true,"href":"https:\/\/mx-springs.com\/fr\/wp-json\/wp\/v2\/product_brand?post=28297"},{"taxonomy":"product_cat","embeddable":true,"href":"https:\/\/mx-springs.com\/fr\/wp-json\/wp\/v2\/product_cat?post=28297"},{"taxonomy":"product_tag","embeddable":true,"href":"https:\/\/mx-springs.com\/fr\/wp-json\/wp\/v2\/product_tag?post=28297"}],"curies":[{"name":"wp","href":"https:\/\/api.w.org\/{rel}","templated":true}]}}