{"id":28289,"date":"2026-03-11T14:21:00","date_gmt":"2026-03-11T14:21:00","guid":{"rendered":"https:\/\/staging.mx-springs.com\/producten\/ressort-de-fourche-avant-mx-31-430\/"},"modified":"2026-03-11T17:37:54","modified_gmt":"2026-03-11T17:37:54","slug":"ressort-de-fourche-avant-mx-31-430","status":"publish","type":"product","link":"https:\/\/mx-springs.com\/fr\/produit\/ressort-de-fourche-avant-mx-31-430\/","title":{"rendered":"Ressort de fourche avant MX 31-430"},"content":{"rendered":"<div class=\"mx-desc\">\n<div class=\"mx-desc__block\">\n<div class=\"mx-desc__title\">Convient pour<\/div>\n<div class=\"mx-desc__box\">\n<div class=\"mx-desc__row\">\n<div class=\"mx-desc__label\">Kawasaki<\/div>\n<div class=\"mx-desc__value\">\n    KX 85 (2000\u20132026)\n  <\/div>\n<\/div>\n<div class=\"mx-desc__row\">\n<div class=\"mx-desc__label\">Yamaha<\/div>\n<div class=\"mx-desc__value\">\n    YZ 85 (2000\u20132026)\n  <\/div>\n<\/div><\/div>\n<\/p><\/div>\n<div class=\"mx-desc__block\">\n<div class=\"mx-desc__title\">Sp\u00e9cifications<\/div>\n<div class=\"mx-desc__box\">\n<div class=\"mx-desc__row\">\n<div class=\"mx-desc__label\">Diam\u00e8tre<\/div>\n<div class=\"mx-desc__value\">31 mm<\/div>\n<\/div>\n<div class=\"mx-desc__row\">\n<div class=\"mx-desc__label\">Longueur<\/div>\n<div class=\"mx-desc__value\">430 mm<\/div>\n<\/div>\n<div class=\"mx-desc__row\">\n<div class=\"mx-desc__label\">Raideurs<\/div>\n<div class=\"mx-desc__value mx-desc__springs\">\n    2,4 N\/mm \u00b7 2,6 N\/mm \u00b7 2,8 N\/mm \u00b7 3,0 N\/mm \u00b7 3,2 N\/mm \u00b7 3,4 N\/mm \u00b7 3,6 N\/mm<\/p>\n<div class=\"mx-desc__note\">\n      La raideur correcte d\u00e9pend du poids du pilote, du style de conduite et de l\u2019utilisation. En cas de doute, contactez MX-Springs.\n    <\/div>\n<\/p><\/div>\n<\/div><\/div>\n<\/p><\/div>\n<\/div>\n","protected":false},"excerpt":{"rendered":"<p>Ressort de fourche avant convient \u00e0 divers mod\u00e8les Kawasaki et Yamaha des ann\u00e9es sp\u00e9cifi\u00e9es. <a href=\"#tab-description\">Voir les sp\u00e9cifications compl\u00e8tes<\/a>.<\/p>\n","protected":false},"featured_media":21953,"template":"","meta":[],"product_brand":[],"product_cat":[32552,41042,43058,43064,43070,43076,43082,43088,43094,43100,43106,43112,43118,43124,43130,43136,43142,43148,43154,43160,43166,43172,43178,43184,43190,43196,43202,43208,43214,32600,38942,39434,39440,39446,39452,39458,39464,39470,39476,39482,39488,39494,39500,39506,39512,39518,39524,39530,39536,39542,39548,39554,39560,39566,39572,39578,39584,39590],"product_tag":[],"class_list":{"0":"post-28289","1":"product","2":"type-product","3":"status-publish","4":"has-post-thumbnail","6":"product_cat-kawasaki-fr","7":"product_cat-kawasaki-kx-85-fr","8":"product_cat-kawasaki-kx-85-2000-fr","9":"product_cat-kawasaki-kx-85-2001-fr","10":"product_cat-kawasaki-kx-85-2002-fr","11":"product_cat-kawasaki-kx-85-2003-fr","12":"product_cat-kawasaki-kx-85-2004-fr","13":"product_cat-kawasaki-kx-85-2005-fr","14":"product_cat-kawasaki-kx-85-2006-fr","15":"product_cat-kawasaki-kx-85-2007-fr","16":"product_cat-kawasaki-kx-85-2008-fr","17":"product_cat-kawasaki-kx-85-2009-fr","18":"product_cat-kawasaki-kx-85-2010-fr","19":"product_cat-kawasaki-kx-85-2011-fr","20":"product_cat-kawasaki-kx-85-2012-fr","21":"product_cat-kawasaki-kx-85-2013-fr","22":"product_cat-kawasaki-kx-85-2014-fr","23":"product_cat-kawasaki-kx-85-2015-fr","24":"product_cat-kawasaki-kx-85-2016-fr","25":"product_cat-kawasaki-kx-85-2017-fr","26":"product_cat-kawasaki-kx-85-2018-fr","27":"product_cat-kawasaki-kx-85-2019-fr","28":"product_cat-kawasaki-kx-85-2020-fr","29":"product_cat-kawasaki-kx-85-2021-fr","30":"product_cat-kawasaki-kx-85-2022-fr","31":"product_cat-kawasaki-kx-85-2023-fr","32":"product_cat-kawasaki-kx-85-2024-fr","33":"product_cat-kawasaki-kx-85-2025-fr","34":"product_cat-kawasaki-kx-85-2026-fr","35":"product_cat-yamaha-fr","36":"product_cat-yamaha-yz-85-fr","37":"product_cat-yamaha-yz-85-2000-fr","38":"product_cat-yamaha-yz-85-2001-fr","39":"product_cat-yamaha-yz-85-2002-fr","40":"product_cat-yamaha-yz-85-2003-fr","41":"product_cat-yamaha-yz-85-2004-fr","42":"product_cat-yamaha-yz-85-2005-fr","43":"product_cat-yamaha-yz-85-2006-fr","44":"product_cat-yamaha-yz-85-2007-fr","45":"product_cat-yamaha-yz-85-2008-fr","46":"product_cat-yamaha-yz-85-2009-fr","47":"product_cat-yamaha-yz-85-2010-fr","48":"product_cat-yamaha-yz-85-2011-fr","49":"product_cat-yamaha-yz-85-2012-fr","50":"product_cat-yamaha-yz-85-2013-fr","51":"product_cat-yamaha-yz-85-2014-fr","52":"product_cat-yamaha-yz-85-2015-fr","53":"product_cat-yamaha-yz-85-2016-fr","54":"product_cat-yamaha-yz-85-2017-fr","55":"product_cat-yamaha-yz-85-2018-fr","56":"product_cat-yamaha-yz-85-2019-fr","57":"product_cat-yamaha-yz-85-2020-fr","58":"product_cat-yamaha-yz-85-2021-fr","59":"product_cat-yamaha-yz-85-2022-fr","60":"product_cat-yamaha-yz-85-2023-fr","61":"product_cat-yamaha-yz-85-2024-fr","62":"product_cat-yamaha-yz-85-2025-fr","63":"product_cat-yamaha-yz-85-2026-fr","65":"first","66":"instock","67":"taxable","68":"shipping-taxable","69":"product-type-variable"},"_links":{"self":[{"href":"https:\/\/mx-springs.com\/fr\/wp-json\/wp\/v2\/product\/28289","targetHints":{"allow":["GET"]}}],"collection":[{"href":"https:\/\/mx-springs.com\/fr\/wp-json\/wp\/v2\/product"}],"about":[{"href":"https:\/\/mx-springs.com\/fr\/wp-json\/wp\/v2\/types\/product"}],"wp:featuredmedia":[{"embeddable":true,"href":"https:\/\/mx-springs.com\/fr\/wp-json\/wp\/v2\/media\/21953"}],"wp:attachment":[{"href":"https:\/\/mx-springs.com\/fr\/wp-json\/wp\/v2\/media?parent=28289"}],"wp:term":[{"taxonomy":"product_brand","embeddable":true,"href":"https:\/\/mx-springs.com\/fr\/wp-json\/wp\/v2\/product_brand?post=28289"},{"taxonomy":"product_cat","embeddable":true,"href":"https:\/\/mx-springs.com\/fr\/wp-json\/wp\/v2\/product_cat?post=28289"},{"taxonomy":"product_tag","embeddable":true,"href":"https:\/\/mx-springs.com\/fr\/wp-json\/wp\/v2\/product_tag?post=28289"}],"curies":[{"name":"wp","href":"https:\/\/api.w.org\/{rel}","templated":true}]}}