{"id":28282,"date":"2026-03-11T14:55:16","date_gmt":"2026-03-11T14:55:16","guid":{"rendered":"https:\/\/staging.mx-springs.com\/producten\/ressort-damortisseur-mx-47-190\/"},"modified":"2026-03-11T17:35:09","modified_gmt":"2026-03-11T17:35:09","slug":"ressort-damortisseur-mx-47-190","status":"publish","type":"product","link":"https:\/\/mx-springs.com\/fr\/produit\/ressort-damortisseur-mx-47-190\/","title":{"rendered":"Ressort d&rsquo;amortisseur MX 47-190"},"content":{"rendered":"<div class=\"mx-desc\">\n<div class=\"mx-desc__block\">\n<div class=\"mx-desc__title\">Convient pour<\/div>\n<div class=\"mx-desc__box\">\n<div class=\"mx-desc__row\">\n<div class=\"mx-desc__label\">GASGAS<\/div>\n<div class=\"mx-desc__value\">\n    MC 65 (2024\u20132026)\n  <\/div>\n<\/div>\n<div class=\"mx-desc__row\">\n<div class=\"mx-desc__label\">Husqvarna<\/div>\n<div class=\"mx-desc__value\">\n    TC 65 (2017\u20132023)\n  <\/div>\n<\/div>\n<div class=\"mx-desc__row\">\n<div class=\"mx-desc__label\">KTM<\/div>\n<div class=\"mx-desc__value\">\n    SX 65 (2024\u20132026)\n  <\/div>\n<\/div><\/div>\n<\/p><\/div>\n<div class=\"mx-desc__block\">\n<div class=\"mx-desc__title\">Sp\u00e9cifications<\/div>\n<div class=\"mx-desc__box\">\n<div class=\"mx-desc__row\">\n<div class=\"mx-desc__label\">Diam\u00e8tre int\u00e9rieur<\/div>\n<div class=\"mx-desc__value\">47 mm<\/div>\n<\/div>\n<div class=\"mx-desc__row\">\n<div class=\"mx-desc__label\">Longueur<\/div>\n<div class=\"mx-desc__value\">190 mm<\/div>\n<\/div>\n<div class=\"mx-desc__row\">\n<div class=\"mx-desc__label\">Raideurs<\/div>\n<div class=\"mx-desc__value mx-desc__springs\">\n    30,0 N\/mm \u00b7 35,0 N\/mm \u00b7 40,0 N\/mm \u00b7 45,0 N\/mm \u00b7 50,0 N\/mm \u00b7 55,0 N\/mm<\/p>\n<div class=\"mx-desc__note\">\n      La raideur correcte d\u00e9pend du poids du pilote, du style de conduite et de l\u2019utilisation. En cas de doute, contactez MX-Springs.\n    <\/div>\n<\/p><\/div>\n<\/div><\/div>\n<\/p><\/div>\n<\/div>\n","protected":false},"excerpt":{"rendered":"<p>Ressort d&rsquo;amortisseur convient \u00e0 divers mod\u00e8les GASGAS, Husqvarna et KTM des ann\u00e9es sp\u00e9cifi\u00e9es. <a href=\"#tab-description\">Voir les sp\u00e9cifications compl\u00e8tes<\/a>.<\/p>\n","protected":false},"featured_media":21881,"template":"","meta":[],"product_brand":[],"product_cat":[32528,32546,32558,32666,32696,32702,32708,32882,33056,33062,33068,33128,33164,33170,33176,33182,33188,33194,33200],"product_tag":[],"class_list":{"0":"post-28282","1":"product","2":"type-product","3":"status-publish","4":"has-post-thumbnail","6":"product_cat-gasgas-fr","7":"product_cat-husqvarna-fr","8":"product_cat-ktm-fr","9":"product_cat-gasgas-mc-65-fr","10":"product_cat-gasgas-mc-65-2024-fr","11":"product_cat-gasgas-mc-65-2025-fr","12":"product_cat-gasgas-mc-65-2026-fr","13":"product_cat-ktm-sx-65-fr","14":"product_cat-ktm-sx-65-2024-fr","15":"product_cat-ktm-sx-65-2025-fr","16":"product_cat-ktm-sx-65-2026-fr","17":"product_cat-husqvarna-tc-65-fr","18":"product_cat-husqvarna-tc-65-2017-fr","19":"product_cat-husqvarna-tc-65-2018-fr","20":"product_cat-husqvarna-tc-65-2019-fr","21":"product_cat-husqvarna-tc-65-2020-fr","22":"product_cat-husqvarna-tc-65-2021-fr","23":"product_cat-husqvarna-tc-65-2022-fr","24":"product_cat-husqvarna-tc-65-2023-fr","26":"first","27":"instock","28":"taxable","29":"shipping-taxable","30":"product-type-variable"},"_links":{"self":[{"href":"https:\/\/mx-springs.com\/fr\/wp-json\/wp\/v2\/product\/28282","targetHints":{"allow":["GET"]}}],"collection":[{"href":"https:\/\/mx-springs.com\/fr\/wp-json\/wp\/v2\/product"}],"about":[{"href":"https:\/\/mx-springs.com\/fr\/wp-json\/wp\/v2\/types\/product"}],"wp:featuredmedia":[{"embeddable":true,"href":"https:\/\/mx-springs.com\/fr\/wp-json\/wp\/v2\/media\/21881"}],"wp:attachment":[{"href":"https:\/\/mx-springs.com\/fr\/wp-json\/wp\/v2\/media?parent=28282"}],"wp:term":[{"taxonomy":"product_brand","embeddable":true,"href":"https:\/\/mx-springs.com\/fr\/wp-json\/wp\/v2\/product_brand?post=28282"},{"taxonomy":"product_cat","embeddable":true,"href":"https:\/\/mx-springs.com\/fr\/wp-json\/wp\/v2\/product_cat?post=28282"},{"taxonomy":"product_tag","embeddable":true,"href":"https:\/\/mx-springs.com\/fr\/wp-json\/wp\/v2\/product_tag?post=28282"}],"curies":[{"name":"wp","href":"https:\/\/api.w.org\/{rel}","templated":true}]}}