{"id":28261,"date":"2026-03-11T14:46:57","date_gmt":"2026-03-11T14:46:57","guid":{"rendered":"https:\/\/staging.mx-springs.com\/producten\/ressort-de-fourche-avant-mx-45-472\/"},"modified":"2026-03-11T17:30:56","modified_gmt":"2026-03-11T17:30:56","slug":"ressort-de-fourche-avant-mx-45-472","status":"publish","type":"product","link":"https:\/\/mx-springs.com\/fr\/produit\/ressort-de-fourche-avant-mx-45-472\/","title":{"rendered":"Ressort de fourche avant MX 45-472"},"content":{"rendered":"<div class=\"mx-desc\">\n<div class=\"mx-desc__block\">\n<div class=\"mx-desc__title\">Convient pour<\/div>\n<div class=\"mx-desc__box\">\n<div class=\"mx-desc__row\">\n<div class=\"mx-desc__label\">Honda<\/div>\n<div class=\"mx-desc__value\">\n    CRF 250R (2018\u20132024)<br \/>CRF 450R (2017\u20132024)\n  <\/div>\n<\/div>\n<div class=\"mx-desc__row\">\n<div class=\"mx-desc__label\">Kawasaki<\/div>\n<div class=\"mx-desc__value\">\n    KXF 250 (2025\u20132026)<br \/>KXF 450 (2019\u20132026)\n  <\/div>\n<\/div>\n<div class=\"mx-desc__row\">\n<div class=\"mx-desc__label\">Suzuki<\/div>\n<div class=\"mx-desc__value\">\n    RMZ 450 (2018\u20132026)\n  <\/div>\n<\/div><\/div>\n<\/p><\/div>\n<div class=\"mx-desc__block\">\n<div class=\"mx-desc__title\">Sp\u00e9cifications<\/div>\n<div class=\"mx-desc__box\">\n<div class=\"mx-desc__row\">\n<div class=\"mx-desc__label\">Diam\u00e8tre<\/div>\n<div class=\"mx-desc__value\">45 mm<\/div>\n<\/div>\n<div class=\"mx-desc__row\">\n<div class=\"mx-desc__label\">Longueur<\/div>\n<div class=\"mx-desc__value\">472 mm<\/div>\n<\/div>\n<div class=\"mx-desc__row\">\n<div class=\"mx-desc__label\">Raideurs<\/div>\n<div class=\"mx-desc__value mx-desc__springs\">\n    4,0 N\/mm \u00b7 4,2 N\/mm \u00b7 4,4 N\/mm \u00b7 4,6 N\/mm \u00b7 4,8 N\/mm \u00b7 5,0 N\/mm \u00b7 5,2 N\/mm \u00b7 5,4 N\/mm \u00b7 5,6 N\/mm<\/p>\n<div class=\"mx-desc__note\">\n      La raideur correcte d\u00e9pend du poids du pilote, du style de conduite et de l\u2019utilisation. En cas de doute, contactez MX-Springs.\n    <\/div>\n<\/p><\/div>\n<\/div><\/div>\n<\/p><\/div>\n<\/div>\n","protected":false},"excerpt":{"rendered":"<p>Ressort de fourche avant convient \u00e0 divers mod\u00e8les Honda, Kawasaki et Suzuki des ann\u00e9es sp\u00e9cifi\u00e9es. <a href=\"#tab-description\">Voir les sp\u00e9cifications compl\u00e8tes<\/a>.<\/p>\n","protected":false},"featured_media":21953,"template":"","meta":[],"product_brand":[],"product_cat":[37136,37238,37244,37250,37256,37262,37268,37274,37142,37382,37388,37394,37400,37406,37412,37418,37424,32534,32552,41048,41174,41180,41054,41234,41240,41246,41252,41258,41264,41270,41276,37562,37784,37790,37796,37802,37808,37814,37820,37826,37832,32582],"product_tag":[],"class_list":{"0":"post-28261","1":"product","2":"type-product","3":"status-publish","4":"has-post-thumbnail","6":"product_cat-honda-crf-250r-fr","7":"product_cat-honda-crf-250r-2018-fr","8":"product_cat-honda-crf-250r-2019-fr","9":"product_cat-honda-crf-250r-2020-fr","10":"product_cat-honda-crf-250r-2021-fr","11":"product_cat-honda-crf-250r-2022-fr","12":"product_cat-honda-crf-250r-2023-fr","13":"product_cat-honda-crf-250r-2024-fr","14":"product_cat-honda-crf-450r-fr","15":"product_cat-honda-crf-450r-2017-fr","16":"product_cat-honda-crf-450r-2018-fr","17":"product_cat-honda-crf-450r-2019-fr","18":"product_cat-honda-crf-450r-2020-fr","19":"product_cat-honda-crf-450r-2021-fr","20":"product_cat-honda-crf-450r-2022-fr","21":"product_cat-honda-crf-450r-2023-fr","22":"product_cat-honda-crf-450r-2024-fr","23":"product_cat-honda-fr","24":"product_cat-kawasaki-fr","25":"product_cat-kawasaki-kxf-250-fr","26":"product_cat-kawasaki-kxf-250-2025-fr","27":"product_cat-kawasaki-kxf-250-2026-fr","28":"product_cat-kawasaki-kxf-450-fr","29":"product_cat-kawasaki-kxf-450-2019-fr","30":"product_cat-kawasaki-kxf-450-2020-fr","31":"product_cat-kawasaki-kxf-450-2021-fr","32":"product_cat-kawasaki-kxf-450-2022-fr","33":"product_cat-kawasaki-kxf-450-2023-fr","34":"product_cat-kawasaki-kxf-450-2024-fr","35":"product_cat-kawasaki-kxf-450-2025-fr","36":"product_cat-kawasaki-kxf-450-2026-fr","37":"product_cat-suzuki-rmz-450-fr","38":"product_cat-suzuki-rmz-450-2018-fr","39":"product_cat-suzuki-rmz-450-2019-fr","40":"product_cat-suzuki-rmz-450-2020-fr","41":"product_cat-suzuki-rmz-450-2021-fr","42":"product_cat-suzuki-rmz-450-2022-fr","43":"product_cat-suzuki-rmz-450-2023-fr","44":"product_cat-suzuki-rmz-450-2024-fr","45":"product_cat-suzuki-rmz-450-2025-fr","46":"product_cat-suzuki-rmz-450-2026-fr","47":"product_cat-suzuki-fr","49":"first","50":"instock","51":"taxable","52":"shipping-taxable","53":"product-type-variable"},"_links":{"self":[{"href":"https:\/\/mx-springs.com\/fr\/wp-json\/wp\/v2\/product\/28261","targetHints":{"allow":["GET"]}}],"collection":[{"href":"https:\/\/mx-springs.com\/fr\/wp-json\/wp\/v2\/product"}],"about":[{"href":"https:\/\/mx-springs.com\/fr\/wp-json\/wp\/v2\/types\/product"}],"wp:featuredmedia":[{"embeddable":true,"href":"https:\/\/mx-springs.com\/fr\/wp-json\/wp\/v2\/media\/21953"}],"wp:attachment":[{"href":"https:\/\/mx-springs.com\/fr\/wp-json\/wp\/v2\/media?parent=28261"}],"wp:term":[{"taxonomy":"product_brand","embeddable":true,"href":"https:\/\/mx-springs.com\/fr\/wp-json\/wp\/v2\/product_brand?post=28261"},{"taxonomy":"product_cat","embeddable":true,"href":"https:\/\/mx-springs.com\/fr\/wp-json\/wp\/v2\/product_cat?post=28261"},{"taxonomy":"product_tag","embeddable":true,"href":"https:\/\/mx-springs.com\/fr\/wp-json\/wp\/v2\/product_tag?post=28261"}],"curies":[{"name":"wp","href":"https:\/\/api.w.org\/{rel}","templated":true}]}}