{"id":28251,"date":"2026-03-11T14:46:57","date_gmt":"2026-03-11T14:46:57","guid":{"rendered":"https:\/\/staging.mx-springs.com\/producten\/ressort-de-fourche-avant-mx-4385-455\/"},"modified":"2026-03-20T08:33:42","modified_gmt":"2026-03-20T08:33:42","slug":"ressort-de-fourche-avant-mx-4385-455","status":"publish","type":"product","link":"https:\/\/mx-springs.com\/fr\/produit\/ressort-de-fourche-avant-mx-4385-455\/","title":{"rendered":"Ressort de fourche avant MX 43,85-455"},"content":{"rendered":"<div class=\"mx-desc\">\n<div class=\"mx-desc__block\">\n<div class=\"mx-desc__title\">Convient pour<\/div>\n<div class=\"mx-desc__box\">\n<div class=\"mx-desc__row\">\n<div class=\"mx-desc__label\">Beta<\/div>\n<div class=\"mx-desc__value\">\n    RR 125 2T RACING (2020\u20132022)<br \/>RR 200 2T RACING (2020\u20132022)<br \/>RR 250 2T RACING (2020\u20132022)<br \/>RR 300 2T RACING (2020\u20132022)<br \/>RR 350 4T RACING (2020\u20132022)<br \/>RR 390 4T RACING (2020\u20132022)<br \/>RR 430 4T RACING (2020\u20132022)<br \/>RR 480 4T RACING (2020\u20132022)\n  <\/div>\n<\/div>\n<div class=\"mx-desc__row\">\n<div class=\"mx-desc__label\">KTM<\/div>\n<div class=\"mx-desc__value\">\n    EXC 300 (2026)<br \/>EXC-F 350 (2026)<br \/>EXC-F 450 (2026)<br \/>EXC-F 500 (2026)<br \/>EXC 300 SIX DAYS (2026)<br \/>EXC-F 350 SIX DAYS (2026)<br \/>EXC-F 450 SIX DAYS (2026)<br \/>EXC-F 500 SIX DAYS (2026)\n  <\/div>\n<\/div>\n<div class=\"mx-desc__row\">\n<div class=\"mx-desc__label\">Fantic<\/div>\n<div class=\"mx-desc__value\">\n    XE 125 (2020\u20132022)<br \/>XX 125 (2020\u20132021)<br \/>XX 250 (2020\u20132021)\n  <\/div>\n<\/div>\n<div class=\"mx-desc__row\">\n<div class=\"mx-desc__label\">Yamaha<\/div>\n<div class=\"mx-desc__value\">\n    WR 450F (2012\u20132015)<br \/>YZ 125 (2006\u20132021)<br \/>YZ 250 (2006\u20132021)<br \/>YZF 250 (2006\u20132013)<br \/>YZF 450 (2006\u20132009)\n  <\/div>\n<\/div><\/div>\n<\/p><\/div>\n<div class=\"mx-desc__block\">\n<div class=\"mx-desc__title\">Sp\u00e9cifications<\/div>\n<div class=\"mx-desc__box\">\n<div class=\"mx-desc__row\">\n<div class=\"mx-desc__label\">Diam\u00e8tre<\/div>\n<div class=\"mx-desc__value\">43.85 mm<\/div>\n<\/div>\n<div class=\"mx-desc__row\">\n<div class=\"mx-desc__label\">Longueur<\/div>\n<div class=\"mx-desc__value\">455 mm<\/div>\n<\/div>\n<div class=\"mx-desc__row\">\n<div class=\"mx-desc__label\">Raideurs<\/div>\n<div class=\"mx-desc__value mx-desc__springs\">\n    3,6 N\/mm \u00b7 3,8 N\/mm \u00b7 4,0 N\/mm \u00b7 4,2 N\/mm \u00b7 4,4 N\/mm \u00b7 4,6 N\/mm \u00b7 4,8 N\/mm \u00b7 5,0 N\/mm \u00b7 5,2 N\/mm \u00b7 5,4 N\/mm<\/p>\n<div class=\"mx-desc__note\">\n      La raideur correcte d\u00e9pend du poids du pilote, du style de conduite et de l\u2019utilisation. En cas de doute, contactez MX-Springs.\n    <\/div>\n<\/p><\/div>\n<\/div><\/div>\n<\/p><\/div>\n<\/div>\n","protected":false},"excerpt":{"rendered":"<p>Ressort de fourche avant convient \u00e0 divers mod\u00e8les Beta, KTM, Fantic et Yamaha des ann\u00e9es sp\u00e9cifi\u00e9es. <a href=\"#tab-description\">Voir les sp\u00e9cifications compl\u00e8tes<\/a>.<\/p>\n","protected":false},"featured_media":21953,"template":"","meta":[],"product_brand":[],"product_cat":[32516,32750,33872,32756,43501,32798,34154,32804,43596,32816,34268,32822,43666,32828,34358,32834,43721,32522,32558,37844,39644,39650,39656,37856,39686,39692,39698,37868,39728,39734,39740,37880,39770,39776,39782,37892,39812,39818,39824,37904,39854,39860,39866,37928,39908,39914,39920,37946,39950,39956,39962,38918,39014,39020,39026,39032,41282,41324,41330,41336,41300,41342,41348,41306,41384,41390,32600,38924,40142,40148,40154,40160,40166,40172,40178,40184,40190,40196,40202,40208,40214,40220,40226,40232,38930,40274,40280,40286,40292,40298,40304,40310,40316,40322,40328,40334,40340,40346,40352,40358,40364,38948,39116,39122,39128,39134,39140,39146,39152,39158,38954,39254,39260,39266,39272],"product_tag":[],"class_list":{"0":"post-28251","1":"product","2":"type-product","3":"status-publish","4":"has-post-thumbnail","6":"product_cat-beta-fr","7":"product_cat-ktm-exc-300-fr","8":"product_cat-ktm-exc-300-2026-fr","9":"product_cat-ktm-exc-300-six-days-fr","10":"product_cat-exc-300-six-days-2026-fr","11":"product_cat-ktm-exc-f-350-fr","12":"product_cat-ktm-exc-f-350-2026-fr","13":"product_cat-ktm-exc-f-350-six-days-fr","14":"product_cat-exc-f-350-six-days-2026-fr","15":"product_cat-ktm-exc-f-450-fr","16":"product_cat-ktm-exc-f-450-2026-fr","17":"product_cat-ktm-exc-f-450-six-days-fr","18":"product_cat-exc-f-450-six-days-2026-fr","19":"product_cat-ktm-exc-f-500-fr","20":"product_cat-ktm-exc-f-500-2026-fr","21":"product_cat-ktm-exc-f-500-six-days-fr","22":"product_cat-exc-f-500-six-days-2026-fr","23":"product_cat-fantic-fr","24":"product_cat-ktm-fr","25":"product_cat-beta-rr-125-2t-racing-fr","26":"product_cat-beta-rr-125-2t-racing-2020-fr","27":"product_cat-beta-rr-125-2t-racing-2021-fr","28":"product_cat-beta-rr-125-2t-racing-2022-fr","29":"product_cat-beta-rr-200-2t-racing-fr","30":"product_cat-beta-rr-200-2t-racing-2020-fr","31":"product_cat-beta-rr-200-2t-racing-2021-fr","32":"product_cat-beta-rr-200-2t-racing-2022-fr","33":"product_cat-beta-rr-250-2t-racing-fr","34":"product_cat-beta-rr-250-2t-racing-2020-fr","35":"product_cat-beta-rr-250-2t-racing-2021-fr","36":"product_cat-beta-rr-250-2t-racing-2022-fr","37":"product_cat-beta-rr-300-2t-racing-fr","38":"product_cat-beta-rr-300-2t-racing-2020-fr","39":"product_cat-beta-rr-300-2t-racing-2021-fr","40":"product_cat-beta-rr-300-2t-racing-2022-fr","41":"product_cat-beta-rr-350-4t-racing-fr","42":"product_cat-beta-rr-350-4t-racing-2020-fr","43":"product_cat-beta-rr-350-4t-racing-2021-fr","44":"product_cat-beta-rr-350-4t-racing-2022-fr","45":"product_cat-beta-rr-390-4t-racing-fr","46":"product_cat-beta-rr-390-4t-racing-2020-fr","47":"product_cat-beta-rr-390-4t-racing-2021-fr","48":"product_cat-beta-rr-390-4t-racing-2022-fr","49":"product_cat-beta-rr-430-4t-racing-fr","50":"product_cat-beta-rr-430-4t-racing-2020-fr","51":"product_cat-beta-rr-430-4t-racing-2021-fr","52":"product_cat-beta-rr-430-4t-racing-2022-fr","53":"product_cat-beta-rr-480-4t-racing-fr","54":"product_cat-beta-rr-480-4t-racing-2020-fr","55":"product_cat-beta-rr-480-4t-racing-2021-fr","56":"product_cat-beta-rr-480-4t-racing-2022-fr","57":"product_cat-yamaha-wr-450f-fr","58":"product_cat-yamaha-wr-450f-2012-fr","59":"product_cat-yamaha-wr-450f-2013-fr","60":"product_cat-yamaha-wr-450f-2014-fr","61":"product_cat-yamaha-wr-450f-2015-fr","62":"product_cat-fantic-xe-125-fr","63":"product_cat-fantic-xe-125-2020-fr","64":"product_cat-fantic-xe-125-2021-fr","65":"product_cat-fantic-xe-125-2022-fr","66":"product_cat-fantic-xx-125-fr","67":"product_cat-fantic-xx-125-2020-fr","68":"product_cat-fantic-xx-125-2021-fr","69":"product_cat-fantic-xx-250-fr","70":"product_cat-fantic-xx-250-2020-fr","71":"product_cat-fantic-xx-250-2021-fr","72":"product_cat-yamaha-fr","73":"product_cat-yamaha-yz-125-fr","74":"product_cat-yamaha-yz-125-2006-fr","75":"product_cat-yamaha-yz-125-2007-fr","76":"product_cat-yamaha-yz-125-2008-fr","77":"product_cat-yamaha-yz-125-2009-fr","78":"product_cat-yamaha-yz-125-2010-fr","79":"product_cat-yamaha-yz-125-2011-fr","80":"product_cat-yamaha-yz-125-2012-fr","81":"product_cat-yamaha-yz-125-2013-fr","82":"product_cat-yamaha-yz-125-2014-fr","83":"product_cat-yamaha-yz-125-2015-fr","84":"product_cat-yamaha-yz-125-2016-fr","85":"product_cat-yamaha-yz-125-2017-fr","86":"product_cat-yamaha-yz-125-2018-fr","87":"product_cat-yamaha-yz-125-2019-fr","88":"product_cat-yamaha-yz-125-2020-fr","89":"product_cat-yamaha-yz-125-2021-fr","90":"product_cat-yamaha-yz-250-fr","91":"product_cat-yamaha-yz-250-2006-fr","92":"product_cat-yamaha-yz-250-2007-fr","93":"product_cat-yamaha-yz-250-2008-fr","94":"product_cat-yamaha-yz-250-2009-fr","95":"product_cat-yamaha-yz-250-2010-fr","96":"product_cat-yamaha-yz-250-2011-fr","97":"product_cat-yamaha-yz-250-2012-fr","98":"product_cat-yamaha-yz-250-2013-fr","99":"product_cat-yamaha-yz-250-2014-fr","100":"product_cat-yamaha-yz-250-2015-fr","101":"product_cat-yamaha-yz-250-2016-fr","102":"product_cat-yamaha-yz-250-2017-fr","103":"product_cat-yamaha-yz-250-2018-fr","104":"product_cat-yamaha-yz-250-2019-fr","105":"product_cat-yamaha-yz-250-2020-fr","106":"product_cat-yamaha-yz-250-2021-fr","107":"product_cat-yamaha-yzf-250-fr","108":"product_cat-yamaha-yzf-250-2006-fr","109":"product_cat-yamaha-yzf-250-2007-fr","110":"product_cat-yamaha-yzf-250-2008-fr","111":"product_cat-yamaha-yzf-250-2009-fr","112":"product_cat-yamaha-yzf-250-2010-fr","113":"product_cat-yamaha-yzf-250-2011-fr","114":"product_cat-yamaha-yzf-250-2012-fr","115":"product_cat-yamaha-yzf-250-2013-fr","116":"product_cat-yamaha-yzf-450-fr","117":"product_cat-yamaha-yzf-450-2006-fr","118":"product_cat-yamaha-yzf-450-2007-fr","119":"product_cat-yamaha-yzf-450-2008-fr","120":"product_cat-yamaha-yzf-450-2009-fr","122":"first","123":"instock","124":"taxable","125":"shipping-taxable","126":"product-type-variable"},"_links":{"self":[{"href":"https:\/\/mx-springs.com\/fr\/wp-json\/wp\/v2\/product\/28251","targetHints":{"allow":["GET"]}}],"collection":[{"href":"https:\/\/mx-springs.com\/fr\/wp-json\/wp\/v2\/product"}],"about":[{"href":"https:\/\/mx-springs.com\/fr\/wp-json\/wp\/v2\/types\/product"}],"wp:featuredmedia":[{"embeddable":true,"href":"https:\/\/mx-springs.com\/fr\/wp-json\/wp\/v2\/media\/21953"}],"wp:attachment":[{"href":"https:\/\/mx-springs.com\/fr\/wp-json\/wp\/v2\/media?parent=28251"}],"wp:term":[{"taxonomy":"product_brand","embeddable":true,"href":"https:\/\/mx-springs.com\/fr\/wp-json\/wp\/v2\/product_brand?post=28251"},{"taxonomy":"product_cat","embeddable":true,"href":"https:\/\/mx-springs.com\/fr\/wp-json\/wp\/v2\/product_cat?post=28251"},{"taxonomy":"product_tag","embeddable":true,"href":"https:\/\/mx-springs.com\/fr\/wp-json\/wp\/v2\/product_tag?post=28251"}],"curies":[{"name":"wp","href":"https:\/\/api.w.org\/{rel}","templated":true}]}}