{"id":28240,"date":"2026-03-11T14:38:20","date_gmt":"2026-03-11T14:38:20","guid":{"rendered":"https:\/\/staging.mx-springs.com\/producten\/ressort-de-fourche-avant-mx-438-465\/"},"modified":"2026-03-11T17:25:18","modified_gmt":"2026-03-11T17:25:18","slug":"ressort-de-fourche-avant-mx-438-465","status":"publish","type":"product","link":"https:\/\/mx-springs.com\/fr\/produit\/ressort-de-fourche-avant-mx-438-465\/","title":{"rendered":"Ressort de fourche avant MX 43,8-465"},"content":{"rendered":"<div class=\"mx-desc\">\n<div class=\"mx-desc__block\">\n<div class=\"mx-desc__title\">Convient pour<\/div>\n<div class=\"mx-desc__box\">\n<div class=\"mx-desc__row\">\n<div class=\"mx-desc__label\">KTM<\/div>\n<div class=\"mx-desc__value\">\n    EXC 125 SIX DAYS (2013\u20132016)<br \/>EXC 250 SIX DAYS (2013\u20132016)<br \/>EXC 300 SIX DAYS (2013\u20132016)<br \/>EXC-F 250 SIX DAYS (2013\u20132016)<br \/>EXC-F 350 SIX DAYS (2013\u20132016)<br \/>EXC-F 450 SIX DAYS (2013\u20132016)<br \/>EXC-F 500 SIX DAYS (2013\u20132016)\n  <\/div>\n<\/div><\/div>\n<\/p><\/div>\n<div class=\"mx-desc__block\">\n<div class=\"mx-desc__title\">Sp\u00e9cifications<\/div>\n<div class=\"mx-desc__box\">\n<div class=\"mx-desc__row\">\n<div class=\"mx-desc__label\">Diam\u00e8tre<\/div>\n<div class=\"mx-desc__value\">43.8 mm<\/div>\n<\/div>\n<div class=\"mx-desc__row\">\n<div class=\"mx-desc__label\">Longueur<\/div>\n<div class=\"mx-desc__value\">465 mm<\/div>\n<\/div>\n<div class=\"mx-desc__row\">\n<div class=\"mx-desc__label\">Raideurs<\/div>\n<div class=\"mx-desc__value mx-desc__springs\">\n    3,6 N\/mm \u00b7 3,8 N\/mm \u00b7 4,0 N\/mm \u00b7 4,2 N\/mm \u00b7 4,4 N\/mm \u00b7 4,6 N\/mm \u00b7 4,8 N\/mm \u00b7 5,0 N\/mm \u00b7 5,2 N\/mm \u00b7 5,4 N\/mm<\/p>\n<div class=\"mx-desc__note\">\n      La raideur correcte d\u00e9pend du poids du pilote, du style de conduite et de l\u2019utilisation. En cas de doute, contactez MX-Springs.\n    <\/div>\n<\/p><\/div>\n<\/div><\/div>\n<\/p><\/div>\n<\/div>\n","protected":false},"excerpt":{"rendered":"<p>Ressort de fourche avant convient \u00e0 divers mod\u00e8les KTM des ann\u00e9es sp\u00e9cifi\u00e9es. <a href=\"#tab-description\">Voir les sp\u00e9cifications compl\u00e8tes<\/a>.<\/p>\n","protected":false},"featured_media":21953,"template":"","meta":[],"product_brand":[],"product_cat":[32720,40400,40406,40412,40418,32744,40472,40478,40484,40490,32756,40550,40556,40562,40568,32792,40592,40598,40604,40610,32804,40628,40634,40640,40646,32822,40652,40658,40664,40670,32834,40676,40682,40688,40694,32558],"product_tag":[],"class_list":{"0":"post-28240","1":"product","2":"type-product","3":"status-publish","4":"has-post-thumbnail","6":"product_cat-ktm-exc-125-six-days-fr","7":"product_cat-ktm-exc-125-six-days-2013-fr","8":"product_cat-ktm-exc-125-six-days-2014-fr","9":"product_cat-ktm-exc-125-six-days-2015-fr","10":"product_cat-ktm-exc-125-six-days-2016-fr","11":"product_cat-ktm-exc-250-six-days-fr","12":"product_cat-ktm-exc-250-six-days-2013-fr","13":"product_cat-ktm-exc-250-six-days-2014-fr","14":"product_cat-ktm-exc-250-six-days-2015-fr","15":"product_cat-ktm-exc-250-six-days-2016-fr","16":"product_cat-ktm-exc-300-six-days-fr","17":"product_cat-ktm-exc-300-six-days-2013-fr","18":"product_cat-ktm-exc-300-six-days-2014-fr","19":"product_cat-ktm-exc-300-six-days-2015-fr","20":"product_cat-ktm-exc-300-six-days-2016-fr","21":"product_cat-ktm-exc-f-250-six-days-fr","22":"product_cat-ktm-exc-f-250-six-days-2013-fr","23":"product_cat-ktm-exc-f-250-six-days-2014-fr","24":"product_cat-ktm-exc-f-250-six-days-2015-fr","25":"product_cat-ktm-exc-f-250-six-days-2016-fr","26":"product_cat-ktm-exc-f-350-six-days-fr","27":"product_cat-ktm-exc-f-350-six-days-2013-fr","28":"product_cat-ktm-exc-f-350-six-days-2014-fr","29":"product_cat-ktm-exc-f-350-six-days-2015-fr","30":"product_cat-ktm-exc-f-350-six-days-2016-fr","31":"product_cat-ktm-exc-f-450-six-days-fr","32":"product_cat-ktm-exc-f-450-six-days-2013-fr","33":"product_cat-ktm-exc-f-450-six-days-2014-fr","34":"product_cat-ktm-exc-f-450-six-days-2015-fr","35":"product_cat-ktm-exc-f-450-six-days-2016-fr","36":"product_cat-ktm-exc-f-500-six-days-fr","37":"product_cat-ktm-exc-f-500-six-days-2013-fr","38":"product_cat-ktm-exc-f-500-six-days-2014-fr","39":"product_cat-ktm-exc-f-500-six-days-2015-fr","40":"product_cat-ktm-exc-f-500-six-days-2016-fr","41":"product_cat-ktm-fr","43":"first","44":"instock","45":"taxable","46":"shipping-taxable","47":"product-type-variable"},"_links":{"self":[{"href":"https:\/\/mx-springs.com\/fr\/wp-json\/wp\/v2\/product\/28240","targetHints":{"allow":["GET"]}}],"collection":[{"href":"https:\/\/mx-springs.com\/fr\/wp-json\/wp\/v2\/product"}],"about":[{"href":"https:\/\/mx-springs.com\/fr\/wp-json\/wp\/v2\/types\/product"}],"wp:featuredmedia":[{"embeddable":true,"href":"https:\/\/mx-springs.com\/fr\/wp-json\/wp\/v2\/media\/21953"}],"wp:attachment":[{"href":"https:\/\/mx-springs.com\/fr\/wp-json\/wp\/v2\/media?parent=28240"}],"wp:term":[{"taxonomy":"product_brand","embeddable":true,"href":"https:\/\/mx-springs.com\/fr\/wp-json\/wp\/v2\/product_brand?post=28240"},{"taxonomy":"product_cat","embeddable":true,"href":"https:\/\/mx-springs.com\/fr\/wp-json\/wp\/v2\/product_cat?post=28240"},{"taxonomy":"product_tag","embeddable":true,"href":"https:\/\/mx-springs.com\/fr\/wp-json\/wp\/v2\/product_tag?post=28240"}],"curies":[{"name":"wp","href":"https:\/\/api.w.org\/{rel}","templated":true}]}}