{"id":28233,"date":"2026-03-11T14:38:20","date_gmt":"2026-03-11T14:38:20","guid":{"rendered":"https:\/\/staging.mx-springs.com\/producten\/ressort-de-fourche-avant-mx-435-660\/"},"modified":"2026-03-11T17:22:28","modified_gmt":"2026-03-11T17:22:28","slug":"ressort-de-fourche-avant-mx-435-660","status":"publish","type":"product","link":"https:\/\/mx-springs.com\/fr\/produit\/ressort-de-fourche-avant-mx-435-660\/","title":{"rendered":"Ressort de fourche avant MX 43,5-660"},"content":{"rendered":"<div class=\"mx-desc\">\n<div class=\"mx-desc__block\">\n<div class=\"mx-desc__title\">Convient pour<\/div>\n<div class=\"mx-desc__box\">\n<div class=\"mx-desc__row\">\n<div class=\"mx-desc__label\">Kawasaki<\/div>\n<div class=\"mx-desc__value\">\n    KXF 250 (2013\u20132019)<br \/>KXF 450 (2015\u20132018)\n  <\/div>\n<\/div>\n<div class=\"mx-desc__row\">\n<div class=\"mx-desc__label\">Suzuki<\/div>\n<div class=\"mx-desc__value\">\n    RMZ 250 (2013\u20132015)<br \/>RMZ 450 (2013\u20132014)\n  <\/div>\n<\/div><\/div>\n<\/p><\/div>\n<div class=\"mx-desc__block\">\n<div class=\"mx-desc__title\">Sp\u00e9cifications<\/div>\n<div class=\"mx-desc__box\">\n<div class=\"mx-desc__row\">\n<div class=\"mx-desc__label\">Diam\u00e8tre<\/div>\n<div class=\"mx-desc__value\">43.5 mm<\/div>\n<\/div>\n<div class=\"mx-desc__row\">\n<div class=\"mx-desc__label\">Longueur<\/div>\n<div class=\"mx-desc__value\">660 mm<\/div>\n<\/div>\n<div class=\"mx-desc__row\">\n<div class=\"mx-desc__label\">Raideurs<\/div>\n<div class=\"mx-desc__value mx-desc__springs\">\n    10,0 N\/mm \u00b7 10,4 N\/mm \u00b7 8,4 N\/mm \u00b7 8,8 N\/mm \u00b7 9,2 N\/mm \u00b7 9,6 N\/mm<\/p>\n<div class=\"mx-desc__note\">\n      La raideur correcte d\u00e9pend du poids du pilote, du style de conduite et de l\u2019utilisation. En cas de doute, contactez MX-Springs.\n    <\/div>\n<\/p><\/div>\n<\/div><\/div>\n<\/p><\/div>\n<\/div>\n","protected":false},"excerpt":{"rendered":"<p>Ressort de fourche avant convient \u00e0 divers mod\u00e8les Kawasaki et Suzuki des ann\u00e9es sp\u00e9cifi\u00e9es. <a href=\"#tab-description\">Voir les sp\u00e9cifications compl\u00e8tes<\/a>.<\/p>\n","protected":false},"featured_media":21953,"template":"","meta":[],"product_brand":[],"product_cat":[32552,41048,41102,41108,41114,41120,41126,41132,41138,41054,41210,41216,41222,41228,37556,37622,37628,37634,37562,37754,37760,32582],"product_tag":[],"class_list":{"0":"post-28233","1":"product","2":"type-product","3":"status-publish","4":"has-post-thumbnail","6":"product_cat-kawasaki-fr","7":"product_cat-kawasaki-kxf-250-fr","8":"product_cat-kawasaki-kxf-250-2013-fr","9":"product_cat-kawasaki-kxf-250-2014-fr","10":"product_cat-kawasaki-kxf-250-2015-fr","11":"product_cat-kawasaki-kxf-250-2016-fr","12":"product_cat-kawasaki-kxf-250-2017-fr","13":"product_cat-kawasaki-kxf-250-2018-fr","14":"product_cat-kawasaki-kxf-250-2019-fr","15":"product_cat-kawasaki-kxf-450-fr","16":"product_cat-kawasaki-kxf-450-2015-fr","17":"product_cat-kawasaki-kxf-450-2016-fr","18":"product_cat-kawasaki-kxf-450-2017-fr","19":"product_cat-kawasaki-kxf-450-2018-fr","20":"product_cat-suzuki-rmz-250-fr","21":"product_cat-suzuki-rmz-250-2013-fr","22":"product_cat-suzuki-rmz-250-2014-fr","23":"product_cat-suzuki-rmz-250-2015-fr","24":"product_cat-suzuki-rmz-450-fr","25":"product_cat-suzuki-rmz-450-2013-fr","26":"product_cat-suzuki-rmz-450-2014-fr","27":"product_cat-suzuki-fr","29":"first","30":"instock","31":"taxable","32":"shipping-taxable","33":"product-type-variable"},"_links":{"self":[{"href":"https:\/\/mx-springs.com\/fr\/wp-json\/wp\/v2\/product\/28233","targetHints":{"allow":["GET"]}}],"collection":[{"href":"https:\/\/mx-springs.com\/fr\/wp-json\/wp\/v2\/product"}],"about":[{"href":"https:\/\/mx-springs.com\/fr\/wp-json\/wp\/v2\/types\/product"}],"wp:featuredmedia":[{"embeddable":true,"href":"https:\/\/mx-springs.com\/fr\/wp-json\/wp\/v2\/media\/21953"}],"wp:attachment":[{"href":"https:\/\/mx-springs.com\/fr\/wp-json\/wp\/v2\/media?parent=28233"}],"wp:term":[{"taxonomy":"product_brand","embeddable":true,"href":"https:\/\/mx-springs.com\/fr\/wp-json\/wp\/v2\/product_brand?post=28233"},{"taxonomy":"product_cat","embeddable":true,"href":"https:\/\/mx-springs.com\/fr\/wp-json\/wp\/v2\/product_cat?post=28233"},{"taxonomy":"product_tag","embeddable":true,"href":"https:\/\/mx-springs.com\/fr\/wp-json\/wp\/v2\/product_tag?post=28233"}],"curies":[{"name":"wp","href":"https:\/\/api.w.org\/{rel}","templated":true}]}}