{"id":28222,"date":"2026-03-11T14:38:20","date_gmt":"2026-03-11T14:38:20","guid":{"rendered":"https:\/\/staging.mx-springs.com\/producten\/ressort-de-fourche-avant-mx-435-498\/"},"modified":"2026-03-11T17:19:40","modified_gmt":"2026-03-11T17:19:40","slug":"ressort-de-fourche-avant-mx-435-498","status":"publish","type":"product","link":"https:\/\/mx-springs.com\/fr\/produit\/ressort-de-fourche-avant-mx-435-498\/","title":{"rendered":"Ressort de fourche avant MX 43,5-498"},"content":{"rendered":"<div class=\"mx-desc\">\n<div class=\"mx-desc__block\">\n<div class=\"mx-desc__title\">Convient pour<\/div>\n<div class=\"mx-desc__box\">\n<div class=\"mx-desc__row\">\n<div class=\"mx-desc__label\">Beta<\/div>\n<div class=\"mx-desc__value\">\n    RR 125 2T RACING (2023\u20132026)<br \/>RR 200 2T RACING (2023\u20132026)<br \/>RR 250 2T RACING (2023\u20132026)<br \/>RR 300 2T RACING (2023\u20132026)<br \/>RR 350 4T RACING (2023\u20132026)<br \/>RR 390 4T RACING (2023\u20132026)<br \/>RR 430 4T RACING (2023\u20132026)<br \/>RR 480 4T RACING (2023\u20132026)<br \/>RX 300 (2023\u20132026)<br \/>RX 450 (2023\u20132026)\n  <\/div>\n<\/div>\n<div class=\"mx-desc__row\">\n<div class=\"mx-desc__label\">Fantic<\/div>\n<div class=\"mx-desc__value\">\n    XEF-250 (2020\u20132026)<br \/>XEF-450 (2020\u20132026)<br \/>XX 125 (2022\u20132026)<br \/>XX 250 (2022\u20132026)<br \/>XXF-250 (2020\u20132026)<br \/>XXF-450 (2020\u20132026)\n  <\/div>\n<\/div>\n<div class=\"mx-desc__row\">\n<div class=\"mx-desc__label\">Kawasaki<\/div>\n<div class=\"mx-desc__value\">\n    KXF 250 (2020\u20132024)\n  <\/div>\n<\/div>\n<div class=\"mx-desc__row\">\n<div class=\"mx-desc__label\">Rieju<\/div>\n<div class=\"mx-desc__value\">\n    MR PRO 250 (2023\u20132026)<br \/>MR PRO 300 (2023\u20132026)<br \/>MR RACING 250 (2023\u20132026)<br \/>MR RACING 300 (2023\u20132026)\n  <\/div>\n<\/div>\n<div class=\"mx-desc__row\">\n<div class=\"mx-desc__label\">Stark<\/div>\n<div class=\"mx-desc__value\">\n    VARG EX (2024\u20132026)<br \/>VARG MX (2024\u20132026)\n  <\/div>\n<\/div>\n<div class=\"mx-desc__row\">\n<div class=\"mx-desc__label\">Suzuki<\/div>\n<div class=\"mx-desc__value\">\n    RMZ 250 (2019\u20132026)\n  <\/div>\n<\/div>\n<div class=\"mx-desc__row\">\n<div class=\"mx-desc__label\">Triumph<\/div>\n<div class=\"mx-desc__value\">\n    TF 250-X (2024\u20132026)<br \/>TF 250E (2026)<br \/>TF 450-X (2025\u20132026)<br \/>TF 450E (2026)\n  <\/div>\n<\/div>\n<div class=\"mx-desc__row\">\n<div class=\"mx-desc__label\">Yamaha<\/div>\n<div class=\"mx-desc__value\">\n    WR 250F (2022\u20132026)<br \/>WR 450F (2017\u20132026)<br \/>YZ 125 (2022\u20132026)<br \/>YZ 250 (2022\u20132026)<br \/>YZF 250 (2014\u20132026)<br \/>YZF 450 (2014\u20132026)\n  <\/div>\n<\/div><\/div>\n<\/p><\/div>\n<div class=\"mx-desc__block\">\n<div class=\"mx-desc__title\">Sp\u00e9cifications<\/div>\n<div class=\"mx-desc__box\">\n<div class=\"mx-desc__row\">\n<div class=\"mx-desc__label\">Diam\u00e8tre<\/div>\n<div class=\"mx-desc__value\">43.5 mm<\/div>\n<\/div>\n<div class=\"mx-desc__row\">\n<div class=\"mx-desc__label\">Longueur<\/div>\n<div class=\"mx-desc__value\">498 mm<\/div>\n<\/div>\n<div class=\"mx-desc__row\">\n<div class=\"mx-desc__label\">Raideurs<\/div>\n<div class=\"mx-desc__value mx-desc__springs\">\n    3,8 N\/mm \u00b7 4,0 N\/mm \u00b7 4,2 N\/mm \u00b7 4,4 N\/mm \u00b7 4,6 N\/mm \u00b7 4,8 N\/mm \u00b7 5,0 N\/mm \u00b7 5,2 N\/mm \u00b7 5,4 N\/mm \u00b7 5,6 N\/mm<\/p>\n<div class=\"mx-desc__note\">\n      La raideur correcte d\u00e9pend du poids du pilote, du style de conduite et de l\u2019utilisation. En cas de doute, contactez MX-Springs.\n    <\/div>\n<\/p><\/div>\n<\/div><\/div>\n<\/p><\/div>\n<\/div>\n","protected":false},"excerpt":{"rendered":"<p>Ressort de fourche avant convient \u00e0 divers mod\u00e8les Beta, Fantic, Kawasaki, Rieju, Stark, Suzuki, Triumph et Yamaha des ann\u00e9es sp\u00e9cifi\u00e9es. <a href=\"#tab-description\">Voir les sp\u00e9cifications compl\u00e8tes<\/a>.<\/p>\n","protected":false},"featured_media":21953,"template":"","meta":[],"product_brand":[],"product_cat":[32516,32522,32552,41048,41144,41150,41156,41162,41168,42200,42224,42230,42236,42242,42206,42248,42254,42260,42266,42212,42272,42278,42284,42290,42218,42296,42302,42308,42314,32564,37556,37658,37664,37670,37676,37682,37688,37694,37700,37844,39662,39668,39674,39680,37856,39704,39710,39716,39722,37868,39746,39752,39758,39764,37880,39788,39794,39800,39806,37892,39830,39836,39842,39848,37904,39872,39878,39884,39890,37928,39926,39932,39938,39944,37946,39968,39974,39980,39986,37952,37970,37976,37982,37988,37964,37994,38000,38006,38012,32576,32582,38018,38042,38048,38054,38030,38066,38072,38024,38060,38036,38078,32594,38864,38876,38882,38888,38870,38894,38900,38906,38912,40106,40112,40118,40124,40130,38918,39044,39050,39056,39062,39068,39074,39080,39086,39092,39098,41288,42320,42326,42332,42338,42344,42350,42356,41294,42362,42368,42374,42380,42386,42392,42398,41300,41354,41360,41366,41372,41378,41306,41396,41402,41408,41414,41420,41312,42404,42410,42416,42422,42428,42434,42440,41318,42446,42452,42458,42464,42470,42476,42482,32600,38924,40238,40244,40250,40256,40262,38930,40370,40376,40382,40388,40394,38948,39164,39170,39176,39182,39188,39194,39200,39206,39212,39218,39224,39230,39236,38954,39302,39308,39314,39320,39326,39332,39338,39344,39350,39356,39362,39368,39374],"product_tag":[],"class_list":{"0":"post-28222","1":"product","2":"type-product","3":"status-publish","4":"has-post-thumbnail","6":"product_cat-beta-fr","7":"product_cat-fantic-fr","8":"product_cat-kawasaki-fr","9":"product_cat-kawasaki-kxf-250-fr","10":"product_cat-kawasaki-kxf-250-2020-fr","11":"product_cat-kawasaki-kxf-250-2021-fr","12":"product_cat-kawasaki-kxf-250-2022-fr","13":"product_cat-kawasaki-kxf-250-2023-fr","14":"product_cat-kawasaki-kxf-250-2024-fr","15":"product_cat-rieju-mr-pro-250-fr","16":"product_cat-rieju-mr-pro-250-2023-fr","17":"product_cat-rieju-mr-pro-250-2024-fr","18":"product_cat-rieju-mr-pro-250-2025-fr","19":"product_cat-rieju-mr-pro-250-2026-fr","20":"product_cat-rieju-mr-pro-300-fr","21":"product_cat-rieju-mr-pro-300-2023-fr","22":"product_cat-rieju-mr-pro-300-2024-fr","23":"product_cat-rieju-mr-pro-300-2025-fr","24":"product_cat-rieju-mr-pro-300-2026-fr","25":"product_cat-rieju-mr-racing-250-fr","26":"product_cat-rieju-mr-racing-250-2023-fr","27":"product_cat-rieju-mr-racing-250-2024-fr","28":"product_cat-rieju-mr-racing-250-2025-fr","29":"product_cat-rieju-mr-racing-250-2026-fr","30":"product_cat-rieju-mr-racing-300-fr","31":"product_cat-rieju-mr-racing-300-2023-fr","32":"product_cat-rieju-mr-racing-300-2024-fr","33":"product_cat-rieju-mr-racing-300-2025-fr","34":"product_cat-rieju-mr-racing-300-2026-fr","35":"product_cat-rieju-fr","36":"product_cat-suzuki-rmz-250-fr","37":"product_cat-suzuki-rmz-250-2019-fr","38":"product_cat-suzuki-rmz-250-2020-fr","39":"product_cat-suzuki-rmz-250-2021-fr","40":"product_cat-suzuki-rmz-250-2022-fr","41":"product_cat-suzuki-rmz-250-2023-fr","42":"product_cat-suzuki-rmz-250-2024-fr","43":"product_cat-suzuki-rmz-250-2025-fr","44":"product_cat-suzuki-rmz-250-2026-fr","45":"product_cat-beta-rr-125-2t-racing-fr","46":"product_cat-beta-rr-125-2t-racing-2023-fr","47":"product_cat-beta-rr-125-2t-racing-2024-fr","48":"product_cat-beta-rr-125-2t-racing-2025-fr","49":"product_cat-beta-rr-125-2t-racing-2026-fr","50":"product_cat-beta-rr-200-2t-racing-fr","51":"product_cat-beta-rr-200-2t-racing-2023-fr","52":"product_cat-beta-rr-200-2t-racing-2024-fr","53":"product_cat-beta-rr-200-2t-racing-2025-fr","54":"product_cat-beta-rr-200-2t-racing-2026-fr","55":"product_cat-beta-rr-250-2t-racing-fr","56":"product_cat-beta-rr-250-2t-racing-2023-fr","57":"product_cat-beta-rr-250-2t-racing-2024-fr","58":"product_cat-beta-rr-250-2t-racing-2025-fr","59":"product_cat-beta-rr-250-2t-racing-2026-fr","60":"product_cat-beta-rr-300-2t-racing-fr","61":"product_cat-beta-rr-300-2t-racing-2023-fr","62":"product_cat-beta-rr-300-2t-racing-2024-fr","63":"product_cat-beta-rr-300-2t-racing-2025-fr","64":"product_cat-beta-rr-300-2t-racing-2026-fr","65":"product_cat-beta-rr-350-4t-racing-fr","66":"product_cat-beta-rr-350-4t-racing-2023-fr","67":"product_cat-beta-rr-350-4t-racing-2024-fr","68":"product_cat-beta-rr-350-4t-racing-2025-fr","69":"product_cat-beta-rr-350-4t-racing-2026-fr","70":"product_cat-beta-rr-390-4t-racing-fr","71":"product_cat-beta-rr-390-4t-racing-2023-fr","72":"product_cat-beta-rr-390-4t-racing-2024-fr","73":"product_cat-beta-rr-390-4t-racing-2025-fr","74":"product_cat-beta-rr-390-4t-racing-2026-fr","75":"product_cat-beta-rr-430-4t-racing-fr","76":"product_cat-beta-rr-430-4t-racing-2023-fr","77":"product_cat-beta-rr-430-4t-racing-2024-fr","78":"product_cat-beta-rr-430-4t-racing-2025-fr","79":"product_cat-beta-rr-430-4t-racing-2026-fr","80":"product_cat-beta-rr-480-4t-racing-fr","81":"product_cat-beta-rr-480-4t-racing-2023-fr","82":"product_cat-beta-rr-480-4t-racing-2024-fr","83":"product_cat-beta-rr-480-4t-racing-2025-fr","84":"product_cat-beta-rr-480-4t-racing-2026-fr","85":"product_cat-beta-rx-300-fr","86":"product_cat-beta-rx-300-2023-fr","87":"product_cat-beta-rx-300-2024-fr","88":"product_cat-beta-rx-300-2025-fr","89":"product_cat-beta-rx-300-2026-fr","90":"product_cat-beta-rx-450-fr","91":"product_cat-beta-rx-450-2023-fr","92":"product_cat-beta-rx-450-2024-fr","93":"product_cat-beta-rx-450-2025-fr","94":"product_cat-beta-rx-450-2026-fr","95":"product_cat-stark-fr","96":"product_cat-suzuki-fr","97":"product_cat-triumph-tf-250-x-fr","98":"product_cat-triumph-tf-250-x-2024-fr","99":"product_cat-triumph-tf-250-x-2025-fr","100":"product_cat-triumph-tf-250-x-2026-fr","101":"product_cat-triumph-tf-450-x-fr","102":"product_cat-triumph-tf-450-x-2025-fr","103":"product_cat-triumph-tf-450-x-2026-fr","104":"product_cat-triumph-tf-250e-fr","105":"product_cat-triumph-tf-250e-2026-fr","106":"product_cat-triumph-tf-450e-fr","107":"product_cat-triumph-tf-450e-2026-fr","108":"product_cat-triumph-fr","109":"product_cat-stark-varg-ex-fr","110":"product_cat-stark-varg-ex-2024-fr","111":"product_cat-stark-varg-ex-2025-fr","112":"product_cat-stark-varg-ex-2026-fr","113":"product_cat-stark-varg-mx-fr","114":"product_cat-stark-varg-mx-2024-fr","115":"product_cat-stark-varg-mx-2025-fr","116":"product_cat-stark-varg-mx-2026-fr","117":"product_cat-yamaha-wr-250f-fr","118":"product_cat-yamaha-wr-250f-2022-fr","119":"product_cat-yamaha-wr-250f-2023-fr","120":"product_cat-yamaha-wr-250f-2024-fr","121":"product_cat-yamaha-wr-250f-2025-fr","122":"product_cat-yamaha-wr-250f-2026-fr","123":"product_cat-yamaha-wr-450f-fr","124":"product_cat-yamaha-wr-450f-2017-fr","125":"product_cat-yamaha-wr-450f-2018-fr","126":"product_cat-yamaha-wr-450f-2019-fr","127":"product_cat-yamaha-wr-450f-2020-fr","128":"product_cat-yamaha-wr-450f-2021-fr","129":"product_cat-yamaha-wr-450f-2022-fr","130":"product_cat-yamaha-wr-450f-2023-fr","131":"product_cat-yamaha-wr-450f-2024-fr","132":"product_cat-yamaha-wr-450f-2025-fr","133":"product_cat-yamaha-wr-450f-2026-fr","134":"product_cat-fantic-xef-250-fr","135":"product_cat-fantic-xef-250-2020-fr","136":"product_cat-fantic-xef-250-2021-fr","137":"product_cat-fantic-xef-250-2022-fr","138":"product_cat-fantic-xef-250-2023-fr","139":"product_cat-fantic-xef-250-2024-fr","140":"product_cat-fantic-xef-250-2025-fr","141":"product_cat-fantic-xef-250-2026-fr","142":"product_cat-fantic-xef-450-fr","143":"product_cat-fantic-xef-450-2020-fr","144":"product_cat-fantic-xef-450-2021-fr","145":"product_cat-fantic-xef-450-2022-fr","146":"product_cat-fantic-xef-450-2023-fr","147":"product_cat-fantic-xef-450-2024-fr","148":"product_cat-fantic-xef-450-2025-fr","149":"product_cat-fantic-xef-450-2026-fr","150":"product_cat-fantic-xx-125-fr","151":"product_cat-fantic-xx-125-2022-fr","152":"product_cat-fantic-xx-125-2023-fr","153":"product_cat-fantic-xx-125-2024-fr","154":"product_cat-fantic-xx-125-2025-fr","155":"product_cat-fantic-xx-125-2026-fr","156":"product_cat-fantic-xx-250-fr","157":"product_cat-fantic-xx-250-2022-fr","158":"product_cat-fantic-xx-250-2023-fr","159":"product_cat-fantic-xx-250-2024-fr","160":"product_cat-fantic-xx-250-2025-fr","161":"product_cat-fantic-xx-250-2026-fr","162":"product_cat-fantic-xxf-250-fr","163":"product_cat-fantic-xxf-250-2020-fr","164":"product_cat-fantic-xxf-250-2021-fr","165":"product_cat-fantic-xxf-250-2022-fr","166":"product_cat-fantic-xxf-250-2023-fr","167":"product_cat-fantic-xxf-250-2024-fr","168":"product_cat-fantic-xxf-250-2025-fr","169":"product_cat-fantic-xxf-250-2026-fr","170":"product_cat-fantic-xxf-450-fr","171":"product_cat-fantic-xxf-450-2020-fr","172":"product_cat-fantic-xxf-450-2021-fr","173":"product_cat-fantic-xxf-450-2022-fr","174":"product_cat-fantic-xxf-450-2023-fr","175":"product_cat-fantic-xxf-450-2024-fr","176":"product_cat-fantic-xxf-450-2025-fr","177":"product_cat-fantic-xxf-450-2026-fr","178":"product_cat-yamaha-fr","179":"product_cat-yamaha-yz-125-fr","180":"product_cat-yamaha-yz-125-2022-fr","181":"product_cat-yamaha-yz-125-2023-fr","182":"product_cat-yamaha-yz-125-2024-fr","183":"product_cat-yamaha-yz-125-2025-fr","184":"product_cat-yamaha-yz-125-2026-fr","185":"product_cat-yamaha-yz-250-fr","186":"product_cat-yamaha-yz-250-2022-fr","187":"product_cat-yamaha-yz-250-2023-fr","188":"product_cat-yamaha-yz-250-2024-fr","189":"product_cat-yamaha-yz-250-2025-fr","190":"product_cat-yamaha-yz-250-2026-fr","191":"product_cat-yamaha-yzf-250-fr","192":"product_cat-yamaha-yzf-250-2014-fr","193":"product_cat-yamaha-yzf-250-2015-fr","194":"product_cat-yamaha-yzf-250-2016-fr","195":"product_cat-yamaha-yzf-250-2017-fr","196":"product_cat-yamaha-yzf-250-2018-fr","197":"product_cat-yamaha-yzf-250-2019-fr","198":"product_cat-yamaha-yzf-250-2020-fr","199":"product_cat-yamaha-yzf-250-2021-fr","200":"product_cat-yamaha-yzf-250-2022-fr","201":"product_cat-yamaha-yzf-250-2023-fr","202":"product_cat-yamaha-yzf-250-2024-fr","203":"product_cat-yamaha-yzf-250-2025-fr","204":"product_cat-yamaha-yzf-250-2026-fr","205":"product_cat-yamaha-yzf-450-fr","206":"product_cat-yamaha-yzf-450-2014-fr","207":"product_cat-yamaha-yzf-450-2015-fr","208":"product_cat-yamaha-yzf-450-2016-fr","209":"product_cat-yamaha-yzf-450-2017-fr","210":"product_cat-yamaha-yzf-450-2018-fr","211":"product_cat-yamaha-yzf-450-2019-fr","212":"product_cat-yamaha-yzf-450-2020-fr","213":"product_cat-yamaha-yzf-450-2021-fr","214":"product_cat-yamaha-yzf-450-2022-fr","215":"product_cat-yamaha-yzf-450-2023-fr","216":"product_cat-yamaha-yzf-450-2024-fr","217":"product_cat-yamaha-yzf-450-2025-fr","218":"product_cat-yamaha-yzf-450-2026-fr","220":"first","221":"instock","222":"taxable","223":"shipping-taxable","224":"product-type-variable"},"_links":{"self":[{"href":"https:\/\/mx-springs.com\/fr\/wp-json\/wp\/v2\/product\/28222","targetHints":{"allow":["GET"]}}],"collection":[{"href":"https:\/\/mx-springs.com\/fr\/wp-json\/wp\/v2\/product"}],"about":[{"href":"https:\/\/mx-springs.com\/fr\/wp-json\/wp\/v2\/types\/product"}],"wp:featuredmedia":[{"embeddable":true,"href":"https:\/\/mx-springs.com\/fr\/wp-json\/wp\/v2\/media\/21953"}],"wp:attachment":[{"href":"https:\/\/mx-springs.com\/fr\/wp-json\/wp\/v2\/media?parent=28222"}],"wp:term":[{"taxonomy":"product_brand","embeddable":true,"href":"https:\/\/mx-springs.com\/fr\/wp-json\/wp\/v2\/product_brand?post=28222"},{"taxonomy":"product_cat","embeddable":true,"href":"https:\/\/mx-springs.com\/fr\/wp-json\/wp\/v2\/product_cat?post=28222"},{"taxonomy":"product_tag","embeddable":true,"href":"https:\/\/mx-springs.com\/fr\/wp-json\/wp\/v2\/product_tag?post=28222"}],"curies":[{"name":"wp","href":"https:\/\/api.w.org\/{rel}","templated":true}]}}