{"id":28201,"date":"2026-03-11T14:29:24","date_gmt":"2026-03-11T14:29:24","guid":{"rendered":"https:\/\/staging.mx-springs.com\/producten\/ressort-de-fourche-avant-mx-435-460\/"},"modified":"2026-03-11T17:12:05","modified_gmt":"2026-03-11T17:12:05","slug":"ressort-de-fourche-avant-mx-435-460","status":"publish","type":"product","link":"https:\/\/mx-springs.com\/fr\/produit\/ressort-de-fourche-avant-mx-435-460\/","title":{"rendered":"Ressort de fourche avant MX 43,5-460"},"content":{"rendered":"<div class=\"mx-desc\">\n<div class=\"mx-desc__block\">\n<div class=\"mx-desc__title\">Convient pour<\/div>\n<div class=\"mx-desc__box\">\n<div class=\"mx-desc__row\">\n<div class=\"mx-desc__label\">Beta<\/div>\n<div class=\"mx-desc__value\">\n    RR 125 2T (2018\u20132024)<br \/>RR 200 2T (2018\u20132024)<br \/>RR 250 2T (2013\u20132024)<br \/>RR 300 2T (2013\u20132024)<br \/>RR 350 4T (2013\u20132024)<br \/>RR 390 4T (2015\u20132024)<br \/>RR 400 4T (2013\u20132014)<br \/>RR 430 4T (2015\u20132024)<br \/>RR 450 4T (2013\u20132014)<br \/>RR 480 4T (2015\u20132024)\n  <\/div>\n<\/div>\n<div class=\"mx-desc__row\">\n<div class=\"mx-desc__label\">Honda<\/div>\n<div class=\"mx-desc__value\">\n    CRF 250R (2010\u20132014)<br \/>CRF 450R (2009\u20132012)\n  <\/div>\n<\/div>\n<div class=\"mx-desc__row\">\n<div class=\"mx-desc__label\">Kawasaki<\/div>\n<div class=\"mx-desc__value\">\n    KLX 450 (2007\u20132010)<br \/>KX 125 (2003\u20132009)<br \/>KX 250 (2003\u20132005)<br \/>KXF 250 (2004\u20132005)\n  <\/div>\n<\/div>\n<div class=\"mx-desc__row\">\n<div class=\"mx-desc__label\">Sherco<\/div>\n<div class=\"mx-desc__value\">\n    SC 125 FACTORY (2019\u20132020)<br \/>SC 250 FACTORY (2019\u20132020)<br \/>SC 300 FACTORY (2019\u20132026)<br \/>SC-F 250 FACTORY (2019\u20132020)<br \/>SCF 300 FACTORY (2019\u20132026)<br \/>SCF 450 FACTORY (2019\u20132026)<br \/>SCF 500 FACTORY (2019\u20132020)<br \/>SE 125 FACTORY (2019\u20132026)<br \/>SE 250 FACTORY (2019\u20132026)<br \/>SE 300 FACTORY (2019\u20132026)<br \/>SEF 250 FACTORY (2019\u20132026)<br \/>SEF 450 FACTORY (2019\u20132026)<br \/>SEF 450 ISDE RACING (2019\u20132023)<br \/>SEF 500 FACTORY (2019\u20132020)\n  <\/div>\n<\/div>\n<div class=\"mx-desc__row\">\n<div class=\"mx-desc__label\">Suzuki<\/div>\n<div class=\"mx-desc__value\">\n    RMZ 250 (2004\u20132006)\n  <\/div>\n<\/div>\n<div class=\"mx-desc__row\">\n<div class=\"mx-desc__label\">Yamaha<\/div>\n<div class=\"mx-desc__value\">\n    WR 250F (2005\u20132014)<br \/>WR 450F (2003\u20132011)\n  <\/div>\n<\/div><\/div>\n<\/p><\/div>\n<div class=\"mx-desc__block\">\n<div class=\"mx-desc__title\">Sp\u00e9cifications<\/div>\n<div class=\"mx-desc__box\">\n<div class=\"mx-desc__row\">\n<div class=\"mx-desc__label\">Diam\u00e8tre<\/div>\n<div class=\"mx-desc__value\">43.5 mm<\/div>\n<\/div>\n<div class=\"mx-desc__row\">\n<div class=\"mx-desc__label\">Longueur<\/div>\n<div class=\"mx-desc__value\">460 mm<\/div>\n<\/div>\n<div class=\"mx-desc__row\">\n<div class=\"mx-desc__label\">Raideurs<\/div>\n<div class=\"mx-desc__value mx-desc__springs\">\n    3,8 N\/mm \u00b7 4,0 N\/mm \u00b7 4,2 N\/mm \u00b7 4,4 N\/mm \u00b7 4,6 N\/mm \u00b7 4,8 N\/mm \u00b7 5,0 N\/mm \u00b7 5,2 N\/mm<\/p>\n<div class=\"mx-desc__note\">\n      La raideur correcte d\u00e9pend du poids du pilote, du style de conduite et de l\u2019utilisation. En cas de doute, contactez MX-Springs.\n    <\/div>\n<\/p><\/div>\n<\/div><\/div>\n<\/p><\/div>\n<\/div>\n","protected":false},"excerpt":{"rendered":"<p>Ressort de fourche avant convient \u00e0 divers mod\u00e8les Beta, Honda, Kawasaki, Sherco, Suzuki et Yamaha des ann\u00e9es sp\u00e9cifi\u00e9es. <a href=\"#tab-description\">Voir les sp\u00e9cifications compl\u00e8tes<\/a>.<\/p>\n","protected":false},"featured_media":21953,"template":"","meta":[],"product_brand":[],"product_cat":[32516,37136,37190,37196,37202,37208,37214,37142,37334,37340,37346,37352,32534,32552,41024,42488,42494,42500,42506,41030,42512,42518,42524,42530,42536,42542,42548,41036,41426,41432,41438,41048,41060,41066,37556,37568,37574,37580,37838,42554,42560,42566,42572,42578,42584,42590,37850,42596,42602,42608,42614,42620,42626,42632,37862,42638,42644,42650,42656,42662,42668,42674,42680,42686,42692,42698,42704,37874,42710,42716,42722,42728,42734,42740,42746,42752,42758,42764,42770,42776,37886,42782,42788,42794,42800,42806,42812,42818,42824,42830,42836,42842,42848,37898,42854,42860,42866,42872,42878,42884,42890,42896,42902,42908,37910,42110,42116,37922,42914,42920,42926,42932,42938,42944,42950,42956,42962,42968,37934,42974,42980,37940,42986,42992,42998,43004,43010,43016,43022,43028,43034,43040,38198,43046,43052,38204,38342,38348,38210,38354,38360,38366,38372,38378,38384,38390,38396,38216,38402,38408,38222,38414,38420,38426,38432,38438,38444,38450,38456,38228,38462,38468,38474,38480,38486,38492,38498,38504,38234,38510,38516,38240,38528,38534,38540,38546,38552,38558,38564,38570,38258,38600,38606,38612,38618,38624,38630,38636,38642,38276,38672,38678,38684,38690,38696,38702,38708,38714,38294,38750,38756,38762,38768,38774,38780,38786,38792,38312,40928,40934,40940,40946,40952,40958,40964,40970,38318,38822,38828,38834,38840,38846,38330,38852,38858,32570,32582,38912,40004,40010,40016,40022,40028,40034,40040,40046,40052,40058,38918,38960,38966,38972,38978,38984,38990,38996,39002,39008,32600],"product_tag":[],"class_list":{"0":"post-28201","1":"product","2":"type-product","3":"status-publish","4":"has-post-thumbnail","6":"product_cat-beta-fr","7":"product_cat-honda-crf-250r-fr","8":"product_cat-honda-crf-250r-2010-fr","9":"product_cat-honda-crf-250r-2011-fr","10":"product_cat-honda-crf-250r-2012-fr","11":"product_cat-honda-crf-250r-2013-fr","12":"product_cat-honda-crf-250r-2014-fr","13":"product_cat-honda-crf-450r-fr","14":"product_cat-honda-crf-450r-2009-fr","15":"product_cat-honda-crf-450r-2010-fr","16":"product_cat-honda-crf-450r-2011-fr","17":"product_cat-honda-crf-450r-2012-fr","18":"product_cat-honda-fr","19":"product_cat-kawasaki-fr","20":"product_cat-kawasaki-klx-450-fr","21":"product_cat-kawasaki-klx-450-2007-fr","22":"product_cat-kawasaki-klx-450-2008-fr","23":"product_cat-kawasaki-klx-450-2009-fr","24":"product_cat-kawasaki-klx-450-2010-fr","25":"product_cat-kawasaki-kx-125-fr","26":"product_cat-kawasaki-kx-125-2003-fr","27":"product_cat-kawasaki-kx-125-2004-fr","28":"product_cat-kawasaki-kx-125-2005-fr","29":"product_cat-kawasaki-kx-125-2006-fr","30":"product_cat-kawasaki-kx-125-2007-fr","31":"product_cat-kawasaki-kx-125-2008-fr","32":"product_cat-kawasaki-kx-125-2009-fr","33":"product_cat-kawasaki-kx-250-fr","34":"product_cat-kawasaki-kx-250-2003-fr","35":"product_cat-kawasaki-kx-250-2004-fr","36":"product_cat-kawasaki-kx-250-2005-fr","37":"product_cat-kawasaki-kxf-250-fr","38":"product_cat-kawasaki-kxf-250-2004-fr","39":"product_cat-kawasaki-kxf-250-2005-fr","40":"product_cat-suzuki-rmz-250-fr","41":"product_cat-suzuki-rmz-250-2004-fr","42":"product_cat-suzuki-rmz-250-2005-fr","43":"product_cat-suzuki-rmz-250-2006-fr","44":"product_cat-beta-rr-125-2t-fr","45":"product_cat-beta-rr-125-2t-2018-fr","46":"product_cat-beta-rr-125-2t-2019-fr","47":"product_cat-beta-rr-125-2t-2020-fr","48":"product_cat-beta-rr-125-2t-2021-fr","49":"product_cat-beta-rr-125-2t-2022-fr","50":"product_cat-beta-rr-125-2t-2023-fr","51":"product_cat-beta-rr-125-2t-2024-fr","52":"product_cat-beta-rr-200-2t-fr","53":"product_cat-beta-rr-200-2t-2018-fr","54":"product_cat-beta-rr-200-2t-2019-fr","55":"product_cat-beta-rr-200-2t-2020-fr","56":"product_cat-beta-rr-200-2t-2021-fr","57":"product_cat-beta-rr-200-2t-2022-fr","58":"product_cat-beta-rr-200-2t-2023-fr","59":"product_cat-beta-rr-200-2t-2024-fr","60":"product_cat-beta-rr-250-2t-fr","61":"product_cat-beta-rr-250-2t-2013-fr","62":"product_cat-beta-rr-250-2t-2014-fr","63":"product_cat-beta-rr-250-2t-2015-fr","64":"product_cat-beta-rr-250-2t-2016-fr","65":"product_cat-beta-rr-250-2t-2017-fr","66":"product_cat-beta-rr-250-2t-2018-fr","67":"product_cat-beta-rr-250-2t-2019-fr","68":"product_cat-beta-rr-250-2t-2020-fr","69":"product_cat-beta-rr-250-2t-2021-fr","70":"product_cat-beta-rr-250-2t-2022-fr","71":"product_cat-beta-rr-250-2t-2023-fr","72":"product_cat-beta-rr-250-2t-2024-fr","73":"product_cat-beta-rr-300-2t-fr","74":"product_cat-beta-rr-300-2t-2013-fr","75":"product_cat-beta-rr-300-2t-2014-fr","76":"product_cat-beta-rr-300-2t-2015-fr","77":"product_cat-beta-rr-300-2t-2016-fr","78":"product_cat-beta-rr-300-2t-2017-fr","79":"product_cat-beta-rr-300-2t-2018-fr","80":"product_cat-beta-rr-300-2t-2019-fr","81":"product_cat-beta-rr-300-2t-2020-fr","82":"product_cat-beta-rr-300-2t-2021-fr","83":"product_cat-beta-rr-300-2t-2022-fr","84":"product_cat-beta-rr-300-2t-2023-fr","85":"product_cat-beta-rr-300-2t-2024-fr","86":"product_cat-beta-rr-350-4t-fr","87":"product_cat-beta-rr-350-4t-2013-fr","88":"product_cat-beta-rr-350-4t-2014-fr","89":"product_cat-beta-rr-350-4t-2015-fr","90":"product_cat-beta-rr-350-4t-2016-fr","91":"product_cat-beta-rr-350-4t-2017-fr","92":"product_cat-beta-rr-350-4t-2018-fr","93":"product_cat-beta-rr-350-4t-2019-fr","94":"product_cat-beta-rr-350-4t-2020-fr","95":"product_cat-beta-rr-350-4t-2021-fr","96":"product_cat-beta-rr-350-4t-2022-fr","97":"product_cat-beta-rr-350-4t-2023-fr","98":"product_cat-beta-rr-350-4t-2024-fr","99":"product_cat-beta-rr-390-4t-fr","100":"product_cat-beta-rr-390-4t-2015-fr","101":"product_cat-beta-rr-390-4t-2016-fr","102":"product_cat-beta-rr-390-4t-2017-fr","103":"product_cat-beta-rr-390-4t-2018-fr","104":"product_cat-beta-rr-390-4t-2019-fr","105":"product_cat-beta-rr-390-4t-2020-fr","106":"product_cat-beta-rr-390-4t-2021-fr","107":"product_cat-beta-rr-390-4t-2022-fr","108":"product_cat-beta-rr-390-4t-2023-fr","109":"product_cat-beta-rr-390-4t-2024-fr","110":"product_cat-beta-rr-400-4t-fr","111":"product_cat-beta-rr-400-4t-2013-fr","112":"product_cat-beta-rr-400-4t-2014-fr","113":"product_cat-beta-rr-430-4t-fr","114":"product_cat-beta-rr-430-4t-2015-fr","115":"product_cat-beta-rr-430-4t-2016-fr","116":"product_cat-beta-rr-430-4t-2017-fr","117":"product_cat-beta-rr-430-4t-2018-fr","118":"product_cat-beta-rr-430-4t-2019-fr","119":"product_cat-beta-rr-430-4t-2020-fr","120":"product_cat-beta-rr-430-4t-2021-fr","121":"product_cat-beta-rr-430-4t-2022-fr","122":"product_cat-beta-rr-430-4t-2023-fr","123":"product_cat-beta-rr-430-4t-2024-fr","124":"product_cat-beta-rr-450-4t-fr","125":"product_cat-beta-rr-450-4t-2013-fr","126":"product_cat-beta-rr-450-4t-2014-fr","127":"product_cat-beta-rr-480-4t-fr","128":"product_cat-beta-rr-480-4t-2015-fr","129":"product_cat-beta-rr-480-4t-2016-fr","130":"product_cat-beta-rr-480-4t-2017-fr","131":"product_cat-beta-rr-480-4t-2018-fr","132":"product_cat-beta-rr-480-4t-2019-fr","133":"product_cat-beta-rr-480-4t-2020-fr","134":"product_cat-beta-rr-480-4t-2021-fr","135":"product_cat-beta-rr-480-4t-2022-fr","136":"product_cat-beta-rr-480-4t-2023-fr","137":"product_cat-beta-rr-480-4t-2024-fr","138":"product_cat-sherco-sc-125-factory-fr","139":"product_cat-sherco-sc-125-factory-2019-fr","140":"product_cat-sherco-sc-125-factory-2020-fr","141":"product_cat-sherco-sc-250-factory-fr","142":"product_cat-sherco-sc-250-factory-2019-fr","143":"product_cat-sherco-sc-250-factory-2020-fr","144":"product_cat-sherco-sc-300-factory-fr","145":"product_cat-sherco-sc-300-factory-2019-fr","146":"product_cat-sherco-sc-300-factory-2020-fr","147":"product_cat-sherco-sc-300-factory-2021-fr","148":"product_cat-sherco-sc-300-factory-2022-fr","149":"product_cat-sherco-sc-300-factory-2023-fr","150":"product_cat-sherco-sc-300-factory-2024-fr","151":"product_cat-sherco-sc-300-factory-2025-fr","152":"product_cat-sherco-sc-300-factory-2026-fr","153":"product_cat-sherco-sc-f-250-factory-fr","154":"product_cat-sherco-sc-f-250-factory-2019-fr","155":"product_cat-sherco-sc-f-250-factory-2020-fr","156":"product_cat-sherco-scf-300-factory-fr","157":"product_cat-sherco-scf-300-factory-2019-fr","158":"product_cat-sherco-scf-300-factory-2020-fr","159":"product_cat-sherco-scf-300-factory-2021-fr","160":"product_cat-sherco-scf-300-factory-2022-fr","161":"product_cat-sherco-scf-300-factory-2023-fr","162":"product_cat-sherco-scf-300-factory-2024-fr","163":"product_cat-sherco-scf-300-factory-2025-fr","164":"product_cat-sherco-scf-300-factory-2026-fr","165":"product_cat-sherco-scf-450-factory-fr","166":"product_cat-sherco-scf-450-factory-2019-fr","167":"product_cat-sherco-scf-450-factory-2020-fr","168":"product_cat-sherco-scf-450-factory-2021-fr","169":"product_cat-sherco-scf-450-factory-2022-fr","170":"product_cat-sherco-scf-450-factory-2023-fr","171":"product_cat-sherco-scf-450-factory-2024-fr","172":"product_cat-sherco-scf-450-factory-2025-fr","173":"product_cat-sherco-scf-450-factory-2026-fr","174":"product_cat-sherco-scf-500-factory-fr","175":"product_cat-sherco-scf-500-factory-2019-fr","176":"product_cat-sherco-scf-500-factory-2020-fr","177":"product_cat-sherco-se-125-factory-fr","178":"product_cat-sherco-se-125-factory-2019-fr","179":"product_cat-sherco-se-125-factory-2020-fr","180":"product_cat-sherco-se-125-factory-2021-fr","181":"product_cat-sherco-se-125-factory-2022-fr","182":"product_cat-sherco-se-125-factory-2023-fr","183":"product_cat-sherco-se-125-factory-2024-fr","184":"product_cat-sherco-se-125-factory-2025-fr","185":"product_cat-sherco-se-125-factory-2026-fr","186":"product_cat-sherco-se-250-factory-fr","187":"product_cat-sherco-se-250-factory-2019-fr","188":"product_cat-sherco-se-250-factory-2020-fr","189":"product_cat-sherco-se-250-factory-2021-fr","190":"product_cat-sherco-se-250-factory-2022-fr","191":"product_cat-sherco-se-250-factory-2023-fr","192":"product_cat-sherco-se-250-factory-2024-fr","193":"product_cat-sherco-se-250-factory-2025-fr","194":"product_cat-sherco-se-250-factory-2026-fr","195":"product_cat-sherco-se-300-factory-fr","196":"product_cat-sherco-se-300-factory-2019-fr","197":"product_cat-sherco-se-300-factory-2020-fr","198":"product_cat-sherco-se-300-factory-2021-fr","199":"product_cat-sherco-se-300-factory-2022-fr","200":"product_cat-sherco-se-300-factory-2023-fr","201":"product_cat-sherco-se-300-factory-2024-fr","202":"product_cat-sherco-se-300-factory-2025-fr","203":"product_cat-sherco-se-300-factory-2026-fr","204":"product_cat-sherco-sef-250-factory-fr","205":"product_cat-sherco-sef-250-factory-2019-fr","206":"product_cat-sherco-sef-250-factory-2020-fr","207":"product_cat-sherco-sef-250-factory-2021-fr","208":"product_cat-sherco-sef-250-factory-2022-fr","209":"product_cat-sherco-sef-250-factory-2023-fr","210":"product_cat-sherco-sef-250-factory-2024-fr","211":"product_cat-sherco-sef-250-factory-2025-fr","212":"product_cat-sherco-sef-250-factory-2026-fr","213":"product_cat-sherco-sef-450-factory-fr","214":"product_cat-sherco-sef-450-factory-2019-fr","215":"product_cat-sherco-sef-450-factory-2020-fr","216":"product_cat-sherco-sef-450-factory-2021-fr","217":"product_cat-sherco-sef-450-factory-2022-fr","218":"product_cat-sherco-sef-450-factory-2023-fr","219":"product_cat-sherco-sef-450-factory-2024-fr","220":"product_cat-sherco-sef-450-factory-2025-fr","221":"product_cat-sherco-sef-450-factory-2026-fr","222":"product_cat-sherco-sef-450-isde-racing-fr","223":"product_cat-sherco-sef-450-isde-racing-2019-fr","224":"product_cat-sherco-sef-450-isde-racing-2020-fr","225":"product_cat-sherco-sef-450-isde-racing-2021-fr","226":"product_cat-sherco-sef-450-isde-racing-2022-fr","227":"product_cat-sherco-sef-450-isde-racing-2023-fr","228":"product_cat-sherco-sef-500-factory-fr","229":"product_cat-sherco-sef-500-factory-2019-fr","230":"product_cat-sherco-sef-500-factory-2020-fr","231":"product_cat-sherco-fr","232":"product_cat-suzuki-fr","233":"product_cat-yamaha-wr-250f-fr","234":"product_cat-yamaha-wr-250f-2005-fr","235":"product_cat-yamaha-wr-250f-2006-fr","236":"product_cat-yamaha-wr-250f-2007-fr","237":"product_cat-yamaha-wr-250f-2008-fr","238":"product_cat-yamaha-wr-250f-2009-fr","239":"product_cat-yamaha-wr-250f-2010-fr","240":"product_cat-yamaha-wr-250f-2011-fr","241":"product_cat-yamaha-wr-250f-2012-fr","242":"product_cat-yamaha-wr-250f-2013-fr","243":"product_cat-yamaha-wr-250f-2014-fr","244":"product_cat-yamaha-wr-450f-fr","245":"product_cat-yamaha-wr-450f-2003-fr","246":"product_cat-yamaha-wr-450f-2004-fr","247":"product_cat-yamaha-wr-450f-2005-fr","248":"product_cat-yamaha-wr-450f-2006-fr","249":"product_cat-yamaha-wr-450f-2007-fr","250":"product_cat-yamaha-wr-450f-2008-fr","251":"product_cat-yamaha-wr-450f-2009-fr","252":"product_cat-yamaha-wr-450f-2010-fr","253":"product_cat-yamaha-wr-450f-2011-fr","254":"product_cat-yamaha-fr","256":"first","257":"instock","258":"taxable","259":"shipping-taxable","260":"product-type-variable"},"_links":{"self":[{"href":"https:\/\/mx-springs.com\/fr\/wp-json\/wp\/v2\/product\/28201","targetHints":{"allow":["GET"]}}],"collection":[{"href":"https:\/\/mx-springs.com\/fr\/wp-json\/wp\/v2\/product"}],"about":[{"href":"https:\/\/mx-springs.com\/fr\/wp-json\/wp\/v2\/types\/product"}],"wp:featuredmedia":[{"embeddable":true,"href":"https:\/\/mx-springs.com\/fr\/wp-json\/wp\/v2\/media\/21953"}],"wp:attachment":[{"href":"https:\/\/mx-springs.com\/fr\/wp-json\/wp\/v2\/media?parent=28201"}],"wp:term":[{"taxonomy":"product_brand","embeddable":true,"href":"https:\/\/mx-springs.com\/fr\/wp-json\/wp\/v2\/product_brand?post=28201"},{"taxonomy":"product_cat","embeddable":true,"href":"https:\/\/mx-springs.com\/fr\/wp-json\/wp\/v2\/product_cat?post=28201"},{"taxonomy":"product_tag","embeddable":true,"href":"https:\/\/mx-springs.com\/fr\/wp-json\/wp\/v2\/product_tag?post=28201"}],"curies":[{"name":"wp","href":"https:\/\/api.w.org\/{rel}","templated":true}]}}