{"id":28195,"date":"2026-03-11T14:29:24","date_gmt":"2026-03-11T14:29:24","guid":{"rendered":"https:\/\/staging.mx-springs.com\/producten\/ressort-de-fourche-avant-mx-43-2-505\/"},"modified":"2026-03-11T17:10:33","modified_gmt":"2026-03-11T17:10:33","slug":"ressort-de-fourche-avant-mx-43-2-505","status":"publish","type":"product","link":"https:\/\/mx-springs.com\/fr\/produit\/ressort-de-fourche-avant-mx-43-2-505\/","title":{"rendered":"Ressort de fourche avant MX 43.2-505"},"content":{"rendered":"<div class=\"mx-desc\">\n<div class=\"mx-desc__block\">\n<div class=\"mx-desc__title\">Convient pour<\/div>\n<div class=\"mx-desc__box\">\n<div class=\"mx-desc__row\">\n<div class=\"mx-desc__label\">KTM<\/div>\n<div class=\"mx-desc__value\">\n    EXC 125 (2005\u20132016)<br \/>EXC 125 SIX DAYS (2005\u20132012)<br \/>EXC 200 (2005\u20132016)<br \/>EXC 250 (2005\u20132016)<br \/>EXC 250 SIX DAYS (2005\u20132012)<br \/>EXC 300 (2005\u20132016)<br \/>EXC 300 SIX DAYS (2005\u20132012)<br \/>EXC-F 250 (2006\u20132016)<br \/>EXC-F 250 SIX DAYS (2011\u20132012)<br \/>EXC-F 350 (2001\u20132016)<br \/>EXC-F 350 SIX DAYS (2011\u20132012)<br \/>EXC-F 400 (2005\u20132011)<br \/>EXC-F 450 (2005\u20132016)<br \/>EXC-F 450 SIX DAYS (2009\u20132012)<br \/>EXC-F 500 (2012\u20132016)<br \/>EXC-F 500 SIX DAYS (2012)<br \/>EXC-F 525 (2005\u20132007)<br \/>EXC-F 530 (2005\u20132011)<br \/>SX 125 (2004\u20132006)<br \/>SX 250 (2004\u20132006)<br \/>SX-F 250 (2004\u20132006)<br \/>SX-F 450 (2004\u20132006)<br \/>SX-F 525 (2004\u20132006)\n  <\/div>\n<\/div>\n<div class=\"mx-desc__row\">\n<div class=\"mx-desc__label\">Sherco<\/div>\n<div class=\"mx-desc__value\">\n    SE 250 FACTORY (2014\u20132015)<br \/>SE 250 ISDE RACING (2014\u20132018)<br \/>SE 300 FACTORY (2014\u20132015)<br \/>SE 300 ISDE RACING (2015\u20132017)<br \/>SE 300 RACING (2014\u20132018)<br \/>SEF 250 FACTORY (2014\u20132016)<br \/>SEF 250 ISDE RACING (2014\u20132017)<br \/>SEF 250 RACING (2014\u20132017)<br \/>SEF 450 FACTORY (2015\u20132016)<br \/>SEF 450 ISDE RACING (2015\u20132018)<br \/>SEF 450 RACING (2015\u20132018)\n  <\/div>\n<\/div><\/div>\n<\/p><\/div>\n<div class=\"mx-desc__block\">\n<div class=\"mx-desc__title\">Sp\u00e9cifications<\/div>\n<div class=\"mx-desc__box\">\n<div class=\"mx-desc__row\">\n<div class=\"mx-desc__label\">Diam\u00e8tre<\/div>\n<div class=\"mx-desc__value\">43.2 mm<\/div>\n<\/div>\n<div class=\"mx-desc__row\">\n<div class=\"mx-desc__label\">Longueur<\/div>\n<div class=\"mx-desc__value\">505 mm<\/div>\n<\/div>\n<div class=\"mx-desc__row\">\n<div class=\"mx-desc__label\">Raideurs<\/div>\n<div class=\"mx-desc__value mx-desc__springs\">\n    3,8 N\/mm \u00b7 4,0 N\/mm \u00b7 4,2 N\/mm \u00b7 4,4 N\/mm \u00b7 4,6 N\/mm \u00b7 4,8 N\/mm \u00b7 5,0 N\/mm \u00b7 5,2 N\/mm<\/p>\n<div class=\"mx-desc__note\">\n      La raideur correcte d\u00e9pend du poids du pilote, du style de conduite et de l\u2019utilisation. En cas de doute, contactez MX-Springs.\n    <\/div>\n<\/p><\/div>\n<\/div><\/div>\n<\/p><\/div>\n<\/div>\n","protected":false},"excerpt":{"rendered":"<p>Ressort de fourche avant convient \u00e0 divers mod\u00e8les KTM et Sherco des ann\u00e9es sp\u00e9cifi\u00e9es. <a href=\"#tab-description\">Voir les sp\u00e9cifications compl\u00e8tes<\/a>.<\/p>\n","protected":false},"featured_media":21953,"template":"","meta":[],"product_brand":[],"product_cat":[32714,36314,36320,36326,36332,36338,36344,36350,36356,36362,36368,36374,36380,32720,43361,43366,43371,43376,43381,43386,43391,43396,32732,36386,36392,36398,36404,36410,36416,36422,36428,36434,36440,36446,36452,32738,33614,33620,33626,33632,33638,33644,33650,33656,33662,33668,33674,33680,32744,40424,40430,40436,40442,40448,40454,40460,40466,32750,33746,33752,33758,33764,33770,33776,33782,33788,33794,33800,33806,33812,32756,40502,40508,40514,40520,40526,40532,40538,40544,32786,33878,33884,33890,33896,33902,33908,33914,33920,33926,33932,33938,32792,40580,40586,32798,34004,34010,34016,34022,34028,34034,34040,34046,34052,34058,34064,34070,34076,34082,34088,34094,32804,40616,40622,32810,36458,36464,36470,36626,36632,36638,36644,32816,36500,36506,36512,34160,34166,34172,34178,34184,34190,34196,34202,34208,32822,43601,43606,43611,43616,32828,34274,34280,34286,34292,34298,32834,43671,32774,36542,36548,36554,32840,36584,36590,36596,36650,36656,36662,36668,32558,38258,38576,38582,38264,40748,40754,40760,40766,40772,38276,38648,38654,38282,40778,40784,40790,38288,40796,40802,40808,40814,40820,38294,38720,38726,38732,38300,40826,40832,40838,40844,38306,40856,40862,40868,40874,38312,40904,40910,38318,38798,38804,38810,38816,38324,40976,40982,40988,40994,32570,32852,35270,35276,35282,32870,35408,35414,35420,32894,43726,43731,35570,32906,35792,35798,35804,32918,41006,41012,41018],"product_tag":[],"class_list":{"0":"post-28195","1":"product","2":"type-product","3":"status-publish","4":"has-post-thumbnail","6":"product_cat-ktm-exc-125-fr","7":"product_cat-ktm-exc-125-2005-fr","8":"product_cat-ktm-exc-125-2006-fr","9":"product_cat-ktm-exc-125-2007-fr","10":"product_cat-ktm-exc-125-2008-fr","11":"product_cat-ktm-exc-125-2009-fr","12":"product_cat-ktm-exc-125-2010-fr","13":"product_cat-ktm-exc-125-2011-fr","14":"product_cat-ktm-exc-125-2012-fr","15":"product_cat-ktm-exc-125-2013-fr","16":"product_cat-ktm-exc-125-2014-fr","17":"product_cat-ktm-exc-125-2015-fr","18":"product_cat-ktm-exc-125-2016-fr","19":"product_cat-ktm-exc-125-six-days-fr","20":"product_cat-exc-125-six-days-2005-fr","21":"product_cat-exc-125-six-days-2006-fr","22":"product_cat-exc-125-six-days-2007-fr","23":"product_cat-exc-125-six-days-2008-fr","24":"product_cat-exc-125-six-days-2009-fr","25":"product_cat-exc-125-six-days-2010-fr","26":"product_cat-exc-125-six-days-2011-fr","27":"product_cat-exc-125-six-days-2012-fr","28":"product_cat-ktm-exc-200-fr","29":"product_cat-ktm-exc-200-2005-fr","30":"product_cat-ktm-exc-200-2006-fr","31":"product_cat-ktm-exc-200-2007-fr","32":"product_cat-ktm-exc-200-2008-fr","33":"product_cat-ktm-exc-200-2009-fr","34":"product_cat-ktm-exc-200-2010-fr","35":"product_cat-ktm-exc-200-2011-fr","36":"product_cat-ktm-exc-200-2012-fr","37":"product_cat-ktm-exc-200-2013-fr","38":"product_cat-ktm-exc-200-2014-fr","39":"product_cat-ktm-exc-200-2015-fr","40":"product_cat-ktm-exc-200-2016-fr","41":"product_cat-ktm-exc-250-fr","42":"product_cat-ktm-exc-250-2005-fr","43":"product_cat-ktm-exc-250-2006-fr","44":"product_cat-ktm-exc-250-2007-fr","45":"product_cat-ktm-exc-250-2008-fr","46":"product_cat-ktm-exc-250-2009-fr","47":"product_cat-ktm-exc-250-2010-fr","48":"product_cat-ktm-exc-250-2011-fr","49":"product_cat-ktm-exc-250-2012-fr","50":"product_cat-ktm-exc-250-2013-fr","51":"product_cat-ktm-exc-250-2014-fr","52":"product_cat-ktm-exc-250-2015-fr","53":"product_cat-ktm-exc-250-2016-fr","54":"product_cat-ktm-exc-250-six-days-fr","55":"product_cat-ktm-exc-250-six-days-2005-fr","56":"product_cat-ktm-exc-250-six-days-2006-fr","57":"product_cat-ktm-exc-250-six-days-2007-fr","58":"product_cat-ktm-exc-250-six-days-2008-fr","59":"product_cat-ktm-exc-250-six-days-2009-fr","60":"product_cat-ktm-exc-250-six-days-2010-fr","61":"product_cat-ktm-exc-250-six-days-2011-fr","62":"product_cat-ktm-exc-250-six-days-2012-fr","63":"product_cat-ktm-exc-300-fr","64":"product_cat-ktm-exc-300-2005-fr","65":"product_cat-ktm-exc-300-2006-fr","66":"product_cat-ktm-exc-300-2007-fr","67":"product_cat-ktm-exc-300-2008-fr","68":"product_cat-ktm-exc-300-2009-fr","69":"product_cat-ktm-exc-300-2010-fr","70":"product_cat-ktm-exc-300-2011-fr","71":"product_cat-ktm-exc-300-2012-fr","72":"product_cat-ktm-exc-300-2013-fr","73":"product_cat-ktm-exc-300-2014-fr","74":"product_cat-ktm-exc-300-2015-fr","75":"product_cat-ktm-exc-300-2016-fr","76":"product_cat-ktm-exc-300-six-days-fr","77":"product_cat-ktm-exc-300-six-days-2005-fr","78":"product_cat-ktm-exc-300-six-days-2006-fr","79":"product_cat-ktm-exc-300-six-days-2007-fr","80":"product_cat-ktm-exc-300-six-days-2008-fr","81":"product_cat-ktm-exc-300-six-days-2009-fr","82":"product_cat-ktm-exc-300-six-days-2010-fr","83":"product_cat-ktm-exc-300-six-days-2011-fr","84":"product_cat-ktm-exc-300-six-days-2012-fr","85":"product_cat-ktm-exc-f-250-fr","86":"product_cat-ktm-exc-f-250-2006-fr","87":"product_cat-ktm-exc-f-250-2007-fr","88":"product_cat-ktm-exc-f-250-2008-fr","89":"product_cat-ktm-exc-f-250-2009-fr","90":"product_cat-ktm-exc-f-250-2010-fr","91":"product_cat-ktm-exc-f-250-2011-fr","92":"product_cat-ktm-exc-f-250-2012-fr","93":"product_cat-ktm-exc-f-250-2013-fr","94":"product_cat-ktm-exc-f-250-2014-fr","95":"product_cat-ktm-exc-f-250-2015-fr","96":"product_cat-ktm-exc-f-250-2016-fr","97":"product_cat-ktm-exc-f-250-six-days-fr","98":"product_cat-ktm-exc-f-250-six-days-2011-fr","99":"product_cat-ktm-exc-f-250-six-days-2012-fr","100":"product_cat-ktm-exc-f-350-fr","101":"product_cat-ktm-exc-f-350-2001-fr","102":"product_cat-ktm-exc-f-350-2002-fr","103":"product_cat-ktm-exc-f-350-2003-fr","104":"product_cat-ktm-exc-f-350-2004-fr","105":"product_cat-ktm-exc-f-350-2005-fr","106":"product_cat-ktm-exc-f-350-2006-fr","107":"product_cat-ktm-exc-f-350-2007-fr","108":"product_cat-ktm-exc-f-350-2008-fr","109":"product_cat-ktm-exc-f-350-2009-fr","110":"product_cat-ktm-exc-f-350-2010-fr","111":"product_cat-ktm-exc-f-350-2011-fr","112":"product_cat-ktm-exc-f-350-2012-fr","113":"product_cat-ktm-exc-f-350-2013-fr","114":"product_cat-ktm-exc-f-350-2014-fr","115":"product_cat-ktm-exc-f-350-2015-fr","116":"product_cat-ktm-exc-f-350-2016-fr","117":"product_cat-ktm-exc-f-350-six-days-fr","118":"product_cat-ktm-exc-f-350-six-days-2011-fr","119":"product_cat-ktm-exc-f-350-six-days-2012-fr","120":"product_cat-ktm-exc-f-400-fr","121":"product_cat-ktm-exc-f-400-2005-fr","122":"product_cat-ktm-exc-f-400-2006-fr","123":"product_cat-ktm-exc-f-400-2007-fr","124":"product_cat-ktm-exc-f-400-2008-fr","125":"product_cat-ktm-exc-f-400-2009-fr","126":"product_cat-ktm-exc-f-400-2010-fr","127":"product_cat-ktm-exc-f-400-2011-fr","128":"product_cat-ktm-exc-f-450-fr","129":"product_cat-ktm-exc-f-450-2005-fr","130":"product_cat-ktm-exc-f-450-2006-fr","131":"product_cat-ktm-exc-f-450-2007-fr","132":"product_cat-ktm-exc-f-450-2008-fr","133":"product_cat-ktm-exc-f-450-2009-fr","134":"product_cat-ktm-exc-f-450-2010-fr","135":"product_cat-ktm-exc-f-450-2011-fr","136":"product_cat-ktm-exc-f-450-2012-fr","137":"product_cat-ktm-exc-f-450-2013-fr","138":"product_cat-ktm-exc-f-450-2014-fr","139":"product_cat-ktm-exc-f-450-2015-fr","140":"product_cat-ktm-exc-f-450-2016-fr","141":"product_cat-ktm-exc-f-450-six-days-fr","142":"product_cat-exc-f-450-six-days-2009-fr","143":"product_cat-exc-f-450-six-days-2010-fr","144":"product_cat-exc-f-450-six-days-2011-fr","145":"product_cat-exc-f-450-six-days-2012-fr","146":"product_cat-ktm-exc-f-500-fr","147":"product_cat-ktm-exc-f-500-2012-fr","148":"product_cat-ktm-exc-f-500-2013-fr","149":"product_cat-ktm-exc-f-500-2014-fr","150":"product_cat-ktm-exc-f-500-2015-fr","151":"product_cat-ktm-exc-f-500-2016-fr","152":"product_cat-ktm-exc-f-500-six-days-fr","153":"product_cat-exc-f-500-six-days-2012-fr","154":"product_cat-ktm-exc-f-525-fr","155":"product_cat-ktm-exc-f-525-2005-fr","156":"product_cat-ktm-exc-f-525-2006-fr","157":"product_cat-ktm-exc-f-525-2007-fr","158":"product_cat-ktm-exc-f-530-fr","159":"product_cat-ktm-exc-f-530-2005-fr","160":"product_cat-ktm-exc-f-530-2006-fr","161":"product_cat-ktm-exc-f-530-2007-fr","162":"product_cat-ktm-exc-f-530-2008-fr","163":"product_cat-ktm-exc-f-530-2009-fr","164":"product_cat-ktm-exc-f-530-2010-fr","165":"product_cat-ktm-exc-f-530-2011-fr","166":"product_cat-ktm-fr","167":"product_cat-sherco-se-250-factory-fr","168":"product_cat-sherco-se-250-factory-2014-fr","169":"product_cat-sherco-se-250-factory-2015-fr","170":"product_cat-sherco-se-250-isde-racing-fr","171":"product_cat-sherco-se-250-isde-racing-2014-fr","172":"product_cat-sherco-se-250-isde-racing-2015-fr","173":"product_cat-sherco-se-250-isde-racing-2016-fr","174":"product_cat-sherco-se-250-isde-racing-2017-fr","175":"product_cat-sherco-se-250-isde-racing-2018-fr","176":"product_cat-sherco-se-300-factory-fr","177":"product_cat-sherco-se-300-factory-2014-fr","178":"product_cat-sherco-se-300-factory-2015-fr","179":"product_cat-sherco-se-300-isde-racing-fr","180":"product_cat-sherco-se-300-isde-racing-2015-fr","181":"product_cat-sherco-se-300-isde-racing-2016-fr","182":"product_cat-sherco-se-300-isde-racing-2017-fr","183":"product_cat-sherco-se-300-racing-fr","184":"product_cat-sherco-se-300-racing-2014-fr","185":"product_cat-sherco-se-300-racing-2015-fr","186":"product_cat-sherco-se-300-racing-2016-fr","187":"product_cat-sherco-se-300-racing-2017-fr","188":"product_cat-sherco-se-300-racing-2018-fr","189":"product_cat-sherco-sef-250-factory-fr","190":"product_cat-sherco-sef-250-factory-2014-fr","191":"product_cat-sherco-sef-250-factory-2015-fr","192":"product_cat-sherco-sef-250-factory-2016-fr","193":"product_cat-sherco-sef-250-isde-racing-fr","194":"product_cat-sherco-sef-250-isde-racing-2014-fr","195":"product_cat-sherco-sef-250-isde-racing-2015-fr","196":"product_cat-sherco-sef-250-isde-racing-2016-fr","197":"product_cat-sherco-sef-250-isde-racing-2017-fr","198":"product_cat-sherco-sef-250-racing-fr","199":"product_cat-sherco-sef-250-racing-2014-fr","200":"product_cat-sherco-sef-250-racing-2015-fr","201":"product_cat-sherco-sef-250-racing-2016-fr","202":"product_cat-sherco-sef-250-racing-2017-fr","203":"product_cat-sherco-sef-450-factory-fr","204":"product_cat-sherco-sef-450-factory-2015-fr","205":"product_cat-sherco-sef-450-factory-2016-fr","206":"product_cat-sherco-sef-450-isde-racing-fr","207":"product_cat-sherco-sef-450-isde-racing-2015-fr","208":"product_cat-sherco-sef-450-isde-racing-2016-fr","209":"product_cat-sherco-sef-450-isde-racing-2017-fr","210":"product_cat-sherco-sef-450-isde-racing-2018-fr","211":"product_cat-sherco-sef-450-racing-fr","212":"product_cat-sherco-sef-450-racing-2015-fr","213":"product_cat-sherco-sef-450-racing-2016-fr","214":"product_cat-sherco-sef-450-racing-2017-fr","215":"product_cat-sherco-sef-450-racing-2018-fr","216":"product_cat-sherco-fr","217":"product_cat-ktm-sx-125-fr","218":"product_cat-ktm-sx-125-2004-fr","219":"product_cat-ktm-sx-125-2005-fr","220":"product_cat-ktm-sx-125-2006-fr","221":"product_cat-ktm-sx-250-fr","222":"product_cat-ktm-sx-250-2004-fr","223":"product_cat-ktm-sx-250-2005-fr","224":"product_cat-ktm-sx-250-2006-fr","225":"product_cat-ktm-sx-f-250-fr","226":"product_cat-sx-f-250-2004-fr","227":"product_cat-sx-f-250-2005-fr","228":"product_cat-ktm-sx-f-250-2006-fr","229":"product_cat-ktm-sx-f-450-fr","230":"product_cat-ktm-sx-f-450-2004-fr","231":"product_cat-ktm-sx-f-450-2005-fr","232":"product_cat-ktm-sx-f-450-2006-fr","233":"product_cat-ktm-sx-f-525-fr","234":"product_cat-ktm-sx-f-525-2004-fr","235":"product_cat-ktm-sx-f-525-2005-fr","236":"product_cat-ktm-sx-f-525-2006-fr","238":"first","239":"instock","240":"taxable","241":"shipping-taxable","242":"product-type-variable"},"_links":{"self":[{"href":"https:\/\/mx-springs.com\/fr\/wp-json\/wp\/v2\/product\/28195","targetHints":{"allow":["GET"]}}],"collection":[{"href":"https:\/\/mx-springs.com\/fr\/wp-json\/wp\/v2\/product"}],"about":[{"href":"https:\/\/mx-springs.com\/fr\/wp-json\/wp\/v2\/types\/product"}],"wp:featuredmedia":[{"embeddable":true,"href":"https:\/\/mx-springs.com\/fr\/wp-json\/wp\/v2\/media\/21953"}],"wp:attachment":[{"href":"https:\/\/mx-springs.com\/fr\/wp-json\/wp\/v2\/media?parent=28195"}],"wp:term":[{"taxonomy":"product_brand","embeddable":true,"href":"https:\/\/mx-springs.com\/fr\/wp-json\/wp\/v2\/product_brand?post=28195"},{"taxonomy":"product_cat","embeddable":true,"href":"https:\/\/mx-springs.com\/fr\/wp-json\/wp\/v2\/product_cat?post=28195"},{"taxonomy":"product_tag","embeddable":true,"href":"https:\/\/mx-springs.com\/fr\/wp-json\/wp\/v2\/product_tag?post=28195"}],"curies":[{"name":"wp","href":"https:\/\/api.w.org\/{rel}","templated":true}]}}