{"id":28186,"date":"2026-03-11T14:21:00","date_gmt":"2026-03-11T14:21:00","guid":{"rendered":"https:\/\/staging.mx-springs.com\/producten\/ressort-de-fourche-avant-mx-4275-495\/"},"modified":"2026-03-11T17:09:04","modified_gmt":"2026-03-11T17:09:04","slug":"ressort-de-fourche-avant-mx-4275-495","status":"publish","type":"product","link":"https:\/\/mx-springs.com\/fr\/produit\/ressort-de-fourche-avant-mx-4275-495\/","title":{"rendered":"Ressort de fourche avant MX 42,75-495"},"content":{"rendered":"<div class=\"mx-desc\">\n<div class=\"mx-desc__block\">\n<div class=\"mx-desc__title\">Convient pour<\/div>\n<div class=\"mx-desc__box\">\n<div class=\"mx-desc__row\">\n<div class=\"mx-desc__label\">Honda<\/div>\n<div class=\"mx-desc__value\">\n    CR 250R (2001\u20132007)<br \/>CRF 250R (2004\u20132009)<br \/>CRF 450R (2002\u20132008)<br \/>CRF 450X (2010\u20132017)\n  <\/div>\n<\/div>\n<div class=\"mx-desc__row\">\n<div class=\"mx-desc__label\">Kawasaki<\/div>\n<div class=\"mx-desc__value\">\n    KXF 250 (2006\u20132010)\n  <\/div>\n<\/div>\n<div class=\"mx-desc__row\">\n<div class=\"mx-desc__label\">Suzuki<\/div>\n<div class=\"mx-desc__value\">\n    RM 125 (2004\u20132009)<br \/>RM 250 (2004\u20132009)<br \/>RMZ 250 (2007\u20132012)<br \/>RMZ 450 (2005\u20132012)\n  <\/div>\n<\/div><\/div>\n<\/p><\/div>\n<div class=\"mx-desc__block\">\n<div class=\"mx-desc__title\">Sp\u00e9cifications<\/div>\n<div class=\"mx-desc__box\">\n<div class=\"mx-desc__row\">\n<div class=\"mx-desc__label\">Diam\u00e8tre<\/div>\n<div class=\"mx-desc__value\">42.75 mm<\/div>\n<\/div>\n<div class=\"mx-desc__row\">\n<div class=\"mx-desc__label\">Longueur<\/div>\n<div class=\"mx-desc__value\">495 mm<\/div>\n<\/div>\n<div class=\"mx-desc__row\">\n<div class=\"mx-desc__label\">Raideurs<\/div>\n<div class=\"mx-desc__value mx-desc__springs\">\n    3,8 N\/mm \u00b7 4,0 N\/mm \u00b7 4,2 N\/mm \u00b7 4,4 N\/mm \u00b7 4,6 N\/mm \u00b7 4,8 N\/mm \u00b7 5,0 N\/mm \u00b7 5,2 N\/mm<\/p>\n<div class=\"mx-desc__note\">\n      La raideur correcte d\u00e9pend du poids du pilote, du style de conduite et de l\u2019utilisation. En cas de doute, contactez MX-Springs.\n    <\/div>\n<\/p><\/div>\n<\/div><\/div>\n<\/p><\/div>\n<\/div>\n","protected":false},"excerpt":{"rendered":"<p>Ressort de fourche avant convient \u00e0 divers mod\u00e8les Honda, Kawasaki et Suzuki des ann\u00e9es sp\u00e9cifi\u00e9es. <a href=\"#tab-description\">Voir les sp\u00e9cifications compl\u00e8tes<\/a>.<\/p>\n","protected":false},"featured_media":21953,"template":"","meta":[],"product_brand":[],"product_cat":[37130,38084,38090,38096,38102,38108,38114,38120,37136,37154,37160,37166,37172,37178,37184,37142,37292,37298,37304,37310,37316,37322,37328,37148,37442,37448,37454,37460,37466,37472,37478,37484,32534,32552,41048,41072,41078,41084,41090,41096,37544,38126,38132,38138,38144,38150,38156,37550,38162,38168,38174,38180,38186,38192,37556,37586,37592,37598,37604,37610,37616,37562,37706,37712,37718,37724,37730,37736,37742,37748,32582],"product_tag":[],"class_list":{"0":"post-28186","1":"product","2":"type-product","3":"status-publish","4":"has-post-thumbnail","6":"product_cat-honda-cr-250r-fr","7":"product_cat-honda-cr-250r-2001-fr","8":"product_cat-honda-cr-250r-2002-fr","9":"product_cat-honda-cr-250r-2003-fr","10":"product_cat-honda-cr-250r-2004-fr","11":"product_cat-honda-cr-250r-2005-fr","12":"product_cat-honda-cr-250r-2006-fr","13":"product_cat-honda-cr-250r-2007-fr","14":"product_cat-honda-crf-250r-fr","15":"product_cat-honda-crf-250r-2004-fr","16":"product_cat-honda-crf-250r-2005-fr","17":"product_cat-honda-crf-250r-2006-fr","18":"product_cat-honda-crf-250r-2007-fr","19":"product_cat-honda-crf-250r-2008-fr","20":"product_cat-honda-crf-250r-2009-fr","21":"product_cat-honda-crf-450r-fr","22":"product_cat-honda-crf-450r-2002-fr","23":"product_cat-honda-crf-450r-2003-fr","24":"product_cat-honda-crf-450r-2004-fr","25":"product_cat-honda-crf-450r-2005-fr","26":"product_cat-honda-crf-450r-2006-fr","27":"product_cat-honda-crf-450r-2007-fr","28":"product_cat-honda-crf-450r-2008-fr","29":"product_cat-honda-crf-450x-fr","30":"product_cat-honda-crf-450x-2010-fr","31":"product_cat-honda-crf-450x-2011-fr","32":"product_cat-honda-crf-450x-2012-fr","33":"product_cat-honda-crf-450x-2013-fr","34":"product_cat-honda-crf-450x-2014-fr","35":"product_cat-honda-crf-450x-2015-fr","36":"product_cat-honda-crf-450x-2016-fr","37":"product_cat-honda-crf-450x-2017-fr","38":"product_cat-honda-fr","39":"product_cat-kawasaki-fr","40":"product_cat-kawasaki-kxf-250-fr","41":"product_cat-kawasaki-kxf-250-2006-fr","42":"product_cat-kawasaki-kxf-250-2007-fr","43":"product_cat-kawasaki-kxf-250-2008-fr","44":"product_cat-kawasaki-kxf-250-2009-fr","45":"product_cat-kawasaki-kxf-250-2010-fr","46":"product_cat-suzuki-rm-125-fr","47":"product_cat-suzuki-rm-125-2004-fr","48":"product_cat-suzuki-rm-125-2005-fr","49":"product_cat-suzuki-rm-125-2006-fr","50":"product_cat-suzuki-rm-125-2007-fr","51":"product_cat-suzuki-rm-125-2008-fr","52":"product_cat-suzuki-rm-125-2009-fr","53":"product_cat-suzuki-rm-250-fr","54":"product_cat-suzuki-rm-250-2004-fr","55":"product_cat-suzuki-rm-250-2005-fr","56":"product_cat-suzuki-rm-250-2006-fr","57":"product_cat-suzuki-rm-250-2007-fr","58":"product_cat-suzuki-rm-250-2008-fr","59":"product_cat-suzuki-rm-250-2009-fr","60":"product_cat-suzuki-rmz-250-fr","61":"product_cat-suzuki-rmz-250-2007-fr","62":"product_cat-suzuki-rmz-250-2008-fr","63":"product_cat-suzuki-rmz-250-2009-fr","64":"product_cat-suzuki-rmz-250-2010-fr","65":"product_cat-suzuki-rmz-250-2011-fr","66":"product_cat-suzuki-rmz-250-2012-fr","67":"product_cat-suzuki-rmz-450-fr","68":"product_cat-suzuki-rmz-450-2005-fr","69":"product_cat-suzuki-rmz-450-2006-fr","70":"product_cat-suzuki-rmz-450-2007-fr","71":"product_cat-suzuki-rmz-450-2008-fr","72":"product_cat-suzuki-rmz-450-2009-fr","73":"product_cat-suzuki-rmz-450-2010-fr","74":"product_cat-suzuki-rmz-450-2011-fr","75":"product_cat-suzuki-rmz-450-2012-fr","76":"product_cat-suzuki-fr","78":"first","79":"instock","80":"taxable","81":"shipping-taxable","82":"product-type-variable"},"_links":{"self":[{"href":"https:\/\/mx-springs.com\/fr\/wp-json\/wp\/v2\/product\/28186","targetHints":{"allow":["GET"]}}],"collection":[{"href":"https:\/\/mx-springs.com\/fr\/wp-json\/wp\/v2\/product"}],"about":[{"href":"https:\/\/mx-springs.com\/fr\/wp-json\/wp\/v2\/types\/product"}],"wp:featuredmedia":[{"embeddable":true,"href":"https:\/\/mx-springs.com\/fr\/wp-json\/wp\/v2\/media\/21953"}],"wp:attachment":[{"href":"https:\/\/mx-springs.com\/fr\/wp-json\/wp\/v2\/media?parent=28186"}],"wp:term":[{"taxonomy":"product_brand","embeddable":true,"href":"https:\/\/mx-springs.com\/fr\/wp-json\/wp\/v2\/product_brand?post=28186"},{"taxonomy":"product_cat","embeddable":true,"href":"https:\/\/mx-springs.com\/fr\/wp-json\/wp\/v2\/product_cat?post=28186"},{"taxonomy":"product_tag","embeddable":true,"href":"https:\/\/mx-springs.com\/fr\/wp-json\/wp\/v2\/product_tag?post=28186"}],"curies":[{"name":"wp","href":"https:\/\/api.w.org\/{rel}","templated":true}]}}