{"id":28184,"date":"2026-03-11T14:21:00","date_gmt":"2026-03-11T14:21:00","guid":{"rendered":"https:\/\/staging.mx-springs.com\/producten\/ressort-de-fourche-avant-mx-38-425\/"},"modified":"2026-03-20T12:06:02","modified_gmt":"2026-03-20T12:06:02","slug":"ressort-de-fourche-avant-mx-38-425","status":"publish","type":"product","link":"https:\/\/mx-springs.com\/fr\/produit\/ressort-de-fourche-avant-mx-38-425\/","title":{"rendered":"Ressort de fourche avant MX 38-425"},"content":{"rendered":"<div class=\"mx-desc\">\n<div class=\"mx-desc__block\">\n<div class=\"mx-desc__title\">Convient pour<\/div>\n<div class=\"mx-desc__box\">\n<div class=\"mx-desc__row\">\n<div class=\"mx-desc__label\">Husqvarna<\/div>\n<div class=\"mx-desc__value\">\n    TC 85 (2014\u20132017)\n  <\/div>\n<\/div>\n<div class=\"mx-desc__row\">\n<div class=\"mx-desc__label\">KTM<\/div>\n<div class=\"mx-desc__value\">\n    SX 85 (2004\u20132017)\n  <\/div>\n<\/div><\/div>\n<\/p><\/div>\n<div class=\"mx-desc__block\">\n<div class=\"mx-desc__title\">Sp\u00e9cifications<\/div>\n<div class=\"mx-desc__box\">\n<div class=\"mx-desc__row\">\n<div class=\"mx-desc__label\">Diam\u00e8tre<\/div>\n<div class=\"mx-desc__value\">38 mm<\/div>\n<\/div>\n<div class=\"mx-desc__row\">\n<div class=\"mx-desc__label\">Longueur<\/div>\n<div class=\"mx-desc__value\">425 mm<\/div>\n<\/div>\n<div class=\"mx-desc__row\">\n<div class=\"mx-desc__label\">Raideur<\/div>\n<div class=\"mx-desc__value mx-desc__springs\">\n    3.8 N\/mm \u00b7 3.6 N\/mm \u00b7 3.4 N\/mm \u00b7 3.2 N\/mm \u00b7 3.0 N\/mm \u00b7 2.8 N\/mm<\/p>\n<div class=\"mx-desc__note\">\n      La raideur correcte d\u00e9pend du poids du pilote, du style de conduite et de l\u2019utilisation. En cas de doute, contactez MX-Springs.\n    <\/div>\n<\/p><\/div>\n<\/div><\/div>\n<\/p><\/div>\n<\/div>\n","protected":false},"excerpt":{"rendered":"<p>Ressort de fourche avant convient \u00e0 divers mod\u00e8les Husqvarna et KTM des ann\u00e9es sp\u00e9cifi\u00e9es. <a href=\"#tab-description\">Voir les sp\u00e9cifications compl\u00e8tes<\/a>.<\/p>\n","protected":false},"featured_media":21953,"template":"","meta":[],"product_brand":[],"product_cat":[32546,32558,32888,33356,33362,33368,33374,33380,33386,33392,33398,33404,33410,33416,33422,33428,33434,33134,33494,33500,33506,33512],"product_tag":[],"class_list":{"0":"post-28184","1":"product","2":"type-product","3":"status-publish","4":"has-post-thumbnail","6":"product_cat-husqvarna-fr","7":"product_cat-ktm-fr","8":"product_cat-ktm-sx-85-fr","9":"product_cat-ktm-sx-85-2004-fr","10":"product_cat-ktm-sx-85-2005-fr","11":"product_cat-ktm-sx-85-2006-fr","12":"product_cat-ktm-sx-85-2007-fr","13":"product_cat-ktm-sx-85-2008-fr","14":"product_cat-ktm-sx-85-2009-fr","15":"product_cat-ktm-sx-85-2010-fr","16":"product_cat-ktm-sx-85-2011-fr","17":"product_cat-ktm-sx-85-2012-fr","18":"product_cat-ktm-sx-85-2013-fr","19":"product_cat-ktm-sx-85-2014-fr","20":"product_cat-ktm-sx-85-2015-fr","21":"product_cat-ktm-sx-85-2016-fr","22":"product_cat-ktm-sx-85-2017-fr","23":"product_cat-husqvarna-tc-85-fr","24":"product_cat-husqvarna-tc-85-2014-fr","25":"product_cat-husqvarna-tc-85-2015-fr","26":"product_cat-husqvarna-tc-85-2016-fr","27":"product_cat-husqvarna-tc-85-2017-fr","29":"first","30":"instock","31":"taxable","32":"shipping-taxable","33":"product-type-variable"},"_links":{"self":[{"href":"https:\/\/mx-springs.com\/fr\/wp-json\/wp\/v2\/product\/28184","targetHints":{"allow":["GET"]}}],"collection":[{"href":"https:\/\/mx-springs.com\/fr\/wp-json\/wp\/v2\/product"}],"about":[{"href":"https:\/\/mx-springs.com\/fr\/wp-json\/wp\/v2\/types\/product"}],"wp:featuredmedia":[{"embeddable":true,"href":"https:\/\/mx-springs.com\/fr\/wp-json\/wp\/v2\/media\/21953"}],"wp:attachment":[{"href":"https:\/\/mx-springs.com\/fr\/wp-json\/wp\/v2\/media?parent=28184"}],"wp:term":[{"taxonomy":"product_brand","embeddable":true,"href":"https:\/\/mx-springs.com\/fr\/wp-json\/wp\/v2\/product_brand?post=28184"},{"taxonomy":"product_cat","embeddable":true,"href":"https:\/\/mx-springs.com\/fr\/wp-json\/wp\/v2\/product_cat?post=28184"},{"taxonomy":"product_tag","embeddable":true,"href":"https:\/\/mx-springs.com\/fr\/wp-json\/wp\/v2\/product_tag?post=28184"}],"curies":[{"name":"wp","href":"https:\/\/api.w.org\/{rel}","templated":true}]}}