{"id":20803,"date":"2025-05-19T08:46:03","date_gmt":"2025-05-19T08:46:03","guid":{"rendered":"https:\/\/mx-springs.com\/devenez-un-revendeur-officiel\/"},"modified":"2025-06-11T11:25:33","modified_gmt":"2025-06-11T11:25:33","slug":"devenez-un-revendeur-officiel","status":"publish","type":"page","link":"https:\/\/mx-springs.com\/fr\/devenez-un-revendeur-officiel\/","title":{"rendered":"DEVENEZ UN REVENDEUR OFFICIEL"},"content":{"rendered":"\t\t<div data-elementor-type=\"wp-page\" data-elementor-id=\"20803\" class=\"elementor elementor-20803 elementor-11906\" data-elementor-post-type=\"page\">\n\t\t\t\t\t\t<section class=\"elementor-section elementor-top-section elementor-element elementor-element-c901241 elementor-section-boxed elementor-section-height-default elementor-section-height-default qodef-elementor-content-no\" data-id=\"c901241\" data-element_type=\"section\" data-e-type=\"section\">\n\t\t\t\t\t\t<div class=\"elementor-container elementor-column-gap-default\">\n\t\t\t\t\t<div class=\"elementor-column elementor-col-100 elementor-top-column elementor-element elementor-element-2e0d84a\" data-id=\"2e0d84a\" data-element_type=\"column\" data-e-type=\"column\">\n\t\t\t<div class=\"elementor-widget-wrap elementor-element-populated\">\n\t\t\t\t\t\t<div class=\"elementor-element elementor-element-784191e elementor-widget elementor-widget-spacer\" data-id=\"784191e\" data-element_type=\"widget\" data-e-type=\"widget\" data-widget_type=\"spacer.default\">\n\t\t\t\t<div class=\"elementor-widget-container\">\n\t\t\t\t\t\t\t<div class=\"elementor-spacer\">\n\t\t\t<div class=\"elementor-spacer-inner\"><\/div>\n\t\t<\/div>\n\t\t\t\t\t\t<\/div>\n\t\t\t\t<\/div>\n\t\t\t\t\t<\/div>\n\t\t<\/div>\n\t\t\t\t\t<\/div>\n\t\t<\/section>\n\t\t\t\t<section class=\"elementor-section elementor-top-section elementor-element elementor-element-19a8c47 elementor-section-boxed elementor-section-height-default elementor-section-height-default qodef-elementor-content-no\" data-id=\"19a8c47\" data-element_type=\"section\" data-e-type=\"section\">\n\t\t\t\t\t\t<div class=\"elementor-container elementor-column-gap-default\">\n\t\t\t\t\t<div class=\"elementor-column elementor-col-100 elementor-top-column elementor-element elementor-element-cd08ff8\" data-id=\"cd08ff8\" data-element_type=\"column\" data-e-type=\"column\">\n\t\t\t<div class=\"elementor-widget-wrap elementor-element-populated\">\n\t\t\t\t\t\t<div class=\"elementor-element elementor-element-4086e5e elementor-widget elementor-widget-text-editor\" data-id=\"4086e5e\" data-element_type=\"widget\" data-e-type=\"widget\" data-widget_type=\"text-editor.default\">\n\t\t\t\t<div class=\"elementor-widget-container\">\n\t\t\t\t\t\t\t\t\t<p>\t\t\t<h2 class=\"b2bking_b2bregistration_only_register_header\">\r\n\t\t\tS&#039;inscrire<\/h2>\r\n\t\t\t<div class=\"woocommerce\">\r\n\t\t\t\t<form method=\"post\" class=\"woocommerce-form woocommerce-form-register register\" enctype=\"multipart\/form-data\" >\r\n\r\n\t\t\t\t\t\r\n\t\t\t\t\t\r\n\t\t\t\t\t<p class=\"woocommerce-form-row woocommerce-form-row--wide form-row form-row-wide\">\r\n\t\t\t\t\t\t<label for=\"reg_email\">Adresse e-mail&nbsp;<span class=\"required\">*<\/span><\/label>\r\n\t\t\t\t\t\t<input type=\"email\" class=\"woocommerce-Input woocommerce-Input--text input-text\" name=\"email\" id=\"reg_email\" autocomplete=\"email\" value=\"\" \/>\r\n\t\t\t\t\t<\/p>\r\n\r\n\t\t\t\t\t\r\n\t\t\t\t\t\t<p>Un lien pour d\u00e9finir un nouveau mot de passe sera envoy\u00e9 \u00e0 votre adresse e-mail.<\/p>\r\n\r\n\t\t\t\t\t\r\n\t\t\t\t\t\t\t\t\t\t\t<p class=\"woocommerce-form-row woocommerce-form-row--wide form-row form-row-wide b2bking_registration_roles_dropdown_section b2bking_registration_roles_dropdown_section_hidden\">\r\n\t\t\t\t\t\t\t\t\t\t\t\t\t\t<label for=\"b2bking_registration_roles_dropdown\">\r\n\t\t\t\t\t\t\t\tType d&#039;utilisateur&nbsp;<span class=\"required\">*<\/span>\r\n\t\t\t\t\t\t\t<\/label>\r\n\t\t\t\t\t\t\t<select id=\"b2bking_registration_roles_dropdown\" name=\"b2bking_registration_roles_dropdown\" required>\r\n\t\t\t\t\t\t\t\t<option value=\"role_6048\" >B2B (vereist goedkeuring)<\/option>\t\t\t\t\t\t\t<\/select>\r\n\t\t\t\t\t\t<\/p>\r\n\t\t\t\t\t\t<div class=\" b2bking_custom_registration_container b2bking_custom_registration_container_field_6049 b2bking_custom_registration_role_6048\"><p class=\"woocommerce-form-row woocommerce-form-row--wide form-row form-row-wide \"><label for=\"b2bking_field_6049\">Voornaam&nbsp;<span class=\"required\">*<\/span><\/label><input type=\"text\" id=\"b2bking_field_6049\" class=\"b2bking_custom_registration_field b2bking_custom_field_req_required\" name=\"b2bking_custom_field_6049\" value=\"\" placeholder=\"Vul hier uw voornaam in...\" required><\/p><\/div><div class=\" b2bking_custom_registration_container b2bking_custom_registration_container_field_6050 b2bking_custom_registration_role_6048\"><p class=\"woocommerce-form-row woocommerce-form-row--wide form-row form-row-wide \"><label for=\"b2bking_field_6050\">Achternaam&nbsp;<span class=\"required\">*<\/span><\/label><input type=\"text\" id=\"b2bking_field_6050\" class=\"b2bking_custom_registration_field b2bking_custom_field_req_required\" name=\"b2bking_custom_field_6050\" value=\"\" placeholder=\"Vul hier uw achternaam in...\" required><\/p><\/div><div class=\" b2bking_custom_registration_container b2bking_custom_registration_container_field_6051 b2bking_custom_registration_role_6048\"><p class=\"woocommerce-form-row woocommerce-form-row--wide form-row form-row-wide \"><label for=\"b2bking_field_6051\">Bedrijfsnaam&nbsp;<span class=\"required\">*<\/span><\/label><input type=\"text\" id=\"b2bking_field_6051\" class=\"b2bking_custom_registration_field b2bking_custom_field_req_required\" name=\"b2bking_custom_field_6051\" value=\"\" placeholder=\"Vul hier uw bedrijfsnaam in...\" required><\/p><\/div><div class=\" b2bking_custom_registration_container b2bking_custom_registration_container_field_6052 b2bking_custom_registration_role_6048\"><p class=\"woocommerce-form-row woocommerce-form-row--wide form-row form-row-wide \"><label for=\"b2bking_field_6052\">Straatnaam&nbsp;<span class=\"required\">*<\/span><\/label><input type=\"text\" id=\"b2bking_field_6052\" class=\"b2bking_custom_registration_field b2bking_custom_field_req_required\" name=\"b2bking_custom_field_6052\" value=\"\" placeholder=\"Vul hier jouw adres in...\" required><\/p><\/div><div class=\" b2bking_custom_registration_container b2bking_custom_registration_container_field_6053 b2bking_custom_registration_role_6048\"><p class=\"woocommerce-form-row woocommerce-form-row--wide form-row form-row-wide \"><label for=\"b2bking_field_6053\">Huisnummer&nbsp;<span class=\"required\">*<\/span><\/label><input type=\"text\" id=\"b2bking_field_6053\" class=\"b2bking_custom_registration_field b2bking_custom_field_req_required\" name=\"b2bking_custom_field_6053\" value=\"\" placeholder=\"Huisnummer...\" required><\/p><\/div><div class=\" b2bking_custom_registration_container b2bking_custom_registration_container_field_6057 b2bking_custom_registration_role_6048\"><p class=\"woocommerce-form-row woocommerce-form-row--wide form-row form-row-wide b2bking_country_or_state\"><label for=\"b2bking_custom_field_6057\">Land&nbsp;<span class=\"required\">*<\/span><\/label><p class=\"form-row b2bking_country_field_selector b2bking_custom_registration_field b2bking_custom_field_req_required b2bking_country_field_req_required\" id=\"b2bking_custom_field_6057_field\" data-priority=\"\"><span class=\"woocommerce-input-wrapper\"><select name=\"b2bking_custom_field_6057\" id=\"b2bking_custom_field_6057\" class=\"country_to_state country_select \"  data-placeholder=\"S\u00e9lectionner un pays\/r\u00e9gion\u2026\" ><option value=\"\">S\u00e9lectionner un pays\/r\u00e9gion\u2026<\/option><option value=\"AF\" >Afghanistan<\/option><option value=\"ZA\" >Afrique du Sud<\/option><option value=\"AX\" >\u00c5land Islands<\/option><option value=\"AL\" >Albanie<\/option><option value=\"DZ\" >Alg\u00e9rie<\/option><option value=\"DE\" >Allemagne<\/option><option value=\"AS\" >American Samoa<\/option><option value=\"AD\" >Andorre<\/option><option value=\"AO\" >Angola<\/option><option value=\"AI\" >Anguilla<\/option><option value=\"AQ\" >Antarctique<\/option><option value=\"AG\" >Antigua-et-Barbuda<\/option><option value=\"SA\" >Arabie Saoudite<\/option><option value=\"AR\" >Argentine<\/option><option value=\"AM\" >Arm\u00e9nie<\/option><option value=\"AW\" >Aruba<\/option><option value=\"AU\" >Australie<\/option><option value=\"AT\" >Autriche<\/option><option value=\"AZ\" >Azerbaijan<\/option><option value=\"BS\" >Bahamas<\/option><option value=\"BH\" >Bahrain<\/option><option value=\"BD\" >Bangladesh<\/option><option value=\"BB\" >Barbades<\/option><option value=\"PW\" >Belau<\/option><option value=\"BE\" >Belgique<\/option><option value=\"BZ\" >Belize<\/option><option value=\"BJ\" >B\u00e9nin<\/option><option value=\"BM\" >Bermudes<\/option><option value=\"BT\" >Bhoutan<\/option><option value=\"BY\" >Bi\u00e9lorussie<\/option><option value=\"BO\" >Bolivie<\/option><option value=\"BA\" >Bosnie-Herz\u00e9govine<\/option><option value=\"BW\" >Botswana<\/option><option value=\"BR\" >Br\u00e9sil<\/option><option value=\"BN\" >Brunei<\/option><option value=\"BG\" >Bulgarie<\/option><option value=\"BF\" >Burkina Faso<\/option><option value=\"BI\" >Burundi<\/option><option value=\"KH\" >Cambodge<\/option><option value=\"CM\" >Cameroun<\/option><option value=\"CA\" >Canada<\/option><option value=\"CV\" >Cap Vert<\/option><option value=\"CL\" >Chili<\/option><option value=\"CN\" >Chine<\/option><option value=\"CX\" >Christmas Island<\/option><option value=\"CY\" >Chypre<\/option><option value=\"CO\" >Colombie<\/option><option value=\"KM\" >Comores<\/option><option value=\"CG\" >Congo (Brazzaville)<\/option><option value=\"CD\" >Congo (Kinshasa)<\/option><option value=\"KP\" >Cor\u00e9e du Nord<\/option><option value=\"KR\" >Cor\u00e9e du Sud<\/option><option value=\"CR\" >Costa Rica<\/option><option value=\"CI\" >C\u00f4te-d\u2019Ivoire<\/option><option value=\"HR\" >Croatie<\/option><option value=\"CU\" >Cuba<\/option><option value=\"CW\" >Cura\u00e7ao<\/option><option value=\"DK\" >Danemark<\/option><option value=\"DJ\" >Djibouti<\/option><option value=\"DM\" >Dominique<\/option><option value=\"EG\" >\u00c9gypte<\/option><option value=\"AE\" >\u00c9mirats Arabes Unis<\/option><option value=\"EC\" >\u00c9quateur<\/option><option value=\"ER\" >Erythr\u00e9e<\/option><option value=\"ES\" >Espagne<\/option><option value=\"EE\" >Estonie<\/option><option value=\"SZ\" >Eswatini<\/option><option value=\"US\" >Etats-Unis (USA)<\/option><option value=\"ET\" >\u00c9thiopie<\/option><option value=\"FJ\" >Fidji<\/option><option value=\"FI\" >Finlande<\/option><option value=\"FR\" >France<\/option><option value=\"GA\" >Gabon<\/option><option value=\"GM\" >Gambie<\/option><option value=\"GE\" >G\u00e9orgie<\/option><option value=\"GS\" >G\u00e9orgie du Sud \/ \u00eeles Sandwich<\/option><option value=\"GH\" >Ghana<\/option><option value=\"GI\" >Gibraltar<\/option><option value=\"GR\" >Gr\u00e8ce<\/option><option value=\"GD\" >Grenade<\/option><option value=\"GL\" >Groenland<\/option><option value=\"GP\" >Guadeloupe<\/option><option value=\"GU\" >Guam<\/option><option value=\"GT\" >Guatemala<\/option><option value=\"GG\" >Guernesey<\/option><option value=\"GN\" >Guin\u00e9e<\/option><option value=\"GQ\" >Guin\u00e9e \u00e9quatoriale<\/option><option value=\"GW\" >Guin\u00e9e-Bissau<\/option><option value=\"GY\" >Guyane<\/option><option value=\"GF\" >Guyane Fran\u00e7aise<\/option><option value=\"HT\" >Ha\u00efti<\/option><option value=\"HN\" >Honduras<\/option><option value=\"HK\" >Hong Kong<\/option><option value=\"HU\" >Hongrie<\/option><option value=\"BV\" >\u00cele Bouvet<\/option><option value=\"IM\" >\u00cele de Man<\/option><option value=\"NF\" >\u00cele Norfolk<\/option><option value=\"KY\" >\u00celes Ca\u00efmans<\/option><option value=\"CC\" >\u00celes Cocos<\/option><option value=\"CK\" >\u00celes Cook<\/option><option value=\"FK\" >\u00celes Falkland<\/option><option value=\"FO\" >\u00celes F\u00e9ro\u00e9<\/option><option value=\"HM\" >\u00celes Heard-et-MacDonald<\/option><option value=\"MH\" >\u00celes Marshall<\/option><option value=\"UM\" >\u00celes Mineures \u00e9loign\u00e9es des \u00c9tats-Unis<\/option><option value=\"SB\" >\u00celes Salomon<\/option><option value=\"TC\" >\u00celes Turques et Ca\u00efques<\/option><option value=\"IN\" >Inde<\/option><option value=\"ID\" >Indon\u00e9sie<\/option><option value=\"IQ\" >Iraq<\/option><option value=\"IE\" >Irlande<\/option><option value=\"IS\" >Islande<\/option><option value=\"IL\" >Isra\u00ebl<\/option><option value=\"IT\" >Italie<\/option><option value=\"JM\" >Jama\u00efque<\/option><option value=\"JP\" >Japon<\/option><option value=\"JE\" >Jersey<\/option><option value=\"JO\" >Jordanie<\/option><option value=\"KZ\" >Kazakhstan<\/option><option value=\"KE\" >Kenya<\/option><option value=\"KI\" >Kiribati<\/option><option value=\"XK\" >Kosovo<\/option><option value=\"KW\" >Kowe\u00eft<\/option><option value=\"KG\" >Kyrgyzstan<\/option><option value=\"IR\" >L&#039;Iran<\/option><option value=\"RE\" >La R\u00e9union<\/option><option value=\"LA\" >Laos<\/option><option value=\"PK\" >Le Pakistan<\/option><option value=\"LS\" >Lesotho<\/option><option value=\"LV\" >Lettonie<\/option><option value=\"LB\" >Liban<\/option><option value=\"LR\" >Lib\u00e9ria<\/option><option value=\"LY\" >Libye<\/option><option value=\"LI\" >Liechtenstein<\/option><option value=\"LT\" >Lituanie<\/option><option value=\"LU\" >Luxembourg<\/option><option value=\"MO\" >Macao<\/option><option value=\"MK\" >Mac\u00e9doine du Nord<\/option><option value=\"MG\" >Madagascar<\/option><option value=\"MY\" >Malaisie<\/option><option value=\"MW\" >Malawi<\/option><option value=\"MV\" >Maldives<\/option><option value=\"ML\" >Mali<\/option><option value=\"MT\" >Malte<\/option><option value=\"MA\" >Maroc<\/option><option value=\"MQ\" >Martinique<\/option><option value=\"MU\" >Maurice<\/option><option value=\"MR\" >Mauritanie<\/option><option value=\"YT\" >Mayotte<\/option><option value=\"MX\" >Mexique<\/option><option value=\"FM\" >Micron\u00e9sie<\/option><option value=\"MD\" >Moldavie<\/option><option value=\"MC\" >Monaco<\/option><option value=\"MN\" >Mongolie<\/option><option value=\"ME\" >Mont\u00e9n\u00e9gro<\/option><option value=\"MS\" >Montserrat<\/option><option value=\"MZ\" >Mozambique<\/option><option value=\"MM\" >Myanmar<\/option><option value=\"NA\" >Namibie<\/option><option value=\"NR\" >Nauru<\/option><option value=\"NP\" >N\u00e9pal<\/option><option value=\"NI\" >Nicaragua<\/option><option value=\"NE\" >Niger<\/option><option value=\"NG\" >Nig\u00e9ria<\/option><option value=\"NU\" >Niue<\/option><option value=\"MP\" >Northern Mariana Islands<\/option><option value=\"NO\" >Norv\u00e8ge<\/option><option value=\"NC\" >Nouvelle-Cal\u00e9donie<\/option><option value=\"NZ\" >Nouvelle-Z\u00e9lande<\/option><option value=\"OM\" >Oman<\/option><option value=\"PA\" >Panama<\/option><option value=\"PG\" >Papouasie-Nouvelle-Guin\u00e9e<\/option><option value=\"PY\" >Paraguay<\/option><option value=\"NL\" >Pays-Bas<\/option><option value=\"PE\" >P\u00e9rou<\/option><option value=\"PH\" >Philippines<\/option><option value=\"PN\" >Pitcairn<\/option><option value=\"PL\" >Pologne<\/option><option value=\"PF\" >Polyn\u00e9sie Fran\u00e7aise<\/option><option value=\"PR\" >Porto Rico<\/option><option value=\"PT\" >Portugal<\/option><option value=\"QA\" >Qatar<\/option><option value=\"CF\" >R\u00e9publique Centrafricaine<\/option><option value=\"DO\" >R\u00e9publique Dominicaine<\/option><option value=\"CZ\" >R\u00e9publique Tch\u00e8que<\/option><option value=\"RO\" >Roumanie<\/option><option value=\"GB\" >Royaume-Uni (UK)<\/option><option value=\"RU\" >Russie<\/option><option value=\"RW\" >Rwanda<\/option><option value=\"BQ\" >Saba, Saint-Eustache et Bonaire<\/option><option value=\"EH\" >Sahara occidental<\/option><option value=\"BL\" >Saint Barth\u00e9lemy<\/option><option value=\"PM\" >Saint Pierre et Miquelon<\/option><option value=\"KN\" >Saint-Kitts-et-Nevis<\/option><option value=\"SM\" >Saint-Marin<\/option><option value=\"MF\" >Saint-Martin (partie fran\u00e7aise)<\/option><option value=\"SX\" >Saint-Martin (partie n\u00e9erlandaise)<\/option><option value=\"VC\" >Saint-Vincent-et-les-Grenadines<\/option><option value=\"SH\" >Sainte-H\u00e9l\u00e8ne<\/option><option value=\"LC\" >Sainte-Lucie<\/option><option value=\"SV\" >Salvador<\/option><option value=\"WS\" >Samoa<\/option><option value=\"ST\" >Sao Tom\u00e9-et-Principe<\/option><option value=\"SN\" >S\u00e9n\u00e9gal<\/option><option value=\"RS\" >Serbie<\/option><option value=\"SC\" >Seychelles<\/option><option value=\"SL\" >Sierra Leone<\/option><option value=\"SG\" >Singapour<\/option><option value=\"SK\" >Slovaquie<\/option><option value=\"SI\" >Slov\u00e9nie<\/option><option value=\"SO\" >Somalie<\/option><option value=\"SD\" >Soudan<\/option><option value=\"SS\" >Soudan du Sud<\/option><option value=\"LK\" >Sri Lanka<\/option><option value=\"SE\" >Su\u00e8de<\/option><option value=\"CH\" >Suisse<\/option><option value=\"SR\" >Suriname<\/option><option value=\"SJ\" >Svalbard et Jan Mayen<\/option><option value=\"SY\" >Syrie<\/option><option value=\"TW\" >Ta\u00efwan<\/option><option value=\"TJ\" >Tajikistan<\/option><option value=\"TZ\" >Tanzanie<\/option><option value=\"TD\" >Tchad<\/option><option value=\"TF\" >Terres Australes Fran\u00e7aises<\/option><option value=\"IO\" >Territoire britannique de l\u2019oc\u00e9an Indien<\/option><option value=\"PS\" >Territoire Palestinien<\/option><option value=\"TH\" >Thailande<\/option><option value=\"TL\" >Timor oriental<\/option><option value=\"TG\" >Togo<\/option><option value=\"TK\" >Tokelau<\/option><option value=\"TO\" >Tonga<\/option><option value=\"TT\" >Trinit\u00e9-et-Tobago<\/option><option value=\"TN\" >Tunisie<\/option><option value=\"TM\" >Turkm\u00e9nistan<\/option><option value=\"TR\" >Turquie<\/option><option value=\"TV\" >Tuvalu<\/option><option value=\"UG\" >Uganda<\/option><option value=\"UA\" >Ukraine<\/option><option value=\"UY\" >Uruguay<\/option><option value=\"UZ\" >Uzbekistan<\/option><option value=\"VU\" >Vanuatu<\/option><option value=\"VA\" >Vatican<\/option><option value=\"VE\" >Venezuela<\/option><option value=\"VN\" >Vietnam<\/option><option value=\"VG\" >Virgin Islands (British)<\/option><option value=\"VI\" >Virgin Islands (US)<\/option><option value=\"WF\" >Wallis et Futuna<\/option><option value=\"YE\" >Y\u00e9men<\/option><option value=\"ZM\" >Zambie<\/option><option value=\"ZW\" >Zimbabwe<\/option><\/select><noscript><button type=\"submit\" name=\"woocommerce_checkout_update_totals\" value=\"Mettre \u00e0 jour le pays\/r\u00e9gion\">Mettre \u00e0 jour le pays\/r\u00e9gion<\/button><\/noscript><\/span><\/p><p class=\"form-row b2bking_custom_registration_field b2bking_custom_field_req_required\" id=\"billing_state_field\" data-priority=\"\"><span class=\"woocommerce-input-wrapper\"><input type=\"text\" class=\"input-text \" value=\"\"  placeholder=\"Etat \/ Pays\" name=\"billing_state\" id=\"billing_state\"  data-input-classes=\"\"\/><\/span><\/p><input type=\"hidden\" id=\"b2bking_country_registration_field_number\" name=\"b2bking_country_registration_field_number\" value=\"6057\"><\/p><\/div><div class=\" b2bking_custom_registration_container b2bking_custom_registration_container_field_6054 b2bking_custom_registration_role_6048\"><p class=\"woocommerce-form-row woocommerce-form-row--wide form-row form-row-wide \"><label for=\"b2bking_field_6054\">Plaats&nbsp;<span class=\"required\">*<\/span><\/label><input type=\"text\" id=\"b2bking_field_6054\" class=\"b2bking_custom_registration_field b2bking_custom_field_req_required\" name=\"b2bking_custom_field_6054\" value=\"\" placeholder=\"Vul hier de plaats van het bedrijfsadres in\" required><\/p><\/div><div class=\" b2bking_custom_registration_container b2bking_custom_registration_container_field_6055 b2bking_custom_registration_role_6048\"><p class=\"woocommerce-form-row woocommerce-form-row--wide form-row form-row-wide \"><label for=\"b2bking_field_6055\">Postcode&nbsp;<span class=\"required\">*<\/span><\/label><input type=\"text\" id=\"b2bking_field_6055\" class=\"b2bking_custom_registration_field b2bking_custom_field_req_required\" name=\"b2bking_custom_field_6055\" value=\"\" placeholder=\"Vul hier uw postcode \/ ZIP in...\" required><\/p><\/div><div class=\" b2bking_custom_registration_container b2bking_custom_registration_container_field_6056 b2bking_custom_registration_role_6048\"><p class=\"woocommerce-form-row woocommerce-form-row--wide form-row form-row-wide \"><label for=\"b2bking_field_6056\">Telefoonnummer&nbsp;<span class=\"required\">*<\/span><\/label><input id=\"b2bking_field_6056\" type=\"tel\" class=\"b2bking_custom_registration_field b2bking_custom_field_req_required\" name=\"b2bking_custom_field_6056\" value=\"\" placeholder=\"Vul hier uw telefoonnummer in...\" required><\/p><\/div><wc-order-attribution-inputs><\/wc-order-attribution-inputs><p class=\"form-row form-row-wide validate-required validate-eu-vat-number\" id=\"billing_eu_vat_number_field\" data-priority=\"200\"><label for=\"billing_eu_vat_number\" class=\" required_field\">Num\u00e9ro de TVA de l&rsquo;UE&nbsp;<span class=\"required\" aria-hidden=\"true\">*<\/span><\/label><span class=\"woocommerce-input-wrapper\"><input type=\"text\" class=\"input-text \" name=\"billing_eu_vat_number\" id=\"billing_eu_vat_number\" placeholder=\"Num\u00e9ro de TVA de l&#039;UE\"  value=\"\" aria-required=\"true\" \/><\/span><\/p><div class=\"woocommerce-privacy-policy-text\"><p>Your personal data will be used to support your experience throughout this website, to manage access to your account, and for other purposes described in our <a href=\"\" class=\"woocommerce-privacy-policy-link\" target=\"_blank\">politique de confidentialit\u00e9<\/a>.<\/p>\n<\/div>\r\n\t\t\t\t\t<p class=\"woocommerce-form-row form-row\">\r\n\t\t\t\t\t\t<input type=\"hidden\" id=\"woocommerce-register-nonce\" name=\"woocommerce-register-nonce\" value=\"0037fc8b2f\" \/><input type=\"hidden\" name=\"_wp_http_referer\" value=\"\/fr\/wp-json\/wp\/v2\/pages\/20803\" \/>\t\t\t\t\t\t<button type=\"submit\" class=\"woocommerce-Button woocommerce-button button woocommerce-form-register__submit\" name=\"register\" value=\"S&#039;inscrire\">S&#039;inscrire<\/button>\r\n\t\t\t\t\t<\/p>\r\n\r\n\t\t\t\t\t\r\n\t\t\t\t<\/form>\r\n\t\t\t<\/div>\r\n\t\t\t<\/p>\t\t\t\t\t\t\t\t<\/div>\n\t\t\t\t<\/div>\n\t\t\t\t\t<\/div>\n\t\t<\/div>\n\t\t\t\t\t<\/div>\n\t\t<\/section>\n\t\t\t\t<section class=\"elementor-section elementor-top-section elementor-element elementor-element-73301b6 elementor-section-boxed elementor-section-height-default elementor-section-height-default qodef-elementor-content-no\" data-id=\"73301b6\" data-element_type=\"section\" data-e-type=\"section\">\n\t\t\t\t\t\t<div class=\"elementor-container elementor-column-gap-default\">\n\t\t\t\t\t<div class=\"elementor-column elementor-col-100 elementor-top-column elementor-element elementor-element-890de9b\" data-id=\"890de9b\" data-element_type=\"column\" data-e-type=\"column\">\n\t\t\t<div class=\"elementor-widget-wrap elementor-element-populated\">\n\t\t\t\t\t\t<div class=\"elementor-element elementor-element-956f0ad elementor-widget elementor-widget-spacer\" data-id=\"956f0ad\" data-element_type=\"widget\" data-e-type=\"widget\" data-widget_type=\"spacer.default\">\n\t\t\t\t<div class=\"elementor-widget-container\">\n\t\t\t\t\t\t\t<div class=\"elementor-spacer\">\n\t\t\t<div class=\"elementor-spacer-inner\"><\/div>\n\t\t<\/div>\n\t\t\t\t\t\t<\/div>\n\t\t\t\t<\/div>\n\t\t\t\t\t<\/div>\n\t\t<\/div>\n\t\t\t\t\t<\/div>\n\t\t<\/section>\n\t\t\t\t<\/div>\n\t\t","protected":false},"excerpt":{"rendered":"","protected":false},"author":1,"featured_media":0,"parent":0,"menu_order":0,"comment_status":"closed","ping_status":"closed","template":"page-full-width.php","meta":{"footnotes":""},"class_list":["post-20803","page","type-page","status-publish","hentry"],"_links":{"self":[{"href":"https:\/\/mx-springs.com\/fr\/wp-json\/wp\/v2\/pages\/20803","targetHints":{"allow":["GET"]}}],"collection":[{"href":"https:\/\/mx-springs.com\/fr\/wp-json\/wp\/v2\/pages"}],"about":[{"href":"https:\/\/mx-springs.com\/fr\/wp-json\/wp\/v2\/types\/page"}],"author":[{"embeddable":true,"href":"https:\/\/mx-springs.com\/fr\/wp-json\/wp\/v2\/users\/1"}],"replies":[{"embeddable":true,"href":"https:\/\/mx-springs.com\/fr\/wp-json\/wp\/v2\/comments?post=20803"}],"version-history":[{"count":1,"href":"https:\/\/mx-springs.com\/fr\/wp-json\/wp\/v2\/pages\/20803\/revisions"}],"predecessor-version":[{"id":20804,"href":"https:\/\/mx-springs.com\/fr\/wp-json\/wp\/v2\/pages\/20803\/revisions\/20804"}],"wp:attachment":[{"href":"https:\/\/mx-springs.com\/fr\/wp-json\/wp\/v2\/media?parent=20803"}],"curies":[{"name":"wp","href":"https:\/\/api.w.org\/{rel}","templated":true}]}}