{"id":15735,"date":"2025-05-19T07:03:37","date_gmt":"2025-05-19T07:03:37","guid":{"rendered":"https:\/\/mx-springs.com\/connexion-du-revendeur\/"},"modified":"2025-06-12T07:20:34","modified_gmt":"2025-06-12T07:20:34","slug":"connexion-du-revendeur","status":"publish","type":"page","link":"https:\/\/mx-springs.com\/fr\/connexion-du-revendeur\/","title":{"rendered":"Connexion du revendeur"},"content":{"rendered":"\t\t<div data-elementor-type=\"wp-page\" data-elementor-id=\"15735\" class=\"elementor elementor-15735 elementor-11809\" data-elementor-post-type=\"page\">\n\t\t\t\t\t\t<section class=\"elementor-section elementor-top-section elementor-element elementor-element-c901241 elementor-section-boxed elementor-section-height-default elementor-section-height-default qodef-elementor-content-no\" data-id=\"c901241\" data-element_type=\"section\" data-e-type=\"section\">\n\t\t\t\t\t\t<div class=\"elementor-container elementor-column-gap-default\">\n\t\t\t\t\t<div class=\"elementor-column elementor-col-100 elementor-top-column elementor-element elementor-element-2e0d84a\" data-id=\"2e0d84a\" data-element_type=\"column\" data-e-type=\"column\">\n\t\t\t<div class=\"elementor-widget-wrap elementor-element-populated\">\n\t\t\t\t\t\t<div class=\"elementor-element elementor-element-784191e elementor-widget elementor-widget-spacer\" data-id=\"784191e\" data-element_type=\"widget\" data-e-type=\"widget\" data-widget_type=\"spacer.default\">\n\t\t\t\t<div class=\"elementor-widget-container\">\n\t\t\t\t\t\t\t<div class=\"elementor-spacer\">\n\t\t\t<div class=\"elementor-spacer-inner\"><\/div>\n\t\t<\/div>\n\t\t\t\t\t\t<\/div>\n\t\t\t\t<\/div>\n\t\t\t\t\t<\/div>\n\t\t<\/div>\n\t\t\t\t\t<\/div>\n\t\t<\/section>\n\t\t\t\t<section class=\"elementor-section elementor-top-section elementor-element elementor-element-448ce45 elementor-section-boxed elementor-section-height-default elementor-section-height-default qodef-elementor-content-no\" data-id=\"448ce45\" data-element_type=\"section\" data-e-type=\"section\">\n\t\t\t\t\t\t<div class=\"elementor-container elementor-column-gap-wider\">\n\t\t\t\t\t<div class=\"elementor-column elementor-col-66 elementor-top-column elementor-element elementor-element-3399986\" data-id=\"3399986\" data-element_type=\"column\" data-e-type=\"column\">\n\t\t\t<div class=\"elementor-widget-wrap elementor-element-populated\">\n\t\t\t\t\t\t<div class=\"elementor-element elementor-element-4086e5e elementor-widget elementor-widget-text-editor\" data-id=\"4086e5e\" data-element_type=\"widget\" data-e-type=\"widget\" data-widget_type=\"text-editor.default\">\n\t\t\t\t<div class=\"elementor-widget-container\">\n\t\t\t\t\t\t\t\t\t<p><strong><div class=\"woocommerce\"><form class=\"woocommerce-form woocommerce-form-login login\" method=\"post\" >\n\n\t\n\t\n\t<p class=\"form-row form-row-first\">\n\t\t<label for=\"username\">Identifiant ou e-mail&nbsp;<span class=\"required\" aria-hidden=\"true\">*<\/span><span class=\"screen-reader-text\">Obligatoire<\/span><\/label>\n\t\t<input type=\"text\" class=\"input-text\" name=\"username\" id=\"username\" autocomplete=\"username\" required aria-required=\"true\" \/>\n\t<\/p>\n\t<p class=\"form-row form-row-last\">\n\t\t<label for=\"password\">Mot de passe&nbsp;<span class=\"required\" aria-hidden=\"true\">*<\/span><span class=\"screen-reader-text\">Obligatoire<\/span><\/label>\n\t\t<input class=\"input-text woocommerce-Input\" type=\"password\" name=\"password\" id=\"password\" autocomplete=\"current-password\" required aria-required=\"true\" \/>\n\t<\/p>\n\t<div class=\"clear\"><\/div>\n\n\t\n\t<p class=\"form-row\">\n\t\t<label class=\"woocommerce-form__label woocommerce-form__label-for-checkbox woocommerce-form-login__rememberme\">\n\t\t\t<input class=\"woocommerce-form__input woocommerce-form__input-checkbox\" name=\"rememberme\" type=\"checkbox\" id=\"rememberme\" value=\"forever\" \/> <span>Se souvenir de moi<\/span>\n\t\t<\/label>\n\t\t<input type=\"hidden\" id=\"woocommerce-login-nonce\" name=\"woocommerce-login-nonce\" value=\"3ada5ee938\" \/><input type=\"hidden\" name=\"_wp_http_referer\" value=\"\/fr\/wp-json\/wp\/v2\/pages\/15735\" \/>\t\t<input type=\"hidden\" name=\"redirect\" value=\"http:\/\/1\" \/>\n\t\t<button type=\"submit\" class=\"woocommerce-button button woocommerce-form-login__submit\" name=\"login\" value=\"Se connecter\">Se connecter<\/button>\n\t<\/p>\n\t<p class=\"lost_password\">\n\t\t<a href=\"https:\/\/mx-springs.com\/fr\/mon-compte\/lost-password\/\">Mot de passe perdu\u00a0?<\/a>\n\t<\/p>\n\n\t<div class=\"clear\"><\/div>\n\n\t\n<\/form>\n<\/div><\/strong><\/p>\t\t\t\t\t\t\t\t<\/div>\n\t\t\t\t<\/div>\n\t\t\t\t\t<\/div>\n\t\t<\/div>\n\t\t\t\t<div class=\"elementor-column elementor-col-33 elementor-top-column elementor-element elementor-element-9ab74aa\" data-id=\"9ab74aa\" data-element_type=\"column\" data-e-type=\"column\" data-settings=\"{&quot;background_background&quot;:&quot;classic&quot;}\">\n\t\t\t<div class=\"elementor-widget-wrap elementor-element-populated\">\n\t\t\t\t\t\t<div class=\"elementor-element elementor-element-843450a elementor-widget elementor-widget-shiftup_core_section_title\" data-id=\"843450a\" data-element_type=\"widget\" data-e-type=\"widget\" data-widget_type=\"shiftup_core_section_title.default\">\n\t\t\t\t<div class=\"elementor-widget-container\">\n\t\t\t\t\t<div class=\"qodef-shortcode qodef-m  qodef-section-title qodef-alignment--left \">\n\t\t<h3 class=\"qodef-m-title\" >\n\t\t\t\t\tVous n'avez pas encore de compte de distributeur ?\t\t\t<\/h3>\n\t\t<p class=\"qodef-m-text\" >Demandez l&#039;acc\u00e8s et b\u00e9n\u00e9ficiez de prix d&#039;achat exclusifs et d&#039;une assistance technique.<\/p>\n<\/div>\n\t\t\t\t<\/div>\n\t\t\t\t<\/div>\n\t\t\t\t<div class=\"elementor-element elementor-element-c518bcd elementor-widget elementor-widget-shiftup_core_button\" data-id=\"c518bcd\" data-element_type=\"widget\" data-e-type=\"widget\" data-widget_type=\"shiftup_core_button.default\">\n\t\t\t\t<div class=\"elementor-widget-container\">\n\t\t\t\t\t<a class=\"qodef-shortcode qodef-m  qodef-button qodef-layout--filled qodef-size--small qodef-html--link \" href=\"https:\/\/mx-springs.com\/es\/conviertete-en-distribuidor-oficial\/\" target=\"_self\"  >\n\t\t<span class=\"qodef-m-text\">Devenez revendeur<\/span>\n<\/a>\n\t\t\t\t<\/div>\n\t\t\t\t<\/div>\n\t\t\t\t\t<\/div>\n\t\t<\/div>\n\t\t\t\t\t<\/div>\n\t\t<\/section>\n\t\t\t\t<section class=\"elementor-section elementor-top-section elementor-element elementor-element-73301b6 elementor-section-boxed elementor-section-height-default elementor-section-height-default qodef-elementor-content-no\" data-id=\"73301b6\" data-element_type=\"section\" data-e-type=\"section\">\n\t\t\t\t\t\t<div class=\"elementor-container elementor-column-gap-default\">\n\t\t\t\t\t<div class=\"elementor-column elementor-col-100 elementor-top-column elementor-element elementor-element-890de9b\" data-id=\"890de9b\" data-element_type=\"column\" data-e-type=\"column\">\n\t\t\t<div class=\"elementor-widget-wrap elementor-element-populated\">\n\t\t\t\t\t\t<div class=\"elementor-element elementor-element-956f0ad elementor-widget elementor-widget-spacer\" data-id=\"956f0ad\" data-element_type=\"widget\" data-e-type=\"widget\" data-widget_type=\"spacer.default\">\n\t\t\t\t<div class=\"elementor-widget-container\">\n\t\t\t\t\t\t\t<div class=\"elementor-spacer\">\n\t\t\t<div class=\"elementor-spacer-inner\"><\/div>\n\t\t<\/div>\n\t\t\t\t\t\t<\/div>\n\t\t\t\t<\/div>\n\t\t\t\t\t<\/div>\n\t\t<\/div>\n\t\t\t\t\t<\/div>\n\t\t<\/section>\n\t\t\t\t<\/div>\n\t\t","protected":false},"excerpt":{"rendered":"<p>Vous n&rsquo;avez pas encore de compte de distributeur ? Demandez l&#039;acc\u00e8s et b\u00e9n\u00e9ficiez de prix d&#039;achat exclusifs et d&#039;une assistance technique. Devenez revendeur<\/p>\n","protected":false},"author":1,"featured_media":0,"parent":0,"menu_order":0,"comment_status":"closed","ping_status":"closed","template":"page-full-width.php","meta":{"footnotes":""},"class_list":["post-15735","page","type-page","status-publish","hentry"],"_links":{"self":[{"href":"https:\/\/mx-springs.com\/fr\/wp-json\/wp\/v2\/pages\/15735","targetHints":{"allow":["GET"]}}],"collection":[{"href":"https:\/\/mx-springs.com\/fr\/wp-json\/wp\/v2\/pages"}],"about":[{"href":"https:\/\/mx-springs.com\/fr\/wp-json\/wp\/v2\/types\/page"}],"author":[{"embeddable":true,"href":"https:\/\/mx-springs.com\/fr\/wp-json\/wp\/v2\/users\/1"}],"replies":[{"embeddable":true,"href":"https:\/\/mx-springs.com\/fr\/wp-json\/wp\/v2\/comments?post=15735"}],"version-history":[{"count":8,"href":"https:\/\/mx-springs.com\/fr\/wp-json\/wp\/v2\/pages\/15735\/revisions"}],"predecessor-version":[{"id":20885,"href":"https:\/\/mx-springs.com\/fr\/wp-json\/wp\/v2\/pages\/15735\/revisions\/20885"}],"wp:attachment":[{"href":"https:\/\/mx-springs.com\/fr\/wp-json\/wp\/v2\/media?parent=15735"}],"curies":[{"name":"wp","href":"https:\/\/api.w.org\/{rel}","templated":true}]}}