{"id":15727,"date":"2025-05-26T09:00:57","date_gmt":"2025-05-26T09:00:57","guid":{"rendered":"https:\/\/mx-springs.com\/declaration-de-confidentialite\/"},"modified":"2025-05-30T09:56:58","modified_gmt":"2025-05-30T09:56:58","slug":"declaration-de-confidentialite","status":"publish","type":"page","link":"https:\/\/mx-springs.com\/fr\/declaration-de-confidentialite\/","title":{"rendered":"D\u00e9claration de confidentialit\u00e9"},"content":{"rendered":"\t\t<div data-elementor-type=\"wp-page\" data-elementor-id=\"15727\" class=\"elementor elementor-15727 elementor-12268\" data-elementor-post-type=\"page\">\n\t\t\t\t\t\t<section class=\"elementor-section elementor-top-section elementor-element elementor-element-2245e74 elementor-section-full_width mx-banner elementor-hidden-tablet elementor-hidden-mobile elementor-section-height-default elementor-section-height-default qodef-elementor-content-no\" data-id=\"2245e74\" data-element_type=\"section\" data-e-type=\"section\">\n\t\t\t\t\t\t<div class=\"elementor-container elementor-column-gap-default\">\n\t\t\t\t\t<div class=\"elementor-column elementor-col-100 elementor-top-column elementor-element elementor-element-e69222a\" data-id=\"e69222a\" data-element_type=\"column\" data-e-type=\"column\">\n\t\t\t<div class=\"elementor-widget-wrap elementor-element-populated\">\n\t\t\t\t\t\t<div class=\"elementor-element elementor-element-7ee231b elementor-widget elementor-widget-shiftup_core_single_image\" data-id=\"7ee231b\" data-element_type=\"widget\" data-e-type=\"widget\" data-widget_type=\"shiftup_core_single_image.default\">\n\t\t\t\t<div class=\"elementor-widget-container\">\n\t\t\t\t\t<div class=\"qodef-shortcode qodef-m  qodef-single-image qodef-layout--default    \">\n\t\t<div class=\"qodef-m-image\">\n\t\t\t\t\t<img fetchpriority=\"high\" decoding=\"async\" width=\"1536\" height=\"1024\" src=\"https:\/\/mx-springs.com\/wp-content\/uploads\/2025\/05\/ChatGPT-Image-May-17-2025-12_00_34-PM.png\" class=\"attachment-full size-full\" alt=\"\" srcset=\"https:\/\/mx-springs.com\/wp-content\/uploads\/2025\/05\/ChatGPT-Image-May-17-2025-12_00_34-PM.png 1536w, https:\/\/mx-springs.com\/wp-content\/uploads\/2025\/05\/ChatGPT-Image-May-17-2025-12_00_34-PM-300x200.png 300w, https:\/\/mx-springs.com\/wp-content\/uploads\/2025\/05\/ChatGPT-Image-May-17-2025-12_00_34-PM-1024x683.png 1024w, https:\/\/mx-springs.com\/wp-content\/uploads\/2025\/05\/ChatGPT-Image-May-17-2025-12_00_34-PM-768x512.png 768w, https:\/\/mx-springs.com\/wp-content\/uploads\/2025\/05\/ChatGPT-Image-May-17-2025-12_00_34-PM-600x400.png 600w\" sizes=\"(max-width: 1536px) 100vw, 1536px\" \/>\t\t\t<\/div>\n\t<\/div>\n\t\t\t\t<\/div>\n\t\t\t\t<\/div>\n\t\t\t\t\t<\/div>\n\t\t<\/div>\n\t\t\t\t\t<\/div>\n\t\t<\/section>\n\t\t\t\t<section class=\"elementor-section elementor-top-section elementor-element elementor-element-dc44b17 elementor-section-full_width qodef-elementor-content-grid elementor-section-height-default elementor-section-height-default\" data-id=\"dc44b17\" data-element_type=\"section\" data-e-type=\"section\">\n\t\t\t\t\t\t<div class=\"elementor-container elementor-column-gap-default\">\n\t\t\t\t\t<div class=\"elementor-column elementor-col-100 elementor-top-column elementor-element elementor-element-e9033d9 qodef-skin-light\" data-id=\"e9033d9\" data-element_type=\"column\" data-e-type=\"column\">\n\t\t\t<div class=\"elementor-widget-wrap elementor-element-populated\">\n\t\t\t\t\t\t<div class=\"elementor-element elementor-element-7130235 elementor-hidden-desktop elementor-widget elementor-widget-shiftup_core_single_image\" data-id=\"7130235\" data-element_type=\"widget\" data-e-type=\"widget\" data-widget_type=\"shiftup_core_single_image.default\">\n\t\t\t\t<div class=\"elementor-widget-container\">\n\t\t\t\t\t<div class=\"qodef-shortcode qodef-m  qodef-single-image qodef-layout--default    \">\n\t\t<div class=\"qodef-m-image\">\n\t\t\t\t\t<img fetchpriority=\"high\" decoding=\"async\" width=\"1536\" height=\"1024\" src=\"https:\/\/mx-springs.com\/wp-content\/uploads\/2025\/05\/ChatGPT-Image-May-17-2025-12_00_34-PM.png\" class=\"attachment-full size-full\" alt=\"\" srcset=\"https:\/\/mx-springs.com\/wp-content\/uploads\/2025\/05\/ChatGPT-Image-May-17-2025-12_00_34-PM.png 1536w, https:\/\/mx-springs.com\/wp-content\/uploads\/2025\/05\/ChatGPT-Image-May-17-2025-12_00_34-PM-300x200.png 300w, https:\/\/mx-springs.com\/wp-content\/uploads\/2025\/05\/ChatGPT-Image-May-17-2025-12_00_34-PM-1024x683.png 1024w, https:\/\/mx-springs.com\/wp-content\/uploads\/2025\/05\/ChatGPT-Image-May-17-2025-12_00_34-PM-768x512.png 768w, https:\/\/mx-springs.com\/wp-content\/uploads\/2025\/05\/ChatGPT-Image-May-17-2025-12_00_34-PM-600x400.png 600w\" sizes=\"(max-width: 1536px) 100vw, 1536px\" \/>\t\t\t<\/div>\n\t<\/div>\n\t\t\t\t<\/div>\n\t\t\t\t<\/div>\n\t\t\t\t<div class=\"elementor-element elementor-element-917faa0 elementor-widget elementor-widget-template\" data-id=\"917faa0\" data-element_type=\"widget\" data-e-type=\"widget\" data-widget_type=\"template.default\">\n\t\t\t\t<div class=\"elementor-widget-container\">\n\t\t\t\t\t\t\t<div class=\"elementor-template\">\n\t\t\t\t\t<div data-elementor-type=\"section\" data-elementor-id=\"16236\" class=\"elementor elementor-16236 elementor-12253\" data-elementor-post-type=\"elementor_library\">\n\t\t\t\t\t<section class=\"elementor-section elementor-top-section elementor-element elementor-element-7bbb035d elementor-section-boxed elementor-section-height-default elementor-section-height-default qodef-elementor-content-no\" data-id=\"7bbb035d\" data-element_type=\"section\" data-e-type=\"section\">\n\t\t\t\t\t\t<div class=\"elementor-container elementor-column-gap-default\">\n\t\t\t\t\t<div class=\"elementor-column elementor-col-100 elementor-top-column elementor-element elementor-element-73ec9369\" data-id=\"73ec9369\" data-element_type=\"column\" data-e-type=\"column\">\n\t\t\t<div class=\"elementor-widget-wrap elementor-element-populated\">\n\t\t\t\t\t\t<div class=\"elementor-element elementor-element-3ac8695c elementor-widget elementor-widget-text-editor\" data-id=\"3ac8695c\" data-element_type=\"widget\" data-e-type=\"widget\" data-widget_type=\"text-editor.default\">\n\t\t\t\t<div class=\"elementor-widget-container\">\n\t\t\t\t\t\t\t\t\t\n<h3 data-start=\"143\" data-end=\"185\">1. Notre utilisation des donn\u00e9es collect\u00e9es<\/h3>\n<p data-start=\"187\" data-end=\"568\"><strong data-start=\"187\" data-end=\"216\">Utilisation de nos services<\/strong><br data-start=\"216\" data-end=\"219\">Lorsque vous vous inscrivez \u00e0 l&rsquo;un de nos services, nous vous demandons de fournir des donn\u00e9es personnelles. Nous utilisons ces donn\u00e9es pour ex\u00e9cuter le service. Les donn\u00e9es sont stock\u00e9es sur les serveurs s\u00e9curis\u00e9s de MX-Springs ou sur ceux d&rsquo;un tiers. Nous ne combinons pas ces donn\u00e9es avec d&rsquo;autres informations personnelles en notre possession.   <\/p>\n<p data-start=\"570\" data-end=\"1024\"><strong data-start=\"570\" data-end=\"586\">Communication<\/strong><br data-start=\"586\" data-end=\"589\">Lorsque vous nous envoyez des courriers \u00e9lectroniques ou d&rsquo;autres messages, nous pouvons conserver ces messages. Nous vous demandons parfois des donn\u00e9es personnelles pertinentes pour la situation en question. Cela nous permet de traiter vos questions et de r\u00e9pondre \u00e0 vos demandes. Les donn\u00e9es sont stock\u00e9es sur les serveurs s\u00e9curis\u00e9s de MX-Springs ou sur ceux d&rsquo;un tiers. Nous ne combinons pas ces donn\u00e9es avec d&rsquo;autres informations personnelles.    <\/p>\n<p data-start=\"1026\" data-end=\"1168\"><strong data-start=\"1026\" data-end=\"1037\">Cookies<\/strong><br data-start=\"1037\" data-end=\"1040\">Nous collectons des donn\u00e9es \u00e0 des fins de recherche afin de mieux comprendre nos clients et d&rsquo;adapter nos services en cons\u00e9quence.<\/p>\n<p data-start=\"1170\" data-end=\"1699\">Ce site web utilise des \u00ab cookies \u00bb (fichiers texte plac\u00e9s sur votre ordinateur) pour analyser la fa\u00e7on dont les utilisateurs se servent du site. Les informations g\u00e9n\u00e9r\u00e9es par le cookie concernant votre utilisation du site web peuvent \u00eatre transf\u00e9r\u00e9es vers les serveurs s\u00e9curis\u00e9s de MX-Springs ou ceux d&rsquo;un tiers. Nous utilisons ces informations pour suivre l&rsquo;utilisation du site, compiler des rapports sur l&rsquo;activit\u00e9 du site et fournir d&rsquo;autres services li\u00e9s \u00e0 l&rsquo;activit\u00e9 du site et \u00e0 l&rsquo;utilisation d&rsquo;Internet.  <\/p>\n<hr data-start=\"1701\" data-end=\"1704\">\n<h3 data-start=\"1706\" data-end=\"1725\">2. Objectifs<\/h3>\n<p data-start=\"1726\" data-end=\"1920\">Nous ne collectons ni n&rsquo;utilisons d&rsquo;informations \u00e0 des fins autres que celles d\u00e9crites dans la pr\u00e9sente politique de confidentialit\u00e9, sauf si nous avons obtenu votre consentement pr\u00e9alable.<\/p>\n<hr data-start=\"1922\" data-end=\"1925\">\n<h3 data-start=\"1927\" data-end=\"1942\">3. Les tiers<\/h3>\n<p data-start=\"1943\" data-end=\"2379\">Les informations ne sont pas partag\u00e9es avec des tiers, sauf avec les applications web que nous utilisons pour notre boutique en ligne. Cela concerne, par exemple, la plateforme d&rsquo;\u00e9valuation de WebwinkelKeur. Ces donn\u00e9es ne sont utilis\u00e9es qu&rsquo;aux fins de l&rsquo;application concern\u00e9e et ne sont pas diffus\u00e9es ult\u00e9rieurement. Dans certains cas, les donn\u00e9es peuvent \u00eatre partag\u00e9es en interne. Nos employ\u00e9s sont tenus de respecter la confidentialit\u00e9 de vos donn\u00e9es.    <\/p>\n<hr data-start=\"2381\" data-end=\"2384\">\n<h3 data-start=\"2386\" data-end=\"2406\">4. Changements<\/h3>\n<p data-start=\"2407\" data-end=\"2677\">Cette d\u00e9claration de confidentialit\u00e9 est adapt\u00e9e \u00e0 l&rsquo;utilisation et aux fonctionnalit\u00e9s de ce site. Toute adaptation et\/ou modification de ce site peut entra\u00eener des changements dans la pr\u00e9sente d\u00e9claration de confidentialit\u00e9. Il est donc conseill\u00e9 de consulter r\u00e9guli\u00e8rement cette d\u00e9claration.  <\/p>\n<hr data-start=\"2679\" data-end=\"2682\">\n<h3 data-start=\"2684\" data-end=\"2721\">5. Choix des donn\u00e9es personnelles<\/h3>\n<p data-start=\"2722\" data-end=\"2877\">Nous offrons \u00e0 tous les visiteurs la possibilit\u00e9 de consulter, de modifier ou de supprimer \u00e0 tout moment les informations personnelles qu&rsquo;ils nous ont fournies.<\/p>\n<p data-start=\"2879\" data-end=\"3039\"><strong data-start=\"2879\" data-end=\"2937\">Modifier les donn\u00e9es ou se d\u00e9sabonner de la lettre d&rsquo;information<\/strong><br data-start=\"2937\" data-end=\"2940\">Au bas de chaque envoi, vous trouverez l&rsquo;option de modifier vos donn\u00e9es ou de vous d\u00e9sabonner.<\/p>\n<p data-start=\"3041\" data-end=\"3247\"><strong data-start=\"3041\" data-end=\"3096\">Modifier les donn\u00e9es ou se d\u00e9sinscrire de la communication<\/strong><br data-start=\"3096\" data-end=\"3099\">Vous souhaitez modifier vos donn\u00e9es ou vous d\u00e9sinscrire de nos fichiers ? Dans ce cas, veuillez nous contacter en utilisant les coordonn\u00e9es figurant au bas de cette page. <\/p>\n<p data-start=\"3249\" data-end=\"3587\"><strong data-start=\"3249\" data-end=\"3273\">D\u00e9sactivation des cookies<\/strong><br data-start=\"3273\" data-end=\"3276\">La plupart des navigateurs sont configur\u00e9s pour accepter les cookies par d\u00e9faut, mais vous pouvez r\u00e9initialiser votre navigateur pour qu&rsquo;il refuse tous les cookies ou pour qu&rsquo;il indique quand un cookie est envoy\u00e9. Toutefois, certaines fonctions et certains services de notre site web peuvent ne pas fonctionner correctement si les cookies sont d\u00e9sactiv\u00e9s. <\/p>\n<hr data-start=\"3589\" data-end=\"3592\">\n<h3 data-start=\"3594\" data-end=\"3643\">6. Vos droits concernant les donn\u00e9es<\/h3>\n<p data-start=\"3644\" data-end=\"4080\">Si vous avez un compte sur ce site ou si vous avez laiss\u00e9 des commentaires, vous pouvez demander un fichier d&rsquo;exportation des donn\u00e9es personnelles que nous d\u00e9tenons sur vous, y compris toutes les donn\u00e9es que vous nous avez fournies. Vous pouvez \u00e9galement nous demander de supprimer toutes les donn\u00e9es personnelles que nous d\u00e9tenons \u00e0 votre sujet. Ceci ne s&rsquo;applique pas aux donn\u00e9es que nous sommes oblig\u00e9s de conserver \u00e0 des fins administratives, juridiques ou de s\u00e9curit\u00e9.  <\/p>\n<hr data-start=\"4082\" data-end=\"4085\">\n<h3 data-start=\"4087\" data-end=\"4114\">7. Questions et commentaires<\/h3>\n<p data-start=\"4115\" data-end=\"4257\">Nous v\u00e9rifions r\u00e9guli\u00e8rement notre conformit\u00e9 avec cette politique de confidentialit\u00e9. Si vous avez des questions concernant cette politique de confidentialit\u00e9, veuillez nous contacter \u00e0 l&rsquo;adresse suivante : <\/p>\n<p data-start=\"4259\" data-end=\"4377\"><strong data-start=\"4259\" data-end=\"4273\">MX-Springs<\/strong><\/p>\n<ul>\n<li data-start=\"4259\" data-end=\"4377\"><a class=\"\" href=\"mailto:info@mx-springs.com\" target=\"_new\" rel=\"noopener\" data-start=\"2870\" data-end=\"2887\">info@mx-springs.com<\/a><\/li>\n<li data-start=\"4259\" data-end=\"4377\"><a class=\"\" href=\"tel:+31654331031\" target=\"_new\" rel=\"noopener\" data-start=\"2870\" data-end=\"2887\">+31 6 54331031<\/a><\/li>\n<li data-start=\"4259\" data-end=\"4377\"><a class=\"\" href=\"https:\/\/www.google.com\/maps\/place\/Herenweg+21,+3602+AM+Maarssen\/\" target=\"_new\" rel=\"noopener\" data-start=\"2870\" data-end=\"2887\">MX-Springs HQ, Herenweg 21 C, 3602 AM Maarssen<\/a><\/li>\n<li data-start=\"4259\" data-end=\"4377\">w<a class=\"\" href=\"https:\/\/mx-springs.com\/fr\/\" target=\"_new\" rel=\"noopener\" data-start=\"2870\" data-end=\"2887\">ww.mx-s<\/a>prings.com<\/li>\n<\/ul>\t\t\t\t\t\t\t\t<\/div>\n\t\t\t\t<\/div>\n\t\t\t\t\t<\/div>\n\t\t<\/div>\n\t\t\t\t\t<\/div>\n\t\t<\/section>\n\t\t\t\t<\/div>\n\t\t\t\t<\/div>\n\t\t\t\t\t\t<\/div>\n\t\t\t\t<\/div>\n\t\t\t\t\t<\/div>\n\t\t<\/div>\n\t\t\t\t\t<\/div>\n\t\t<\/section>\n\t\t\t\t<\/div>\n\t\t","protected":false},"excerpt":{"rendered":"","protected":false},"author":4,"featured_media":0,"parent":0,"menu_order":0,"comment_status":"closed","ping_status":"closed","template":"page-full-width.php","meta":{"footnotes":""},"class_list":["post-15727","page","type-page","status-publish","hentry"],"_links":{"self":[{"href":"https:\/\/mx-springs.com\/fr\/wp-json\/wp\/v2\/pages\/15727","targetHints":{"allow":["GET"]}}],"collection":[{"href":"https:\/\/mx-springs.com\/fr\/wp-json\/wp\/v2\/pages"}],"about":[{"href":"https:\/\/mx-springs.com\/fr\/wp-json\/wp\/v2\/types\/page"}],"author":[{"embeddable":true,"href":"https:\/\/mx-springs.com\/fr\/wp-json\/wp\/v2\/users\/4"}],"replies":[{"embeddable":true,"href":"https:\/\/mx-springs.com\/fr\/wp-json\/wp\/v2\/comments?post=15727"}],"version-history":[{"count":1,"href":"https:\/\/mx-springs.com\/fr\/wp-json\/wp\/v2\/pages\/15727\/revisions"}],"predecessor-version":[{"id":15728,"href":"https:\/\/mx-springs.com\/fr\/wp-json\/wp\/v2\/pages\/15727\/revisions\/15728"}],"wp:attachment":[{"href":"https:\/\/mx-springs.com\/fr\/wp-json\/wp\/v2\/media?parent=15727"}],"curies":[{"name":"wp","href":"https:\/\/api.w.org\/{rel}","templated":true}]}}