{"id":15719,"date":"2025-05-26T09:49:36","date_gmt":"2025-05-26T09:49:36","guid":{"rendered":"https:\/\/mx-springs.com\/garantie\/"},"modified":"2025-09-03T07:55:14","modified_gmt":"2025-09-03T07:55:14","slug":"garantie","status":"publish","type":"page","link":"https:\/\/mx-springs.com\/fr\/garantie\/","title":{"rendered":"Garantie"},"content":{"rendered":"\t\t<div data-elementor-type=\"wp-page\" data-elementor-id=\"15719\" class=\"elementor elementor-15719 elementor-12307\" data-elementor-post-type=\"page\">\n\t\t\t\t\t\t<section class=\"elementor-section elementor-top-section elementor-element elementor-element-dc44b17 elementor-section-full_width qodef-elementor-content-grid elementor-section-height-default elementor-section-height-default\" data-id=\"dc44b17\" data-element_type=\"section\" data-e-type=\"section\">\n\t\t\t\t\t\t<div class=\"elementor-container elementor-column-gap-default\">\n\t\t\t\t\t<div class=\"elementor-column elementor-col-100 elementor-top-column elementor-element elementor-element-e9033d9 qodef-skin-light\" data-id=\"e9033d9\" data-element_type=\"column\" data-e-type=\"column\">\n\t\t\t<div class=\"elementor-widget-wrap elementor-element-populated\">\n\t\t\t\t\t\t<div class=\"elementor-element elementor-element-c29ce85 elementor-widget__width-initial elementor-widget elementor-widget-text-editor\" data-id=\"c29ce85\" data-element_type=\"widget\" data-e-type=\"widget\" data-widget_type=\"text-editor.default\">\n\t\t\t\t<div class=\"elementor-widget-container\">\n\t\t\t\t\t\t\t\t\t<h2><strong>Garantie \u00e0 Vie des Ressorts de Moto MX-Springs<\/strong><\/h2><p>MX-Springs est une marque business-to-business qui fournit des ressorts de moto de haute qualit\u00e9. Nos produits sont fabriqu\u00e9s avec les meilleurs mat\u00e9riaux disponibles dans le monde. Les ressorts sont d\u00e9velopp\u00e9s et produits aux Pays-Bas selon des sp\u00e9cifications pr\u00e9cises. C\u2019est pourquoi nous offrons une garantie \u00e0 vie sur nos ressorts.<\/p><h3>1. Garantie \u00e0 Vie MX-Springs<\/h3><p>Les ressorts MX-Springs sont couverts par une garantie \u00e0 vie contre les d\u00e9fauts de mat\u00e9riaux ou de fabrication (\u00e0 l\u2019exception du rev\u00eatement), \u00e0 condition qu\u2019ils soient utilis\u00e9s correctement. Cette garantie s\u2019applique uniquement \u00e0 l\u2019acheteur d\u2019origine qui reste propri\u00e9taire du v\u00e9hicule sur lequel les ressorts ont \u00e9t\u00e9 install\u00e9s.<\/p><p>Une fois la garantie confirm\u00e9e, MX-Springs remplacera gratuitement tout ressort d\u00e9fectueux ou pr\u00e9matur\u00e9ment us\u00e9. Cette garantie constitue le seul et unique recours en cas de perte ou dommage r\u00e9sultant d\u2019un d\u00e9faut de fabrication ou d\u2019une d\u00e9faillance du ressort.<\/p><h3>2. Exclusions de Garantie<\/h3><p>Cette garantie ne s\u2019applique pas aux ressorts mal install\u00e9s. L\u2019installation doit \u00eatre effectu\u00e9e par un professionnel qualifi\u00e9. La garantie ne s\u2019applique pas non plus aux ressorts qui :<\/p><ul><li>ont \u00e9t\u00e9 mal ajust\u00e9s ou modifi\u00e9s ;<\/li><li>ont \u00e9t\u00e9 endommag\u00e9s par n\u00e9gligence, accident, collision ou surcharge ;<\/li><li>ont \u00e9t\u00e9 install\u00e9s sur des v\u00e9hicules d\u00e9passant les limites de poids recommand\u00e9es par le fabricant.<\/li><\/ul><p>MX-Springs se r\u00e9serve le droit de modifier les sp\u00e9cifications et mat\u00e9riaux sans pr\u00e9avis et n\u2019est pas tenue de mettre \u00e0 jour les produits pr\u00e9c\u00e9demment fabriqu\u00e9s.<\/p><h3>3. Autres Exclusions<\/h3><p>Cette garantie couvre uniquement les ressorts complets et n\u2019est pas transf\u00e9rable. Les d\u00e9clarations de tiers, sous quelque forme que ce soit (\u00e9crite ou verbale), ne modifient pas cette garantie.<\/p><p>Le texte de cette page est juridiquement contraignant. Il n\u2019existe aucune autre garantie au-del\u00e0 de cette d\u00e9claration. MX-Springs ne pourra \u00eatre tenue responsable des :<\/p><ul><li>dommages indirects ;<\/li><li>pertes d\u2019usage ou d\u2019immobilisation du v\u00e9hicule ;<\/li><li>d\u00e9g\u00e2ts impr\u00e9vus ou accidentels ;<\/li><li>blessures ou d\u00e9c\u00e8s r\u00e9sultant de l\u2019utilisation de nos produits.<\/li><\/ul><p>L\u2019utilisateur assume l\u2019enti\u00e8re responsabilit\u00e9 et les risques associ\u00e9s.<\/p><h3>4. Proc\u00e9dure de R\u00e9clamation de Garantie<\/h3><p>Pour faire valoir la garantie, l\u2019acheteur doit contacter le revendeur\/distributeur MX-Springs aupr\u00e8s duquel les ressorts ont \u00e9t\u00e9 initialement achet\u00e9s. L\u2019acheteur est responsable de tous les frais li\u00e9s au d\u00e9montage\/remontage des ressorts ainsi qu\u2019\u00e0 leur exp\u00e9dition vers le revendeur\/distributeur, puis vers MX-Springs \u2013 et retour.<\/p><hr \/><p><strong>MX-Springs<\/strong><\/p><p><strong data-start=\"249\" data-end=\"261\">E-mail :<\/strong> <a class=\"cursor-pointer\" rel=\"noopener\" data-start=\"262\" data-end=\"311\">info@mx-springs.com<\/a><br data-start=\"311\" data-end=\"314\" \/><strong data-start=\"314\" data-end=\"329\">T\u00e9l\u00e9phone :<\/strong> <a class=\"cursor-pointer\" rel=\"noopener\" data-start=\"330\" data-end=\"364\">+31 6 54331031<\/a><br data-start=\"364\" data-end=\"367\" \/><strong data-start=\"367\" data-end=\"393\">Adresse de livraison :<\/strong><br data-start=\"393\" data-end=\"396\" \/><a class=\"\" href=\"https:\/\/www.google.com\/maps\/place\/Herenweg+21C,+3602+AM+Maarssen\/\" target=\"_new\" rel=\"noopener\" data-start=\"396\" data-end=\"496\">Herenweg 21 C, 3602 AM Maarssen<\/a><br data-start=\"496\" data-end=\"499\" \/><strong data-start=\"499\" data-end=\"520\" data-is-only-node=\"\">Adresse postale :<\/strong><br data-start=\"520\" data-end=\"523\" \/><a class=\"\" href=\"https:\/\/www.google.com\/maps\/place\/Buitenweg+238,+3602+ZH+Maarssen\/\" target=\"_new\" rel=\"noopener\" data-start=\"523\" data-end=\"624\">Buitenweg 238, 3602 ZH Maarssen<\/a><br data-start=\"624\" data-end=\"627\" \/><strong data-start=\"627\" data-end=\"641\">Site web :<\/strong> <a class=\"\" href=\"https:\/\/mx-springs.com\" target=\"_new\" rel=\"noopener\" data-start=\"642\" data-end=\"690\">www.mx-springs.com<\/a><\/p>\t\t\t\t\t\t\t\t<\/div>\n\t\t\t\t<\/div>\n\t\t\t\t<div class=\"elementor-element elementor-element-657c967 elementor-widget elementor-widget-shiftup_core_button\" data-id=\"657c967\" data-element_type=\"widget\" data-e-type=\"widget\" data-widget_type=\"shiftup_core_button.default\">\n\t\t\t\t<div class=\"elementor-widget-container\">\n\t\t\t\t\t<a class=\"qodef-shortcode qodef-m  qodef-button qodef-layout--filled  qodef-html--link \" href=\"https:\/\/mx-springs.com\/wp-content\/uploads\/2025\/08\/MX-Springs-Warranty-1.pdf\" target=\"_self\"  >\n\t\t<span class=\"qodef-m-text\">T\u00e9l\u00e9charger le PDF<\/span>\n<\/a>\n\t\t\t\t<\/div>\n\t\t\t\t<\/div>\n\t\t\t\t\t<\/div>\n\t\t<\/div>\n\t\t\t\t\t<\/div>\n\t\t<\/section>\n\t\t\t\t<\/div>\n\t\t","protected":false},"excerpt":{"rendered":"<p>Garantie \u00e0 Vie des Ressorts de Moto MX-Springs MX-Springs est une marque business-to-business qui fournit des ressorts de moto de haute qualit\u00e9. Nos produits sont fabriqu\u00e9s avec les meilleurs mat\u00e9riaux disponibles dans le monde. Les ressorts sont d\u00e9velopp\u00e9s et produits aux Pays-Bas selon des sp\u00e9cifications pr\u00e9cises. C\u2019est pourquoi nous offrons une garantie \u00e0 vie sur [&hellip;]<\/p>\n","protected":false},"author":4,"featured_media":0,"parent":0,"menu_order":0,"comment_status":"closed","ping_status":"closed","template":"","meta":{"footnotes":""},"class_list":["post-15719","page","type-page","status-publish","hentry"],"_links":{"self":[{"href":"https:\/\/mx-springs.com\/fr\/wp-json\/wp\/v2\/pages\/15719","targetHints":{"allow":["GET"]}}],"collection":[{"href":"https:\/\/mx-springs.com\/fr\/wp-json\/wp\/v2\/pages"}],"about":[{"href":"https:\/\/mx-springs.com\/fr\/wp-json\/wp\/v2\/types\/page"}],"author":[{"embeddable":true,"href":"https:\/\/mx-springs.com\/fr\/wp-json\/wp\/v2\/users\/4"}],"replies":[{"embeddable":true,"href":"https:\/\/mx-springs.com\/fr\/wp-json\/wp\/v2\/comments?post=15719"}],"version-history":[{"count":13,"href":"https:\/\/mx-springs.com\/fr\/wp-json\/wp\/v2\/pages\/15719\/revisions"}],"predecessor-version":[{"id":21369,"href":"https:\/\/mx-springs.com\/fr\/wp-json\/wp\/v2\/pages\/15719\/revisions\/21369"}],"wp:attachment":[{"href":"https:\/\/mx-springs.com\/fr\/wp-json\/wp\/v2\/media?parent=15719"}],"curies":[{"name":"wp","href":"https:\/\/api.w.org\/{rel}","templated":true}]}}