{"id":20807,"date":"2025-05-19T08:46:03","date_gmt":"2025-05-19T08:46:03","guid":{"rendered":"https:\/\/mx-springs.com\/conviertete-en-distribuidor-oficial\/"},"modified":"2025-06-11T11:26:56","modified_gmt":"2025-06-11T11:26:56","slug":"conviertete-en-distribuidor-oficial","status":"publish","type":"page","link":"https:\/\/mx-springs.com\/es\/conviertete-en-distribuidor-oficial\/","title":{"rendered":"CONVI\u00c9RTETE EN DISTRIBUIDOR OFICIAL"},"content":{"rendered":"\t\t<div data-elementor-type=\"wp-page\" data-elementor-id=\"20807\" class=\"elementor elementor-20807 elementor-11906\" data-elementor-post-type=\"page\">\n\t\t\t\t\t\t<section class=\"elementor-section elementor-top-section elementor-element elementor-element-c901241 elementor-section-boxed elementor-section-height-default elementor-section-height-default qodef-elementor-content-no\" data-id=\"c901241\" data-element_type=\"section\" data-e-type=\"section\">\n\t\t\t\t\t\t<div class=\"elementor-container elementor-column-gap-default\">\n\t\t\t\t\t<div class=\"elementor-column elementor-col-100 elementor-top-column elementor-element elementor-element-2e0d84a\" data-id=\"2e0d84a\" data-element_type=\"column\" data-e-type=\"column\">\n\t\t\t<div class=\"elementor-widget-wrap elementor-element-populated\">\n\t\t\t\t\t\t<div class=\"elementor-element elementor-element-784191e elementor-widget elementor-widget-spacer\" data-id=\"784191e\" data-element_type=\"widget\" data-e-type=\"widget\" data-widget_type=\"spacer.default\">\n\t\t\t\t<div class=\"elementor-widget-container\">\n\t\t\t\t\t\t\t<div class=\"elementor-spacer\">\n\t\t\t<div class=\"elementor-spacer-inner\"><\/div>\n\t\t<\/div>\n\t\t\t\t\t\t<\/div>\n\t\t\t\t<\/div>\n\t\t\t\t\t<\/div>\n\t\t<\/div>\n\t\t\t\t\t<\/div>\n\t\t<\/section>\n\t\t\t\t<section class=\"elementor-section elementor-top-section elementor-element elementor-element-19a8c47 elementor-section-boxed elementor-section-height-default elementor-section-height-default qodef-elementor-content-no\" data-id=\"19a8c47\" data-element_type=\"section\" data-e-type=\"section\">\n\t\t\t\t\t\t<div class=\"elementor-container elementor-column-gap-default\">\n\t\t\t\t\t<div class=\"elementor-column elementor-col-100 elementor-top-column elementor-element elementor-element-cd08ff8\" data-id=\"cd08ff8\" data-element_type=\"column\" data-e-type=\"column\">\n\t\t\t<div class=\"elementor-widget-wrap elementor-element-populated\">\n\t\t\t\t\t\t<div class=\"elementor-element elementor-element-4086e5e elementor-widget elementor-widget-text-editor\" data-id=\"4086e5e\" data-element_type=\"widget\" data-e-type=\"widget\" data-widget_type=\"text-editor.default\">\n\t\t\t\t<div class=\"elementor-widget-container\">\n\t\t\t\t\t\t\t\t\t<p>\t\t\t<h2 class=\"b2bking_b2bregistration_only_register_header\">\r\n\t\t\tRegistro<\/h2>\r\n\t\t\t<div class=\"woocommerce\">\r\n\t\t\t\t<form method=\"post\" class=\"woocommerce-form woocommerce-form-register register\" enctype=\"multipart\/form-data\" >\r\n\r\n\t\t\t\t\t\r\n\t\t\t\t\t\r\n\t\t\t\t\t<p class=\"woocommerce-form-row woocommerce-form-row--wide form-row form-row-wide\">\r\n\t\t\t\t\t\t<label for=\"reg_email\">Direcci\u00f3n de e-mail&nbsp;<span class=\"required\">*<\/span><\/label>\r\n\t\t\t\t\t\t<input type=\"email\" class=\"woocommerce-Input woocommerce-Input--text input-text\" name=\"email\" id=\"reg_email\" autocomplete=\"email\" value=\"\" \/>\r\n\t\t\t\t\t<\/p>\r\n\r\n\t\t\t\t\t\r\n\t\t\t\t\t\t<p>Se le enviar\u00e1 a su direcci\u00f3n de correo electr\u00f3nico un enlace para establecer una nueva contrase\u00f1a.<\/p>\r\n\r\n\t\t\t\t\t\r\n\t\t\t\t\t\t\t\t\t\t\t<p class=\"woocommerce-form-row woocommerce-form-row--wide form-row form-row-wide b2bking_registration_roles_dropdown_section b2bking_registration_roles_dropdown_section_hidden\">\r\n\t\t\t\t\t\t\t\t\t\t\t\t\t\t<label for=\"b2bking_registration_roles_dropdown\">\r\n\t\t\t\t\t\t\t\tPerfil de Cliente&nbsp;<span class=\"required\">*<\/span>\r\n\t\t\t\t\t\t\t<\/label>\r\n\t\t\t\t\t\t\t<select id=\"b2bking_registration_roles_dropdown\" name=\"b2bking_registration_roles_dropdown\" required>\r\n\t\t\t\t\t\t\t\t<option value=\"role_6048\" >B2B (vereist goedkeuring)<\/option>\t\t\t\t\t\t\t<\/select>\r\n\t\t\t\t\t\t<\/p>\r\n\t\t\t\t\t\t<div class=\" b2bking_custom_registration_container b2bking_custom_registration_container_field_6049 b2bking_custom_registration_role_6048\"><p class=\"woocommerce-form-row woocommerce-form-row--wide form-row form-row-wide \"><label for=\"b2bking_field_6049\">Voornaam&nbsp;<span class=\"required\">*<\/span><\/label><input type=\"text\" id=\"b2bking_field_6049\" class=\"b2bking_custom_registration_field b2bking_custom_field_req_required\" name=\"b2bking_custom_field_6049\" value=\"\" placeholder=\"Vul hier uw voornaam in...\" required><\/p><\/div><div class=\" b2bking_custom_registration_container b2bking_custom_registration_container_field_6050 b2bking_custom_registration_role_6048\"><p class=\"woocommerce-form-row woocommerce-form-row--wide form-row form-row-wide \"><label for=\"b2bking_field_6050\">Achternaam&nbsp;<span class=\"required\">*<\/span><\/label><input type=\"text\" id=\"b2bking_field_6050\" class=\"b2bking_custom_registration_field b2bking_custom_field_req_required\" name=\"b2bking_custom_field_6050\" value=\"\" placeholder=\"Vul hier uw achternaam in...\" required><\/p><\/div><div class=\" b2bking_custom_registration_container b2bking_custom_registration_container_field_6051 b2bking_custom_registration_role_6048\"><p class=\"woocommerce-form-row woocommerce-form-row--wide form-row form-row-wide \"><label for=\"b2bking_field_6051\">Bedrijfsnaam&nbsp;<span class=\"required\">*<\/span><\/label><input type=\"text\" id=\"b2bking_field_6051\" class=\"b2bking_custom_registration_field b2bking_custom_field_req_required\" name=\"b2bking_custom_field_6051\" value=\"\" placeholder=\"Vul hier uw bedrijfsnaam in...\" required><\/p><\/div><div class=\" b2bking_custom_registration_container b2bking_custom_registration_container_field_6052 b2bking_custom_registration_role_6048\"><p class=\"woocommerce-form-row woocommerce-form-row--wide form-row form-row-wide \"><label for=\"b2bking_field_6052\">Straatnaam&nbsp;<span class=\"required\">*<\/span><\/label><input type=\"text\" id=\"b2bking_field_6052\" class=\"b2bking_custom_registration_field b2bking_custom_field_req_required\" name=\"b2bking_custom_field_6052\" value=\"\" placeholder=\"Vul hier jouw adres in...\" required><\/p><\/div><div class=\" b2bking_custom_registration_container b2bking_custom_registration_container_field_6053 b2bking_custom_registration_role_6048\"><p class=\"woocommerce-form-row woocommerce-form-row--wide form-row form-row-wide \"><label for=\"b2bking_field_6053\">Huisnummer&nbsp;<span class=\"required\">*<\/span><\/label><input type=\"text\" id=\"b2bking_field_6053\" class=\"b2bking_custom_registration_field b2bking_custom_field_req_required\" name=\"b2bking_custom_field_6053\" value=\"\" placeholder=\"Huisnummer...\" required><\/p><\/div><div class=\" b2bking_custom_registration_container b2bking_custom_registration_container_field_6057 b2bking_custom_registration_role_6048\"><p class=\"woocommerce-form-row woocommerce-form-row--wide form-row form-row-wide b2bking_country_or_state\"><label for=\"b2bking_custom_field_6057\">Land&nbsp;<span class=\"required\">*<\/span><\/label><p class=\"form-row b2bking_country_field_selector b2bking_custom_registration_field b2bking_custom_field_req_required b2bking_country_field_req_required\" id=\"b2bking_custom_field_6057_field\" data-priority=\"\"><span class=\"woocommerce-input-wrapper\"><select name=\"b2bking_custom_field_6057\" id=\"b2bking_custom_field_6057\" class=\"country_to_state country_select \"  data-placeholder=\"Selecciona un pa\u00eds\/regi\u00f3n&hellip;\" ><option value=\"\">Selecciona un pa\u00eds\/regi\u00f3n&hellip;<\/option><option value=\"AF\" >Afganist\u00e1n<\/option><option value=\"AL\" >Albania<\/option><option value=\"DE\" >Alemania<\/option><option value=\"AD\" >Andorra<\/option><option value=\"AO\" >Angola<\/option><option value=\"AI\" >Anguila<\/option><option value=\"AQ\" >Ant\u00e1rtida<\/option><option value=\"AG\" >Antigua y Barbuda<\/option><option value=\"SA\" >Arabia Saudita<\/option><option value=\"DZ\" >Argelia<\/option><option value=\"AR\" >Argentina<\/option><option value=\"AM\" >Armenia<\/option><option value=\"AW\" >Aruba<\/option><option value=\"AU\" >Australia<\/option><option value=\"AT\" >Austria<\/option><option value=\"AZ\" >Azerbaijan<\/option><option value=\"BS\" >Bahamas<\/option><option value=\"BH\" >Bahrain<\/option><option value=\"BD\" >Bangladesh<\/option><option value=\"BB\" >Barbados<\/option><option value=\"PW\" >Belau<\/option><option value=\"BE\" >B\u00e9lgica<\/option><option value=\"BZ\" >Belice<\/option><option value=\"BJ\" >Ben\u00edn<\/option><option value=\"BM\" >Bermudas<\/option><option value=\"BY\" >Bielorrusia<\/option><option value=\"MM\" >Birmania<\/option><option value=\"BO\" >Bolivia<\/option><option value=\"BQ\" >Bonaire, San Eustaquio y Saba<\/option><option value=\"BA\" >Bosnia y Herzegovina<\/option><option value=\"BW\" >Botsuana<\/option><option value=\"BR\" >Brasil<\/option><option value=\"BN\" >Brun\u00e9i<\/option><option value=\"BG\" >Bulgaria<\/option><option value=\"BF\" >Burkina Faso<\/option><option value=\"BI\" >Burundi<\/option><option value=\"BT\" >But\u00e1n<\/option><option value=\"CV\" >Cabo Verde<\/option><option value=\"KH\" >Camboya<\/option><option value=\"CM\" >Camer\u00fan<\/option><option value=\"CA\" >Canad\u00e1<\/option><option value=\"TD\" >Chad<\/option><option value=\"CL\" >Chile<\/option><option value=\"CN\" >China<\/option><option value=\"CY\" >Chipre<\/option><option value=\"VA\" >Ciudad del Vaticano<\/option><option value=\"CO\" >Colombia<\/option><option value=\"KM\" >Comoras<\/option><option value=\"CG\" >Congo (Brazzaville)<\/option><option value=\"CD\" >Congo (Kinshasa)<\/option><option value=\"KP\" >Corea del Norte<\/option><option value=\"KR\" >Corea del Sur<\/option><option value=\"CI\" >Costa de Marfil<\/option><option value=\"CR\" >Costa Rica<\/option><option value=\"HR\" >Croacia<\/option><option value=\"CU\" >Cuba<\/option><option value=\"CW\" >Cura&ccedil;ao<\/option><option value=\"DK\" >Dinamarca<\/option><option value=\"DM\" >Dominica<\/option><option value=\"EC\" >Ecuador<\/option><option value=\"EG\" >Egipto<\/option><option value=\"SV\" >El Salvador<\/option><option value=\"AE\" >Emiratos \u00c1rabes Unidos<\/option><option value=\"ER\" >Eritrea<\/option><option value=\"SK\" >Eslovaquia<\/option><option value=\"SI\" >Eslovenia<\/option><option value=\"ES\" >Espa\u00f1a<\/option><option value=\"US\" >Estados Unidos (EEUU)<\/option><option value=\"EE\" >Estonia<\/option><option value=\"SZ\" >Esuatini<\/option><option value=\"ET\" >Etiop\u00eda<\/option><option value=\"PH\" >Filipinas<\/option><option value=\"FI\" >Finlandia<\/option><option value=\"FJ\" >Fiyi<\/option><option value=\"FR\" >Francia<\/option><option value=\"GA\" >Gab\u00f3n<\/option><option value=\"GM\" >Gambia<\/option><option value=\"GE\" >Georgia<\/option><option value=\"GH\" >Ghana<\/option><option value=\"GI\" >Gibraltar<\/option><option value=\"GD\" >Granada<\/option><option value=\"GR\" >Grecia<\/option><option value=\"GL\" >Groenlandia<\/option><option value=\"GP\" >Guadalupe<\/option><option value=\"GU\" >Guam<\/option><option value=\"GT\" >Guatemala<\/option><option value=\"GF\" >Guayana Francesa<\/option><option value=\"GG\" >Guernsey<\/option><option value=\"GN\" >Guinea<\/option><option value=\"GQ\" >Guinea Ecuatorial<\/option><option value=\"GW\" >Guinea-Bis\u00e1u<\/option><option value=\"GY\" >Guyana<\/option><option value=\"HT\" >Hait\u00ed<\/option><option value=\"HN\" >Honduras<\/option><option value=\"HK\" >Hong Kong<\/option><option value=\"HU\" >Hungr\u00eda<\/option><option value=\"IN\" >India<\/option><option value=\"ID\" >Indonesia<\/option><option value=\"IQ\" >Irak<\/option><option value=\"IR\" >Ir\u00e1n<\/option><option value=\"IE\" >Irlanda<\/option><option value=\"BV\" >Isla Bouvet<\/option><option value=\"IM\" >Isla de Man<\/option><option value=\"CX\" >Isla de Navidad<\/option><option value=\"NF\" >Isla Norfolk<\/option><option value=\"SH\" >Isla Santa Elena<\/option><option value=\"IS\" >Islandia<\/option><option value=\"AX\" >Islas \u00c5land<\/option><option value=\"KY\" >Islas Caim\u00e1n<\/option><option value=\"CC\" >Islas Cocos<\/option><option value=\"CK\" >Islas Cook<\/option><option value=\"UM\" >Islas de ultramar menores de Estados Unidos (EEUU)<\/option><option value=\"FO\" >Islas Feroe<\/option><option value=\"GS\" >Islas Georgias y Sandwich del Sur<\/option><option value=\"HM\" >Islas Heard y McDonald<\/option><option value=\"FK\" >Islas Malvinas<\/option><option value=\"MP\" >Islas Marianas del Norte<\/option><option value=\"MH\" >Islas Marshall<\/option><option value=\"SB\" >Islas Salom\u00f3n<\/option><option value=\"TC\" >Islas Turcas y Caicos<\/option><option value=\"VG\" >Islas V\u00edrgenes (Brit\u00e1nicas)<\/option><option value=\"VI\" >Islas V\u00edrgenes (EEUU)<\/option><option value=\"IL\" >Israel<\/option><option value=\"IT\" >Italia<\/option><option value=\"JM\" >Jamaica<\/option><option value=\"JP\" >Jap\u00f3n<\/option><option value=\"JE\" >Jersey<\/option><option value=\"JO\" >Jordania<\/option><option value=\"KZ\" >Kazajist\u00e1n<\/option><option value=\"KE\" >Kenia<\/option><option value=\"KG\" >Kirguist\u00e1n<\/option><option value=\"KI\" >Kiribati<\/option><option value=\"XK\" >Kosovo<\/option><option value=\"KW\" >Kuwait<\/option><option value=\"LA\" >Laos<\/option><option value=\"LS\" >Lesoto<\/option><option value=\"LV\" >Letonia<\/option><option value=\"LB\" >L\u00edbano<\/option><option value=\"LR\" >Liberia<\/option><option value=\"LY\" >Libia<\/option><option value=\"LI\" >Liechtenstein<\/option><option value=\"LT\" >Lituania<\/option><option value=\"LU\" >Luxemburgo<\/option><option value=\"MO\" >Macao<\/option><option value=\"MK\" >Macedonia del Norte<\/option><option value=\"MG\" >Madagascar<\/option><option value=\"MY\" >Malasia<\/option><option value=\"MW\" >Malaui<\/option><option value=\"MV\" >Maldivas<\/option><option value=\"ML\" >Mal\u00ed<\/option><option value=\"MT\" >Malta<\/option><option value=\"MA\" >Marruecos<\/option><option value=\"MQ\" >Martinica<\/option><option value=\"MU\" >Mauricio<\/option><option value=\"MR\" >Mauritania<\/option><option value=\"YT\" >Mayotte<\/option><option value=\"MX\" >M\u00e9xico<\/option><option value=\"FM\" >Micronesia<\/option><option value=\"MD\" >Moldavia<\/option><option value=\"MC\" >M\u00f3naco<\/option><option value=\"MN\" >Mongolia<\/option><option value=\"ME\" >Montenegro<\/option><option value=\"MS\" >Montserrat<\/option><option value=\"MZ\" >Mozambique<\/option><option value=\"NA\" >Namibia<\/option><option value=\"NR\" >Nauru<\/option><option value=\"NP\" >Nepal<\/option><option value=\"NI\" >Nicaragua<\/option><option value=\"NE\" >N\u00edger<\/option><option value=\"NG\" >Nigeria<\/option><option value=\"NU\" >Niue<\/option><option value=\"NO\" >Noruega<\/option><option value=\"NC\" >Nueva Caledonia<\/option><option value=\"NZ\" >Nueva Zelanda<\/option><option value=\"OM\" >Om\u00e1n<\/option><option value=\"NL\" >Pa\u00edses Bajos<\/option><option value=\"PK\" >Pakist\u00e1n<\/option><option value=\"PA\" >Panam\u00e1<\/option><option value=\"PG\" >Pap\u00faa Nueva Guinea<\/option><option value=\"PY\" >Paraguay<\/option><option value=\"PE\" >Per\u00fa<\/option><option value=\"PN\" >Pitcairn<\/option><option value=\"PF\" >Polinesia Francesa<\/option><option value=\"PL\" >Polonia<\/option><option value=\"PT\" >Portugal<\/option><option value=\"PR\" >Puerto Rico<\/option><option value=\"QA\" >Qatar<\/option><option value=\"GB\" >Reino Unido (UK)<\/option><option value=\"CF\" >Rep\u00fablica Centroafricana<\/option><option value=\"CZ\" >Rep\u00fablica Checa<\/option><option value=\"DO\" >Rep\u00fablica Dominicana<\/option><option value=\"RE\" >Reuni\u00f3n<\/option><option value=\"RW\" >Ruanda<\/option><option value=\"RO\" >Rumania<\/option><option value=\"RU\" >Rusia<\/option><option value=\"EH\" >Sahara Occidental<\/option><option value=\"WS\" >Samoa<\/option><option value=\"AS\" >Samoa Americana<\/option><option value=\"BL\" >San Bartolom\u00e9<\/option><option value=\"KN\" >San Crist\u00f3bal y Nieves<\/option><option value=\"SM\" >San Marino<\/option><option value=\"SX\" >San Mart\u00edn (Pa\u00edses Bajos)<\/option><option value=\"MF\" >San Mart\u00edn (parte de Francia)<\/option><option value=\"PM\" >San Pedro y Miquel\u00f3n<\/option><option value=\"VC\" >San Vicente y las Granadinas<\/option><option value=\"LC\" >Santa Luc\u00eda<\/option><option value=\"ST\" >Santo Tom\u00e9 y Pr\u00edncipe<\/option><option value=\"SN\" >Senegal<\/option><option value=\"RS\" >Serbia<\/option><option value=\"SC\" >Seychelles<\/option><option value=\"SL\" >Sierra Leona<\/option><option value=\"SG\" >Singapur<\/option><option value=\"SY\" >Siria<\/option><option value=\"SO\" >Somalia<\/option><option value=\"LK\" >Sri Lanka<\/option><option value=\"ZA\" >Sud\u00e1frica<\/option><option value=\"SD\" >Sud\u00e1n<\/option><option value=\"SS\" >Sud\u00e1n del Sur<\/option><option value=\"SE\" >Suecia<\/option><option value=\"CH\" >Suiza<\/option><option value=\"SR\" >Surinam<\/option><option value=\"SJ\" >Svalbard y Jan Mayen<\/option><option value=\"TH\" >Tailandia<\/option><option value=\"TW\" >Taiw\u00e1n<\/option><option value=\"TZ\" >Tanzania<\/option><option value=\"TJ\" >Tayikist\u00e1n<\/option><option value=\"IO\" >Territorio Brit\u00e1nico del Oc\u00e9ano \u00cdndico<\/option><option value=\"TF\" >Territorios australes franceses<\/option><option value=\"PS\" >Territorios Palestinos<\/option><option value=\"TL\" >Timor Oriental<\/option><option value=\"TG\" >Togo<\/option><option value=\"TK\" >Tokelau<\/option><option value=\"TO\" >Tonga<\/option><option value=\"TT\" >Trinidad y Tobago<\/option><option value=\"TN\" >T\u00fanez<\/option><option value=\"TM\" >Turkmenist\u00e1n<\/option><option value=\"TR\" >Turqu\u00eda<\/option><option value=\"TV\" >Tuvalu<\/option><option value=\"UA\" >Ucrania<\/option><option value=\"UG\" >Uganda<\/option><option value=\"UY\" >Uruguay<\/option><option value=\"UZ\" >Uzbekist\u00e1n<\/option><option value=\"VU\" >Vanuatu<\/option><option value=\"VE\" >Venezuela<\/option><option value=\"VN\" >Vietnam<\/option><option value=\"WF\" >Wallis y Futuna<\/option><option value=\"YE\" >Yemen<\/option><option value=\"DJ\" >Yibuti<\/option><option value=\"ZM\" >Zambia<\/option><option value=\"ZW\" >Zimbabue<\/option><\/select><noscript><button type=\"submit\" name=\"woocommerce_checkout_update_totals\" value=\"Actualizar pa\u00eds\/regi\u00f3n\">Actualizar pa\u00eds\/regi\u00f3n<\/button><\/noscript><\/span><\/p><p class=\"form-row b2bking_custom_registration_field b2bking_custom_field_req_required\" id=\"billing_state_field\" data-priority=\"\"><span class=\"woocommerce-input-wrapper\"><input type=\"text\" class=\"input-text \" value=\"\"  placeholder=\"Estado \/ Condado\" name=\"billing_state\" id=\"billing_state\"  data-input-classes=\"\"\/><\/span><\/p><input type=\"hidden\" id=\"b2bking_country_registration_field_number\" name=\"b2bking_country_registration_field_number\" value=\"6057\"><\/p><\/div><div class=\" b2bking_custom_registration_container b2bking_custom_registration_container_field_6054 b2bking_custom_registration_role_6048\"><p class=\"woocommerce-form-row woocommerce-form-row--wide form-row form-row-wide \"><label for=\"b2bking_field_6054\">Plaats&nbsp;<span class=\"required\">*<\/span><\/label><input type=\"text\" id=\"b2bking_field_6054\" class=\"b2bking_custom_registration_field b2bking_custom_field_req_required\" name=\"b2bking_custom_field_6054\" value=\"\" placeholder=\"Vul hier de plaats van het bedrijfsadres in\" required><\/p><\/div><div class=\" b2bking_custom_registration_container b2bking_custom_registration_container_field_6055 b2bking_custom_registration_role_6048\"><p class=\"woocommerce-form-row woocommerce-form-row--wide form-row form-row-wide \"><label for=\"b2bking_field_6055\">Postcode&nbsp;<span class=\"required\">*<\/span><\/label><input type=\"text\" id=\"b2bking_field_6055\" class=\"b2bking_custom_registration_field b2bking_custom_field_req_required\" name=\"b2bking_custom_field_6055\" value=\"\" placeholder=\"Vul hier uw postcode \/ ZIP in...\" required><\/p><\/div><div class=\" b2bking_custom_registration_container b2bking_custom_registration_container_field_6056 b2bking_custom_registration_role_6048\"><p class=\"woocommerce-form-row woocommerce-form-row--wide form-row form-row-wide \"><label for=\"b2bking_field_6056\">Telefoonnummer&nbsp;<span class=\"required\">*<\/span><\/label><input id=\"b2bking_field_6056\" type=\"tel\" class=\"b2bking_custom_registration_field b2bking_custom_field_req_required\" name=\"b2bking_custom_field_6056\" value=\"\" placeholder=\"Vul hier uw telefoonnummer in...\" required><\/p><\/div><wc-order-attribution-inputs><\/wc-order-attribution-inputs><p class=\"form-row form-row-wide validate-required validate-eu-vat-number\" id=\"billing_eu_vat_number_field\" data-priority=\"200\"><label for=\"billing_eu_vat_number\" class=\" required_field\">N\u00famero de IVA de la UE&nbsp;<span class=\"required\" aria-hidden=\"true\">*<\/span><\/label><span class=\"woocommerce-input-wrapper\"><input type=\"text\" class=\"input-text \" name=\"billing_eu_vat_number\" id=\"billing_eu_vat_number\" placeholder=\"N\u00famero de IVA de la UE\"  value=\"\" aria-required=\"true\" \/><\/span><\/p><div class=\"woocommerce-privacy-policy-text\"><p>Your personal data will be used to support your experience throughout this website, to manage access to your account, and for other purposes described in our <a href=\"\" class=\"woocommerce-privacy-policy-link\" target=\"_blank\">pol\u00edtica de privacidad<\/a>.<\/p>\n<\/div>\r\n\t\t\t\t\t<p class=\"woocommerce-form-row form-row\">\r\n\t\t\t\t\t\t<input type=\"hidden\" id=\"woocommerce-register-nonce\" name=\"woocommerce-register-nonce\" value=\"0037fc8b2f\" \/><input type=\"hidden\" name=\"_wp_http_referer\" value=\"\/es\/wp-json\/wp\/v2\/pages\/20807\" \/>\t\t\t\t\t\t<button type=\"submit\" class=\"woocommerce-Button woocommerce-button button woocommerce-form-register__submit\" name=\"register\" value=\"Registro\">Registro<\/button>\r\n\t\t\t\t\t<\/p>\r\n\r\n\t\t\t\t\t\r\n\t\t\t\t<\/form>\r\n\t\t\t<\/div>\r\n\t\t\t<\/p>\t\t\t\t\t\t\t\t<\/div>\n\t\t\t\t<\/div>\n\t\t\t\t\t<\/div>\n\t\t<\/div>\n\t\t\t\t\t<\/div>\n\t\t<\/section>\n\t\t\t\t<section class=\"elementor-section elementor-top-section elementor-element elementor-element-73301b6 elementor-section-boxed elementor-section-height-default elementor-section-height-default qodef-elementor-content-no\" data-id=\"73301b6\" data-element_type=\"section\" data-e-type=\"section\">\n\t\t\t\t\t\t<div class=\"elementor-container elementor-column-gap-default\">\n\t\t\t\t\t<div class=\"elementor-column elementor-col-100 elementor-top-column elementor-element elementor-element-890de9b\" data-id=\"890de9b\" data-element_type=\"column\" data-e-type=\"column\">\n\t\t\t<div class=\"elementor-widget-wrap elementor-element-populated\">\n\t\t\t\t\t\t<div class=\"elementor-element elementor-element-956f0ad elementor-widget elementor-widget-spacer\" data-id=\"956f0ad\" data-element_type=\"widget\" data-e-type=\"widget\" data-widget_type=\"spacer.default\">\n\t\t\t\t<div class=\"elementor-widget-container\">\n\t\t\t\t\t\t\t<div class=\"elementor-spacer\">\n\t\t\t<div class=\"elementor-spacer-inner\"><\/div>\n\t\t<\/div>\n\t\t\t\t\t\t<\/div>\n\t\t\t\t<\/div>\n\t\t\t\t\t<\/div>\n\t\t<\/div>\n\t\t\t\t\t<\/div>\n\t\t<\/section>\n\t\t\t\t<\/div>\n\t\t","protected":false},"excerpt":{"rendered":"","protected":false},"author":1,"featured_media":0,"parent":0,"menu_order":0,"comment_status":"closed","ping_status":"closed","template":"page-full-width.php","meta":{"footnotes":""},"class_list":["post-20807","page","type-page","status-publish","hentry"],"_links":{"self":[{"href":"https:\/\/mx-springs.com\/es\/wp-json\/wp\/v2\/pages\/20807","targetHints":{"allow":["GET"]}}],"collection":[{"href":"https:\/\/mx-springs.com\/es\/wp-json\/wp\/v2\/pages"}],"about":[{"href":"https:\/\/mx-springs.com\/es\/wp-json\/wp\/v2\/types\/page"}],"author":[{"embeddable":true,"href":"https:\/\/mx-springs.com\/es\/wp-json\/wp\/v2\/users\/1"}],"replies":[{"embeddable":true,"href":"https:\/\/mx-springs.com\/es\/wp-json\/wp\/v2\/comments?post=20807"}],"version-history":[{"count":1,"href":"https:\/\/mx-springs.com\/es\/wp-json\/wp\/v2\/pages\/20807\/revisions"}],"predecessor-version":[{"id":20808,"href":"https:\/\/mx-springs.com\/es\/wp-json\/wp\/v2\/pages\/20807\/revisions\/20808"}],"wp:attachment":[{"href":"https:\/\/mx-springs.com\/es\/wp-json\/wp\/v2\/media?parent=20807"}],"curies":[{"name":"wp","href":"https:\/\/api.w.org\/{rel}","templated":true}]}}