{"id":15801,"date":"2021-11-03T14:30:55","date_gmt":"2021-11-03T14:30:55","guid":{"rendered":"https:\/\/mx-springs.com\/sobre-nosotros\/"},"modified":"2025-06-12T07:20:22","modified_gmt":"2025-06-12T07:20:22","slug":"sobre-nosotros","status":"publish","type":"page","link":"https:\/\/mx-springs.com\/es\/sobre-nosotros\/","title":{"rendered":"Sobre nosotros"},"content":{"rendered":"\t\t<div data-elementor-type=\"wp-page\" data-elementor-id=\"15801\" class=\"elementor elementor-15801 elementor-1130\" data-elementor-post-type=\"page\">\n\t\t\t\t\t\t<section class=\"elementor-section elementor-top-section elementor-element elementor-element-58ab01bc elementor-section-full_width elementor-section-stretched elementor-hidden-mobile elementor-section-height-default elementor-section-height-default qodef-elementor-content-no\" data-id=\"58ab01bc\" data-element_type=\"section\" data-e-type=\"section\" data-settings=\"{&quot;stretch_section&quot;:&quot;section-stretched&quot;,&quot;background_background&quot;:&quot;classic&quot;}\">\n\t\t\t\t\t\t<div class=\"elementor-container elementor-column-gap-default\">\n\t\t\t\t\t<div class=\"elementor-column elementor-col-100 elementor-top-column elementor-element elementor-element-48dbd7fb\" data-id=\"48dbd7fb\" data-element_type=\"column\" data-e-type=\"column\">\n\t\t\t<div class=\"elementor-widget-wrap elementor-element-populated\">\n\t\t\t\t\t\t<div class=\"elementor-element elementor-element-58d582e4 elementor-widget elementor-widget-shiftup_core_image_section_info\" data-id=\"58d582e4\" data-element_type=\"widget\" data-e-type=\"widget\" data-widget_type=\"shiftup_core_image_section_info.default\">\n\t\t\t\t<div class=\"elementor-widget-container\">\n\t\t\t\t\t<div class=\"qodef-shortcode qodef-m  qodef-image-section-info qodef-layout--standard   qodef--left qodef-has-bottom-info qodef--has-appear\">\n\t<div class=\"qodef-m-inner clear\">\n\t\t<div class=\"qodef-m-content\">\n\t\t\t<div class=\"qodef-m-content-inner\" style=\"background-color: #161616A6\">\n\t\t\t\t\t<div class=\"qodef-m-tagline\" style=\"-webkit-text-stroke-color: #EEEEEED6\">MX-SPRINGS<\/div>\n\n\n\t\t\t\t<div class=\"qodef-m-heading\">\n\t\t\t\t\t\t<h2 class=\"qodef-m-title\" style=\"color: #EEEEEE\">Impulsado por el rendimiento. Creado para profesionales. <\/h2>\n\t\t\t\t<\/div>\n\t\t\t\t\t<div class=\"qodef-m-text\" style=\"color: #FFFFFFCF\">Cada muelle MX-Springs est\u00e1 dise\u00f1ado para ofrecer el m\u00e1ximo agarre, amortiguaci\u00f3n y fiabilidad, y est\u00e1 disponible exclusivamente en distribuidores autorizados.<\/div>\n\n\n\t\t\t\t\t\t\t<\/div>\n\t\t\t<span class=\"qodef-m-square qodef-top\" ><\/span>\n\t\t\t<span class=\"qodef-m-square qodef-bottom\" ><\/span>\n\t\t<\/div>\n\t\t<div class=\"qodef-m-image\">\n\t<img fetchpriority=\"high\" decoding=\"async\" width=\"2560\" height=\"1435\" src=\"https:\/\/mx-springs.com\/wp-content\/uploads\/2025\/05\/dirt-bike-rider-with-his-motorcycle-racing-circuits-adventure-2-scaled.jpg\" class=\"attachment-full size-full\" alt=\"\" srcset=\"https:\/\/mx-springs.com\/wp-content\/uploads\/2025\/05\/dirt-bike-rider-with-his-motorcycle-racing-circuits-adventure-2-scaled.jpg 2560w, https:\/\/mx-springs.com\/wp-content\/uploads\/2025\/05\/dirt-bike-rider-with-his-motorcycle-racing-circuits-adventure-2-300x168.jpg 300w, https:\/\/mx-springs.com\/wp-content\/uploads\/2025\/05\/dirt-bike-rider-with-his-motorcycle-racing-circuits-adventure-2-1024x574.jpg 1024w, https:\/\/mx-springs.com\/wp-content\/uploads\/2025\/05\/dirt-bike-rider-with-his-motorcycle-racing-circuits-adventure-2-768x430.jpg 768w, https:\/\/mx-springs.com\/wp-content\/uploads\/2025\/05\/dirt-bike-rider-with-his-motorcycle-racing-circuits-adventure-2-1536x861.jpg 1536w, https:\/\/mx-springs.com\/wp-content\/uploads\/2025\/05\/dirt-bike-rider-with-his-motorcycle-racing-circuits-adventure-2-2048x1148.jpg 2048w, https:\/\/mx-springs.com\/wp-content\/uploads\/2025\/05\/dirt-bike-rider-with-his-motorcycle-racing-circuits-adventure-2-600x336.jpg 600w\" sizes=\"(max-width: 2560px) 100vw, 2560px\" \/><\/div>\n\t\t\t<div class=\"qodef-m-bottom-info\" >\n\t\t\t\t\t<div class=\"qodef-m-bottom-info-mark\" >MX<\/div>\n\t\t\t\t\t\t\t<h5 class=\"qodef-m-bottom-info-text\" >MX-SPRINGS.COM<\/h5>\n\t\t\t<\/div>\n\t<\/div>\n<\/div>\n\t\t\t\t<\/div>\n\t\t\t\t<\/div>\n\t\t\t\t\t<\/div>\n\t\t<\/div>\n\t\t\t\t\t<\/div>\n\t\t<\/section>\n\t\t\t\t<section class=\"elementor-section elementor-top-section elementor-element elementor-element-303da52 elementor-section-full_width elementor-section-stretched elementor-hidden-desktop elementor-hidden-tablet elementor-section-height-default elementor-section-height-default qodef-elementor-content-no\" data-id=\"303da52\" data-element_type=\"section\" data-e-type=\"section\" data-settings=\"{&quot;stretch_section&quot;:&quot;section-stretched&quot;,&quot;background_background&quot;:&quot;classic&quot;}\">\n\t\t\t\t\t\t<div class=\"elementor-container elementor-column-gap-default\">\n\t\t\t\t\t<div class=\"elementor-column elementor-col-100 elementor-top-column elementor-element elementor-element-283d7f7\" data-id=\"283d7f7\" data-element_type=\"column\" data-e-type=\"column\">\n\t\t\t<div class=\"elementor-widget-wrap elementor-element-populated\">\n\t\t\t\t\t\t<div class=\"elementor-element elementor-element-8a99132 elementor-widget elementor-widget-shiftup_core_image_section_info\" data-id=\"8a99132\" data-element_type=\"widget\" data-e-type=\"widget\" data-widget_type=\"shiftup_core_image_section_info.default\">\n\t\t\t\t<div class=\"elementor-widget-container\">\n\t\t\t\t\t<div class=\"qodef-shortcode qodef-m  qodef-image-section-info qodef-layout--standard   qodef--left qodef-has-bottom-info qodef--has-appear\">\n\t<div class=\"qodef-m-inner clear\">\n\t\t<div class=\"qodef-m-content\">\n\t\t\t<div class=\"qodef-m-content-inner\" style=\"background-color: #161616A6\">\n\t\t\t\t\t<div class=\"qodef-m-tagline\" style=\"-webkit-text-stroke-color: #EEEEEED6\">MX-SPRINGS<\/div>\n\n\n\t\t\t\t<div class=\"qodef-m-heading\">\n\t\t\t\t\t\t<h2 class=\"qodef-m-title\" style=\"color: #EEEEEE\">Impulsado por el rendimiento. Creado para profesionales. <\/h2>\n\t\t\t\t<\/div>\n\t\t\t\t\t<div class=\"qodef-m-text\" style=\"color: #FFFFFFCF\">Cada muelle MX-Springs est\u00e1 dise\u00f1ado para ofrecer el m\u00e1ximo agarre, amortiguaci\u00f3n y fiabilidad, y est\u00e1 disponible exclusivamente en distribuidores autorizados.<\/div>\n\n\n\t\t\t\t\t\t\t<\/div>\n\t\t\t<span class=\"qodef-m-square qodef-top\" ><\/span>\n\t\t\t<span class=\"qodef-m-square qodef-bottom\" ><\/span>\n\t\t<\/div>\n\t\t<div class=\"qodef-m-image\">\n\t<\/div>\n\t\t\t<div class=\"qodef-m-bottom-info\" >\n\t\t\t\t\t<div class=\"qodef-m-bottom-info-mark\" >MX<\/div>\n\t\t\t\t\t\t\t<h5 class=\"qodef-m-bottom-info-text\" >MX-SPRINGS.COM<\/h5>\n\t\t\t<\/div>\n\t<\/div>\n<\/div>\n\t\t\t\t<\/div>\n\t\t\t\t<\/div>\n\t\t\t\t\t<\/div>\n\t\t<\/div>\n\t\t\t\t\t<\/div>\n\t\t<\/section>\n\t\t\t\t<section class=\"elementor-section elementor-top-section elementor-element elementor-element-2eb193ad elementor-section-full_width qodef-elementor-content-grid elementor-section-height-default elementor-section-height-default\" data-id=\"2eb193ad\" data-element_type=\"section\" data-e-type=\"section\" data-settings=\"{&quot;background_background&quot;:&quot;classic&quot;}\">\n\t\t\t\t\t\t<div class=\"elementor-container elementor-column-gap-default\">\n\t\t\t\t\t<div class=\"elementor-column elementor-col-50 elementor-top-column elementor-element elementor-element-5f8a528\" data-id=\"5f8a528\" data-element_type=\"column\" data-e-type=\"column\">\n\t\t\t<div class=\"elementor-widget-wrap elementor-element-populated\">\n\t\t\t\t\t\t<div class=\"elementor-element elementor-element-7acc83ba elementor-widget elementor-widget-shiftup_core_section_title\" data-id=\"7acc83ba\" data-element_type=\"widget\" data-e-type=\"widget\" data-widget_type=\"shiftup_core_section_title.default\">\n\t\t\t\t<div class=\"elementor-widget-container\">\n\t\t\t\t\t<div class=\"qodef-shortcode qodef-m  qodef-section-title qodef-alignment--left \">\n\t\t<h2 class=\"qodef-m-title\" style=\"color: #EEEEEE\">\n\t\t\t\t\tQu\u00e9 hacemos\t\t\t<\/h2>\n\t<\/div>\n\t\t\t\t<\/div>\n\t\t\t\t<\/div>\n\t\t\t\t\t<\/div>\n\t\t<\/div>\n\t\t\t\t<div class=\"elementor-column elementor-col-50 elementor-top-column elementor-element elementor-element-61b93257\" data-id=\"61b93257\" data-element_type=\"column\" data-e-type=\"column\">\n\t\t\t<div class=\"elementor-widget-wrap elementor-element-populated\">\n\t\t\t\t\t\t<div class=\"elementor-element elementor-element-f9a2f32 elementor-widget elementor-widget-shiftup_core_section_title\" data-id=\"f9a2f32\" data-element_type=\"widget\" data-e-type=\"widget\" data-widget_type=\"shiftup_core_section_title.default\">\n\t\t\t\t<div class=\"elementor-widget-container\">\n\t\t\t\t\t<div class=\"qodef-shortcode qodef-m  qodef-section-title qodef-alignment--left \">\n\t\t<h4 class=\"qodef-m-title\" style=\"color: #EEEEEE\">\n\t\t\t\t\tAgarre m\u00e1ximo. Perfecta amortiguaci\u00f3n.   \t\t\t<\/h4>\n\t\t<p class=\"qodef-m-text\" >Desarrollamos muelles delanteros y traseros construidos para un rendimiento intenso en deportes de motor. Cada modelo se prueba y optimiza en cuanto a durabilidad, control y velocidad. <\/p>\n<\/div>\n\t\t\t\t<\/div>\n\t\t\t\t<\/div>\n\t\t\t\t<div class=\"elementor-element elementor-element-5329a7dc elementor-widget elementor-widget-shiftup_core_section_title\" data-id=\"5329a7dc\" data-element_type=\"widget\" data-e-type=\"widget\" data-widget_type=\"shiftup_core_section_title.default\">\n\t\t\t\t<div class=\"elementor-widget-container\">\n\t\t\t\t\t<div class=\"qodef-shortcode qodef-m  qodef-section-title qodef-alignment--left \">\n\t\t<h4 class=\"qodef-m-title\" style=\"color: #EEEEEE\">\n\t\t\t\t\tCada primavera tiene un prop\u00f3sito.  \t\t\t<\/h4>\n\t\t<p class=\"qodef-m-text\" >No suministramos productos est\u00e1ndar, sino sistemas de suspensi\u00f3n que realmente marcan la diferencia. Fabricados en colaboraci\u00f3n con los mejores pilotos e ingenieros. <\/p>\n<\/div>\n\t\t\t\t<\/div>\n\t\t\t\t<\/div>\n\t\t\t\t<div class=\"elementor-element elementor-element-57d88311 qodef-custom-spacing elementor-widget elementor-widget-shiftup_core_icon_list_item\" data-id=\"57d88311\" data-element_type=\"widget\" data-e-type=\"widget\" data-widget_type=\"shiftup_core_icon_list_item.default\">\n\t\t\t\t<div class=\"elementor-widget-container\">\n\t\t\t\t\t<div class=\"qodef-icon-list-item qodef-icon--icon-pack\" >\n\t<p class=\"qodef-e-title\" style=\"color: #9A9A9A\">\n\t\t\t\t\t<span class=\"qodef-e-title-inner\">\n\t\t\t\t<span class=\"qodef-shortcode qodef-m  qodef-icon-holder  qodef-layout--normal\"  >\t\t\t<span class=\"qodef-icon-dripicons dripicons-checkmark qodef-icon qodef-e\" style=\"color: #FF4D24;font-size: 20px\" ><\/span>\t<\/span>\t\t\t\t<span class=\"qodef-e-title-text\">Optimizado para el automovilismo<\/span>\n\t\t\t<\/span>\n\t\t\t<\/p>\n<\/div>\n\t\t\t\t<\/div>\n\t\t\t\t<\/div>\n\t\t\t\t<div class=\"elementor-element elementor-element-3f906b74 qodef-custom-spacing elementor-widget elementor-widget-shiftup_core_icon_list_item\" data-id=\"3f906b74\" data-element_type=\"widget\" data-e-type=\"widget\" data-widget_type=\"shiftup_core_icon_list_item.default\">\n\t\t\t\t<div class=\"elementor-widget-container\">\n\t\t\t\t\t<div class=\"qodef-icon-list-item qodef-icon--icon-pack\" >\n\t<p class=\"qodef-e-title\" style=\"color: #9A9A9A\">\n\t\t\t\t\t<span class=\"qodef-e-title-inner\">\n\t\t\t\t<span class=\"qodef-shortcode qodef-m  qodef-icon-holder  qodef-layout--normal\"  >\t\t\t<span class=\"qodef-icon-dripicons dripicons-checkmark qodef-icon qodef-e\" style=\"color: #FF4D24;font-size: 20px\" ><\/span>\t<\/span>\t\t\t\t<span class=\"qodef-e-title-text\">Disponible a trav\u00e9s de distribuidores autorizados<\/span>\n\t\t\t<\/span>\n\t\t\t<\/p>\n<\/div>\n\t\t\t\t<\/div>\n\t\t\t\t<\/div>\n\t\t\t\t\t<\/div>\n\t\t<\/div>\n\t\t\t\t\t<\/div>\n\t\t<\/section>\n\t\t\t\t<section class=\"elementor-section elementor-top-section elementor-element elementor-element-32403cc5 elementor-section-full_width qodef-elementor-content-grid qodef-btt-light elementor-section-height-default elementor-section-height-default\" data-id=\"32403cc5\" data-element_type=\"section\" data-e-type=\"section\" data-settings=\"{&quot;background_background&quot;:&quot;classic&quot;}\">\n\t\t\t\t\t\t<div class=\"elementor-container elementor-column-gap-default\">\n\t\t\t\t\t<div class=\"elementor-column elementor-col-25 elementor-top-column elementor-element elementor-element-78f2899c\" data-id=\"78f2899c\" data-element_type=\"column\" data-e-type=\"column\">\n\t\t\t<div class=\"elementor-widget-wrap elementor-element-populated\">\n\t\t\t\t\t\t<div class=\"elementor-element elementor-element-476c73d1 elementor-widget elementor-widget-shiftup_core_info_section\" data-id=\"476c73d1\" data-element_type=\"widget\" data-e-type=\"widget\" data-widget_type=\"shiftup_core_info_section.default\">\n\t\t\t\t<div class=\"elementor-widget-container\">\n\t\t\t\t\t<div class=\"qodef-shortcode qodef-m  qodef-info-section qodef-layout--background-text  qodef-background-text-pos--top-left\">\n\t<div class=\"qodef-m-background-text\">\n\t\t\t<\/div>\n\t<div class=\"qodef-m-info\">\n\t\t\t<h4 class=\"qodef-m-title\" style=\"color: #FFFFFF\">\n\t\tPuro rendimiento\t<\/h4>\n\t\t\t<p class=\"qodef-m-text\" style=\"color: #9A9A9A\">Desarrollado para ofrecer el m\u00e1ximo rendimiento en condiciones extremas de MX - probado al m\u00e1s alto nivel.<\/p>\n\t<\/div>\n<\/div>\n\t\t\t\t<\/div>\n\t\t\t\t<\/div>\n\t\t\t\t\t<\/div>\n\t\t<\/div>\n\t\t\t\t<div class=\"elementor-column elementor-col-25 elementor-top-column elementor-element elementor-element-3f5ddbfc\" data-id=\"3f5ddbfc\" data-element_type=\"column\" data-e-type=\"column\">\n\t\t\t<div class=\"elementor-widget-wrap elementor-element-populated\">\n\t\t\t\t\t\t<div class=\"elementor-element elementor-element-726d74c7 elementor-widget elementor-widget-shiftup_core_info_section\" data-id=\"726d74c7\" data-element_type=\"widget\" data-e-type=\"widget\" data-widget_type=\"shiftup_core_info_section.default\">\n\t\t\t\t<div class=\"elementor-widget-container\">\n\t\t\t\t\t<div class=\"qodef-shortcode qodef-m  qodef-info-section qodef-layout--background-text  qodef-background-text-pos--top-left\">\n\t<div class=\"qodef-m-background-text\">\n\t\t\t<\/div>\n\t<div class=\"qodef-m-info\">\n\t\t\t<h4 class=\"qodef-m-title\" style=\"color: #FFFFFF\">\n\t\tAjuste perfecto\t<\/h4>\n\t\t\t<p class=\"qodef-m-text\" style=\"color: #838383\">Cada muelle se adapta perfectamente a la marca, el modelo y el a\u00f1o de fabricaci\u00f3n de tu moto de cross.<\/p>\n\t<\/div>\n<\/div>\n\t\t\t\t<\/div>\n\t\t\t\t<\/div>\n\t\t\t\t\t<\/div>\n\t\t<\/div>\n\t\t\t\t<div class=\"elementor-column elementor-col-25 elementor-top-column elementor-element elementor-element-7358ecc2\" data-id=\"7358ecc2\" data-element_type=\"column\" data-e-type=\"column\">\n\t\t\t<div class=\"elementor-widget-wrap elementor-element-populated\">\n\t\t\t\t\t\t<div class=\"elementor-element elementor-element-514c6baa elementor-widget elementor-widget-shiftup_core_info_section\" data-id=\"514c6baa\" data-element_type=\"widget\" data-e-type=\"widget\" data-widget_type=\"shiftup_core_info_section.default\">\n\t\t\t\t<div class=\"elementor-widget-container\">\n\t\t\t\t\t<div class=\"qodef-shortcode qodef-m  qodef-info-section qodef-layout--background-text  qodef-background-text-pos--top-left\">\n\t<div class=\"qodef-m-background-text\">\n\t\t\t<\/div>\n\t<div class=\"qodef-m-info\">\n\t\t\t<h4 class=\"qodef-m-title\" style=\"color: #FFFFFF\">\n\t\tAcceso s\u00f3lo para distribuidores\t<\/h4>\n\t\t\t<p class=\"qodef-m-text\" style=\"color: #9A9A9A\">Acceso exclusivo a precios, existencias y opciones de pedido a trav\u00e9s de tu cuenta de distribuidor.<\/p>\n\t<\/div>\n<\/div>\n\t\t\t\t<\/div>\n\t\t\t\t<\/div>\n\t\t\t\t\t<\/div>\n\t\t<\/div>\n\t\t\t\t<div class=\"elementor-column elementor-col-25 elementor-top-column elementor-element elementor-element-6af8c8cc\" data-id=\"6af8c8cc\" data-element_type=\"column\" data-e-type=\"column\">\n\t\t\t<div class=\"elementor-widget-wrap elementor-element-populated\">\n\t\t\t\t\t\t<div class=\"elementor-element elementor-element-22de394e elementor-widget elementor-widget-shiftup_core_info_section\" data-id=\"22de394e\" data-element_type=\"widget\" data-e-type=\"widget\" data-widget_type=\"shiftup_core_info_section.default\">\n\t\t\t\t<div class=\"elementor-widget-container\">\n\t\t\t\t\t<div class=\"qodef-shortcode qodef-m  qodef-info-section qodef-layout--background-text  qodef-background-text-pos--top-left\">\n\t<div class=\"qodef-m-background-text\">\n\t\t\t<\/div>\n\t<div class=\"qodef-m-info\">\n\t\t\t<h4 class=\"qodef-m-title\" style=\"color: #FFFFFF\">\n\t\tGu\u00eda de elecci\u00f3n inteligente\t<\/h4>\n\t\t\t<p class=\"qodef-m-text\" style=\"color: #9A9A9A\">Selecciona tu marca, modelo y a\u00f1o y encuentra al instante el muelle delantero y trasero adecuado.<\/p>\n\t<\/div>\n<\/div>\n\t\t\t\t<\/div>\n\t\t\t\t<\/div>\n\t\t\t\t\t<\/div>\n\t\t<\/div>\n\t\t\t\t\t<\/div>\n\t\t<\/section>\n\t\t\t\t<section class=\"elementor-section elementor-top-section elementor-element elementor-element-4c462a4 elementor-section-full_width qodef-btt-light elementor-section-height-default elementor-section-height-default qodef-elementor-content-no\" data-id=\"4c462a4\" data-element_type=\"section\" data-e-type=\"section\">\n\t\t\t\t\t\t<div class=\"elementor-container elementor-column-gap-default\">\n\t\t\t\t\t<div class=\"elementor-column elementor-col-100 elementor-top-column elementor-element elementor-element-43745be\" data-id=\"43745be\" data-element_type=\"column\" data-e-type=\"column\">\n\t\t\t<div class=\"elementor-widget-wrap elementor-element-populated\">\n\t\t\t\t\t\t<div class=\"elementor-element elementor-element-4ea1228 elementor-widget elementor-widget-shiftup_core_image_section_info\" data-id=\"4ea1228\" data-element_type=\"widget\" data-e-type=\"widget\" data-widget_type=\"shiftup_core_image_section_info.default\">\n\t\t\t\t<div class=\"elementor-widget-container\">\n\t\t\t\t\t<div class=\"qodef-shortcode qodef-m  qodef-image-section-info qodef-layout--info-on-image  qodef-image-default qodef--right  qodef--has-appear\">\n\t<div class=\"qodef-m-inner clear\">\n\t\t<div class=\"qodef-m-image\">\n\t<\/div>\n\t\t<div class=\"qodef-m-content\" style=\"padding: 16.5% 6% 16.5% 15%\">\n\t\t\t<div class=\"qodef-m-content-inner\" style=\"padding: 16.5% 6% 16.5% 15%\">\n\t\t\t\t\n\n\t\t\t\t\t<h2 class=\"qodef-m-title\" >CONVI\u00c9RTETE EN DISTRIBUIDOR OFICIAL<\/h2>\n\t\t\t\t\t<div class=\"qodef-m-text\" ><p style=\"color: #9A9A9A;\"><em>Acceso exclusivo a resortes de rendimiento y herramientas inteligentes.<\/em><\/p>\n<p style=\"color: white;\">\n  \u00danete a la red de MX-Springs y accede a nuestro portal de distribuidores con funciones completas para realizar pedidos profesionales, asistencia t\u00e9cnica y precios de compra competitivos.\n<\/p>\n<ul style=\"list-style-type: none; padding-left: 0; color: white;\">\n  <li><span style=\"color: #E6212B;\">\u2714<\/span> Acceso al portal exclusivo para concesionarios<\/li>\n  <li>\u2714 Pedido al por mayor <span style=\"color: #E6212B;\">simplificado<\/span> con un solo clic<\/li>\n  <li><span style=\"color: #E6212B;\">\u2714<\/span> Soporte t\u00e9cnico del producto<\/li>\n<\/ul><\/div>\n\n\n\t\t\t\t\t<div class=\"qodef-m-button\">\n\t\t<a class=\"qodef-shortcode qodef-m  qodef-button qodef-layout--filled  qodef-html--link \" href=\"https:\/\/mx-springs.com\/es\/conviertete-en-distribuidor-oficial\/\" target=\"_self\"  style=\"color: #FFFFFF;font-size: 15px\">\t\t<span class=\"qodef-m-text\">Solicitar acceso<\/span><\/a>\t<\/div>\n\t\t\t<\/div>\n\t\t\t\t\t\t\t<span class=\"qodef-m-square qodef-top\" ><\/span>\n\t\t\t\t<span class=\"qodef-m-square qodef-bottom\" ><\/span>\n\t\t\t\t\t<\/div>\n\t<\/div>\n<\/div>\n\t\t\t\t<\/div>\n\t\t\t\t<\/div>\n\t\t\t\t\t<\/div>\n\t\t<\/div>\n\t\t\t\t\t<\/div>\n\t\t<\/section>\n\t\t\t\t<\/div>\n\t\t","protected":false},"excerpt":{"rendered":"<p>MX-SPRINGS Impulsado por el rendimiento. Creado para profesionales. Cada muelle MX-Springs est\u00e1 dise\u00f1ado para ofrecer el m\u00e1ximo agarre, amortiguaci\u00f3n y fiabilidad, y est\u00e1 disponible exclusivamente en distribuidores autorizados. MX MX-SPRINGS.COM MX-SPRINGS Impulsado por el rendimiento. Creado para profesionales. Cada muelle MX-Springs est\u00e1 dise\u00f1ado para ofrecer el m\u00e1ximo agarre, amortiguaci\u00f3n y fiabilidad, y est\u00e1 disponible exclusivamente [&hellip;]<\/p>\n","protected":false},"author":1,"featured_media":0,"parent":0,"menu_order":0,"comment_status":"closed","ping_status":"closed","template":"page-full-width.php","meta":{"footnotes":""},"class_list":["post-15801","page","type-page","status-publish","hentry"],"_links":{"self":[{"href":"https:\/\/mx-springs.com\/es\/wp-json\/wp\/v2\/pages\/15801","targetHints":{"allow":["GET"]}}],"collection":[{"href":"https:\/\/mx-springs.com\/es\/wp-json\/wp\/v2\/pages"}],"about":[{"href":"https:\/\/mx-springs.com\/es\/wp-json\/wp\/v2\/types\/page"}],"author":[{"embeddable":true,"href":"https:\/\/mx-springs.com\/es\/wp-json\/wp\/v2\/users\/1"}],"replies":[{"embeddable":true,"href":"https:\/\/mx-springs.com\/es\/wp-json\/wp\/v2\/comments?post=15801"}],"version-history":[{"count":5,"href":"https:\/\/mx-springs.com\/es\/wp-json\/wp\/v2\/pages\/15801\/revisions"}],"predecessor-version":[{"id":20882,"href":"https:\/\/mx-springs.com\/es\/wp-json\/wp\/v2\/pages\/15801\/revisions\/20882"}],"wp:attachment":[{"href":"https:\/\/mx-springs.com\/es\/wp-json\/wp\/v2\/media?parent=15801"}],"curies":[{"name":"wp","href":"https:\/\/api.w.org\/{rel}","templated":true}]}}