{"id":15790,"date":"2021-11-04T15:37:32","date_gmt":"2021-11-04T15:37:32","guid":{"rendered":"https:\/\/mx-springs.com\/ponte-en-contacto-con\/"},"modified":"2025-05-30T14:51:00","modified_gmt":"2025-05-30T14:51:00","slug":"ponte-en-contacto-con","status":"publish","type":"page","link":"https:\/\/mx-springs.com\/es\/ponte-en-contacto-con\/","title":{"rendered":"Ponte en contacto con"},"content":{"rendered":"\t\t<div data-elementor-type=\"wp-page\" data-elementor-id=\"15790\" class=\"elementor elementor-15790 elementor-1867\" data-elementor-post-type=\"page\">\n\t\t\t\t\t\t<section class=\"elementor-section elementor-top-section elementor-element elementor-element-0e00f39 elementor-section-full_width qodef-elementor-content-grid elementor-section-height-default elementor-section-height-default\" data-id=\"0e00f39\" data-element_type=\"section\" data-e-type=\"section\">\n\t\t\t\t\t\t<div class=\"elementor-container elementor-column-gap-default\">\n\t\t\t\t\t<div class=\"elementor-column elementor-col-50 elementor-top-column elementor-element elementor-element-decdc40 qodef-hover-links\" data-id=\"decdc40\" data-element_type=\"column\" data-e-type=\"column\">\n\t\t\t<div class=\"elementor-widget-wrap elementor-element-populated\">\n\t\t\t\t\t\t<div class=\"elementor-element elementor-element-cabf4e4 elementor-widget elementor-widget-shiftup_core_section_title\" data-id=\"cabf4e4\" data-element_type=\"widget\" data-e-type=\"widget\" data-widget_type=\"shiftup_core_section_title.default\">\n\t\t\t\t<div class=\"elementor-widget-container\">\n\t\t\t\t\t<div class=\"qodef-shortcode qodef-m  qodef-section-title qodef-alignment--left \">\n\t\t<h2 class=\"qodef-m-title\" style=\"color: #EEEEEE\">\n\t\t\t\t\tPonte en contacto con nosotros\t\t\t<\/h2>\n\t\t<p class=\"qodef-m-text\" >Si tienes preguntas sobre pedidos, asistencia t\u00e9cnica o cuentas de distribuidores, estamos a tu disposici\u00f3n. Nuestro equipo de especialistas en automovilismo estar\u00e1 encantado de ayudarte.<\/p>\n<\/div>\n\t\t\t\t<\/div>\n\t\t\t\t<\/div>\n\t\t\t\t<div class=\"elementor-element elementor-element-b3027ec elementor-widget elementor-widget-text-editor\" data-id=\"b3027ec\" data-element_type=\"widget\" data-e-type=\"widget\" data-widget_type=\"text-editor.default\">\n\t\t\t\t<div class=\"elementor-widget-container\">\n\t\t\t\t\t\t\t\t\t<p style=\"margin-bottom: 10px;\">Centro de asistencia 24\/7<\/p>\n\n<h2 style=\"margin-top: 0px; color: #fff;\"><span style=\"color: #ffffff;\"><a style=\"color: #ffffff;\" href=\"tel:+31654331031;\">+31 6 54331031<\/a><\/span><\/h2>\t\t\t\t\t\t\t\t<\/div>\n\t\t\t\t<\/div>\n\t\t\t\t<section class=\"elementor-section elementor-inner-section elementor-element elementor-element-d2221f3 elementor-section-full_width elementor-section-height-default elementor-section-height-default qodef-elementor-content-no\" data-id=\"d2221f3\" data-element_type=\"section\" data-e-type=\"section\">\n\t\t\t\t\t\t<div class=\"elementor-container elementor-column-gap-default\">\n\t\t\t\t\t<div class=\"elementor-column elementor-col-50 elementor-inner-column elementor-element elementor-element-8168096\" data-id=\"8168096\" data-element_type=\"column\" data-e-type=\"column\">\n\t\t\t<div class=\"elementor-widget-wrap elementor-element-populated\">\n\t\t\t\t\t\t<div class=\"elementor-element elementor-element-978aede elementor-widget elementor-widget-text-editor\" data-id=\"978aede\" data-element_type=\"widget\" data-e-type=\"widget\" data-widget_type=\"text-editor.default\">\n\t\t\t\t<div class=\"elementor-widget-container\">\n\t\t\t\t\t\t\t\t\t<h5 style=\"margin-top: 0px; color: #fff;\"><a href=\"https:\/\/www.google.com\/maps\/place\/Herenweg+21,+3602+AM+Maarssen\/\">MX-Springs HQ, Herenweg 21 C, 3602 AM Maarssen<\/a><\/h5>\t\t\t\t\t\t\t\t<\/div>\n\t\t\t\t<\/div>\n\t\t\t\t\t<\/div>\n\t\t<\/div>\n\t\t\t\t<div class=\"elementor-column elementor-col-50 elementor-inner-column elementor-element elementor-element-e134b36\" data-id=\"e134b36\" data-element_type=\"column\" data-e-type=\"column\">\n\t\t\t<div class=\"elementor-widget-wrap elementor-element-populated\">\n\t\t\t\t\t\t<div class=\"elementor-element elementor-element-44e6666 elementor-widget elementor-widget-text-editor\" data-id=\"44e6666\" data-element_type=\"widget\" data-e-type=\"widget\" data-widget_type=\"text-editor.default\">\n\t\t\t\t<div class=\"elementor-widget-container\">\n\t\t\t\t\t\t\t\t\t<h5 style=\"margin-top: 0px; color: #fff;\"><a href=\"mailto:info@mx-springs.com\"><span style=\"color: #ffffff;\">info@mx-springs.com<\/span><\/a><\/h5>\t\t\t\t\t\t\t\t<\/div>\n\t\t\t\t<\/div>\n\t\t\t\t\t<\/div>\n\t\t<\/div>\n\t\t\t\t\t<\/div>\n\t\t<\/section>\n\t\t\t\t\t<\/div>\n\t\t<\/div>\n\t\t\t\t<div class=\"elementor-column elementor-col-50 elementor-top-column elementor-element elementor-element-0c6e458 qodef-skin-light\" data-id=\"0c6e458\" data-element_type=\"column\" data-e-type=\"column\">\n\t\t\t<div class=\"elementor-widget-wrap elementor-element-populated\">\n\t\t\t\t\t\t<div class=\"elementor-element elementor-element-d48487d elementor-widget elementor-widget-wp-widget-shiftup_core_contact_form_7\" data-id=\"d48487d\" data-element_type=\"widget\" data-e-type=\"widget\" data-widget_type=\"wp-widget-shiftup_core_contact_form_7.default\">\n\t\t\t\t<div class=\"elementor-widget-container\">\n\t\t\t\t\t\t\t\t<div class=\"qodef-contact-form-7\">\n\t\t\t\t<p class=\"wpcf7-contact-form-not-found\"><strong>Error:<\/strong> Formulario de contacto no encontrado.<\/p>\t\t\t<\/div>\n\t\t\t\t\t\t\t<\/div>\n\t\t\t\t<\/div>\n\t\t\t\t\t<\/div>\n\t\t<\/div>\n\t\t\t\t\t<\/div>\n\t\t<\/section>\n\t\t\t\t<\/div>\n\t\t","protected":false},"excerpt":{"rendered":"<p>Ponte en contacto con nosotros Si tienes preguntas sobre pedidos, asistencia t\u00e9cnica o cuentas de distribuidores, estamos a tu disposici\u00f3n. Nuestro equipo de especialistas en automovilismo estar\u00e1 encantado de ayudarte. Centro de asistencia 24\/7 +31 6 54331031 MX-Springs HQ, Herenweg 21 C, 3602 AM Maarssen info@mx-springs.com<\/p>\n","protected":false},"author":1,"featured_media":0,"parent":0,"menu_order":0,"comment_status":"closed","ping_status":"closed","template":"page-full-width.php","meta":{"footnotes":""},"class_list":["post-15790","page","type-page","status-publish","hentry"],"_links":{"self":[{"href":"https:\/\/mx-springs.com\/es\/wp-json\/wp\/v2\/pages\/15790","targetHints":{"allow":["GET"]}}],"collection":[{"href":"https:\/\/mx-springs.com\/es\/wp-json\/wp\/v2\/pages"}],"about":[{"href":"https:\/\/mx-springs.com\/es\/wp-json\/wp\/v2\/types\/page"}],"author":[{"embeddable":true,"href":"https:\/\/mx-springs.com\/es\/wp-json\/wp\/v2\/users\/1"}],"replies":[{"embeddable":true,"href":"https:\/\/mx-springs.com\/es\/wp-json\/wp\/v2\/comments?post=15790"}],"version-history":[{"count":1,"href":"https:\/\/mx-springs.com\/es\/wp-json\/wp\/v2\/pages\/15790\/revisions"}],"predecessor-version":[{"id":15791,"href":"https:\/\/mx-springs.com\/es\/wp-json\/wp\/v2\/pages\/15790\/revisions\/15791"}],"wp:attachment":[{"href":"https:\/\/mx-springs.com\/es\/wp-json\/wp\/v2\/media?parent=15790"}],"curies":[{"name":"wp","href":"https:\/\/api.w.org\/{rel}","templated":true}]}}