{"id":15770,"date":"2021-11-05T13:18:19","date_gmt":"2021-11-05T13:18:19","guid":{"rendered":"https:\/\/mx-springs.com\/preguntas-mas-frecuentes-faq\/"},"modified":"2025-07-21T15:43:12","modified_gmt":"2025-07-21T15:43:12","slug":"preguntas-mas-frecuentes-faq","status":"publish","type":"page","link":"https:\/\/mx-springs.com\/es\/preguntas-mas-frecuentes-faq\/","title":{"rendered":"Preguntas m\u00e1s frecuentes (FAQ)"},"content":{"rendered":"\t\t<div data-elementor-type=\"wp-page\" data-elementor-id=\"15770\" class=\"elementor elementor-15770 elementor-2105\" data-elementor-post-type=\"page\">\n\t\t\t\t\t\t<section class=\"elementor-section elementor-top-section elementor-element elementor-element-2245e74 elementor-section-full_width mx-banner elementor-hidden-tablet elementor-hidden-mobile elementor-section-height-default elementor-section-height-default qodef-elementor-content-no\" data-id=\"2245e74\" data-element_type=\"section\" data-e-type=\"section\">\n\t\t\t\t\t\t<div class=\"elementor-container elementor-column-gap-default\">\n\t\t\t\t\t<div class=\"elementor-column elementor-col-100 elementor-top-column elementor-element elementor-element-e69222a\" data-id=\"e69222a\" data-element_type=\"column\" data-e-type=\"column\">\n\t\t\t<div class=\"elementor-widget-wrap elementor-element-populated\">\n\t\t\t\t\t\t<div class=\"elementor-element elementor-element-7ee231b elementor-widget elementor-widget-shiftup_core_single_image\" data-id=\"7ee231b\" data-element_type=\"widget\" data-e-type=\"widget\" data-widget_type=\"shiftup_core_single_image.default\">\n\t\t\t\t<div class=\"elementor-widget-container\">\n\t\t\t\t\t<div class=\"qodef-shortcode qodef-m  qodef-single-image qodef-layout--default    \">\n\t\t<div class=\"qodef-m-image\">\n\t\t\t\t\t<img fetchpriority=\"high\" decoding=\"async\" width=\"1536\" height=\"1024\" src=\"https:\/\/mx-springs.com\/wp-content\/uploads\/2025\/05\/ChatGPT-Image-May-17-2025-12_00_34-PM.png\" class=\"attachment-full size-full\" alt=\"\" srcset=\"https:\/\/mx-springs.com\/wp-content\/uploads\/2025\/05\/ChatGPT-Image-May-17-2025-12_00_34-PM.png 1536w, https:\/\/mx-springs.com\/wp-content\/uploads\/2025\/05\/ChatGPT-Image-May-17-2025-12_00_34-PM-300x200.png 300w, https:\/\/mx-springs.com\/wp-content\/uploads\/2025\/05\/ChatGPT-Image-May-17-2025-12_00_34-PM-1024x683.png 1024w, https:\/\/mx-springs.com\/wp-content\/uploads\/2025\/05\/ChatGPT-Image-May-17-2025-12_00_34-PM-768x512.png 768w, https:\/\/mx-springs.com\/wp-content\/uploads\/2025\/05\/ChatGPT-Image-May-17-2025-12_00_34-PM-600x400.png 600w\" sizes=\"(max-width: 1536px) 100vw, 1536px\" \/>\t\t\t<\/div>\n\t<\/div>\n\t\t\t\t<\/div>\n\t\t\t\t<\/div>\n\t\t\t\t\t<\/div>\n\t\t<\/div>\n\t\t\t\t\t<\/div>\n\t\t<\/section>\n\t\t\t\t<section class=\"elementor-section elementor-top-section elementor-element elementor-element-dc44b17 elementor-section-full_width qodef-elementor-content-grid elementor-section-height-default elementor-section-height-default\" data-id=\"dc44b17\" data-element_type=\"section\" data-e-type=\"section\">\n\t\t\t\t\t\t<div class=\"elementor-container elementor-column-gap-default\">\n\t\t\t\t\t<div class=\"elementor-column elementor-col-50 elementor-top-column elementor-element elementor-element-e9033d9 qodef-skin-light\" data-id=\"e9033d9\" data-element_type=\"column\" data-e-type=\"column\">\n\t\t\t<div class=\"elementor-widget-wrap elementor-element-populated\">\n\t\t\t\t\t\t<div class=\"elementor-element elementor-element-7130235 elementor-hidden-desktop elementor-widget elementor-widget-shiftup_core_single_image\" data-id=\"7130235\" data-element_type=\"widget\" data-e-type=\"widget\" data-widget_type=\"shiftup_core_single_image.default\">\n\t\t\t\t<div class=\"elementor-widget-container\">\n\t\t\t\t\t<div class=\"qodef-shortcode qodef-m  qodef-single-image qodef-layout--default    \">\n\t\t<div class=\"qodef-m-image\">\n\t\t\t\t\t<img fetchpriority=\"high\" decoding=\"async\" width=\"1536\" height=\"1024\" src=\"https:\/\/mx-springs.com\/wp-content\/uploads\/2025\/05\/ChatGPT-Image-May-17-2025-12_00_34-PM.png\" class=\"attachment-full size-full\" alt=\"\" srcset=\"https:\/\/mx-springs.com\/wp-content\/uploads\/2025\/05\/ChatGPT-Image-May-17-2025-12_00_34-PM.png 1536w, https:\/\/mx-springs.com\/wp-content\/uploads\/2025\/05\/ChatGPT-Image-May-17-2025-12_00_34-PM-300x200.png 300w, https:\/\/mx-springs.com\/wp-content\/uploads\/2025\/05\/ChatGPT-Image-May-17-2025-12_00_34-PM-1024x683.png 1024w, https:\/\/mx-springs.com\/wp-content\/uploads\/2025\/05\/ChatGPT-Image-May-17-2025-12_00_34-PM-768x512.png 768w, https:\/\/mx-springs.com\/wp-content\/uploads\/2025\/05\/ChatGPT-Image-May-17-2025-12_00_34-PM-600x400.png 600w\" sizes=\"(max-width: 1536px) 100vw, 1536px\" \/>\t\t\t<\/div>\n\t<\/div>\n\t\t\t\t<\/div>\n\t\t\t\t<\/div>\n\t\t\t\t<div class=\"elementor-element elementor-element-f307246 elementor-widget elementor-widget-shiftup_core_accordion\" data-id=\"f307246\" data-element_type=\"widget\" data-e-type=\"widget\" data-widget_type=\"shiftup_core_accordion.default\">\n\t\t\t\t<div class=\"elementor-widget-container\">\n\t\t\t\t\t<div class=\"qodef-shortcode qodef-m  qodef-accordion clear qodef-behavior--accordion qodef-layout--simple\">\n\t<div class=\"qodef-accordion-title\">\n\t<h4 class=\"qodef-tab-title\">\u00bfC\u00f3mo s\u00e9 qu\u00e9 muelle es compatible con mi moto?<\/h4>\n\t<span class=\"qodef-accordion-description\">\n\t\tUsa nuestro selector por marca, modelo y a\u00f1o.\t<\/span>\n\t<span class=\"qodef-accordion-mark\">\n\t\t<span class=\"qodef-icon--plus\"><\/span>\n\t\t<span class=\"qodef-icon--minus\"><\/span>\n\t<\/span>\n<\/div>\n<div class=\"qodef-accordion-content\">\n\t<div class=\"qodef-accordion-content-inner\">\n\t\t<p data-start=\"194\" data-end=\"555\">En la p\u00e1gina \u201c<a href=\"https:\/\/mx-springs.com\/es\/encuentra-tu-primavera\/\">Encuentra tu muelle<\/a>\u201d puedes seleccionar la marca, el modelo y el a\u00f1o de tu moto. Ver\u00e1s de inmediato un resumen de todos los muelles delanteros y traseros compatibles. Solo mostramos muelles t\u00e9cnicamente compatibles con tu moto \u2014 siempre encajan perfectamente.<\/p>\t<\/div>\n<\/div>\n<div class=\"qodef-accordion-title\">\n\t<h4 class=\"qodef-tab-title\"> \u00bfQu\u00e9 muelle se adapta a mi peso?<\/h4>\n\t<span class=\"qodef-accordion-description\">\n\t\tTu peso determina la rigidez del muelle necesaria.\t<\/span>\n\t<span class=\"qodef-accordion-mark\">\n\t\t<span class=\"qodef-icon--plus\"><\/span>\n\t\t<span class=\"qodef-icon--minus\"><\/span>\n\t<\/span>\n<\/div>\n<div class=\"qodef-accordion-content\">\n\t<div class=\"qodef-accordion-content-inner\">\n\t\t<p>Cada muelle tiene un rango de peso recomendado. Al elegir tu muelle (o al contactar con un distribuidor), se tiene en cuenta tu peso en orden de marcha. As\u00ed evitas que la suspensi\u00f3n sea demasiado dura o blanda, lo que afecta al confort, control y tracci\u00f3n.<\/p>\t<\/div>\n<\/div>\n<div class=\"qodef-accordion-title\">\n\t<h4 class=\"qodef-tab-title\">\u00bfCu\u00e1l es la diferencia entre muelles delanteros y traseros?<\/h4>\n\t<span class=\"qodef-accordion-description\">\n\t\tLos delanteros van en la horquilla, los traseros en el amortiguador.\t<\/span>\n\t<span class=\"qodef-accordion-mark\">\n\t\t<span class=\"qodef-icon--plus\"><\/span>\n\t\t<span class=\"qodef-icon--minus\"><\/span>\n\t<\/span>\n<\/div>\n<div class=\"qodef-accordion-content\">\n\t<div class=\"qodef-accordion-content-inner\">\n\t\t<p>La suspensi\u00f3n delantera absorbe los impactos de la rueda delantera y afecta a la direcci\u00f3n. Los muelles traseros est\u00e1n montados en el amortiguador y contribuyen al agarre, la tracci\u00f3n y el confort. Ambos son esenciales para el comportamiento de la moto \u2014 por eso MX-Springs los entrega a medida para cada modelo y uso.<\/p>\t<\/div>\n<\/div>\n<div class=\"qodef-accordion-title\">\n\t<h4 class=\"qodef-tab-title\">\u00bfCu\u00e1l es la diferencia entre muelles lineales y progresivos?<\/h4>\n\t<span class=\"qodef-accordion-description\">\n\t\tLineal = constante, progresivo = aumenta con la compresi\u00f3n.\t<\/span>\n\t<span class=\"qodef-accordion-mark\">\n\t\t<span class=\"qodef-icon--plus\"><\/span>\n\t\t<span class=\"qodef-icon--minus\"><\/span>\n\t<\/span>\n<\/div>\n<div class=\"qodef-accordion-content\">\n\t<div class=\"qodef-accordion-content-inner\">\n\t\t<p>Los muelles lineales ofrecen una respuesta constante \u2014 ideales para circuito o terrenos controlados. Los muelles progresivos se endurecen al comprimirse, ofreciendo mayor confort y control en terrenos t\u00e9cnicos. La elecci\u00f3n depende de tu estilo de conducci\u00f3n, el terreno y tus preferencias.<\/p>\t<\/div>\n<\/div>\n<div class=\"qodef-accordion-title\">\n\t<h4 class=\"qodef-tab-title\">\u00bfPuedo hacer un pedido como particular?<\/h4>\n\t<span class=\"qodef-accordion-description\">\n\t\tNo, solo los distribuidores pueden realizar pedidos.\t<\/span>\n\t<span class=\"qodef-accordion-mark\">\n\t\t<span class=\"qodef-icon--plus\"><\/span>\n\t\t<span class=\"qodef-icon--minus\"><\/span>\n\t<\/span>\n<\/div>\n<div class=\"qodef-accordion-content\">\n\t<div class=\"qodef-accordion-content-inner\">\n\t\t<p>MX-Springs solo suministra a distribuidores autorizados. Como particular, puedes ver los productos mediante el selector de muelles y pronto ser\u00e1s redirigido a un distribuidor cercano. Este podr\u00e1 realizar el pedido, encargarse del montaje y asesorarte sobre los ajustes.<\/p>\t<\/div>\n<\/div>\n<div class=\"qodef-accordion-title\">\n\t<h4 class=\"qodef-tab-title\">\u00bfC\u00f3mo solicito una cuenta de distribuidor?<\/h4>\n\t<span class=\"qodef-accordion-description\">\n\t\tA trav\u00e9s del formulario en nuestra p\u00e1gina para distribuidores.\t<\/span>\n\t<span class=\"qodef-accordion-mark\">\n\t\t<span class=\"qodef-icon--plus\"><\/span>\n\t\t<span class=\"qodef-icon--minus\"><\/span>\n\t<\/span>\n<\/div>\n<div class=\"qodef-accordion-content\">\n\t<div class=\"qodef-accordion-content-inner\">\n\t\t<p>\u00bfEres una tienda profesional de motos o un especialista en suspensiones? Solicita f\u00e1cilmente una cuenta de distribuidor a trav\u00e9s de nuestra p\u00e1gina \u201cHazte distribuidor\u201d. Tras verificar tus datos, obtendr\u00e1s acceso a informaci\u00f3n de productos, precios y opciones de pedido.<\/p>\t<\/div>\n<\/div>\n<div class=\"qodef-accordion-title\">\n\t<h4 class=\"qodef-tab-title\">\u00bfC\u00f3mo encuentro el muelle adecuado para mi moto?<\/h4>\n\t<span class=\"qodef-accordion-description\">\n\t\tUsa la herramienta, descarga el PDF o el formulario de pedido m\u00faltiple.\t<\/span>\n\t<span class=\"qodef-accordion-mark\">\n\t\t<span class=\"qodef-icon--plus\"><\/span>\n\t\t<span class=\"qodef-icon--minus\"><\/span>\n\t<\/span>\n<\/div>\n<div class=\"qodef-accordion-content\">\n\t<div class=\"qodef-accordion-content-inner\">\n\t\t<p class=\"\" data-start=\"2785\" data-end=\"3029\">Usa nuestra herramienta \u201cEncuentra tu muelle\u201d para localizar f\u00e1cilmente el muelle adecuado seg\u00fan la marca, el modelo y el a\u00f1o de tu moto.<br data-start=\"3168\" data-end=\"3171\" \/>\u00bfPrefieres una visi\u00f3n general completa? En la p\u00e1gina de Descargas encontrar\u00e1s un PDF con todos los muelles disponibles por modelo.<br data-start=\"3301\" data-end=\"3304\" \/>Para pedidos m\u00e1s grandes, puedes utilizar el Formulario de Pedido M\u00faltiple \u2014 te permite buscar y filtrar por moto, a\u00f1o o tipo de muelle.<\/p>\t<\/div>\n<\/div>\n<div class=\"qodef-accordion-title\">\n\t<h4 class=\"qodef-tab-title\">\u00bfC\u00f3mo s\u00e9 si un muelle es compatible con el a\u00f1o de mi moto?<\/h4>\n\t<span class=\"qodef-accordion-description\">\n\t\tSiempre selecciona el a\u00f1o exacto mediante la herramienta.\t<\/span>\n\t<span class=\"qodef-accordion-mark\">\n\t\t<span class=\"qodef-icon--plus\"><\/span>\n\t\t<span class=\"qodef-icon--minus\"><\/span>\n\t<\/span>\n<\/div>\n<div class=\"qodef-accordion-content\">\n\t<div class=\"qodef-accordion-content-inner\">\n\t\t<p>Incluso peque\u00f1as diferencias entre a\u00f1os pueden afectar la compatibilidad del muelle. Por eso, usa siempre la selecci\u00f3n oficial: marca &gt; modelo &gt; a\u00f1o. As\u00ed garantizas resultados 100\u202f% compatibles.<\/p>\t<\/div>\n<\/div>\n<div class=\"qodef-accordion-title\">\n\t<h4 class=\"qodef-tab-title\">\u00bfC\u00f3mo mantengo mi suspensi\u00f3n?<\/h4>\n\t<span class=\"qodef-accordion-description\">\n\t\tHaz revisiones y limpiezas peri\u00f3dicas.\t<\/span>\n\t<span class=\"qodef-accordion-mark\">\n\t\t<span class=\"qodef-icon--plus\"><\/span>\n\t\t<span class=\"qodef-icon--minus\"><\/span>\n\t<\/span>\n<\/div>\n<div class=\"qodef-accordion-content\">\n\t<div class=\"qodef-accordion-content-inner\">\n\t\t<p>La suspensi\u00f3n est\u00e1 sujeta a desgaste. Mant\u00e9n limpia la parte exterior y haz revisar los amortiguadores y muelles al menos una vez por temporada para detectar corrosi\u00f3n o deformaciones. Consulta con tu distribuidor o descarga nuestras instrucciones de mantenimiento para m\u00e1s detalles.<\/p>\t<\/div>\n<\/div>\n<\/div>\n\t\t\t\t<\/div>\n\t\t\t\t<\/div>\n\t\t\t\t<section class=\"elementor-section elementor-inner-section elementor-element elementor-element-f0bbfe5 elementor-section-boxed elementor-section-height-default elementor-section-height-default qodef-elementor-content-no\" data-id=\"f0bbfe5\" data-element_type=\"section\" data-e-type=\"section\">\n\t\t\t\t\t\t<div class=\"elementor-container elementor-column-gap-default\">\n\t\t\t\t\t<div class=\"elementor-column elementor-col-100 elementor-inner-column elementor-element elementor-element-603a509\" data-id=\"603a509\" data-element_type=\"column\" data-e-type=\"column\" data-settings=\"{&quot;background_background&quot;:&quot;classic&quot;}\">\n\t\t\t<div class=\"elementor-widget-wrap elementor-element-populated\">\n\t\t\t\t\t\t<div class=\"elementor-element elementor-element-a4d7b8c elementor-widget elementor-widget-shiftup_core_section_title\" data-id=\"a4d7b8c\" data-element_type=\"widget\" data-e-type=\"widget\" data-widget_type=\"shiftup_core_section_title.default\">\n\t\t\t\t<div class=\"elementor-widget-container\">\n\t\t\t\t\t<div class=\"qodef-shortcode qodef-m  qodef-section-title qodef-alignment--left \">\n\t\t<h2 class=\"qodef-m-title\" style=\"color: #FFFFFF\">\n\t\t\t\t\t\u00bfNo est\u00e1 tu pregunta entre ellas?\t\t\t<\/h2>\n\t\t<p class=\"qodef-m-text\" >\u00bfTienes alguna otra pregunta espec\u00edfica sobre un producto, aplicaci\u00f3n o colaboraci\u00f3n? H\u00e1znoslo saber utilizando el siguiente formulario. Normalmente respondemos a tu mensaje en el plazo de un d\u00eda laborable.<\/p>\n<\/div>\n\t\t\t\t<\/div>\n\t\t\t\t<\/div>\n\t\t\t\t<div class=\"elementor-element elementor-element-4fbcf60 elementor-widget elementor-widget-wp-widget-shiftup_core_contact_form_7\" data-id=\"4fbcf60\" data-element_type=\"widget\" data-e-type=\"widget\" data-widget_type=\"wp-widget-shiftup_core_contact_form_7.default\">\n\t\t\t\t<div class=\"elementor-widget-container\">\n\t\t\t\t\t\t\t\t<div class=\"qodef-contact-form-7\">\n\t\t\t\t<p class=\"wpcf7-contact-form-not-found\"><strong>Error:<\/strong> Formulario de contacto no encontrado.<\/p>\t\t\t<\/div>\n\t\t\t\t\t\t\t<\/div>\n\t\t\t\t<\/div>\n\t\t\t\t\t<\/div>\n\t\t<\/div>\n\t\t\t\t\t<\/div>\n\t\t<\/section>\n\t\t\t\t\t<\/div>\n\t\t<\/div>\n\t\t\t\t<div class=\"elementor-column elementor-col-50 elementor-top-column elementor-element elementor-element-ab31c1e\" data-id=\"ab31c1e\" data-element_type=\"column\" data-e-type=\"column\">\n\t\t\t<div class=\"elementor-widget-wrap elementor-element-populated\">\n\t\t\t\t\t\t<div class=\"elementor-element elementor-element-fca1e56 elementor-widget elementor-widget-sidebar\" data-id=\"fca1e56\" data-element_type=\"widget\" data-e-type=\"widget\" data-widget_type=\"sidebar.default\">\n\t\t\t\t<div class=\"elementor-widget-container\">\n\t\t\t\t\t<div class=\"widget widget_block\" data-area=\"services\"><div style=\"background-color: #eeeeee; padding: 35px 35px;\">\n<h4 style=\"line-height: 1.15em;\">\u00bfPreguntas?<br \/>\n  Contacta con nuestro<br \/>\n  soporte t\u00e9cnico:<\/h4>\n<p style=\"margin:0px;\">Centro de soporte 24\/7<\/p>\n<h4 style=\"margin:6px 0 0 0;\"><a style=\"color:#000;\" href=\"tel:+31654331031;\">+31 6 54331031<\/a><\/h4>\n<p style=\"margin:0px;\">Ponte en contacto con nosotros<\/p>\n<h4 style=\"margin:6px 0 0 0;\"><a style=\"color:#000;\" href=\"mailto:info@mx-springs.com;\">info@mx-springs.com<\/a><\/h4>\n<\/div>\n<\/div>\t\t\t\t<\/div>\n\t\t\t\t<\/div>\n\t\t\t\t\t<\/div>\n\t\t<\/div>\n\t\t\t\t\t<\/div>\n\t\t<\/section>\n\t\t\t\t<\/div>\n\t\t","protected":false},"excerpt":{"rendered":"<p>\u00bfC\u00f3mo s\u00e9 qu\u00e9 muelle es compatible con mi moto? Usa nuestro selector por marca, modelo y a\u00f1o. En la p\u00e1gina \u201cEncuentra tu muelle\u201d puedes seleccionar la marca, el modelo y el a\u00f1o de tu moto. Ver\u00e1s de inmediato un resumen de todos los muelles delanteros y traseros compatibles. Solo mostramos muelles t\u00e9cnicamente compatibles con tu [&hellip;]<\/p>\n","protected":false},"author":1,"featured_media":0,"parent":0,"menu_order":0,"comment_status":"closed","ping_status":"closed","template":"page-full-width.php","meta":{"footnotes":""},"class_list":["post-15770","page","type-page","status-publish","hentry"],"_links":{"self":[{"href":"https:\/\/mx-springs.com\/es\/wp-json\/wp\/v2\/pages\/15770","targetHints":{"allow":["GET"]}}],"collection":[{"href":"https:\/\/mx-springs.com\/es\/wp-json\/wp\/v2\/pages"}],"about":[{"href":"https:\/\/mx-springs.com\/es\/wp-json\/wp\/v2\/types\/page"}],"author":[{"embeddable":true,"href":"https:\/\/mx-springs.com\/es\/wp-json\/wp\/v2\/users\/1"}],"replies":[{"embeddable":true,"href":"https:\/\/mx-springs.com\/es\/wp-json\/wp\/v2\/comments?post=15770"}],"version-history":[{"count":8,"href":"https:\/\/mx-springs.com\/es\/wp-json\/wp\/v2\/pages\/15770\/revisions"}],"predecessor-version":[{"id":21167,"href":"https:\/\/mx-springs.com\/es\/wp-json\/wp\/v2\/pages\/15770\/revisions\/21167"}],"wp:attachment":[{"href":"https:\/\/mx-springs.com\/es\/wp-json\/wp\/v2\/media?parent=15770"}],"curies":[{"name":"wp","href":"https:\/\/api.w.org\/{rel}","templated":true}]}}