{"id":15758,"date":"2022-01-24T14:42:04","date_gmt":"2022-01-24T14:42:04","guid":{"rendered":"https:\/\/mx-springs.com\/concesionarios\/"},"modified":"2025-06-12T07:21:07","modified_gmt":"2025-06-12T07:21:07","slug":"concesionarios","status":"publish","type":"page","link":"https:\/\/mx-springs.com\/es\/concesionarios\/","title":{"rendered":"Concesionarios"},"content":{"rendered":"\t\t<div data-elementor-type=\"wp-page\" data-elementor-id=\"15758\" class=\"elementor elementor-15758 elementor-5156\" data-elementor-post-type=\"page\">\n\t\t\t\t\t\t<section class=\"elementor-section elementor-top-section elementor-element elementor-element-e15c290 elementor-section-boxed elementor-section-height-default elementor-section-height-default qodef-elementor-content-no\" data-id=\"e15c290\" data-element_type=\"section\" data-e-type=\"section\" id=\"qodef-main-rev-holder\">\n\t\t\t\t\t\t\t<div class=\"elementor-background-overlay\"><\/div>\n\t\t\t\t\t\t\t<div class=\"elementor-container elementor-column-gap-default\">\n\t\t\t\t\t<div class=\"elementor-column elementor-col-100 elementor-top-column elementor-element elementor-element-1d376cc\" data-id=\"1d376cc\" data-element_type=\"column\" data-e-type=\"column\">\n\t\t\t<div class=\"elementor-widget-wrap elementor-element-populated\">\n\t\t\t\t\t\t<div class=\"elementor-element elementor-element-38e4b78 elementor-widget elementor-widget-slider_revolution\" data-id=\"38e4b78\" data-element_type=\"widget\" data-e-type=\"widget\" data-widget_type=\"slider_revolution.default\">\n\t\t\t\t<div class=\"elementor-widget-container\">\n\t\t\t\t\t\n\t\t<div class=\"wp-block-themepunch-revslider\">\n\t\t\t\t<p class=\"rs-p-wp-fix\"><\/p>\n\t\t\t\t<sr7-module data-alias=\"dealers-slider-14\" data-id=\"17\" id=\"SR7_17_1\" class=\"rs-ov-hidden\" data-version=\"6.7.21\">\n\t\t\t\t\t<sr7-adjuster><\/sr7-adjuster>\n\t\t\t\t\t<sr7-content>\n\t\t\t\t\t\t<sr7-slide id=\"SR7_17_1-58\" data-key=\"58\">\n\t\t\t\t\t\t\t<sr7-bg id=\"SR7_17_1-58-22\" class=\"sr7-layer\"><noscript><img decoding=\"async\" src=\"https:\/\/procat.mx-springs.com\/wp-content\/uploads\/2025\/05\/dirt-bike-rider-participating-races-circuits-adventure-thrill-with-motorcycle-4-scaled.jpg\" alt=\"\" title=\"dirt-bike-rider-participating-races-circuits-adventure-thrill-with-motorcycle (4)\"><\/noscript><\/sr7-bg>\n\t\t\t\t\t\t\t<sr7-txt id=\"SR7_17_1-58-0\" class=\"sr7-layer\"><a class=\"qodef-shortcode qodef-m  qodef-button qodef-layout--filled  qodef-html--link \" href=\"https:\/\/mx-springs.com\/es\/mi-cuenta\/\" target=\"_self\"  style=\"color: #FFFFFF\">\n\t\t<span class=\"qodef-m-text\">Inicio de sesi\u00f3n para distribuidores<\/span>\n<\/a>\n<\/sr7-txt>\n\t\t\t\t\t\t\t<sr7-txt id=\"SR7_17_1-58-2\" class=\"sr7-layer\"><svg id=\"qodef-arrow-slider-bottom\"  xmlns=\"http:\/\/www.w3.org\/2000\/svg\" width=\"24.042\" height=\"26\">\n  <g>\n    <rect id=\"_3\" data-name=\"3\" width=\"17\" height=\"2\" transform=\"translate(1872.586 1037.086) rotate(-45)\" fill=\"#fff\"\/>\n    <rect id=\"_2\" data-name=\"2\" width=\"25\" height=\"2\" transform=\"translate(1873 1037.5) rotate(-90)\" fill=\"#fff\"\/>\n    <rect id=\"_1\" data-name=\"1\" width=\"17\" height=\"2\" transform=\"translate(1874 1038.5) rotate(-135)\" fill=\"#fff\"\/>\n  <\/g>\n<\/svg>\n<\/sr7-txt>\n\t\t\t\t\t\t\t<sr7-txt id=\"SR7_17_1-58-7\" class=\"sr7-layer\">Suspensi\u00f3n exclusiva para distribuidores oficiales.<\/sr7-txt>\n\t\t\t\t\t\t\t<sr7-txt id=\"SR7_17_1-58-8\" class=\"sr7-layer\">Acceso a muelles MX de alta calidad, precios y soporte.<\/sr7-txt>\n\t\t\t\t\t\t\t<sr7-txt id=\"SR7_17_1-58-21\" class=\"sr7-layer\">CONVI\u00c9RTETE EN DISTRIBUIDOR<\/sr7-txt>\n\t\t\t\t\t\t<\/sr7-slide>\n\t\t\t\t\t\t<sr7-slide id=\"SR7_17_1-59\" data-key=\"59\">\n\t\t\t\t\t\t<\/sr7-slide>\n\t\t\t\t\t<\/sr7-content>\n\t\t\t\t\t<image_lists style=\"display:none\">\n\t\t\t\t\t\t<img data-src=\"\/\/procat.mx-springs.com\/wp-content\/uploads\/2025\/05\/dirt-bike-rider-participating-races-circuits-adventure-thrill-with-motorcycle-4-scaled.jpg\" data-libid=\"10410\" data-lib=\"medialibrary\" title=\"dirt-bike-rider-participating-races-circuits-adventure-thrill-with-motorcycle (4)\" width=\"0\" height=\"0\" data-dbsrc=\"Ly9wcm9jYXQubXgtc3ByaW5ncy5jb20vd3AtY29udGVudC91cGxvYWRzLzIwMjUvMDUvZGlydC1iaWtlLXJpZGVyLXBhcnRpY2lwYXRpbmctcmFjZXMtY2lyY3VpdHMtYWR2ZW50dXJlLXRocmlsbC13aXRoLW1vdG9yY3ljbGUtNC1zY2FsZWQuanBn\"\/>\n\t\t\t\t\t<\/image_lists>\n\t\t\t\t<\/sr7-module>\n\t\t\t\t<script>\n\t\t\t\t\tSR7.PMH ??={}; SR7.PMH[\"SR7_17_1\"] = {cn:0,state:false,fn: function() { if (_tpt!==undefined && _tpt.prepareModuleHeight !== undefined) {  _tpt.prepareModuleHeight({id:\"SR7_17_1\",el:[930,930,768,960,720],type:'standard',shdw:'0',gh:[930,930,768,960,720],gw:[1240,1240,1024,778,480],vpt:['-100px&#039;,&#039;-100px&#039;,&#039;-100px&#039;,&#039;-100px&#039;,&#039;-100px'],size:{fullWidth:true, fullHeight:true},fho:'',mh:'0',onh:0,onw:0,bg:{color:'{\"orig\":\"transparent\",\"type\":\"solid\",\"string\":\"transparent\"}'}});   SR7.PMH[\"SR7_17_1\"].state=true;} else if((SR7.PMH[\"SR7_17_1\"].cn++)<100)\tsetTimeout( SR7.PMH[\"SR7_17_1\"].fn,19);}};SR7.PMH[\"SR7_17_1\" ].fn();\n\t\t\t\t<\/script>\n<\/div>\n\n\t\t\t\t\t\t<\/div>\n\t\t\t\t<\/div>\n\t\t\t\t\t<\/div>\n\t\t<\/div>\n\t\t\t\t\t<\/div>\n\t\t<\/section>\n\t\t\t\t<section class=\"elementor-section elementor-top-section elementor-element elementor-element-d1a3cec qodef-elementor-content-grid elementor-section-boxed elementor-section-height-default elementor-section-height-default\" data-id=\"d1a3cec\" data-element_type=\"section\" data-e-type=\"section\" data-settings=\"{&quot;background_background&quot;:&quot;classic&quot;}\">\n\t\t\t\t\t\t<div class=\"elementor-container elementor-column-gap-default\">\n\t\t\t\t\t<div class=\"elementor-column elementor-col-100 elementor-top-column elementor-element elementor-element-6bfb5a7\" data-id=\"6bfb5a7\" data-element_type=\"column\" data-e-type=\"column\">\n\t\t\t<div class=\"elementor-widget-wrap elementor-element-populated\">\n\t\t\t\t\t\t<div class=\"elementor-element elementor-element-2a12192 elementor-widget elementor-widget-shiftup_core_custom_font\" data-id=\"2a12192\" data-element_type=\"widget\" data-e-type=\"widget\" data-widget_type=\"shiftup_core_custom_font.default\">\n\t\t\t\t<div class=\"elementor-widget-container\">\n\t\t\t\t\t<h1 class=\"qodef-shortcode qodef-m  qodef-custom-font qodef-custom-font-895 qodef-layout--simple qodef-outlined-text qodef--has-appear\" style=\"-webkit-text-stroke-color: #333333;font-family: Oxanium;font-weight: 600\">\n\t<span class=\"qodef-m-background-text\">  MX-SPRINGS<\/span>\n<\/h1>\n\t\t\t\t<\/div>\n\t\t\t\t<\/div>\n\t\t\t\t\t<\/div>\n\t\t<\/div>\n\t\t\t\t\t<\/div>\n\t\t<\/section>\n\t\t\t\t<section class=\"elementor-section elementor-top-section elementor-element elementor-element-ceed391 qodef-elementor-content-grid elementor-section-boxed elementor-section-height-default elementor-section-height-default\" data-id=\"ceed391\" data-element_type=\"section\" data-e-type=\"section\" data-settings=\"{&quot;background_background&quot;:&quot;classic&quot;}\">\n\t\t\t\t\t\t<div class=\"elementor-container elementor-column-gap-default\">\n\t\t\t\t\t<div class=\"elementor-column elementor-col-100 elementor-top-column elementor-element elementor-element-131a23e\" data-id=\"131a23e\" data-element_type=\"column\" data-e-type=\"column\">\n\t\t\t<div class=\"elementor-widget-wrap elementor-element-populated\">\n\t\t\t\t\t\t<div class=\"elementor-element elementor-element-a565d8f elementor-widget elementor-widget-shiftup_core_section_title\" data-id=\"a565d8f\" data-element_type=\"widget\" data-e-type=\"widget\" data-widget_type=\"shiftup_core_section_title.default\">\n\t\t\t\t<div class=\"elementor-widget-container\">\n\t\t\t\t\t<div class=\"qodef-shortcode qodef-m  qodef-section-title qodef-alignment--left \">\n\t\t<h2 class=\"qodef-m-title\" style=\"color: #FFFFFF\">\n\t\t\t\t\tFabricado para motoristas. Hecho para distribuidores. \t\t\t<\/h2>\n\t<\/div>\n\t\t\t\t<\/div>\n\t\t\t\t<\/div>\n\t\t\t\t<section class=\"elementor-section elementor-inner-section elementor-element elementor-element-e265389 elementor-section-full_width qodef-elementor-content-grid elementor-section-height-default elementor-section-height-default\" data-id=\"e265389\" data-element_type=\"section\" data-e-type=\"section\">\n\t\t\t\t\t\t<div class=\"elementor-container elementor-column-gap-default\">\n\t\t\t\t\t<div class=\"elementor-column elementor-col-33 elementor-inner-column elementor-element elementor-element-02b6bd1\" data-id=\"02b6bd1\" data-element_type=\"column\" data-e-type=\"column\">\n\t\t\t<div class=\"elementor-widget-wrap elementor-element-populated\">\n\t\t\t\t\t\t<div class=\"elementor-element elementor-element-6dbffdb elementor-widget elementor-widget-shiftup_core_image_with_text\" data-id=\"6dbffdb\" data-element_type=\"widget\" data-e-type=\"widget\" data-widget_type=\"shiftup_core_image_with_text.default\">\n\t\t\t\t<div class=\"elementor-widget-container\">\n\t\t\t\t\t<div class=\"qodef-shortcode qodef-m  qodef-image-with-text qodef-layout--text-below qodef-image-has-border \">\n\t\t<div class=\"qodef-m-content\">\n\t\t\t<h4 class=\"qodef-m-title\" style=\"color: #FFFFFF\">\n\t\t\t\t\tDise\u00f1o espec\u00edfico para deportes de motor\t\t\t<\/h4>\n\t\t\t<p class=\"qodef-m-text\" >Cada muelle est\u00e1 optimizado para el rendimiento en MX. Sin concesiones. <\/p>\n\t<\/div>\n<\/div>\n\t\t\t\t<\/div>\n\t\t\t\t<\/div>\n\t\t\t\t\t<\/div>\n\t\t<\/div>\n\t\t\t\t<div class=\"elementor-column elementor-col-33 elementor-inner-column elementor-element elementor-element-b1ca6ea\" data-id=\"b1ca6ea\" data-element_type=\"column\" data-e-type=\"column\">\n\t\t\t<div class=\"elementor-widget-wrap elementor-element-populated\">\n\t\t\t\t\t\t<div class=\"elementor-element elementor-element-29dc543 elementor-widget elementor-widget-shiftup_core_image_with_text\" data-id=\"29dc543\" data-element_type=\"widget\" data-e-type=\"widget\" data-widget_type=\"shiftup_core_image_with_text.default\">\n\t\t\t\t<div class=\"elementor-widget-container\">\n\t\t\t\t\t<div class=\"qodef-shortcode qodef-m  qodef-image-with-text qodef-layout--text-below qodef-image-has-border \">\n\t\t<div class=\"qodef-m-content\">\n\t\t\t<h4 class=\"qodef-m-title\" style=\"color: #FFFFFF\">\n\t\t\t\t\tPara profesionales\t\t\t<\/h4>\n\t\t\t<p class=\"qodef-m-text\" >S\u00f3lo disponible para distribuidores autorizados: fiable y exclusivo.<\/p>\n\t<\/div>\n<\/div>\n\t\t\t\t<\/div>\n\t\t\t\t<\/div>\n\t\t\t\t\t<\/div>\n\t\t<\/div>\n\t\t\t\t<div class=\"elementor-column elementor-col-33 elementor-inner-column elementor-element elementor-element-a909497\" data-id=\"a909497\" data-element_type=\"column\" data-e-type=\"column\">\n\t\t\t<div class=\"elementor-widget-wrap elementor-element-populated\">\n\t\t\t\t\t\t<div class=\"elementor-element elementor-element-b80a27c elementor-widget elementor-widget-shiftup_core_image_with_text\" data-id=\"b80a27c\" data-element_type=\"widget\" data-e-type=\"widget\" data-widget_type=\"shiftup_core_image_with_text.default\">\n\t\t\t\t<div class=\"elementor-widget-container\">\n\t\t\t\t\t<div class=\"qodef-shortcode qodef-m  qodef-image-with-text qodef-layout--text-below qodef-image-has-border \">\n\t\t<div class=\"qodef-m-content\">\n\t\t\t<h4 class=\"qodef-m-title\" style=\"color: #FFFFFF\">\n\t\t\t\t\tAsistencia t\u00e9cnica\t\t\t<\/h4>\n\t\t\t<p class=\"qodef-m-text\" >Contacto directo con nuestros expertos para un ajuste perfecto.<\/p>\n\t<\/div>\n<\/div>\n\t\t\t\t<\/div>\n\t\t\t\t<\/div>\n\t\t\t\t\t<\/div>\n\t\t<\/div>\n\t\t\t\t\t<\/div>\n\t\t<\/section>\n\t\t\t\t\t<\/div>\n\t\t<\/div>\n\t\t\t\t\t<\/div>\n\t\t<\/section>\n\t\t\t\t<section class=\"elementor-section elementor-top-section elementor-element elementor-element-89f7743 elementor-section-full_width elementor-section-stretched elementor-section-height-default elementor-section-height-default qodef-elementor-content-no\" data-id=\"89f7743\" data-element_type=\"section\" data-e-type=\"section\" data-settings=\"{&quot;stretch_section&quot;:&quot;section-stretched&quot;}\">\n\t\t\t\t\t\t\t<div class=\"elementor-background-overlay\"><\/div>\n\t\t\t\t\t\t\t<div class=\"elementor-container elementor-column-gap-default\">\n\t\t\t\t\t<div class=\"elementor-column elementor-col-100 elementor-top-column elementor-element elementor-element-0cd7062\" data-id=\"0cd7062\" data-element_type=\"column\" data-e-type=\"column\">\n\t\t\t<div class=\"elementor-widget-wrap elementor-element-populated\">\n\t\t\t\t\t\t<section class=\"elementor-section elementor-inner-section elementor-element elementor-element-a7af6e4 qodef-elementor-content-grid elementor-section-full_width elementor-section-height-default elementor-section-height-default\" data-id=\"a7af6e4\" data-element_type=\"section\" data-e-type=\"section\">\n\t\t\t\t\t\t<div class=\"elementor-container elementor-column-gap-default\">\n\t\t\t\t\t<div class=\"elementor-column elementor-col-66 elementor-inner-column elementor-element elementor-element-f81f94a\" data-id=\"f81f94a\" data-element_type=\"column\" data-e-type=\"column\">\n\t\t\t<div class=\"elementor-widget-wrap elementor-element-populated\">\n\t\t\t\t\t\t<div class=\"elementor-element elementor-element-da9c31f elementor-widget elementor-widget-shiftup_core_button\" data-id=\"da9c31f\" data-element_type=\"widget\" data-e-type=\"widget\" data-widget_type=\"shiftup_core_button.default\">\n\t\t\t\t<div class=\"elementor-widget-container\">\n\t\t\t\t\t<a class=\"qodef-shortcode qodef-m  qodef-button qodef-layout--filled qodef-size--full qodef-html--link \" href=\"https:\/\/mx-springs.com\/es\/conviertete-en-distribuidor-oficial\/\" target=\"_self\"  >\n\t\t<span class=\"qodef-m-text\">Solicitar acceso a distribuidores<\/span>\n<\/a>\n\t\t\t\t<\/div>\n\t\t\t\t<\/div>\n\t\t\t\t\t<\/div>\n\t\t<\/div>\n\t\t\t\t<div class=\"elementor-column elementor-col-33 elementor-inner-column elementor-element elementor-element-ed52516\" data-id=\"ed52516\" data-element_type=\"column\" data-e-type=\"column\">\n\t\t\t<div class=\"elementor-widget-wrap elementor-element-populated\">\n\t\t\t\t\t\t<div class=\"elementor-element elementor-element-2562515 elementor-widget elementor-widget-shiftup_core_button\" data-id=\"2562515\" data-element_type=\"widget\" data-e-type=\"widget\" data-widget_type=\"shiftup_core_button.default\">\n\t\t\t\t<div class=\"elementor-widget-container\">\n\t\t\t\t\t<a class=\"qodef-shortcode qodef-m  qodef-button qodef-layout--filled qodef-size--full qodef-html--link \" href=\"https:\/\/mx-springs.com\/fr\/connexion-du-revendeur\/\" target=\"_self\"  style=\"color: #FFFFFF\">\n\t\t<span class=\"qodef-m-text\">  Inicio de sesi\u00f3n del distribuidor<\/span>\n<\/a>\n\t\t\t\t<\/div>\n\t\t\t\t<\/div>\n\t\t\t\t\t<\/div>\n\t\t<\/div>\n\t\t\t\t\t<\/div>\n\t\t<\/section>\n\t\t\t\t\t<\/div>\n\t\t<\/div>\n\t\t\t\t\t<\/div>\n\t\t<\/section>\n\t\t\t\t<\/div>\n\t\t","protected":false},"excerpt":{"rendered":"<p>MX-SPRINGS Fabricado para motoristas. Hecho para distribuidores. Dise\u00f1o espec\u00edfico para deportes de motor Cada muelle est\u00e1 optimizado para el rendimiento en MX. Sin concesiones. Para profesionales S\u00f3lo disponible para distribuidores autorizados: fiable y exclusivo. Asistencia t\u00e9cnica Contacto directo con nuestros expertos para un ajuste perfecto. Solicitar acceso a distribuidores Inicio de sesi\u00f3n del distribuidor<\/p>\n","protected":false},"author":1,"featured_media":0,"parent":0,"menu_order":0,"comment_status":"closed","ping_status":"closed","template":"page-full-width.php","meta":{"footnotes":""},"class_list":["post-15758","page","type-page","status-publish","hentry"],"_links":{"self":[{"href":"https:\/\/mx-springs.com\/es\/wp-json\/wp\/v2\/pages\/15758","targetHints":{"allow":["GET"]}}],"collection":[{"href":"https:\/\/mx-springs.com\/es\/wp-json\/wp\/v2\/pages"}],"about":[{"href":"https:\/\/mx-springs.com\/es\/wp-json\/wp\/v2\/types\/page"}],"author":[{"embeddable":true,"href":"https:\/\/mx-springs.com\/es\/wp-json\/wp\/v2\/users\/1"}],"replies":[{"embeddable":true,"href":"https:\/\/mx-springs.com\/es\/wp-json\/wp\/v2\/comments?post=15758"}],"version-history":[{"count":8,"href":"https:\/\/mx-springs.com\/es\/wp-json\/wp\/v2\/pages\/15758\/revisions"}],"predecessor-version":[{"id":20888,"href":"https:\/\/mx-springs.com\/es\/wp-json\/wp\/v2\/pages\/15758\/revisions\/20888"}],"wp:attachment":[{"href":"https:\/\/mx-springs.com\/es\/wp-json\/wp\/v2\/media?parent=15758"}],"curies":[{"name":"wp","href":"https:\/\/api.w.org\/{rel}","templated":true}]}}