{"id":15733,"date":"2025-05-26T09:00:57","date_gmt":"2025-05-26T09:00:57","guid":{"rendered":"https:\/\/mx-springs.com\/declaracion-de-privacidad\/"},"modified":"2025-05-30T10:15:13","modified_gmt":"2025-05-30T10:15:13","slug":"declaracion-de-privacidad","status":"publish","type":"page","link":"https:\/\/mx-springs.com\/es\/declaracion-de-privacidad\/","title":{"rendered":"Declaraci\u00f3n de privacidad"},"content":{"rendered":"\t\t<div data-elementor-type=\"wp-page\" data-elementor-id=\"15733\" class=\"elementor elementor-15733 elementor-12268\" data-elementor-post-type=\"page\">\n\t\t\t\t\t\t<section class=\"elementor-section elementor-top-section elementor-element elementor-element-2245e74 elementor-section-full_width mx-banner elementor-hidden-tablet elementor-hidden-mobile elementor-section-height-default elementor-section-height-default qodef-elementor-content-no\" data-id=\"2245e74\" data-element_type=\"section\" data-e-type=\"section\">\n\t\t\t\t\t\t<div class=\"elementor-container elementor-column-gap-default\">\n\t\t\t\t\t<div class=\"elementor-column elementor-col-100 elementor-top-column elementor-element elementor-element-e69222a\" data-id=\"e69222a\" data-element_type=\"column\" data-e-type=\"column\">\n\t\t\t<div class=\"elementor-widget-wrap elementor-element-populated\">\n\t\t\t\t\t\t<div class=\"elementor-element elementor-element-7ee231b elementor-widget elementor-widget-shiftup_core_single_image\" data-id=\"7ee231b\" data-element_type=\"widget\" data-e-type=\"widget\" data-widget_type=\"shiftup_core_single_image.default\">\n\t\t\t\t<div class=\"elementor-widget-container\">\n\t\t\t\t\t<div class=\"qodef-shortcode qodef-m  qodef-single-image qodef-layout--default    \">\n\t\t<div class=\"qodef-m-image\">\n\t\t\t\t\t<img fetchpriority=\"high\" decoding=\"async\" width=\"1536\" height=\"1024\" src=\"https:\/\/mx-springs.com\/wp-content\/uploads\/2025\/05\/ChatGPT-Image-May-17-2025-12_00_34-PM.png\" class=\"attachment-full size-full\" alt=\"\" srcset=\"https:\/\/mx-springs.com\/wp-content\/uploads\/2025\/05\/ChatGPT-Image-May-17-2025-12_00_34-PM.png 1536w, https:\/\/mx-springs.com\/wp-content\/uploads\/2025\/05\/ChatGPT-Image-May-17-2025-12_00_34-PM-300x200.png 300w, https:\/\/mx-springs.com\/wp-content\/uploads\/2025\/05\/ChatGPT-Image-May-17-2025-12_00_34-PM-1024x683.png 1024w, https:\/\/mx-springs.com\/wp-content\/uploads\/2025\/05\/ChatGPT-Image-May-17-2025-12_00_34-PM-768x512.png 768w, https:\/\/mx-springs.com\/wp-content\/uploads\/2025\/05\/ChatGPT-Image-May-17-2025-12_00_34-PM-600x400.png 600w\" sizes=\"(max-width: 1536px) 100vw, 1536px\" \/>\t\t\t<\/div>\n\t<\/div>\n\t\t\t\t<\/div>\n\t\t\t\t<\/div>\n\t\t\t\t\t<\/div>\n\t\t<\/div>\n\t\t\t\t\t<\/div>\n\t\t<\/section>\n\t\t\t\t<section class=\"elementor-section elementor-top-section elementor-element elementor-element-dc44b17 elementor-section-full_width qodef-elementor-content-grid elementor-section-height-default elementor-section-height-default\" data-id=\"dc44b17\" data-element_type=\"section\" data-e-type=\"section\">\n\t\t\t\t\t\t<div class=\"elementor-container elementor-column-gap-default\">\n\t\t\t\t\t<div class=\"elementor-column elementor-col-100 elementor-top-column elementor-element elementor-element-e9033d9 qodef-skin-light\" data-id=\"e9033d9\" data-element_type=\"column\" data-e-type=\"column\">\n\t\t\t<div class=\"elementor-widget-wrap elementor-element-populated\">\n\t\t\t\t\t\t<div class=\"elementor-element elementor-element-7130235 elementor-hidden-desktop elementor-widget elementor-widget-shiftup_core_single_image\" data-id=\"7130235\" data-element_type=\"widget\" data-e-type=\"widget\" data-widget_type=\"shiftup_core_single_image.default\">\n\t\t\t\t<div class=\"elementor-widget-container\">\n\t\t\t\t\t<div class=\"qodef-shortcode qodef-m  qodef-single-image qodef-layout--default    \">\n\t\t<div class=\"qodef-m-image\">\n\t\t\t\t\t<img fetchpriority=\"high\" decoding=\"async\" width=\"1536\" height=\"1024\" src=\"https:\/\/mx-springs.com\/wp-content\/uploads\/2025\/05\/ChatGPT-Image-May-17-2025-12_00_34-PM.png\" class=\"attachment-full size-full\" alt=\"\" srcset=\"https:\/\/mx-springs.com\/wp-content\/uploads\/2025\/05\/ChatGPT-Image-May-17-2025-12_00_34-PM.png 1536w, https:\/\/mx-springs.com\/wp-content\/uploads\/2025\/05\/ChatGPT-Image-May-17-2025-12_00_34-PM-300x200.png 300w, https:\/\/mx-springs.com\/wp-content\/uploads\/2025\/05\/ChatGPT-Image-May-17-2025-12_00_34-PM-1024x683.png 1024w, https:\/\/mx-springs.com\/wp-content\/uploads\/2025\/05\/ChatGPT-Image-May-17-2025-12_00_34-PM-768x512.png 768w, https:\/\/mx-springs.com\/wp-content\/uploads\/2025\/05\/ChatGPT-Image-May-17-2025-12_00_34-PM-600x400.png 600w\" sizes=\"(max-width: 1536px) 100vw, 1536px\" \/>\t\t\t<\/div>\n\t<\/div>\n\t\t\t\t<\/div>\n\t\t\t\t<\/div>\n\t\t\t\t<div class=\"elementor-element elementor-element-917faa0 elementor-widget elementor-widget-template\" data-id=\"917faa0\" data-element_type=\"widget\" data-e-type=\"widget\" data-widget_type=\"template.default\">\n\t\t\t\t<div class=\"elementor-widget-container\">\n\t\t\t\t\t\t\t<div class=\"elementor-template\">\n\t\t\t\t\t<div data-elementor-type=\"section\" data-elementor-id=\"16244\" class=\"elementor elementor-16244 elementor-12253\" data-elementor-post-type=\"elementor_library\">\n\t\t\t\t\t<section class=\"elementor-section elementor-top-section elementor-element elementor-element-7bbb035d elementor-section-boxed elementor-section-height-default elementor-section-height-default qodef-elementor-content-no\" data-id=\"7bbb035d\" data-element_type=\"section\" data-e-type=\"section\">\n\t\t\t\t\t\t<div class=\"elementor-container elementor-column-gap-default\">\n\t\t\t\t\t<div class=\"elementor-column elementor-col-100 elementor-top-column elementor-element elementor-element-73ec9369\" data-id=\"73ec9369\" data-element_type=\"column\" data-e-type=\"column\">\n\t\t\t<div class=\"elementor-widget-wrap elementor-element-populated\">\n\t\t\t\t\t\t<div class=\"elementor-element elementor-element-3ac8695c elementor-widget elementor-widget-text-editor\" data-id=\"3ac8695c\" data-element_type=\"widget\" data-e-type=\"widget\" data-widget_type=\"text-editor.default\">\n\t\t\t\t<div class=\"elementor-widget-container\">\n\t\t\t\t\t\t\t\t\t\n<h3 data-start=\"143\" data-end=\"185\">1. Nuestro uso de los datos recogidos<\/h3>\n<p data-start=\"187\" data-end=\"568\"><strong data-start=\"187\" data-end=\"216\">Uso de nuestros servicios<\/strong><br data-start=\"216\" data-end=\"219\">Cuando te suscribes a uno de nuestros servicios, te pedimos que nos proporciones datos personales. Utilizamos estos datos para prestar el servicio. Los datos se almacenan en los servidores seguros de MX-Springs o en los de un tercero. No combinamos estos datos con otra informaci\u00f3n personal en nuestro poder.   <\/p>\n<p data-start=\"570\" data-end=\"1024\"><strong data-start=\"570\" data-end=\"586\">Comunicaci\u00f3n<\/strong><br data-start=\"586\" data-end=\"589\">Cuando nos env\u00edas correos electr\u00f3nicos u otros mensajes, podemos conservar estos mensajes. A veces te pedimos datos personales relevantes para la situaci\u00f3n en cuesti\u00f3n. Esto nos permite procesar tus preguntas y responder a tus peticiones. Los datos se almacenan en los servidores seguros de MX-Springs o en los de un tercero. No combinamos estos datos con otra informaci\u00f3n personal.    <\/p>\n<p data-start=\"1026\" data-end=\"1168\"><strong data-start=\"1026\" data-end=\"1037\">Cookies<\/strong><br data-start=\"1037\" data-end=\"1040\">Recogemos datos con fines de investigaci\u00f3n para comprender mejor a nuestros clientes y adaptar nuestros servicios en consecuencia.<\/p>\n<p data-start=\"1170\" data-end=\"1699\">Este sitio web utiliza \u201ccookies\u201d (archivos de texto colocados en tu ordenador) para analizar c\u00f3mo utilizan el sitio los usuarios. La informaci\u00f3n generada por la cookie sobre tu uso del sitio web puede ser transferida a los servidores seguros de MX-Springs o a los de un tercero. Utilizamos esta informaci\u00f3n para hacer un seguimiento de c\u00f3mo se utiliza el sitio web, recopilando informes sobre la actividad del sitio web y prestando otros servicios relacionados con la actividad del sitio web y el uso de Internet.  <\/p>\n<hr data-start=\"1701\" data-end=\"1704\">\n<h3 data-start=\"1706\" data-end=\"1725\">2. Prop\u00f3sitos<\/h3>\n<p data-start=\"1726\" data-end=\"1920\">No recogemos ni utilizamos informaci\u00f3n para fines distintos de los descritos en esta pol\u00edtica de privacidad, a menos que hayamos obtenido tu consentimiento previo.<\/p>\n<hr data-start=\"1922\" data-end=\"1925\">\n<h3 data-start=\"1927\" data-end=\"1942\">3. 3. Terceros<\/h3>\n<p data-start=\"1943\" data-end=\"2379\">La informaci\u00f3n no se comparte con terceros, excepto con las aplicaciones web que utilizamos para nuestra tienda online. Esto afecta, por ejemplo, a la plataforma de revisi\u00f3n de WebwinkelKeur. Estos datos s\u00f3lo se utilizan para los fines de la aplicaci\u00f3n correspondiente y no se distribuyen m\u00e1s. En algunos casos, los datos pueden compartirse internamente. Nuestros empleados est\u00e1n obligados a respetar la confidencialidad de tus datos.    <\/p>\n<hr data-start=\"2381\" data-end=\"2384\">\n<h3 data-start=\"2386\" data-end=\"2406\">4. Cambia<\/h3>\n<p data-start=\"2407\" data-end=\"2677\">Este aviso de privacidad est\u00e1 adaptado al uso y a las funciones de este sitio. Cualquier ajuste y\/o cambio en este sitio puede dar lugar a cambios en esta declaraci\u00f3n de privacidad. Por lo tanto, es aconsejable consultar esta declaraci\u00f3n con regularidad.  <\/p>\n<hr data-start=\"2679\" data-end=\"2682\">\n<h3 data-start=\"2684\" data-end=\"2721\">5. Opciones para los datos personales<\/h3>\n<p data-start=\"2722\" data-end=\"2877\">Ofrecemos a todos los visitantes la oportunidad de ver, modificar o eliminar cualquier informaci\u00f3n personal que nos hayan proporcionado en cualquier momento.<\/p>\n<p data-start=\"2879\" data-end=\"3039\"><strong data-start=\"2879\" data-end=\"2937\">Editar datos o darse de baja del Bolet\u00edn<\/strong><br data-start=\"2937\" data-end=\"2940\">Al final de cada env\u00edo encontrar\u00e1s la opci\u00f3n de editar tus datos o darte de baja.<\/p>\n<p data-start=\"3041\" data-end=\"3247\"><strong data-start=\"3041\" data-end=\"3096\">Modificar datos o darse de baja de la comunicaci\u00f3n<\/strong><br data-start=\"3096\" data-end=\"3099\">\u00bfQuieres modificar tus datos o darte de baja de nuestros ficheros? Si es as\u00ed, ponte en contacto con nosotros utilizando los datos de contacto que figuran al final de esta p\u00e1gina. <\/p>\n<p data-start=\"3249\" data-end=\"3587\">C\u00f3mo <strong data-start=\"3249\" data-end=\"3273\">desactivar las cookies<\/strong><br data-start=\"3273\" data-end=\"3276\">La mayor\u00eda de los navegadores est\u00e1n configurados para aceptar cookies por defecto, pero puedes restablecer tu navegador para que rechace todas las cookies o para que te indique cu\u00e1ndo se env\u00eda una cookie. Sin embargo, algunas funciones y servicios de nuestro sitio web pueden no funcionar correctamente si se desactivan las cookies. <\/p>\n<hr data-start=\"3589\" data-end=\"3592\">\n<h3 data-start=\"3594\" data-end=\"3643\">6. Tus derechos sobre los datos<\/h3>\n<p data-start=\"3644\" data-end=\"4080\">Si tienes una cuenta en este sitio, o has dejado comentarios, puedes solicitar un archivo de exportaci\u00f3n de los datos personales que tenemos sobre ti, incluidos los datos que nos hayas proporcionado. Tambi\u00e9n puedes solicitar que eliminemos cualquier dato personal que tengamos sobre ti. Esto no se aplica a los datos que estamos obligados a conservar por motivos administrativos, legales o de seguridad.  <\/p>\n<hr data-start=\"4082\" data-end=\"4085\">\n<h3 data-start=\"4087\" data-end=\"4114\">7. Preguntas y respuestas<\/h3>\n<p data-start=\"4115\" data-end=\"4257\">Comprobamos regularmente nuestro cumplimiento de esta pol\u00edtica de privacidad. Si tienes alguna pregunta sobre esta pol\u00edtica de privacidad, ponte en contacto con nosotros en: <\/p>\n<p data-start=\"4259\" data-end=\"4377\"><strong data-start=\"4259\" data-end=\"4273\">Muelles MX<\/strong><\/p>\n<ul>\n<li data-start=\"4259\" data-end=\"4377\"><a class=\"\" href=\"mailto:info@mx-springs.com\" target=\"_new\" rel=\"noopener\" data-start=\"2870\" data-end=\"2887\">info@mx-springs.com<\/a><\/li>\n<li data-start=\"4259\" data-end=\"4377\"><a class=\"\" href=\"tel:+31654331031\" target=\"_new\" rel=\"noopener\" data-start=\"2870\" data-end=\"2887\">+31 6 54331031<\/a><\/li>\n<li data-start=\"4259\" data-end=\"4377\"><a class=\"\" href=\"https:\/\/www.google.com\/maps\/place\/Herenweg+21,+3602+AM+Maarssen\/\" target=\"_new\" rel=\"noopener\" data-start=\"2870\" data-end=\"2887\">MX-Springs HQ, Herenweg 21 C, 3602 AM Maarssen<\/a><\/li>\n<li data-start=\"4259\" data-end=\"4377\">w<a class=\"\" href=\"https:\/\/mx-springs.com\/es\/\" target=\"_new\" rel=\"noopener\" data-start=\"2870\" data-end=\"2887\">ww.mx-s<\/a>prings.com<\/li>\n<\/ul>\t\t\t\t\t\t\t\t<\/div>\n\t\t\t\t<\/div>\n\t\t\t\t\t<\/div>\n\t\t<\/div>\n\t\t\t\t\t<\/div>\n\t\t<\/section>\n\t\t\t\t<\/div>\n\t\t\t\t<\/div>\n\t\t\t\t\t\t<\/div>\n\t\t\t\t<\/div>\n\t\t\t\t\t<\/div>\n\t\t<\/div>\n\t\t\t\t\t<\/div>\n\t\t<\/section>\n\t\t\t\t<\/div>\n\t\t","protected":false},"excerpt":{"rendered":"","protected":false},"author":4,"featured_media":0,"parent":0,"menu_order":0,"comment_status":"closed","ping_status":"closed","template":"page-full-width.php","meta":{"footnotes":""},"class_list":["post-15733","page","type-page","status-publish","hentry"],"_links":{"self":[{"href":"https:\/\/mx-springs.com\/es\/wp-json\/wp\/v2\/pages\/15733","targetHints":{"allow":["GET"]}}],"collection":[{"href":"https:\/\/mx-springs.com\/es\/wp-json\/wp\/v2\/pages"}],"about":[{"href":"https:\/\/mx-springs.com\/es\/wp-json\/wp\/v2\/types\/page"}],"author":[{"embeddable":true,"href":"https:\/\/mx-springs.com\/es\/wp-json\/wp\/v2\/users\/4"}],"replies":[{"embeddable":true,"href":"https:\/\/mx-springs.com\/es\/wp-json\/wp\/v2\/comments?post=15733"}],"version-history":[{"count":1,"href":"https:\/\/mx-springs.com\/es\/wp-json\/wp\/v2\/pages\/15733\/revisions"}],"predecessor-version":[{"id":15734,"href":"https:\/\/mx-springs.com\/es\/wp-json\/wp\/v2\/pages\/15733\/revisions\/15734"}],"wp:attachment":[{"href":"https:\/\/mx-springs.com\/es\/wp-json\/wp\/v2\/media?parent=15733"}],"curies":[{"name":"wp","href":"https:\/\/api.w.org\/{rel}","templated":true}]}}