{"id":15725,"date":"2025-05-26T09:49:36","date_gmt":"2025-05-26T09:49:36","guid":{"rendered":"https:\/\/mx-springs.com\/garantia\/"},"modified":"2025-09-03T07:56:46","modified_gmt":"2025-09-03T07:56:46","slug":"garantia","status":"publish","type":"page","link":"https:\/\/mx-springs.com\/es\/garantia\/","title":{"rendered":"Garant\u00eda"},"content":{"rendered":"\t\t<div data-elementor-type=\"wp-page\" data-elementor-id=\"15725\" class=\"elementor elementor-15725 elementor-12307\" data-elementor-post-type=\"page\">\n\t\t\t\t\t\t<section class=\"elementor-section elementor-top-section elementor-element elementor-element-dc44b17 elementor-section-full_width qodef-elementor-content-grid elementor-section-height-default elementor-section-height-default\" data-id=\"dc44b17\" data-element_type=\"section\" data-e-type=\"section\">\n\t\t\t\t\t\t<div class=\"elementor-container elementor-column-gap-default\">\n\t\t\t\t\t<div class=\"elementor-column elementor-col-100 elementor-top-column elementor-element elementor-element-e9033d9 qodef-skin-light\" data-id=\"e9033d9\" data-element_type=\"column\" data-e-type=\"column\">\n\t\t\t<div class=\"elementor-widget-wrap elementor-element-populated\">\n\t\t\t\t\t\t<div class=\"elementor-element elementor-element-c29ce85 elementor-widget__width-initial elementor-widget elementor-widget-text-editor\" data-id=\"c29ce85\" data-element_type=\"widget\" data-e-type=\"widget\" data-widget_type=\"text-editor.default\">\n\t\t\t\t<div class=\"elementor-widget-container\">\n\t\t\t\t\t\t\t\t\t<h2><strong>Garant\u00eda de por Vida de los Resortes para Motocicletas MX-Springs<\/strong><\/h2><p>MX-Springs es una marca business-to-business que ofrece resortes de motocicleta de alta calidad. Nuestros productos est\u00e1n fabricados con los mejores materiales a nivel mundial. Los resortes se desarrollan y producen en los Pa\u00edses Bajos conforme a especificaciones precisas. Por eso ofrecemos una garant\u00eda de por vida en nuestros resortes.<\/p><h3>1. Garant\u00eda de por Vida de MX-Springs<\/h3><p>Los resortes MX-Springs cuentan con una garant\u00eda de por vida que cubre defectos de materiales o fabricaci\u00f3n (excepto el recubrimiento), siempre que se utilicen correctamente. Esta garant\u00eda aplica \u00fanicamente al comprador original que siga siendo propietario del veh\u00edculo en el que se instalaron los resortes.<\/p><p>Una vez confirmado el reclamo de garant\u00eda, MX-Springs reemplazar\u00e1 sin costo los resortes defectuosos o desgastados prematuramente. Esta garant\u00eda es el \u00fanico y exclusivo recurso en caso de p\u00e9rdida o da\u00f1o debido a un defecto de fabricaci\u00f3n o falla del resorte.<\/p><h3>2. Exclusiones de la Garant\u00eda<\/h3><p>Esta garant\u00eda no cubre resortes que hayan sido instalados incorrectamente. La instalaci\u00f3n debe ser realizada por un especialista calificado. Tampoco cubre resortes que:<\/p><ul><li>hayan sido modificados o ajustados de forma inadecuada;<\/li><li>hayan sufrido da\u00f1os por negligencia, accidente, colisi\u00f3n o sobrecarga;<\/li><li>se hayan instalado en veh\u00edculos que excedan los l\u00edmites de peso recomendados por el fabricante.<\/li><\/ul><p>MX-Springs se reserva el derecho de cambiar especificaciones y materiales sin previo aviso, y no est\u00e1 obligada a actualizar productos fabricados anteriormente.<\/p><h3>3. Otras Exclusiones<\/h3><p>Esta garant\u00eda solo cubre resortes completos y no es transferible. Declaraciones hechas por terceros, en cualquier forma (escrita u oral), no modifican esta garant\u00eda.<\/p><p>El texto de esta p\u00e1gina es vinculante. No existen garant\u00edas adicionales fuera de esta declaraci\u00f3n. MX-Springs no se hace responsable de:<\/p><ul><li>da\u00f1os indirectos;<\/li><li>p\u00e9rdida de uso o movilidad del veh\u00edculo;<\/li><li>da\u00f1os imprevistos o no intencionales;<\/li><li>lesiones o fallecimientos derivados del uso de nuestros productos.<\/li><\/ul><p>El usuario asume toda la responsabilidad y riesgo.<\/p><h3>4. Procedimiento para Reclamar la Garant\u00eda<\/h3><p>Para hacer valer la garant\u00eda, el comprador debe contactar al distribuidor o vendedor de MX-Springs donde adquiri\u00f3 originalmente los resortes. El comprador es responsable de todos los costos relacionados con el desmontaje\/montaje de los resortes, as\u00ed como del env\u00edo al distribuidor y posteriormente a MX-Springs \u2014 y de regreso.<\/p><hr \/><p><strong>MX-Springs<\/strong><\/p><p><strong data-start=\"254\" data-end=\"277\">Correo electr\u00f3nico:<\/strong> <a class=\"cursor-pointer\" rel=\"noopener\" data-start=\"278\" data-end=\"327\">info@mx-springs.com<\/a><br data-start=\"327\" data-end=\"330\" \/><strong data-start=\"330\" data-end=\"343\">Tel\u00e9fono:<\/strong> <a class=\"cursor-pointer\" rel=\"noopener\" data-start=\"344\" data-end=\"378\">+31 6 54331031<\/a><br data-start=\"378\" data-end=\"381\" \/><strong data-start=\"381\" data-end=\"406\">Direcci\u00f3n de entrega:<\/strong><br data-start=\"406\" data-end=\"409\" \/><a class=\"\" href=\"https:\/\/www.google.com\/maps\/place\/Herenweg+21C,+3602+AM+Maarssen\/\" target=\"_new\" rel=\"noopener\" data-start=\"409\" data-end=\"509\">Herenweg 21 C, 3602 AM Maarssen<\/a><br data-start=\"509\" data-end=\"512\" \/><strong data-start=\"512\" data-end=\"533\">Direcci\u00f3n postal:<\/strong><br data-start=\"533\" data-end=\"536\" \/><a class=\"\" href=\"https:\/\/www.google.com\/maps\/place\/Buitenweg+238,+3602+ZH+Maarssen\/\" target=\"_new\" rel=\"noopener\" data-start=\"536\" data-end=\"637\">Buitenweg 238, 3602 ZH Maarssen<\/a><br data-start=\"637\" data-end=\"640\" \/><strong data-start=\"640\" data-end=\"654\">Sitio web:<\/strong> <a class=\"\" href=\"https:\/\/mx-springs.com\" target=\"_new\" rel=\"noopener\" data-start=\"655\" data-end=\"703\">www.mx-springs.com<\/a><\/p>\t\t\t\t\t\t\t\t<\/div>\n\t\t\t\t<\/div>\n\t\t\t\t<div class=\"elementor-element elementor-element-657c967 elementor-widget elementor-widget-shiftup_core_button\" data-id=\"657c967\" data-element_type=\"widget\" data-e-type=\"widget\" data-widget_type=\"shiftup_core_button.default\">\n\t\t\t\t<div class=\"elementor-widget-container\">\n\t\t\t\t\t<a class=\"qodef-shortcode qodef-m  qodef-button qodef-layout--filled  qodef-html--link \" href=\"https:\/\/mx-springs.com\/wp-content\/uploads\/2025\/08\/MX-Springs-Warranty-1.pdf\" target=\"_self\"  >\n\t\t<span class=\"qodef-m-text\">Descargar PDF<\/span>\n<\/a>\n\t\t\t\t<\/div>\n\t\t\t\t<\/div>\n\t\t\t\t\t<\/div>\n\t\t<\/div>\n\t\t\t\t\t<\/div>\n\t\t<\/section>\n\t\t\t\t<\/div>\n\t\t","protected":false},"excerpt":{"rendered":"<p>Garant\u00eda de por Vida de los Resortes para Motocicletas MX-Springs MX-Springs es una marca business-to-business que ofrece resortes de motocicleta de alta calidad. Nuestros productos est\u00e1n fabricados con los mejores materiales a nivel mundial. Los resortes se desarrollan y producen en los Pa\u00edses Bajos conforme a especificaciones precisas. Por eso ofrecemos una garant\u00eda de por [&hellip;]<\/p>\n","protected":false},"author":4,"featured_media":0,"parent":0,"menu_order":0,"comment_status":"closed","ping_status":"closed","template":"","meta":{"footnotes":""},"class_list":["post-15725","page","type-page","status-publish","hentry"],"_links":{"self":[{"href":"https:\/\/mx-springs.com\/es\/wp-json\/wp\/v2\/pages\/15725","targetHints":{"allow":["GET"]}}],"collection":[{"href":"https:\/\/mx-springs.com\/es\/wp-json\/wp\/v2\/pages"}],"about":[{"href":"https:\/\/mx-springs.com\/es\/wp-json\/wp\/v2\/types\/page"}],"author":[{"embeddable":true,"href":"https:\/\/mx-springs.com\/es\/wp-json\/wp\/v2\/users\/4"}],"replies":[{"embeddable":true,"href":"https:\/\/mx-springs.com\/es\/wp-json\/wp\/v2\/comments?post=15725"}],"version-history":[{"count":10,"href":"https:\/\/mx-springs.com\/es\/wp-json\/wp\/v2\/pages\/15725\/revisions"}],"predecessor-version":[{"id":21378,"href":"https:\/\/mx-springs.com\/es\/wp-json\/wp\/v2\/pages\/15725\/revisions\/21378"}],"wp:attachment":[{"href":"https:\/\/mx-springs.com\/es\/wp-json\/wp\/v2\/media?parent=15725"}],"curies":[{"name":"wp","href":"https:\/\/api.w.org\/{rel}","templated":true}]}}