{"id":28710,"date":"2026-03-11T15:29:32","date_gmt":"2026-03-11T15:29:32","guid":{"rendered":"https:\/\/staging.mx-springs.com\/producten\/stosdampferfeder-mx-64-66-275\/"},"modified":"2026-03-11T19:39:47","modified_gmt":"2026-03-11T19:39:47","slug":"stosdampferfeder-mx-64-66-275","status":"publish","type":"product","link":"https:\/\/mx-springs.com\/de\/produkt\/stosdampferfeder-mx-64-66-275\/","title":{"rendered":"Sto\u00dfd\u00e4mpferfeder MX 64-66-275"},"content":{"rendered":"<div class=\"mx-desc\">\n<div class=\"mx-desc__block\">\n<div class=\"mx-desc__title\">Geeignet f\u00fcr<\/div>\n<div class=\"mx-desc__box\">\n<div class=\"mx-desc__row\">\n<div class=\"mx-desc__label\">Yamaha<\/div>\n<div class=\"mx-desc__value\">\n    WR 450F (2019\u20132026)<br \/>YZF 250 (2019\u20132026)<br \/>YZF 450 (2018\u20132026)\n  <\/div>\n<\/div><\/div>\n<\/p><\/div>\n<div class=\"mx-desc__block\">\n<div class=\"mx-desc__title\">Spezifikationen<\/div>\n<div class=\"mx-desc__box\">\n<div class=\"mx-desc__row\">\n<div class=\"mx-desc__label\">Innendurchmesser<\/div>\n<div class=\"mx-desc__value\">64 mm<\/div>\n<\/div>\n<div class=\"mx-desc__row\">\n<div class=\"mx-desc__label\">Au\u00dfendurchmesser<\/div>\n<div class=\"mx-desc__value\">66 mm<\/div>\n<\/div>\n<div class=\"mx-desc__row\">\n<div class=\"mx-desc__label\">L\u00e4nge<\/div>\n<div class=\"mx-desc__value\">275 mm<\/div>\n<\/div>\n<div class=\"mx-desc__row\">\n<div class=\"mx-desc__label\">Federraten<\/div>\n<div class=\"mx-desc__value mx-desc__springs\">\n    40.0 N\/mm \u00b7 42.0 N\/mm \u00b7 44.0 N\/mm \u00b7 46.0 N\/mm \u00b7 48.0 N\/mm \u00b7 50.0 N\/mm \u00b7 52.0 N\/mm \u00b7 54.0 N\/mm \u00b7 56.0 N\/mm \u00b7 58.0 N\/mm \u00b7 60.0 N\/mm \u00b7 62.0 N\/mm \u00b7 64.0 N\/mm \u00b7 66.0 N\/mm<\/p>\n<div class=\"mx-desc__note\">\n      Die richtige Federrate h\u00e4ngt von Fahrergewicht, Fahrstil und Einsatzzweck ab. Im Zweifel kontaktieren Sie MX-Springs.\n    <\/div>\n<\/p><\/div>\n<\/div><\/div>\n<\/p><\/div>\n<\/div>\n","protected":false},"excerpt":{"rendered":"<p>Sto\u00dfd\u00e4mpferfeder geeignet f\u00fcr verschiedene Yamaha Modelle der angegebenen Baujahre. <a href=\"#tab-description\">Vollst\u00e4ndige Spezifikationen ansehen<\/a>.<\/p>\n","protected":false},"featured_media":21881,"template":"","meta":[],"product_brand":[],"product_cat":[38919,39057,39063,39069,39075,39081,39087,39093,39099,32601,38949,39195,39201,39207,39213,39219,39225,39231,39237,38955,39327,39333,39339,39345,39351,39357,39363,39369,39375],"product_tag":[],"class_list":{"0":"post-28710","1":"product","2":"type-product","3":"status-publish","4":"has-post-thumbnail","6":"product_cat-yamaha-wr-450f-de","7":"product_cat-yamaha-wr-450f-2019-de","8":"product_cat-yamaha-wr-450f-2020-de","9":"product_cat-yamaha-wr-450f-2021-de","10":"product_cat-yamaha-wr-450f-2022-de","11":"product_cat-yamaha-wr-450f-2023-de","12":"product_cat-yamaha-wr-450f-2024-de","13":"product_cat-yamaha-wr-450f-2025-de","14":"product_cat-yamaha-wr-450f-2026-de","15":"product_cat-yamaha-de","16":"product_cat-yamaha-yzf-250-de","17":"product_cat-yamaha-yzf-250-2019-de","18":"product_cat-yamaha-yzf-250-2020-de","19":"product_cat-yamaha-yzf-250-2021-de","20":"product_cat-yamaha-yzf-250-2022-de","21":"product_cat-yamaha-yzf-250-2023-de","22":"product_cat-yamaha-yzf-250-2024-de","23":"product_cat-yamaha-yzf-250-2025-de","24":"product_cat-yamaha-yzf-250-2026-de","25":"product_cat-yamaha-yzf-450-de","26":"product_cat-yamaha-yzf-450-2018-de","27":"product_cat-yamaha-yzf-450-2019-de","28":"product_cat-yamaha-yzf-450-2020-de","29":"product_cat-yamaha-yzf-450-2021-de","30":"product_cat-yamaha-yzf-450-2022-de","31":"product_cat-yamaha-yzf-450-2023-de","32":"product_cat-yamaha-yzf-450-2024-de","33":"product_cat-yamaha-yzf-450-2025-de","34":"product_cat-yamaha-yzf-450-2026-de","36":"first","37":"instock","38":"taxable","39":"shipping-taxable","40":"product-type-variable"},"_links":{"self":[{"href":"https:\/\/mx-springs.com\/de\/wp-json\/wp\/v2\/product\/28710","targetHints":{"allow":["GET"]}}],"collection":[{"href":"https:\/\/mx-springs.com\/de\/wp-json\/wp\/v2\/product"}],"about":[{"href":"https:\/\/mx-springs.com\/de\/wp-json\/wp\/v2\/types\/product"}],"wp:featuredmedia":[{"embeddable":true,"href":"https:\/\/mx-springs.com\/de\/wp-json\/wp\/v2\/media\/21881"}],"wp:attachment":[{"href":"https:\/\/mx-springs.com\/de\/wp-json\/wp\/v2\/media?parent=28710"}],"wp:term":[{"taxonomy":"product_brand","embeddable":true,"href":"https:\/\/mx-springs.com\/de\/wp-json\/wp\/v2\/product_brand?post=28710"},{"taxonomy":"product_cat","embeddable":true,"href":"https:\/\/mx-springs.com\/de\/wp-json\/wp\/v2\/product_cat?post=28710"},{"taxonomy":"product_tag","embeddable":true,"href":"https:\/\/mx-springs.com\/de\/wp-json\/wp\/v2\/product_tag?post=28710"}],"curies":[{"name":"wp","href":"https:\/\/api.w.org\/{rel}","templated":true}]}}