{"id":28698,"date":"2026-03-11T15:29:32","date_gmt":"2026-03-11T15:29:32","guid":{"rendered":"https:\/\/staging.mx-springs.com\/producten\/stosdampferfeder-mx-64-66-260\/"},"modified":"2026-03-11T19:35:38","modified_gmt":"2026-03-11T19:35:38","slug":"stosdampferfeder-mx-64-66-260","status":"publish","type":"product","link":"https:\/\/mx-springs.com\/de\/produkt\/stosdampferfeder-mx-64-66-260\/","title":{"rendered":"Sto\u00dfd\u00e4mpferfeder MX 64-66-260"},"content":{"rendered":"<div class=\"mx-desc\">\n<div class=\"mx-desc__block\">\n<div class=\"mx-desc__title\">Geeignet f\u00fcr<\/div>\n<div class=\"mx-desc__box\">\n<div class=\"mx-desc__row\">\n<div class=\"mx-desc__label\">Honda<\/div>\n<div class=\"mx-desc__value\">\n    CR 250R (2001\u20132007)<br \/>CRF 250R (2004\u20132014)<br \/>CRF 450R (2002\u20132015)<br \/>CRF 450X (2010\u20132017)\n  <\/div>\n<\/div>\n<div class=\"mx-desc__row\">\n<div class=\"mx-desc__label\">Sherco<\/div>\n<div class=\"mx-desc__value\">\n    SC 250 FACTORY (2019\u20132020)<br \/>SC 300 FACTORY (2019\u20132026)<br \/>SC-F 250 FACTORY (2019\u20132020)<br \/>SCF 300 FACTORY (2019\u20132026)<br \/>SCF 450 FACTORY (2019\u20132026)<br \/>SCF 500 FACTORY (2019\u20132020)<br \/>SE 125 FACTORY (2019\u20132026)<br \/>SE 250 FACTORY (2019\u20132026)<br \/>SE 300 FACTORY (2019\u20132026)<br \/>SEF 250 FACTORY (2019\u20132026)<br \/>SEF 450 ISDE RACING (2019\u20132023)<br \/>SEF 500 FACTORY (2019\u20132020)\n  <\/div>\n<\/div>\n<div class=\"mx-desc__row\">\n<div class=\"mx-desc__label\">Stark<\/div>\n<div class=\"mx-desc__value\">\n    VARG EX (2024\u20132026)<br \/>VARG MX (2024\u20132026)\n  <\/div>\n<\/div>\n<div class=\"mx-desc__row\">\n<div class=\"mx-desc__label\">Suzuki<\/div>\n<div class=\"mx-desc__value\">\n    RM 125 (2004\u20132009)<br \/>RM 250 (2004\u20132009)<br \/>RMZ 250 (2007\u20132018)<br \/>RMZ 450 (2005\u20132017)\n  <\/div>\n<\/div>\n<div class=\"mx-desc__row\">\n<div class=\"mx-desc__label\">Yamaha<\/div>\n<div class=\"mx-desc__value\">\n    WR 450F (2016\u20132018)<br \/>YZF 250 (2014\u20132018)<br \/>YZF 450 (2010\u20132017)\n  <\/div>\n<\/div><\/div>\n<\/p><\/div>\n<div class=\"mx-desc__block\">\n<div class=\"mx-desc__title\">Spezifikationen<\/div>\n<div class=\"mx-desc__box\">\n<div class=\"mx-desc__row\">\n<div class=\"mx-desc__label\">Innendurchmesser<\/div>\n<div class=\"mx-desc__value\">64 mm<\/div>\n<\/div>\n<div class=\"mx-desc__row\">\n<div class=\"mx-desc__label\">Au\u00dfendurchmesser<\/div>\n<div class=\"mx-desc__value\">66 mm<\/div>\n<\/div>\n<div class=\"mx-desc__row\">\n<div class=\"mx-desc__label\">L\u00e4nge<\/div>\n<div class=\"mx-desc__value\">260 mm<\/div>\n<\/div>\n<div class=\"mx-desc__row\">\n<div class=\"mx-desc__label\">Federraten<\/div>\n<div class=\"mx-desc__value mx-desc__springs\">\n    34.0 N\/mm \u00b7 36.0 N\/mm \u00b7 38.0 N\/mm \u00b7 40.0 N\/mm \u00b7 42.0 N\/mm \u00b7 44.0 N\/mm \u00b7 46.0 N\/mm \u00b7 48.0 N\/mm \u00b7 50.0 N\/mm \u00b7 52.0 N\/mm \u00b7 54.0 N\/mm \u00b7 56.0 N\/mm \u00b7 58.0 N\/mm \u00b7 60.0 N\/mm \u00b7 62.0 N\/mm \u00b7 64.0 N\/mm<\/p>\n<div class=\"mx-desc__note\">\n      Die richtige Federrate h\u00e4ngt von Fahrergewicht, Fahrstil und Einsatzzweck ab. Im Zweifel kontaktieren Sie MX-Springs.\n    <\/div>\n<\/p><\/div>\n<\/div><\/div>\n<\/p><\/div>\n<\/div>\n","protected":false},"excerpt":{"rendered":"<p>Sto\u00dfd\u00e4mpferfeder geeignet f\u00fcr verschiedene Honda, Sherco, Stark, Suzuki und Yamaha Modelle der angegebenen Baujahre. <a href=\"#tab-description\">Vollst\u00e4ndige Spezifikationen ansehen<\/a>.<\/p>\n","protected":false},"featured_media":21881,"template":"","meta":[],"product_brand":[],"product_cat":[37131,38085,38091,38097,38103,38109,38115,38121,37137,37155,37161,37167,37173,37179,37185,37191,37197,37203,37209,37215,37143,37293,37299,37305,37311,37317,37323,37329,37335,37341,37347,37353,37359,37365,37371,37149,37443,37449,37455,37461,37467,37473,37479,37485,32535,37545,38127,38133,38139,38145,38151,38157,37551,38163,38169,38175,38181,38187,38193,37557,37587,37593,37599,37605,37611,37617,37623,37629,37635,37641,37647,37653,37563,37707,37713,37719,37725,37731,37737,37743,37749,37755,37761,37767,37773,37779,38205,38343,38349,38211,38355,38361,38367,38373,38379,38385,38391,38397,38217,38403,38409,38223,38415,38421,38427,38433,38439,38445,38451,38457,38229,38463,38469,38475,38481,38487,38493,38499,38505,38235,38511,38517,38241,38529,38535,38541,38547,38553,38559,38565,38571,38259,38601,38607,38613,38619,38625,38631,38637,38643,38277,38673,38679,38685,38691,38697,38703,38709,38715,38295,38751,38757,38763,38769,38775,38781,38787,38793,38319,38823,38829,38835,38841,38847,38331,38853,38859,32571,32577,32583,38865,38877,38883,38889,38871,38895,38901,38907,38919,39039,39045,39051,32601,38949,39165,39171,39177,39183,39189,38955,39279,39285,39291,39297,39303,39309,39315,39321],"product_tag":[],"class_list":{"0":"post-28698","1":"product","2":"type-product","3":"status-publish","4":"has-post-thumbnail","6":"product_cat-honda-cr-250r-de","7":"product_cat-honda-cr-250r-2001-de","8":"product_cat-honda-cr-250r-2002-de","9":"product_cat-honda-cr-250r-2003-de","10":"product_cat-honda-cr-250r-2004-de","11":"product_cat-honda-cr-250r-2005-de","12":"product_cat-honda-cr-250r-2006-de","13":"product_cat-honda-cr-250r-2007-de","14":"product_cat-honda-crf-250r-de","15":"product_cat-honda-crf-250r-2004-de","16":"product_cat-honda-crf-250r-2005-de","17":"product_cat-honda-crf-250r-2006-de","18":"product_cat-honda-crf-250r-2007-de","19":"product_cat-honda-crf-250r-2008-de","20":"product_cat-honda-crf-250r-2009-de","21":"product_cat-honda-crf-250r-2010-de","22":"product_cat-honda-crf-250r-2011-de","23":"product_cat-honda-crf-250r-2012-de","24":"product_cat-honda-crf-250r-2013-de","25":"product_cat-honda-crf-250r-2014-de","26":"product_cat-honda-crf-450r-de","27":"product_cat-honda-crf-450r-2002-de","28":"product_cat-honda-crf-450r-2003-de","29":"product_cat-honda-crf-450r-2004-de","30":"product_cat-honda-crf-450r-2005-de","31":"product_cat-honda-crf-450r-2006-de","32":"product_cat-honda-crf-450r-2007-de","33":"product_cat-honda-crf-450r-2008-de","34":"product_cat-honda-crf-450r-2009-de","35":"product_cat-honda-crf-450r-2010-de","36":"product_cat-honda-crf-450r-2011-de","37":"product_cat-honda-crf-450r-2012-de","38":"product_cat-honda-crf-450r-2013-de","39":"product_cat-honda-crf-450r-2014-de","40":"product_cat-honda-crf-450r-2015-de","41":"product_cat-honda-crf-450x-de","42":"product_cat-honda-crf-450x-2010-de","43":"product_cat-honda-crf-450x-2011-de","44":"product_cat-honda-crf-450x-2012-de","45":"product_cat-honda-crf-450x-2013-de","46":"product_cat-honda-crf-450x-2014-de","47":"product_cat-honda-crf-450x-2015-de","48":"product_cat-honda-crf-450x-2016-de","49":"product_cat-honda-crf-450x-2017-de","50":"product_cat-honda-de","51":"product_cat-suzuki-rm-125-de","52":"product_cat-suzuki-rm-125-2004-de","53":"product_cat-suzuki-rm-125-2005-de","54":"product_cat-suzuki-rm-125-2006-de","55":"product_cat-suzuki-rm-125-2007-de","56":"product_cat-suzuki-rm-125-2008-de","57":"product_cat-suzuki-rm-125-2009-de","58":"product_cat-suzuki-rm-250-de","59":"product_cat-suzuki-rm-250-2004-de","60":"product_cat-suzuki-rm-250-2005-de","61":"product_cat-suzuki-rm-250-2006-de","62":"product_cat-suzuki-rm-250-2007-de","63":"product_cat-suzuki-rm-250-2008-de","64":"product_cat-suzuki-rm-250-2009-de","65":"product_cat-suzuki-rmz-250-de","66":"product_cat-suzuki-rmz-250-2007-de","67":"product_cat-suzuki-rmz-250-2008-de","68":"product_cat-suzuki-rmz-250-2009-de","69":"product_cat-suzuki-rmz-250-2010-de","70":"product_cat-suzuki-rmz-250-2011-de","71":"product_cat-suzuki-rmz-250-2012-de","72":"product_cat-suzuki-rmz-250-2013-de","73":"product_cat-suzuki-rmz-250-2014-de","74":"product_cat-suzuki-rmz-250-2015-de","75":"product_cat-suzuki-rmz-250-2016-de","76":"product_cat-suzuki-rmz-250-2017-de","77":"product_cat-suzuki-rmz-250-2018-de","78":"product_cat-suzuki-rmz-450-de","79":"product_cat-suzuki-rmz-450-2005-de","80":"product_cat-suzuki-rmz-450-2006-de","81":"product_cat-suzuki-rmz-450-2007-de","82":"product_cat-suzuki-rmz-450-2008-de","83":"product_cat-suzuki-rmz-450-2009-de","84":"product_cat-suzuki-rmz-450-2010-de","85":"product_cat-suzuki-rmz-450-2011-de","86":"product_cat-suzuki-rmz-450-2012-de","87":"product_cat-suzuki-rmz-450-2013-de","88":"product_cat-suzuki-rmz-450-2014-de","89":"product_cat-suzuki-rmz-450-2015-de","90":"product_cat-suzuki-rmz-450-2016-de","91":"product_cat-suzuki-rmz-450-2017-de","92":"product_cat-sherco-sc-250-factory-de","93":"product_cat-sherco-sc-250-factory-2019-de","94":"product_cat-sherco-sc-250-factory-2020-de","95":"product_cat-sherco-sc-300-factory-de","96":"product_cat-sherco-sc-300-factory-2019-de","97":"product_cat-sherco-sc-300-factory-2020-de","98":"product_cat-sherco-sc-300-factory-2021-de","99":"product_cat-sherco-sc-300-factory-2022-de","100":"product_cat-sherco-sc-300-factory-2023-de","101":"product_cat-sherco-sc-300-factory-2024-de","102":"product_cat-sherco-sc-300-factory-2025-de","103":"product_cat-sherco-sc-300-factory-2026-de","104":"product_cat-sherco-sc-f-250-factory-de","105":"product_cat-sherco-sc-f-250-factory-2019-de","106":"product_cat-sherco-sc-f-250-factory-2020-de","107":"product_cat-sherco-scf-300-factory-de","108":"product_cat-sherco-scf-300-factory-2019-de","109":"product_cat-sherco-scf-300-factory-2020-de","110":"product_cat-sherco-scf-300-factory-2021-de","111":"product_cat-sherco-scf-300-factory-2022-de","112":"product_cat-sherco-scf-300-factory-2023-de","113":"product_cat-sherco-scf-300-factory-2024-de","114":"product_cat-sherco-scf-300-factory-2025-de","115":"product_cat-sherco-scf-300-factory-2026-de","116":"product_cat-sherco-scf-450-factory-de","117":"product_cat-sherco-scf-450-factory-2019-de","118":"product_cat-sherco-scf-450-factory-2020-de","119":"product_cat-sherco-scf-450-factory-2021-de","120":"product_cat-sherco-scf-450-factory-2022-de","121":"product_cat-sherco-scf-450-factory-2023-de","122":"product_cat-sherco-scf-450-factory-2024-de","123":"product_cat-sherco-scf-450-factory-2025-de","124":"product_cat-sherco-scf-450-factory-2026-de","125":"product_cat-sherco-scf-500-factory-de","126":"product_cat-sherco-scf-500-factory-2019-de","127":"product_cat-sherco-scf-500-factory-2020-de","128":"product_cat-sherco-se-125-factory-de","129":"product_cat-sherco-se-125-factory-2019-de","130":"product_cat-sherco-se-125-factory-2020-de","131":"product_cat-sherco-se-125-factory-2021-de","132":"product_cat-sherco-se-125-factory-2022-de","133":"product_cat-sherco-se-125-factory-2023-de","134":"product_cat-sherco-se-125-factory-2024-de","135":"product_cat-sherco-se-125-factory-2025-de","136":"product_cat-sherco-se-125-factory-2026-de","137":"product_cat-sherco-se-250-factory-de","138":"product_cat-sherco-se-250-factory-2019-de","139":"product_cat-sherco-se-250-factory-2020-de","140":"product_cat-sherco-se-250-factory-2021-de","141":"product_cat-sherco-se-250-factory-2022-de","142":"product_cat-sherco-se-250-factory-2023-de","143":"product_cat-sherco-se-250-factory-2024-de","144":"product_cat-sherco-se-250-factory-2025-de","145":"product_cat-sherco-se-250-factory-2026-de","146":"product_cat-sherco-se-300-factory-de","147":"product_cat-sherco-se-300-factory-2019-de","148":"product_cat-sherco-se-300-factory-2020-de","149":"product_cat-sherco-se-300-factory-2021-de","150":"product_cat-sherco-se-300-factory-2022-de","151":"product_cat-sherco-se-300-factory-2023-de","152":"product_cat-sherco-se-300-factory-2024-de","153":"product_cat-sherco-se-300-factory-2025-de","154":"product_cat-sherco-se-300-factory-2026-de","155":"product_cat-sherco-sef-250-factory-de","156":"product_cat-sherco-sef-250-factory-2019-de","157":"product_cat-sherco-sef-250-factory-2020-de","158":"product_cat-sherco-sef-250-factory-2021-de","159":"product_cat-sherco-sef-250-factory-2022-de","160":"product_cat-sherco-sef-250-factory-2023-de","161":"product_cat-sherco-sef-250-factory-2024-de","162":"product_cat-sherco-sef-250-factory-2025-de","163":"product_cat-sherco-sef-250-factory-2026-de","164":"product_cat-sherco-sef-450-isde-racing-de","165":"product_cat-sherco-sef-450-isde-racing-2019-de","166":"product_cat-sherco-sef-450-isde-racing-2020-de","167":"product_cat-sherco-sef-450-isde-racing-2021-de","168":"product_cat-sherco-sef-450-isde-racing-2022-de","169":"product_cat-sherco-sef-450-isde-racing-2023-de","170":"product_cat-sherco-sef-500-factory-de","171":"product_cat-sherco-sef-500-factory-2019-de","172":"product_cat-sherco-sef-500-factory-2020-de","173":"product_cat-sherco-de","174":"product_cat-stark-de","175":"product_cat-suzuki-de","176":"product_cat-stark-varg-ex-de","177":"product_cat-stark-varg-ex-2024-de","178":"product_cat-stark-varg-ex-2025-de","179":"product_cat-stark-varg-ex-2026-de","180":"product_cat-stark-varg-mx-de","181":"product_cat-stark-varg-mx-2024-de","182":"product_cat-stark-varg-mx-2025-de","183":"product_cat-stark-varg-mx-2026-de","184":"product_cat-yamaha-wr-450f-de","185":"product_cat-yamaha-wr-450f-2016-de","186":"product_cat-yamaha-wr-450f-2017-de","187":"product_cat-yamaha-wr-450f-2018-de","188":"product_cat-yamaha-de","189":"product_cat-yamaha-yzf-250-de","190":"product_cat-yamaha-yzf-250-2014-de","191":"product_cat-yamaha-yzf-250-2015-de","192":"product_cat-yamaha-yzf-250-2016-de","193":"product_cat-yamaha-yzf-250-2017-de","194":"product_cat-yamaha-yzf-250-2018-de","195":"product_cat-yamaha-yzf-450-de","196":"product_cat-yamaha-yzf-450-2010-de","197":"product_cat-yamaha-yzf-450-2011-de","198":"product_cat-yamaha-yzf-450-2012-de","199":"product_cat-yamaha-yzf-450-2013-de","200":"product_cat-yamaha-yzf-450-2014-de","201":"product_cat-yamaha-yzf-450-2015-de","202":"product_cat-yamaha-yzf-450-2016-de","203":"product_cat-yamaha-yzf-450-2017-de","205":"first","206":"instock","207":"taxable","208":"shipping-taxable","209":"product-type-variable"},"_links":{"self":[{"href":"https:\/\/mx-springs.com\/de\/wp-json\/wp\/v2\/product\/28698","targetHints":{"allow":["GET"]}}],"collection":[{"href":"https:\/\/mx-springs.com\/de\/wp-json\/wp\/v2\/product"}],"about":[{"href":"https:\/\/mx-springs.com\/de\/wp-json\/wp\/v2\/types\/product"}],"wp:featuredmedia":[{"embeddable":true,"href":"https:\/\/mx-springs.com\/de\/wp-json\/wp\/v2\/media\/21881"}],"wp:attachment":[{"href":"https:\/\/mx-springs.com\/de\/wp-json\/wp\/v2\/media?parent=28698"}],"wp:term":[{"taxonomy":"product_brand","embeddable":true,"href":"https:\/\/mx-springs.com\/de\/wp-json\/wp\/v2\/product_brand?post=28698"},{"taxonomy":"product_cat","embeddable":true,"href":"https:\/\/mx-springs.com\/de\/wp-json\/wp\/v2\/product_cat?post=28698"},{"taxonomy":"product_tag","embeddable":true,"href":"https:\/\/mx-springs.com\/de\/wp-json\/wp\/v2\/product_tag?post=28698"}],"curies":[{"name":"wp","href":"https:\/\/api.w.org\/{rel}","templated":true}]}}