{"id":28682,"date":"2026-03-11T15:20:40","date_gmt":"2026-03-11T15:20:40","guid":{"rendered":"https:\/\/staging.mx-springs.com\/producten\/stosdampferfeder-mx-64-66-240\/"},"modified":"2026-03-20T08:41:02","modified_gmt":"2026-03-20T08:41:02","slug":"stosdampferfeder-mx-64-66-240","status":"publish","type":"product","link":"https:\/\/mx-springs.com\/de\/produkt\/stosdampferfeder-mx-64-66-240\/","title":{"rendered":"Sto\u00dfd\u00e4mpferfeder MX 64-66-240"},"content":{"rendered":"<div class=\"mx-desc\">\n<div class=\"mx-desc__block\">\n<div class=\"mx-desc__title\">Geeignet f\u00fcr<\/div>\n<div class=\"mx-desc__box\">\n<div class=\"mx-desc__row\">\n<div class=\"mx-desc__label\">Honda<\/div>\n<div class=\"mx-desc__value\">\n    CRF 250R (2015\u20132026)<br \/>CRF 450R (2016\u20132026)<br \/>CRF 450X (2018\u20132026)\n  <\/div>\n<\/div>\n<div class=\"mx-desc__row\">\n<div class=\"mx-desc__label\">Suzuki<\/div>\n<div class=\"mx-desc__value\">\n    RMZ 250 (2019\u20132026)<br \/>RMZ 450 (2018\u20132026)\n  <\/div>\n<\/div>\n<div class=\"mx-desc__row\">\n<div class=\"mx-desc__label\">Triumph<\/div>\n<div class=\"mx-desc__value\">\n    TF 250-X (2024\u20132026)<br \/>TF 250E (2026)<br \/>TF 450-X (2025\u20132026)<br \/>TF 450E (2026)\n  <\/div>\n<\/div><\/div>\n<\/p><\/div>\n<div class=\"mx-desc__block\">\n<div class=\"mx-desc__title\">Spezifikationen<\/div>\n<div class=\"mx-desc__box\">\n<div class=\"mx-desc__row\">\n<div class=\"mx-desc__label\">Innendurchmesser<\/div>\n<div class=\"mx-desc__value\">64 mm<\/div>\n<\/div>\n<div class=\"mx-desc__row\">\n<div class=\"mx-desc__label\">Au\u00dfendurchmesser<\/div>\n<div class=\"mx-desc__value\">66 mm<\/div>\n<\/div>\n<div class=\"mx-desc__row\">\n<div class=\"mx-desc__label\">L\u00e4nge<\/div>\n<div class=\"mx-desc__value\">240 mm<\/div>\n<\/div>\n<div class=\"mx-desc__row\">\n<div class=\"mx-desc__label\">Federraten<\/div>\n<div class=\"mx-desc__value mx-desc__springs\">\n    40.0 N\/mm \u00b7 44.0 N\/mm \u00b7 46.0 N\/mm \u00b7 48.0 N\/mm \u00b7 50.0 N\/mm \u00b7 52.0 N\/mm \u00b7 54.0 N\/mm \u00b7 56.0 N\/mm \u00b7 58.0 N\/mm \u00b7 60.0 N\/mm \u00b7 62.0 N\/mm \u00b7 64.0 N\/mm<\/p>\n<div class=\"mx-desc__note\">\n      Die richtige Federrate h\u00e4ngt von Fahrergewicht, Fahrstil und Einsatzzweck ab. Im Zweifel kontaktieren Sie MX-Springs.\n    <\/div>\n<\/p><\/div>\n<\/div><\/div>\n<\/p><\/div>\n<\/div>\n","protected":false},"excerpt":{"rendered":"<p>Sto\u00dfd\u00e4mpferfeder geeignet f\u00fcr verschiedene Honda, Suzuki und Triumph Modelle der angegebenen Baujahre. <a href=\"#tab-description\">Vollst\u00e4ndige Spezifikationen ansehen<\/a>.<\/p>\n","protected":false},"featured_media":21881,"template":"","meta":[],"product_brand":[],"product_cat":[37137,37221,37227,37233,37239,37245,37251,37257,37263,37269,37275,37281,37287,37143,37377,37383,37389,37395,37401,37407,37413,37419,37425,37431,37437,37149,37491,37497,37503,37509,37515,37521,37527,37533,37539,32535,37557,37659,37665,37671,37677,37683,37689,37695,37701,37563,37785,37791,37797,37803,37809,37815,37821,37827,37833,32583,38019,38043,38049,38055,38031,38067,38073,38025,38061,38037,38079,32595],"product_tag":[],"class_list":{"0":"post-28682","1":"product","2":"type-product","3":"status-publish","4":"has-post-thumbnail","6":"product_cat-honda-crf-250r-de","7":"product_cat-honda-crf-250r-2015-de","8":"product_cat-honda-crf-250r-2016-de","9":"product_cat-honda-crf-250r-2017-de","10":"product_cat-honda-crf-250r-2018-de","11":"product_cat-honda-crf-250r-2019-de","12":"product_cat-honda-crf-250r-2020-de","13":"product_cat-honda-crf-250r-2021-de","14":"product_cat-honda-crf-250r-2022-de","15":"product_cat-honda-crf-250r-2023-de","16":"product_cat-honda-crf-250r-2024-de","17":"product_cat-honda-crf-250r-2025-de","18":"product_cat-honda-crf-250r-2026-de","19":"product_cat-honda-crf-450r-de","20":"product_cat-honda-crf-450r-2016-de","21":"product_cat-honda-crf-450r-2017-de","22":"product_cat-honda-crf-450r-2018-de","23":"product_cat-honda-crf-450r-2019-de","24":"product_cat-honda-crf-450r-2020-de","25":"product_cat-honda-crf-450r-2021-de","26":"product_cat-honda-crf-450r-2022-de","27":"product_cat-honda-crf-450r-2023-de","28":"product_cat-honda-crf-450r-2024-de","29":"product_cat-honda-crf-450r-2025-de","30":"product_cat-honda-crf-450r-2026-de","31":"product_cat-honda-crf-450x-de","32":"product_cat-honda-crf-450x-2018-de","33":"product_cat-honda-crf-450x-2019-de","34":"product_cat-honda-crf-450x-2020-de","35":"product_cat-honda-crf-450x-2021-de","36":"product_cat-honda-crf-450x-2022-de","37":"product_cat-honda-crf-450x-2023-de","38":"product_cat-honda-crf-450x-2024-de","39":"product_cat-honda-crf-450x-2025-de","40":"product_cat-honda-crf-450x-2026-de","41":"product_cat-honda-de","42":"product_cat-suzuki-rmz-250-de","43":"product_cat-suzuki-rmz-250-2019-de","44":"product_cat-suzuki-rmz-250-2020-de","45":"product_cat-suzuki-rmz-250-2021-de","46":"product_cat-suzuki-rmz-250-2022-de","47":"product_cat-suzuki-rmz-250-2023-de","48":"product_cat-suzuki-rmz-250-2024-de","49":"product_cat-suzuki-rmz-250-2025-de","50":"product_cat-suzuki-rmz-250-2026-de","51":"product_cat-suzuki-rmz-450-de","52":"product_cat-suzuki-rmz-450-2018-de","53":"product_cat-suzuki-rmz-450-2019-de","54":"product_cat-suzuki-rmz-450-2020-de","55":"product_cat-suzuki-rmz-450-2021-de","56":"product_cat-suzuki-rmz-450-2022-de","57":"product_cat-suzuki-rmz-450-2023-de","58":"product_cat-suzuki-rmz-450-2024-de","59":"product_cat-suzuki-rmz-450-2025-de","60":"product_cat-suzuki-rmz-450-2026-de","61":"product_cat-suzuki-de","62":"product_cat-triumph-tf-250-x-de","63":"product_cat-triumph-tf-250-x-2024-de","64":"product_cat-triumph-tf-250-x-2025-de","65":"product_cat-triumph-tf-250-x-2026-de","66":"product_cat-triumph-tf-450-x-de","67":"product_cat-triumph-tf-450-x-2025-de","68":"product_cat-triumph-tf-450-x-2026-de","69":"product_cat-triumph-tf-250e-de","70":"product_cat-triumph-tf-250e-2026-de","71":"product_cat-triumph-tf-450e-de","72":"product_cat-triumph-tf-450e-2026-de","73":"product_cat-triumph-de","75":"first","76":"instock","77":"taxable","78":"shipping-taxable","79":"product-type-variable"},"_links":{"self":[{"href":"https:\/\/mx-springs.com\/de\/wp-json\/wp\/v2\/product\/28682","targetHints":{"allow":["GET"]}}],"collection":[{"href":"https:\/\/mx-springs.com\/de\/wp-json\/wp\/v2\/product"}],"about":[{"href":"https:\/\/mx-springs.com\/de\/wp-json\/wp\/v2\/types\/product"}],"wp:featuredmedia":[{"embeddable":true,"href":"https:\/\/mx-springs.com\/de\/wp-json\/wp\/v2\/media\/21881"}],"wp:attachment":[{"href":"https:\/\/mx-springs.com\/de\/wp-json\/wp\/v2\/media?parent=28682"}],"wp:term":[{"taxonomy":"product_brand","embeddable":true,"href":"https:\/\/mx-springs.com\/de\/wp-json\/wp\/v2\/product_brand?post=28682"},{"taxonomy":"product_cat","embeddable":true,"href":"https:\/\/mx-springs.com\/de\/wp-json\/wp\/v2\/product_cat?post=28682"},{"taxonomy":"product_tag","embeddable":true,"href":"https:\/\/mx-springs.com\/de\/wp-json\/wp\/v2\/product_tag?post=28682"}],"curies":[{"name":"wp","href":"https:\/\/api.w.org\/{rel}","templated":true}]}}