{"id":28665,"date":"2026-03-11T15:20:40","date_gmt":"2026-03-11T15:20:40","guid":{"rendered":"https:\/\/staging.mx-springs.com\/producten\/stosdampferfeder-mx-63-260\/"},"modified":"2026-03-11T19:27:06","modified_gmt":"2026-03-11T19:27:06","slug":"stosdampferfeder-mx-63-260","status":"publish","type":"product","link":"https:\/\/mx-springs.com\/de\/produkt\/stosdampferfeder-mx-63-260\/","title":{"rendered":"Sto\u00dfd\u00e4mpferfeder MX 63-260"},"content":{"rendered":"<div class=\"mx-desc\">\n<div class=\"mx-desc__block\">\n<div class=\"mx-desc__title\">Geeignet f\u00fcr<\/div>\n<div class=\"mx-desc__box\">\n<div class=\"mx-desc__row\">\n<div class=\"mx-desc__label\">GASGAS<\/div>\n<div class=\"mx-desc__value\">\n    EC 250 (2021\u20132023)<br \/>EC 250F (2021\u20132023)<br \/>EC 300 (2021\u20132023)<br \/>EC 350F (2021\u20132023)<br \/>EC 450F (2021\u20132023)<br \/>MC 125 (2021\u20132023)<br \/>MC 250 (2021\u20132023)<br \/>MC 250F (2021\u20132023)<br \/>MC 350F (2021\u20132023)<br \/>MC 450F (2021\u20132023)\n  <\/div>\n<\/div>\n<div class=\"mx-desc__row\">\n<div class=\"mx-desc__label\">Husqvarna<\/div>\n<div class=\"mx-desc__value\">\n    FC 250 (2014\u20132022)<br \/>FC 350 (2014\u20132022)<br \/>FC 450 (2014\u20132022)<br \/>FE 250 (2014\u20132023)<br \/>FE 350 (2014\u20132023)<br \/>FE 450 (2014\u20132023)<br \/>FE 501 (2014\u20132023)<br \/>TC 125 (2014\u20132022)<br \/>TC 250 (2014\u20132022)<br \/>TE 125 (2014\u20132016)<br \/>TE 150 (2017\u20132023)<br \/>TE 250 (2014\u20132023)<br \/>TE 300 (2014\u20132023)\n  <\/div>\n<\/div>\n<div class=\"mx-desc__row\">\n<div class=\"mx-desc__label\">KTM<\/div>\n<div class=\"mx-desc__value\">\n    SX 125 (2012\u20132022)<br \/>SX 144 (2007\u20132008)<br \/>SX 150 (2012\u20132022)<br \/>SX 250 (2012\u20132022)<br \/>SX-F 250 (2011\u20132022)<br \/>SX-F 350 (2011\u20132022)<br \/>SX-F 450 (2011\u20132022)\n  <\/div>\n<\/div><\/div>\n<\/p><\/div>\n<div class=\"mx-desc__block\">\n<div class=\"mx-desc__title\">Spezifikationen<\/div>\n<div class=\"mx-desc__box\">\n<div class=\"mx-desc__row\">\n<div class=\"mx-desc__label\">Innendurchmesser<\/div>\n<div class=\"mx-desc__value\">63 mm<\/div>\n<\/div>\n<div class=\"mx-desc__row\">\n<div class=\"mx-desc__label\">L\u00e4nge<\/div>\n<div class=\"mx-desc__value\">260 mm<\/div>\n<\/div>\n<div class=\"mx-desc__row\">\n<div class=\"mx-desc__label\">Federraten<\/div>\n<div class=\"mx-desc__value mx-desc__springs\">\n    32.0 N\/mm \u00b7 34.0 N\/mm \u00b7 36.0 N\/mm \u00b7 38.0 N\/mm \u00b7 40.0 N\/mm \u00b7 42.0 N\/mm \u00b7 44.0 N\/mm \u00b7 46.0 N\/mm \u00b7 48.0 N\/mm \u00b7 50.0 N\/mm \u00b7 52.0 N\/mm \u00b7 54.0 N\/mm \u00b7 56.0 N\/mm \u00b7 58.0 N\/mm \u00b7 60.0 N\/mm \u00b7 62.0 N\/mm<\/p>\n<div class=\"mx-desc__note\">\n      Die richtige Federrate h\u00e4ngt von Fahrergewicht, Fahrstil und Einsatzzweck ab. Im Zweifel kontaktieren Sie MX-Springs.\n    <\/div>\n<\/p><\/div>\n<\/div><\/div>\n<\/p><\/div>\n<\/div>\n","protected":false},"excerpt":{"rendered":"<p>Sto\u00dfd\u00e4mpferfeder geeignet f\u00fcr verschiedene GASGAS, Husqvarna und KTM Modelle der angegebenen Baujahre. <a href=\"#tab-description\">Vollst\u00e4ndige Spezifikationen ansehen<\/a>.<\/p>\n","protected":false},"featured_media":21881,"template":"","meta":[],"product_brand":[],"product_cat":[32607,34365,34371,34377,32619,34437,34443,34449,32613,34401,34407,34413,32625,34473,34479,34485,32631,34509,34515,34521,33075,34545,34551,34557,34563,34569,34575,34581,34587,34593,33081,34623,34629,34635,34641,34647,34653,34659,34665,34671,33087,34701,34707,34713,34719,34725,34731,34737,34743,34749,33093,34779,34785,34791,34797,34803,34809,34815,34821,34827,34833,33099,34857,34863,34869,34875,34881,34887,34893,34899,34905,34911,33105,34935,34941,34947,34953,34959,34965,34971,34977,34983,34989,33111,35013,35019,35025,35031,35037,35043,35049,35055,35061,35067,32529,32547,32559,32637,35091,35097,35103,32643,35127,35133,35139,32649,35163,35169,35175,32655,35199,35205,35211,32661,35235,35241,35247,32853,35319,35325,35331,35337,35343,35349,35355,35361,35367,35373,35379,32859,36879,36885,32865,36939,36945,36951,36957,36963,36969,36975,36981,36987,36993,36999,32871,35457,35463,35469,35475,35481,35487,35493,35499,35505,35511,35517,32895,35601,35607,35613,35619,35625,35631,35637,35643,35649,35655,35661,35667,32901,35697,35703,35709,35715,35721,35727,35733,35739,35745,35751,35757,35763,32907,35835,35841,35847,35853,35859,35865,35871,35877,35883,35889,35895,35901,33117,35931,35937,35943,35949,35955,35961,35967,35973,35979,33123,36009,36015,36021,36027,36033,36039,36045,36051,36057,33141,36087,36093,36099,33147,37077,37083,37089,37095,37101,37107,37113,33153,36159,36165,36171,36177,36183,36189,36195,36201,36207,36213,33159,36237,36243,36249,36255,36261,36267,36273,36279,36285,36291],"product_tag":[],"class_list":{"0":"post-28665","1":"product","2":"type-product","3":"status-publish","4":"has-post-thumbnail","6":"product_cat-gasgas-ec-250-de","7":"product_cat-gasgas-ec-250-2021-de","8":"product_cat-gasgas-ec-250-2022-de","9":"product_cat-gasgas-ec-250-2023-de","10":"product_cat-gasgas-ec-300-de","11":"product_cat-gasgas-ec-300-2021-de","12":"product_cat-gasgas-ec-300-2022-de","13":"product_cat-gasgas-ec-300-2023-de","14":"product_cat-gasgas-ec-250f-de","15":"product_cat-gasgas-ec-250f-2021-de","16":"product_cat-gasgas-ec-250f-2022-de","17":"product_cat-gasgas-ec-250f-2023-de","18":"product_cat-gasgas-ec-350f-de","19":"product_cat-gasgas-ec-350f-2021-de","20":"product_cat-gasgas-ec-350f-2022-de","21":"product_cat-gasgas-ec-350f-2023-de","22":"product_cat-gasgas-ec-450f-de","23":"product_cat-gasgas-ec-450f-2021-de","24":"product_cat-gasgas-ec-450f-2022-de","25":"product_cat-gasgas-ec-450f-2023-de","26":"product_cat-husqvarna-fc-250-de","27":"product_cat-husqvarna-fc-250-2014-de","28":"product_cat-husqvarna-fc-250-2015-de","29":"product_cat-husqvarna-fc-250-2016-de","30":"product_cat-husqvarna-fc-250-2017-de","31":"product_cat-husqvarna-fc-250-2018-de","32":"product_cat-husqvarna-fc-250-2019-de","33":"product_cat-husqvarna-fc-250-2020-de","34":"product_cat-husqvarna-fc-250-2021-de","35":"product_cat-husqvarna-fc-250-2022-de","36":"product_cat-husqvarna-fc-350-de","37":"product_cat-husqvarna-fc-350-2014-de","38":"product_cat-husqvarna-fc-350-2015-de","39":"product_cat-husqvarna-fc-350-2016-de","40":"product_cat-husqvarna-fc-350-2017-de","41":"product_cat-husqvarna-fc-350-2018-de","42":"product_cat-husqvarna-fc-350-2019-de","43":"product_cat-husqvarna-fc-350-2020-de","44":"product_cat-husqvarna-fc-350-2021-de","45":"product_cat-husqvarna-fc-350-2022-de","46":"product_cat-husqvarna-fc-450-de","47":"product_cat-husqvarna-fc-450-2014-de","48":"product_cat-husqvarna-fc-450-2015-de","49":"product_cat-husqvarna-fc-450-2016-de","50":"product_cat-husqvarna-fc-450-2017-de","51":"product_cat-husqvarna-fc-450-2018-de","52":"product_cat-husqvarna-fc-450-2019-de","53":"product_cat-husqvarna-fc-450-2020-de","54":"product_cat-husqvarna-fc-450-2021-de","55":"product_cat-husqvarna-fc-450-2022-de","56":"product_cat-husqvarna-fe-250-de","57":"product_cat-husqvarna-fe-250-2014-de","58":"product_cat-husqvarna-fe-250-2015-de","59":"product_cat-husqvarna-fe-250-2016-de","60":"product_cat-husqvarna-fe-250-2017-de","61":"product_cat-husqvarna-fe-250-2018-de","62":"product_cat-husqvarna-fe-250-2019-de","63":"product_cat-husqvarna-fe-250-2020-de","64":"product_cat-husqvarna-fe-250-2021-de","65":"product_cat-husqvarna-fe-250-2022-de","66":"product_cat-husqvarna-fe-250-2023-de","67":"product_cat-husqvarna-fe-350-de","68":"product_cat-husqvarna-fe-350-2014-de","69":"product_cat-husqvarna-fe-350-2015-de","70":"product_cat-husqvarna-fe-350-2016-de","71":"product_cat-husqvarna-fe-350-2017-de","72":"product_cat-husqvarna-fe-350-2018-de","73":"product_cat-husqvarna-fe-350-2019-de","74":"product_cat-husqvarna-fe-350-2020-de","75":"product_cat-husqvarna-fe-350-2021-de","76":"product_cat-husqvarna-fe-350-2022-de","77":"product_cat-husqvarna-fe-350-2023-de","78":"product_cat-husqvarna-fe-450-de","79":"product_cat-husqvarna-fe-450-2014-de","80":"product_cat-husqvarna-fe-450-2015-de","81":"product_cat-husqvarna-fe-450-2016-de","82":"product_cat-husqvarna-fe-450-2017-de","83":"product_cat-husqvarna-fe-450-2018-de","84":"product_cat-husqvarna-fe-450-2019-de","85":"product_cat-husqvarna-fe-450-2020-de","86":"product_cat-husqvarna-fe-450-2021-de","87":"product_cat-husqvarna-fe-450-2022-de","88":"product_cat-husqvarna-fe-450-2023-de","89":"product_cat-husqvarna-fe-501-de","90":"product_cat-husqvarna-fe-501-2014-de","91":"product_cat-husqvarna-fe-501-2015-de","92":"product_cat-husqvarna-fe-501-2016-de","93":"product_cat-husqvarna-fe-501-2017-de","94":"product_cat-husqvarna-fe-501-2018-de","95":"product_cat-husqvarna-fe-501-2019-de","96":"product_cat-husqvarna-fe-501-2020-de","97":"product_cat-husqvarna-fe-501-2021-de","98":"product_cat-husqvarna-fe-501-2022-de","99":"product_cat-husqvarna-fe-501-2023-de","100":"product_cat-gasgas-de","101":"product_cat-husqvarna-de","102":"product_cat-ktm-de","103":"product_cat-gasgas-mc-125-de","104":"product_cat-gasgas-mc-125-2021-de","105":"product_cat-gasgas-mc-125-2022-de","106":"product_cat-gasgas-mc-125-2023-de","107":"product_cat-gasgas-mc-250-de","108":"product_cat-gasgas-mc-250-2021-de","109":"product_cat-gasgas-mc-250-2022-de","110":"product_cat-gasgas-mc-250-2023-de","111":"product_cat-gasgas-mc-250f-de","112":"product_cat-gasgas-mc-250f-2021-de","113":"product_cat-gasgas-mc-250f-2022-de","114":"product_cat-gasgas-mc-250f-2023-de","115":"product_cat-gasgas-mc-350f-de","116":"product_cat-gasgas-mc-350f-2021-de","117":"product_cat-gasgas-mc-350f-2022-de","118":"product_cat-gasgas-mc-350f-2023-de","119":"product_cat-gasgas-mc-450f-de","120":"product_cat-gasgas-mc-450f-2021-de","121":"product_cat-gasgas-mc-450f-2022-de","122":"product_cat-gasgas-mc-450f-2023-de","123":"product_cat-ktm-sx-125-de","124":"product_cat-ktm-sx-125-2012-de","125":"product_cat-ktm-sx-125-2013-de","126":"product_cat-ktm-sx-125-2014-de","127":"product_cat-ktm-sx-125-2015-de","128":"product_cat-ktm-sx-125-2016-de","129":"product_cat-ktm-sx-125-2017-de","130":"product_cat-ktm-sx-125-2018-de","131":"product_cat-ktm-sx-125-2019-de","132":"product_cat-ktm-sx-125-2020-de","133":"product_cat-ktm-sx-125-2021-de","134":"product_cat-ktm-sx-125-2022-de","135":"product_cat-ktm-sx-144-de","136":"product_cat-ktm-sx-144-2007-de","137":"product_cat-ktm-sx-144-2008-de","138":"product_cat-ktm-sx-150-de","139":"product_cat-ktm-sx-150-2012-de","140":"product_cat-ktm-sx-150-2013-de","141":"product_cat-ktm-sx-150-2014-de","142":"product_cat-ktm-sx-150-2015-de","143":"product_cat-ktm-sx-150-2016-de","144":"product_cat-ktm-sx-150-2017-de","145":"product_cat-ktm-sx-150-2018-de","146":"product_cat-ktm-sx-150-2019-de","147":"product_cat-ktm-sx-150-2020-de","148":"product_cat-ktm-sx-150-2021-de","149":"product_cat-ktm-sx-150-2022-de","150":"product_cat-ktm-sx-250-de","151":"product_cat-ktm-sx-250-2012-de","152":"product_cat-ktm-sx-250-2013-de","153":"product_cat-ktm-sx-250-2014-de","154":"product_cat-ktm-sx-250-2015-de","155":"product_cat-ktm-sx-250-2016-de","156":"product_cat-ktm-sx-250-2017-de","157":"product_cat-ktm-sx-250-2018-de","158":"product_cat-ktm-sx-250-2019-de","159":"product_cat-ktm-sx-250-2020-de","160":"product_cat-ktm-sx-250-2021-de","161":"product_cat-ktm-sx-250-2022-de","162":"product_cat-ktm-sx-f-250-de","163":"product_cat-ktm-sx-f-250-2011-de","164":"product_cat-ktm-sx-f-250-2012-de","165":"product_cat-ktm-sx-f-250-2013-de","166":"product_cat-ktm-sx-f-250-2014-de","167":"product_cat-ktm-sx-f-250-2015-de","168":"product_cat-ktm-sx-f-250-2016-de","169":"product_cat-ktm-sx-f-250-2017-de","170":"product_cat-ktm-sx-f-250-2018-de","171":"product_cat-ktm-sx-f-250-2019-de","172":"product_cat-ktm-sx-f-250-2020-de","173":"product_cat-ktm-sx-f-250-2021-de","174":"product_cat-ktm-sx-f-250-2022-de","175":"product_cat-ktm-sx-f-350-de","176":"product_cat-ktm-sx-f-350-2011-de","177":"product_cat-ktm-sx-f-350-2012-de","178":"product_cat-ktm-sx-f-350-2013-de","179":"product_cat-ktm-sx-f-350-2014-de","180":"product_cat-ktm-sx-f-350-2015-de","181":"product_cat-ktm-sx-f-350-2016-de","182":"product_cat-ktm-sx-f-350-2017-de","183":"product_cat-ktm-sx-f-350-2018-de","184":"product_cat-ktm-sx-f-350-2019-de","185":"product_cat-ktm-sx-f-350-2020-de","186":"product_cat-ktm-sx-f-350-2021-de","187":"product_cat-ktm-sx-f-350-2022-de","188":"product_cat-ktm-sx-f-450-de","189":"product_cat-ktm-sx-f-450-2011-de","190":"product_cat-ktm-sx-f-450-2012-de","191":"product_cat-ktm-sx-f-450-2013-de","192":"product_cat-ktm-sx-f-450-2014-de","193":"product_cat-ktm-sx-f-450-2015-de","194":"product_cat-ktm-sx-f-450-2016-de","195":"product_cat-ktm-sx-f-450-2017-de","196":"product_cat-ktm-sx-f-450-2018-de","197":"product_cat-ktm-sx-f-450-2019-de","198":"product_cat-ktm-sx-f-450-2020-de","199":"product_cat-ktm-sx-f-450-2021-de","200":"product_cat-ktm-sx-f-450-2022-de","201":"product_cat-husqvarna-tc-125-de","202":"product_cat-husqvarna-tc-125-2014-de","203":"product_cat-husqvarna-tc-125-2015-de","204":"product_cat-husqvarna-tc-125-2016-de","205":"product_cat-husqvarna-tc-125-2017-de","206":"product_cat-husqvarna-tc-125-2018-de","207":"product_cat-husqvarna-tc-125-2019-de","208":"product_cat-husqvarna-tc-125-2020-de","209":"product_cat-husqvarna-tc-125-2021-de","210":"product_cat-husqvarna-tc-125-2022-de","211":"product_cat-husqvarna-tc-250-de","212":"product_cat-husqvarna-tc-250-2014-de","213":"product_cat-husqvarna-tc-250-2015-de","214":"product_cat-husqvarna-tc-250-2016-de","215":"product_cat-husqvarna-tc-250-2017-de","216":"product_cat-husqvarna-tc-250-2018-de","217":"product_cat-husqvarna-tc-250-2019-de","218":"product_cat-husqvarna-tc-250-2020-de","219":"product_cat-husqvarna-tc-250-2021-de","220":"product_cat-husqvarna-tc-250-2022-de","221":"product_cat-husqvarna-te-125-de","222":"product_cat-husqvarna-te-125-2014-de","223":"product_cat-husqvarna-te-125-2015-de","224":"product_cat-husqvarna-te-125-2016-de","225":"product_cat-husqvarna-te-150-de","226":"product_cat-husqvarna-te-150-2017-de","227":"product_cat-husqvarna-te-150-2018-de","228":"product_cat-husqvarna-te-150-2019-de","229":"product_cat-husqvarna-te-150-2020-de","230":"product_cat-husqvarna-te-150-2021-de","231":"product_cat-husqvarna-te-150-2022-de","232":"product_cat-husqvarna-te-150-2023-de","233":"product_cat-husqvarna-te-250-de","234":"product_cat-husqvarna-te-250-2014-de","235":"product_cat-husqvarna-te-250-2015-de","236":"product_cat-husqvarna-te-250-2016-de","237":"product_cat-husqvarna-te-250-2017-de","238":"product_cat-husqvarna-te-250-2018-de","239":"product_cat-husqvarna-te-250-2019-de","240":"product_cat-husqvarna-te-250-2020-de","241":"product_cat-husqvarna-te-250-2021-de","242":"product_cat-husqvarna-te-250-2022-de","243":"product_cat-husqvarna-te-250-2023-de","244":"product_cat-husqvarna-te-300-de","245":"product_cat-husqvarna-te-300-2014-de","246":"product_cat-husqvarna-te-300-2015-de","247":"product_cat-husqvarna-te-300-2016-de","248":"product_cat-husqvarna-te-300-2017-de","249":"product_cat-husqvarna-te-300-2018-de","250":"product_cat-husqvarna-te-300-2019-de","251":"product_cat-husqvarna-te-300-2020-de","252":"product_cat-husqvarna-te-300-2021-de","253":"product_cat-husqvarna-te-300-2022-de","254":"product_cat-husqvarna-te-300-2023-de","256":"first","257":"instock","258":"taxable","259":"shipping-taxable","260":"product-type-variable"},"_links":{"self":[{"href":"https:\/\/mx-springs.com\/de\/wp-json\/wp\/v2\/product\/28665","targetHints":{"allow":["GET"]}}],"collection":[{"href":"https:\/\/mx-springs.com\/de\/wp-json\/wp\/v2\/product"}],"about":[{"href":"https:\/\/mx-springs.com\/de\/wp-json\/wp\/v2\/types\/product"}],"wp:featuredmedia":[{"embeddable":true,"href":"https:\/\/mx-springs.com\/de\/wp-json\/wp\/v2\/media\/21881"}],"wp:attachment":[{"href":"https:\/\/mx-springs.com\/de\/wp-json\/wp\/v2\/media?parent=28665"}],"wp:term":[{"taxonomy":"product_brand","embeddable":true,"href":"https:\/\/mx-springs.com\/de\/wp-json\/wp\/v2\/product_brand?post=28665"},{"taxonomy":"product_cat","embeddable":true,"href":"https:\/\/mx-springs.com\/de\/wp-json\/wp\/v2\/product_cat?post=28665"},{"taxonomy":"product_tag","embeddable":true,"href":"https:\/\/mx-springs.com\/de\/wp-json\/wp\/v2\/product_tag?post=28665"}],"curies":[{"name":"wp","href":"https:\/\/api.w.org\/{rel}","templated":true}]}}