{"id":28655,"date":"2026-03-11T15:19:16","date_gmt":"2026-03-11T15:19:16","guid":{"rendered":"https:\/\/staging.mx-springs.com\/producten\/stosdampferfeder-mx-63-250\/"},"modified":"2026-03-11T19:22:46","modified_gmt":"2026-03-11T19:22:46","slug":"stosdampferfeder-mx-63-250","status":"publish","type":"product","link":"https:\/\/mx-springs.com\/de\/produkt\/stosdampferfeder-mx-63-250\/","title":{"rendered":"Sto\u00dfd\u00e4mpferfeder MX 63-250"},"content":{"rendered":"<div class=\"mx-desc\">\n<div class=\"mx-desc__block\">\n<div class=\"mx-desc__title\">Geeignet f\u00fcr<\/div>\n<div class=\"mx-desc__box\">\n<div class=\"mx-desc__row\">\n<div class=\"mx-desc__label\">Husaberg<\/div>\n<div class=\"mx-desc__value\">\n    FE 250 (2013\u20132014)<br \/>FE 350 (2013\u20132014)<br \/>FE 390 (2009\u20132014)<br \/>FE 450 (2009\u20132014)<br \/>FE 501 (2013\u20132014)<br \/>FE 570 (2009\u20132012)<br \/>TE 125 (2011\u20132014)<br \/>TE 250 (2011\u20132014)<br \/>TE 300 (2011\u20132014)\n  <\/div>\n<\/div>\n<div class=\"mx-desc__row\">\n<div class=\"mx-desc__label\">KTM<\/div>\n<div class=\"mx-desc__value\">\n    EXC 125 (2005\u20132016)<br \/>EXC 200 (2005\u20132016)<br \/>EXC 250 (2005\u20132017)<br \/>EXC 300 (2005\u20132017)<br \/>EXC-F 250 (2006\u20132018)<br \/>EXC-F 350 (2011\u20132016)<br \/>EXC-F 400 (2005\u20132011)<br \/>EXC-F 450 (2005\u20132016)<br \/>EXC-F 500 (2012\u20132016)<br \/>EXC-F 525 (2005\u20132011)<br \/>EXC-F 530 (2005\u20132011)<br \/>SX 125 (2004\u20132011)<br \/>SX 144 (2004\u20132008)<br \/>SX 150 (2004\u20132011)<br \/>SX 250 (2004\u20132011)<br \/>SX-F 250 (2006\u20132010)<br \/>SX-F 450 (2004\u20132010)\n  <\/div>\n<\/div><\/div>\n<\/p><\/div>\n<div class=\"mx-desc__block\">\n<div class=\"mx-desc__title\">Spezifikationen<\/div>\n<div class=\"mx-desc__box\">\n<div class=\"mx-desc__row\">\n<div class=\"mx-desc__label\">Innendurchmesser<\/div>\n<div class=\"mx-desc__value\">63 mm<\/div>\n<\/div>\n<div class=\"mx-desc__row\">\n<div class=\"mx-desc__label\">L\u00e4nge<\/div>\n<div class=\"mx-desc__value\">250 mm<\/div>\n<\/div>\n<div class=\"mx-desc__row\">\n<div class=\"mx-desc__label\">Federraten<\/div>\n<div class=\"mx-desc__value mx-desc__springs\">\n    63.0 N\/mm \u00b7 66.0 N\/mm \u00b7 69.0 N\/mm \u00b7 72.0 N\/mm \u00b7 76.0 N\/mm \u00b7 80.0 N\/mm \u00b7 84.0 N\/mm \u00b7 88.0 N\/mm \u00b7 92.0 N\/mm<\/p>\n<div class=\"mx-desc__note\">\n      Die richtige Federrate h\u00e4ngt von Fahrergewicht, Fahrstil und Einsatzzweck ab. Im Zweifel kontaktieren Sie MX-Springs.\n    <\/div>\n<\/p><\/div>\n<\/div><\/div>\n<\/p><\/div>\n<\/div>\n","protected":false},"excerpt":{"rendered":"<p>Sto\u00dfd\u00e4mpferfeder geeignet f\u00fcr verschiedene Husaberg und KTM Modelle der angegebenen Baujahre. <a href=\"#tab-description\">Vollst\u00e4ndige Spezifikationen ansehen<\/a>.<\/p>\n","protected":false},"featured_media":21881,"template":"","meta":[],"product_brand":[],"product_cat":[32715,36315,36321,36327,36333,36339,36345,36351,36357,36363,36369,36375,36381,32733,36387,36393,36399,36405,36411,36417,36423,36429,36435,36441,36447,36453,32739,33615,33621,33627,33633,33639,33645,33651,33657,33663,33669,33675,33681,33687,32751,33747,33753,33759,33765,33771,33777,33783,33789,33795,33801,33807,33813,33819,32787,33879,33885,33891,33897,33903,33909,33915,33921,33927,33933,33939,33945,33951,32799,34065,34071,34077,34083,34089,34095,32811,36459,36465,36471,36627,36633,36639,36645,32817,36501,36507,36513,34161,34167,34173,34179,34185,34191,34197,34203,34209,32829,34275,34281,34287,34293,34299,32775,36543,36549,36555,36561,36567,36573,36579,32841,36585,36591,36597,36651,36657,36663,36669,36675,36729,36735,36681,36741,36747,36687,36753,36759,36765,36771,36777,36783,36693,36789,36795,36801,36807,36813,36819,36699,36825,36831,36705,36837,36843,36849,36855,32541,32559,32853,35271,35277,35283,35289,35295,35301,35307,35313,32859,36861,36867,36873,36879,36885,32865,36891,36897,36903,36909,36915,36921,36927,36933,32871,35409,35415,35421,35427,35433,35439,35445,35451,32895,35571,35577,35583,35589,35595,32907,35793,35799,35805,35811,35817,35823,35829,36711,37005,37011,37017,37023,36717,37029,37035,37041,37047,36723,37053,37059,37065,37071],"product_tag":[],"class_list":{"0":"post-28655","1":"product","2":"type-product","3":"status-publish","4":"has-post-thumbnail","6":"product_cat-ktm-exc-125-de","7":"product_cat-ktm-exc-125-2005-de","8":"product_cat-ktm-exc-125-2006-de","9":"product_cat-ktm-exc-125-2007-de","10":"product_cat-ktm-exc-125-2008-de","11":"product_cat-ktm-exc-125-2009-de","12":"product_cat-ktm-exc-125-2010-de","13":"product_cat-ktm-exc-125-2011-de","14":"product_cat-ktm-exc-125-2012-de","15":"product_cat-ktm-exc-125-2013-de","16":"product_cat-ktm-exc-125-2014-de","17":"product_cat-ktm-exc-125-2015-de","18":"product_cat-ktm-exc-125-2016-de","19":"product_cat-ktm-exc-200-de","20":"product_cat-ktm-exc-200-2005-de","21":"product_cat-ktm-exc-200-2006-de","22":"product_cat-ktm-exc-200-2007-de","23":"product_cat-ktm-exc-200-2008-de","24":"product_cat-ktm-exc-200-2009-de","25":"product_cat-ktm-exc-200-2010-de","26":"product_cat-ktm-exc-200-2011-de","27":"product_cat-ktm-exc-200-2012-de","28":"product_cat-ktm-exc-200-2013-de","29":"product_cat-ktm-exc-200-2014-de","30":"product_cat-ktm-exc-200-2015-de","31":"product_cat-ktm-exc-200-2016-de","32":"product_cat-ktm-exc-250-de","33":"product_cat-ktm-exc-250-2005-de","34":"product_cat-ktm-exc-250-2006-de","35":"product_cat-ktm-exc-250-2007-de","36":"product_cat-ktm-exc-250-2008-de","37":"product_cat-ktm-exc-250-2009-de","38":"product_cat-ktm-exc-250-2010-de","39":"product_cat-ktm-exc-250-2011-de","40":"product_cat-ktm-exc-250-2012-de","41":"product_cat-ktm-exc-250-2013-de","42":"product_cat-ktm-exc-250-2014-de","43":"product_cat-ktm-exc-250-2015-de","44":"product_cat-ktm-exc-250-2016-de","45":"product_cat-ktm-exc-250-2017-de","46":"product_cat-ktm-exc-300-de","47":"product_cat-ktm-exc-300-2005-de","48":"product_cat-ktm-exc-300-2006-de","49":"product_cat-ktm-exc-300-2007-de","50":"product_cat-ktm-exc-300-2008-de","51":"product_cat-ktm-exc-300-2009-de","52":"product_cat-ktm-exc-300-2010-de","53":"product_cat-ktm-exc-300-2011-de","54":"product_cat-ktm-exc-300-2012-de","55":"product_cat-ktm-exc-300-2013-de","56":"product_cat-ktm-exc-300-2014-de","57":"product_cat-ktm-exc-300-2015-de","58":"product_cat-ktm-exc-300-2016-de","59":"product_cat-ktm-exc-300-2017-de","60":"product_cat-ktm-exc-f-250-de","61":"product_cat-ktm-exc-f-250-2006-de","62":"product_cat-ktm-exc-f-250-2007-de","63":"product_cat-ktm-exc-f-250-2008-de","64":"product_cat-ktm-exc-f-250-2009-de","65":"product_cat-ktm-exc-f-250-2010-de","66":"product_cat-ktm-exc-f-250-2011-de","67":"product_cat-ktm-exc-f-250-2012-de","68":"product_cat-ktm-exc-f-250-2013-de","69":"product_cat-ktm-exc-f-250-2014-de","70":"product_cat-ktm-exc-f-250-2015-de","71":"product_cat-ktm-exc-f-250-2016-de","72":"product_cat-ktm-exc-f-250-2017-de","73":"product_cat-ktm-exc-f-250-2018-de","74":"product_cat-ktm-exc-f-350-de","75":"product_cat-ktm-exc-f-350-2011-de","76":"product_cat-ktm-exc-f-350-2012-de","77":"product_cat-ktm-exc-f-350-2013-de","78":"product_cat-ktm-exc-f-350-2014-de","79":"product_cat-ktm-exc-f-350-2015-de","80":"product_cat-ktm-exc-f-350-2016-de","81":"product_cat-ktm-exc-f-400-de","82":"product_cat-ktm-exc-f-400-2005-de","83":"product_cat-ktm-exc-f-400-2006-de","84":"product_cat-ktm-exc-f-400-2007-de","85":"product_cat-ktm-exc-f-400-2008-de","86":"product_cat-ktm-exc-f-400-2009-de","87":"product_cat-ktm-exc-f-400-2010-de","88":"product_cat-ktm-exc-f-400-2011-de","89":"product_cat-ktm-exc-f-450-de","90":"product_cat-ktm-exc-f-450-2005-de","91":"product_cat-ktm-exc-f-450-2006-de","92":"product_cat-ktm-exc-f-450-2007-de","93":"product_cat-ktm-exc-f-450-2008-de","94":"product_cat-ktm-exc-f-450-2009-de","95":"product_cat-ktm-exc-f-450-2010-de","96":"product_cat-ktm-exc-f-450-2011-de","97":"product_cat-ktm-exc-f-450-2012-de","98":"product_cat-ktm-exc-f-450-2013-de","99":"product_cat-ktm-exc-f-450-2014-de","100":"product_cat-ktm-exc-f-450-2015-de","101":"product_cat-ktm-exc-f-450-2016-de","102":"product_cat-ktm-exc-f-500-de","103":"product_cat-ktm-exc-f-500-2012-de","104":"product_cat-ktm-exc-f-500-2013-de","105":"product_cat-ktm-exc-f-500-2014-de","106":"product_cat-ktm-exc-f-500-2015-de","107":"product_cat-ktm-exc-f-500-2016-de","108":"product_cat-ktm-exc-f-525-de","109":"product_cat-ktm-exc-f-525-2005-de","110":"product_cat-ktm-exc-f-525-2006-de","111":"product_cat-ktm-exc-f-525-2007-de","112":"product_cat-ktm-exc-f-525-2008-de","113":"product_cat-ktm-exc-f-525-2009-de","114":"product_cat-ktm-exc-f-525-2010-de","115":"product_cat-ktm-exc-f-525-2011-de","116":"product_cat-ktm-exc-f-530-de","117":"product_cat-ktm-exc-f-530-2005-de","118":"product_cat-ktm-exc-f-530-2006-de","119":"product_cat-ktm-exc-f-530-2007-de","120":"product_cat-ktm-exc-f-530-2008-de","121":"product_cat-ktm-exc-f-530-2009-de","122":"product_cat-ktm-exc-f-530-2010-de","123":"product_cat-ktm-exc-f-530-2011-de","124":"product_cat-husaberg-fe-250-de","125":"product_cat-husaberg-fe-250-2013-de","126":"product_cat-husaberg-fe-250-2014-de","127":"product_cat-husaberg-fe-350-de","128":"product_cat-husaberg-fe-350-2013-de","129":"product_cat-husaberg-fe-350-2014-de","130":"product_cat-husaberg-fe-390-de","131":"product_cat-husaberg-fe-390-2009-de","132":"product_cat-husaberg-fe-390-2010-de","133":"product_cat-husaberg-fe-390-2011-de","134":"product_cat-husaberg-fe-390-2012-de","135":"product_cat-husaberg-fe-390-2013-de","136":"product_cat-husaberg-fe-390-2014-de","137":"product_cat-husaberg-fe-450-de","138":"product_cat-husaberg-fe-450-2009-de","139":"product_cat-husaberg-fe-450-2010-de","140":"product_cat-husaberg-fe-450-2011-de","141":"product_cat-husaberg-fe-450-2012-de","142":"product_cat-husaberg-fe-450-2013-de","143":"product_cat-husaberg-fe-450-2014-de","144":"product_cat-husaberg-fe-501-de","145":"product_cat-husaberg-fe-501-2013-de","146":"product_cat-husaberg-fe-501-2014-de","147":"product_cat-husaberg-fe-570-de","148":"product_cat-husaberg-fe-570-2009-de","149":"product_cat-husaberg-fe-570-2010-de","150":"product_cat-husaberg-fe-570-2011-de","151":"product_cat-husaberg-fe-570-2012-de","152":"product_cat-husaberg-de","153":"product_cat-ktm-de","154":"product_cat-ktm-sx-125-de","155":"product_cat-ktm-sx-125-2004-de","156":"product_cat-ktm-sx-125-2005-de","157":"product_cat-ktm-sx-125-2006-de","158":"product_cat-ktm-sx-125-2007-de","159":"product_cat-ktm-sx-125-2008-de","160":"product_cat-ktm-sx-125-2009-de","161":"product_cat-ktm-sx-125-2010-de","162":"product_cat-ktm-sx-125-2011-de","163":"product_cat-ktm-sx-144-de","164":"product_cat-ktm-sx-144-2004-de","165":"product_cat-ktm-sx-144-2005-de","166":"product_cat-ktm-sx-144-2006-de","167":"product_cat-ktm-sx-144-2007-de","168":"product_cat-ktm-sx-144-2008-de","169":"product_cat-ktm-sx-150-de","170":"product_cat-ktm-sx-150-2004-de","171":"product_cat-ktm-sx-150-2005-de","172":"product_cat-ktm-sx-150-2006-de","173":"product_cat-ktm-sx-150-2007-de","174":"product_cat-ktm-sx-150-2008-de","175":"product_cat-ktm-sx-150-2009-de","176":"product_cat-ktm-sx-150-2010-de","177":"product_cat-ktm-sx-150-2011-de","178":"product_cat-ktm-sx-250-de","179":"product_cat-ktm-sx-250-2004-de","180":"product_cat-ktm-sx-250-2005-de","181":"product_cat-ktm-sx-250-2006-de","182":"product_cat-ktm-sx-250-2007-de","183":"product_cat-ktm-sx-250-2008-de","184":"product_cat-ktm-sx-250-2009-de","185":"product_cat-ktm-sx-250-2010-de","186":"product_cat-ktm-sx-250-2011-de","187":"product_cat-ktm-sx-f-250-de","188":"product_cat-ktm-sx-f-250-2006-de","189":"product_cat-ktm-sx-f-250-2007-de","190":"product_cat-ktm-sx-f-250-2008-de","191":"product_cat-ktm-sx-f-250-2009-de","192":"product_cat-ktm-sx-f-250-2010-de","193":"product_cat-ktm-sx-f-450-de","194":"product_cat-ktm-sx-f-450-2004-de","195":"product_cat-ktm-sx-f-450-2005-de","196":"product_cat-ktm-sx-f-450-2006-de","197":"product_cat-ktm-sx-f-450-2007-de","198":"product_cat-ktm-sx-f-450-2008-de","199":"product_cat-ktm-sx-f-450-2009-de","200":"product_cat-ktm-sx-f-450-2010-de","201":"product_cat-husaberg-te-125-de","202":"product_cat-husaberg-te-125-2011-de","203":"product_cat-husaberg-te-125-2012-de","204":"product_cat-husaberg-te-125-2013-de","205":"product_cat-husaberg-te-125-2014-de","206":"product_cat-husaberg-te-250-de","207":"product_cat-husaberg-te-250-2011-de","208":"product_cat-husaberg-te-250-2012-de","209":"product_cat-husaberg-te-250-2013-de","210":"product_cat-husaberg-te-250-2014-de","211":"product_cat-husaberg-te-300-de","212":"product_cat-husaberg-te-300-2011-de","213":"product_cat-husaberg-te-300-2012-de","214":"product_cat-husaberg-te-300-2013-de","215":"product_cat-husaberg-te-300-2014-de","217":"first","218":"instock","219":"taxable","220":"shipping-taxable","221":"product-type-variable"},"_links":{"self":[{"href":"https:\/\/mx-springs.com\/de\/wp-json\/wp\/v2\/product\/28655","targetHints":{"allow":["GET"]}}],"collection":[{"href":"https:\/\/mx-springs.com\/de\/wp-json\/wp\/v2\/product"}],"about":[{"href":"https:\/\/mx-springs.com\/de\/wp-json\/wp\/v2\/types\/product"}],"wp:featuredmedia":[{"embeddable":true,"href":"https:\/\/mx-springs.com\/de\/wp-json\/wp\/v2\/media\/21881"}],"wp:attachment":[{"href":"https:\/\/mx-springs.com\/de\/wp-json\/wp\/v2\/media?parent=28655"}],"wp:term":[{"taxonomy":"product_brand","embeddable":true,"href":"https:\/\/mx-springs.com\/de\/wp-json\/wp\/v2\/product_brand?post=28655"},{"taxonomy":"product_cat","embeddable":true,"href":"https:\/\/mx-springs.com\/de\/wp-json\/wp\/v2\/product_cat?post=28655"},{"taxonomy":"product_tag","embeddable":true,"href":"https:\/\/mx-springs.com\/de\/wp-json\/wp\/v2\/product_tag?post=28655"}],"curies":[{"name":"wp","href":"https:\/\/api.w.org\/{rel}","templated":true}]}}