{"id":28638,"date":"2026-03-11T15:12:07","date_gmt":"2026-03-11T15:12:07","guid":{"rendered":"https:\/\/staging.mx-springs.com\/producten\/stosdampferfeder-mx-63-240\/"},"modified":"2026-03-11T19:19:54","modified_gmt":"2026-03-11T19:19:54","slug":"stosdampferfeder-mx-63-240","status":"publish","type":"product","link":"https:\/\/mx-springs.com\/de\/produkt\/stosdampferfeder-mx-63-240\/","title":{"rendered":"Sto\u00dfd\u00e4mpferfeder MX 63-240"},"content":{"rendered":"<div class=\"mx-desc\">\n<div class=\"mx-desc__block\">\n<div class=\"mx-desc__title\">Geeignet f\u00fcr<\/div>\n<div class=\"mx-desc__box\">\n<div class=\"mx-desc__row\">\n<div class=\"mx-desc__label\">GASGAS<\/div>\n<div class=\"mx-desc__value\">\n    EC 250 (2024\u20132026)<br \/>EC 250F (2024\u20132026)<br \/>EC 300 (2024\u20132026)<br \/>EC 350F (2024\u20132026)<br \/>EC 450F (2024\u20132026)<br \/>MC 125 (2024\u20132026)<br \/>MC 250 (2024\u20132026)<br \/>MC 250F (2024\u20132026)<br \/>MC 350F (2024\u20132026)<br \/>MC 450F (2024\u20132026)\n  <\/div>\n<\/div>\n<div class=\"mx-desc__row\">\n<div class=\"mx-desc__label\">Husqvarna<\/div>\n<div class=\"mx-desc__value\">\n    FC 250 (2023\u20132026)<br \/>FC 350 (2023\u20132026)<br \/>FC 450 (2023\u20132026)<br \/>FE 250 (2024\u20132026)<br \/>FE 350 (2024\u20132026)<br \/>FE 450 (2024\u20132026)<br \/>FE 501 (2024\u20132026)<br \/>TC 125 (2023\u20132026)<br \/>TC 250 (2023\u20132026)<br \/>TE 125 (2024\u20132026)<br \/>TE 250 (2024\u20132026)<br \/>TE 300 (2024\u20132026)\n  <\/div>\n<\/div>\n<div class=\"mx-desc__row\">\n<div class=\"mx-desc__label\">KTM<\/div>\n<div class=\"mx-desc__value\">\n    SX 125 (2023\u20132026)<br \/>SX 250 (2023\u20132026)<br \/>SX 300 (2023\u20132026)<br \/>SX-F 250 (2023\u20132026)<br \/>SX-F 350 (2023\u20132026)<br \/>SX-F 450 (2023\u20132026)\n  <\/div>\n<\/div><\/div>\n<\/p><\/div>\n<div class=\"mx-desc__block\">\n<div class=\"mx-desc__title\">Spezifikationen<\/div>\n<div class=\"mx-desc__box\">\n<div class=\"mx-desc__row\">\n<div class=\"mx-desc__label\">Innendurchmesser<\/div>\n<div class=\"mx-desc__value\">63 mm<\/div>\n<\/div>\n<div class=\"mx-desc__row\">\n<div class=\"mx-desc__label\">L\u00e4nge<\/div>\n<div class=\"mx-desc__value\">240 mm<\/div>\n<\/div>\n<div class=\"mx-desc__row\">\n<div class=\"mx-desc__label\">Federraten<\/div>\n<div class=\"mx-desc__value mx-desc__springs\">\n    32.0 N\/mm \u00b7 34.0 N\/mm \u00b7 36.0 N\/mm \u00b7 38.0 N\/mm \u00b7 40.0 N\/mm \u00b7 42.0 N\/mm \u00b7 44.0 N\/mm \u00b7 46.0 N\/mm \u00b7 48.0 N\/mm \u00b7 50.0 N\/mm \u00b7 52.0 N\/mm \u00b7 54.0 N\/mm \u00b7 56.0 N\/mm \u00b7 58.0 N\/mm \u00b7 60.0 N\/mm \u00b7 62.0 N\/mm<\/p>\n<div class=\"mx-desc__note\">\n      Die richtige Federrate h\u00e4ngt von Fahrergewicht, Fahrstil und Einsatzzweck ab. Im Zweifel kontaktieren Sie MX-Springs.\n    <\/div>\n<\/p><\/div>\n<\/div><\/div>\n<\/p><\/div>\n<\/div>\n","protected":false},"excerpt":{"rendered":"<p>Sto\u00dfd\u00e4mpferfeder geeignet f\u00fcr verschiedene GASGAS, Husqvarna und KTM Modelle der angegebenen Baujahre. <a href=\"#tab-description\">Vollst\u00e4ndige Spezifikationen ansehen<\/a>.<\/p>\n","protected":false},"featured_media":21881,"template":"","meta":[],"product_brand":[],"product_cat":[32607,34383,34389,34395,32619,34455,34461,34467,32613,34419,34425,34431,32625,34491,34497,34503,32631,34527,34533,34539,33075,34599,34605,34611,34617,33081,34677,34683,34689,34695,33087,34755,34761,34767,34773,33093,34839,34845,34851,33099,34917,34923,34929,33105,34995,35001,35007,33111,35073,35079,35085,32529,32547,32559,32637,35109,35115,35121,32643,35145,35151,35157,32649,35181,35187,35193,32655,35217,35223,35229,32661,35253,35259,35265,32853,35385,35391,35397,35403,32871,35523,35529,35535,35541,32877,35547,35553,35559,35565,32895,35673,35679,35685,35691,32901,35769,35775,35781,35787,32907,35907,35913,35919,35925,33117,35985,35991,35997,36003,33123,36063,36069,36075,36081,33141,36141,36147,36153,33153,36219,36225,36231,33159,36297,36303,36309],"product_tag":[],"class_list":{"0":"post-28638","1":"product","2":"type-product","3":"status-publish","4":"has-post-thumbnail","6":"product_cat-gasgas-ec-250-de","7":"product_cat-gasgas-ec-250-2024-de","8":"product_cat-gasgas-ec-250-2025-de","9":"product_cat-gasgas-ec-250-2026-de","10":"product_cat-gasgas-ec-300-de","11":"product_cat-gasgas-ec-300-2024-de","12":"product_cat-gasgas-ec-300-2025-de","13":"product_cat-gasgas-ec-300-2026-de","14":"product_cat-gasgas-ec-250f-de","15":"product_cat-gasgas-ec-250f-2024-de","16":"product_cat-gasgas-ec-250f-2025-de","17":"product_cat-gasgas-ec-250f-2026-de","18":"product_cat-gasgas-ec-350f-de","19":"product_cat-gasgas-ec-350f-2024-de","20":"product_cat-gasgas-ec-350f-2025-de","21":"product_cat-gasgas-ec-350f-2026-de","22":"product_cat-gasgas-ec-450f-de","23":"product_cat-gasgas-ec-450f-2024-de","24":"product_cat-gasgas-ec-450f-2025-de","25":"product_cat-gasgas-ec-450f-2026-de","26":"product_cat-husqvarna-fc-250-de","27":"product_cat-husqvarna-fc-250-2023-de","28":"product_cat-husqvarna-fc-250-2024-de","29":"product_cat-husqvarna-fc-250-2025-de","30":"product_cat-husqvarna-fc-250-2026-de","31":"product_cat-husqvarna-fc-350-de","32":"product_cat-husqvarna-fc-350-2023-de","33":"product_cat-husqvarna-fc-350-2024-de","34":"product_cat-husqvarna-fc-350-2025-de","35":"product_cat-husqvarna-fc-350-2026-de","36":"product_cat-husqvarna-fc-450-de","37":"product_cat-husqvarna-fc-450-2023-de","38":"product_cat-husqvarna-fc-450-2024-de","39":"product_cat-husqvarna-fc-450-2025-de","40":"product_cat-husqvarna-fc-450-2026-de","41":"product_cat-husqvarna-fe-250-de","42":"product_cat-husqvarna-fe-250-2024-de","43":"product_cat-husqvarna-fe-250-2025-de","44":"product_cat-husqvarna-fe-250-2026-de","45":"product_cat-husqvarna-fe-350-de","46":"product_cat-husqvarna-fe-350-2024-de","47":"product_cat-husqvarna-fe-350-2025-de","48":"product_cat-husqvarna-fe-350-2026-de","49":"product_cat-husqvarna-fe-450-de","50":"product_cat-husqvarna-fe-450-2024-de","51":"product_cat-husqvarna-fe-450-2025-de","52":"product_cat-husqvarna-fe-450-2026-de","53":"product_cat-husqvarna-fe-501-de","54":"product_cat-husqvarna-fe-501-2024-de","55":"product_cat-husqvarna-fe-501-2025-de","56":"product_cat-husqvarna-fe-501-2026-de","57":"product_cat-gasgas-de","58":"product_cat-husqvarna-de","59":"product_cat-ktm-de","60":"product_cat-gasgas-mc-125-de","61":"product_cat-gasgas-mc-125-2024-de","62":"product_cat-gasgas-mc-125-2025-de","63":"product_cat-gasgas-mc-125-2026-de","64":"product_cat-gasgas-mc-250-de","65":"product_cat-gasgas-mc-250-2024-de","66":"product_cat-gasgas-mc-250-2025-de","67":"product_cat-gasgas-mc-250-2026-de","68":"product_cat-gasgas-mc-250f-de","69":"product_cat-gasgas-mc-250f-2024-de","70":"product_cat-gasgas-mc-250f-2025-de","71":"product_cat-gasgas-mc-250f-2026-de","72":"product_cat-gasgas-mc-350f-de","73":"product_cat-gasgas-mc-350f-2024-de","74":"product_cat-gasgas-mc-350f-2025-de","75":"product_cat-gasgas-mc-350f-2026-de","76":"product_cat-gasgas-mc-450f-de","77":"product_cat-gasgas-mc-450f-2024-de","78":"product_cat-gasgas-mc-450f-2025-de","79":"product_cat-gasgas-mc-450f-2026-de","80":"product_cat-ktm-sx-125-de","81":"product_cat-ktm-sx-125-2023-de","82":"product_cat-ktm-sx-125-2024-de","83":"product_cat-ktm-sx-125-2025-de","84":"product_cat-ktm-sx-125-2026-de","85":"product_cat-ktm-sx-250-de","86":"product_cat-ktm-sx-250-2023-de","87":"product_cat-ktm-sx-250-2024-de","88":"product_cat-ktm-sx-250-2025-de","89":"product_cat-ktm-sx-250-2026-de","90":"product_cat-ktm-sx-300-de","91":"product_cat-ktm-sx-300-2023-de","92":"product_cat-ktm-sx-300-2024-de","93":"product_cat-ktm-sx-300-2025-de","94":"product_cat-ktm-sx-300-2026-de","95":"product_cat-ktm-sx-f-250-de","96":"product_cat-ktm-sx-f-250-2023-de","97":"product_cat-ktm-sx-f-250-2024-de","98":"product_cat-ktm-sx-f-250-2025-de","99":"product_cat-ktm-sx-f-250-2026-de","100":"product_cat-ktm-sx-f-350-de","101":"product_cat-ktm-sx-f-350-2023-de","102":"product_cat-ktm-sx-f-350-2024-de","103":"product_cat-ktm-sx-f-350-2025-de","104":"product_cat-ktm-sx-f-350-2026-de","105":"product_cat-ktm-sx-f-450-de","106":"product_cat-ktm-sx-f-450-2023-de","107":"product_cat-ktm-sx-f-450-2024-de","108":"product_cat-ktm-sx-f-450-2025-de","109":"product_cat-ktm-sx-f-450-2026-de","110":"product_cat-husqvarna-tc-125-de","111":"product_cat-husqvarna-tc-125-2023-de","112":"product_cat-husqvarna-tc-125-2024-de","113":"product_cat-husqvarna-tc-125-2025-de","114":"product_cat-husqvarna-tc-125-2026-de","115":"product_cat-husqvarna-tc-250-de","116":"product_cat-husqvarna-tc-250-2023-de","117":"product_cat-husqvarna-tc-250-2024-de","118":"product_cat-husqvarna-tc-250-2025-de","119":"product_cat-husqvarna-tc-250-2026-de","120":"product_cat-husqvarna-te-125-de","121":"product_cat-husqvarna-te-125-2024-de","122":"product_cat-husqvarna-te-125-2025-de","123":"product_cat-husqvarna-te-125-2026-de","124":"product_cat-husqvarna-te-250-de","125":"product_cat-husqvarna-te-250-2024-de","126":"product_cat-husqvarna-te-250-2025-de","127":"product_cat-husqvarna-te-250-2026-de","128":"product_cat-husqvarna-te-300-de","129":"product_cat-husqvarna-te-300-2024-de","130":"product_cat-husqvarna-te-300-2025-de","131":"product_cat-husqvarna-te-300-2026-de","133":"first","134":"instock","135":"taxable","136":"shipping-taxable","137":"product-type-variable"},"_links":{"self":[{"href":"https:\/\/mx-springs.com\/de\/wp-json\/wp\/v2\/product\/28638","targetHints":{"allow":["GET"]}}],"collection":[{"href":"https:\/\/mx-springs.com\/de\/wp-json\/wp\/v2\/product"}],"about":[{"href":"https:\/\/mx-springs.com\/de\/wp-json\/wp\/v2\/types\/product"}],"wp:featuredmedia":[{"embeddable":true,"href":"https:\/\/mx-springs.com\/de\/wp-json\/wp\/v2\/media\/21881"}],"wp:attachment":[{"href":"https:\/\/mx-springs.com\/de\/wp-json\/wp\/v2\/media?parent=28638"}],"wp:term":[{"taxonomy":"product_brand","embeddable":true,"href":"https:\/\/mx-springs.com\/de\/wp-json\/wp\/v2\/product_brand?post=28638"},{"taxonomy":"product_cat","embeddable":true,"href":"https:\/\/mx-springs.com\/de\/wp-json\/wp\/v2\/product_cat?post=28638"},{"taxonomy":"product_tag","embeddable":true,"href":"https:\/\/mx-springs.com\/de\/wp-json\/wp\/v2\/product_tag?post=28638"}],"curies":[{"name":"wp","href":"https:\/\/api.w.org\/{rel}","templated":true}]}}