{"id":28625,"date":"2026-03-11T15:10:40","date_gmt":"2026-03-11T15:10:40","guid":{"rendered":"https:\/\/staging.mx-springs.com\/producten\/stosdampferfeder-mx-59-62-270\/"},"modified":"2026-03-11T19:14:16","modified_gmt":"2026-03-11T19:14:16","slug":"stosdampferfeder-mx-59-62-270","status":"publish","type":"product","link":"https:\/\/mx-springs.com\/de\/produkt\/stosdampferfeder-mx-59-62-270\/","title":{"rendered":"Sto\u00dfd\u00e4mpferfeder MX 59-62-270"},"content":{"rendered":"<div class=\"mx-desc\">\n<div class=\"mx-desc__block\">\n<div class=\"mx-desc__title\">Geeignet f\u00fcr<\/div>\n<div class=\"mx-desc__box\">\n<div class=\"mx-desc__row\">\n<div class=\"mx-desc__label\">Beta<\/div>\n<div class=\"mx-desc__value\">\n    RR 125 2T RACING (2023\u20132026)<br \/>RR 200 2T RACING (2023\u20132026)<br \/>RR 250 2T RACING (2023\u20132026)<br \/>RR 300 2T RACING (2023\u20132026)<br \/>RR 350 4T RACING (2023\u20132026)<br \/>RR 390 4T RACING (2023\u20132026)<br \/>RR 400 4T RACING (2011\u20132012)<br \/>RR 430 4T RACING (2023\u20132026)<br \/>RR 480 4T RACING (2023\u20132026)<br \/>RX 300 2T (2023\u20132024)\n  <\/div>\n<\/div>\n<div class=\"mx-desc__row\">\n<div class=\"mx-desc__label\">Honda<\/div>\n<div class=\"mx-desc__value\">\n    CR 125R (2000\u20132007)\n  <\/div>\n<\/div>\n<div class=\"mx-desc__row\">\n<div class=\"mx-desc__label\">Yamaha<\/div>\n<div class=\"mx-desc__value\">\n    WR 250F (2005\u20132014)<br \/>WR 450F (2003\u20132015)<br \/>YZ 125 (2005\u20132026)<br \/>YZ 250 (2005\u20132026)<br \/>YZF 250 (2005\u20132013)<br \/>YZF 450 (2004\u20132009)\n  <\/div>\n<\/div><\/div>\n<\/p><\/div>\n<div class=\"mx-desc__block\">\n<div class=\"mx-desc__title\">Spezifikationen<\/div>\n<div class=\"mx-desc__box\">\n<div class=\"mx-desc__row\">\n<div class=\"mx-desc__label\">Innendurchmesser<\/div>\n<div class=\"mx-desc__value\">59 mm<\/div>\n<\/div>\n<div class=\"mx-desc__row\">\n<div class=\"mx-desc__label\">Au\u00dfendurchmesser<\/div>\n<div class=\"mx-desc__value\">62 mm<\/div>\n<\/div>\n<div class=\"mx-desc__row\">\n<div class=\"mx-desc__label\">L\u00e4nge<\/div>\n<div class=\"mx-desc__value\">270 mm<\/div>\n<\/div>\n<div class=\"mx-desc__row\">\n<div class=\"mx-desc__label\">Federraten<\/div>\n<div class=\"mx-desc__value mx-desc__springs\">\n    40.0 N\/mm \u00b7 42.0 N\/mm \u00b7 44.0 N\/mm \u00b7 46.0 N\/mm \u00b7 48.0 N\/mm \u00b7 50.0 N\/mm \u00b7 52.0 N\/mm \u00b7 54.0 N\/mm \u00b7 56.0 N\/mm \u00b7 58.0 N\/mm \u00b7 60.0 N\/mm \u00b7 62.0 N\/mm<\/p>\n<div class=\"mx-desc__note\">\n      Die richtige Federrate h\u00e4ngt von Fahrergewicht, Fahrstil und Einsatzzweck ab. Im Zweifel kontaktieren Sie MX-Springs.\n    <\/div>\n<\/p><\/div>\n<\/div><\/div>\n<\/p><\/div>\n<\/div>\n","protected":false},"excerpt":{"rendered":"<p>Sto\u00dfd\u00e4mpferfeder geeignet f\u00fcr verschiedene Beta, Honda und Yamaha Modelle der angegebenen Baujahre. <a href=\"#tab-description\">Vollst\u00e4ndige Spezifikationen ansehen<\/a>.<\/p>\n","protected":false},"featured_media":21881,"template":"","meta":[],"product_brand":[],"product_cat":[32517,37125,39597,39603,39609,39615,39621,39627,39633,39639,32535,37845,39663,39669,39675,39681,37857,39705,39711,39717,39723,37869,39747,39753,39759,39765,37881,39789,39795,39801,39807,37893,39831,39837,39843,39849,37905,39873,39879,39885,39891,37917,39897,39903,37929,39927,39933,39939,39945,37947,39969,39975,39981,39987,37959,39993,39999,38913,40005,40011,40017,40023,40029,40035,40041,40047,40053,40059,38919,38961,38967,38973,38979,38985,38991,38997,39003,39009,39015,39021,39027,39033,32601,38925,40137,40143,40149,40155,40161,40167,40173,40179,40185,40191,40197,40203,40209,40215,40221,40227,40233,40239,40245,40251,40257,40263,38931,40269,40275,40281,40287,40293,40299,40305,40311,40317,40323,40329,40335,40341,40347,40353,40359,40365,40371,40377,40383,40389,40395,38949,39111,39117,39123,39129,39135,39141,39147,39153,39159,38955,39243,39249,39255,39261,39267,39273],"product_tag":[],"class_list":{"0":"post-28625","1":"product","2":"type-product","3":"status-publish","4":"has-post-thumbnail","6":"product_cat-beta-de","7":"product_cat-honda-cr-125r-de","8":"product_cat-honda-cr-125r-2000-de","9":"product_cat-honda-cr-125r-2001-de","10":"product_cat-honda-cr-125r-2002-de","11":"product_cat-honda-cr-125r-2003-de","12":"product_cat-honda-cr-125r-2004-de","13":"product_cat-honda-cr-125r-2005-de","14":"product_cat-honda-cr-125r-2006-de","15":"product_cat-honda-cr-125r-2007-de","16":"product_cat-honda-de","17":"product_cat-beta-rr-125-2t-racing-de","18":"product_cat-beta-rr-125-2t-racing-2023-de","19":"product_cat-beta-rr-125-2t-racing-2024-de","20":"product_cat-beta-rr-125-2t-racing-2025-de","21":"product_cat-beta-rr-125-2t-racing-2026-de","22":"product_cat-beta-rr-200-2t-racing-de","23":"product_cat-beta-rr-200-2t-racing-2023-de","24":"product_cat-beta-rr-200-2t-racing-2024-de","25":"product_cat-beta-rr-200-2t-racing-2025-de","26":"product_cat-beta-rr-200-2t-racing-2026-de","27":"product_cat-beta-rr-250-2t-racing-de","28":"product_cat-beta-rr-250-2t-racing-2023-de","29":"product_cat-beta-rr-250-2t-racing-2024-de","30":"product_cat-beta-rr-250-2t-racing-2025-de","31":"product_cat-beta-rr-250-2t-racing-2026-de","32":"product_cat-beta-rr-300-2t-racing-de","33":"product_cat-beta-rr-300-2t-racing-2023-de","34":"product_cat-beta-rr-300-2t-racing-2024-de","35":"product_cat-beta-rr-300-2t-racing-2025-de","36":"product_cat-beta-rr-300-2t-racing-2026-de","37":"product_cat-beta-rr-350-4t-racing-de","38":"product_cat-beta-rr-350-4t-racing-2023-de","39":"product_cat-beta-rr-350-4t-racing-2024-de","40":"product_cat-beta-rr-350-4t-racing-2025-de","41":"product_cat-beta-rr-350-4t-racing-2026-de","42":"product_cat-beta-rr-390-4t-racing-de","43":"product_cat-beta-rr-390-4t-racing-2023-de","44":"product_cat-beta-rr-390-4t-racing-2024-de","45":"product_cat-beta-rr-390-4t-racing-2025-de","46":"product_cat-beta-rr-390-4t-racing-2026-de","47":"product_cat-beta-rr-400-4t-racing-de","48":"product_cat-beta-rr-400-4t-racing-2011-de","49":"product_cat-beta-rr-400-4t-racing-2012-de","50":"product_cat-beta-rr-430-4t-racing-de","51":"product_cat-beta-rr-430-4t-racing-2023-de","52":"product_cat-beta-rr-430-4t-racing-2024-de","53":"product_cat-beta-rr-430-4t-racing-2025-de","54":"product_cat-beta-rr-430-4t-racing-2026-de","55":"product_cat-beta-rr-480-4t-racing-de","56":"product_cat-beta-rr-480-4t-racing-2023-de","57":"product_cat-beta-rr-480-4t-racing-2024-de","58":"product_cat-beta-rr-480-4t-racing-2025-de","59":"product_cat-beta-rr-480-4t-racing-2026-de","60":"product_cat-beta-rx-300-2t-de","61":"product_cat-beta-rx-300-2t-2023-de","62":"product_cat-beta-rx-300-2t-2024-de","63":"product_cat-yamaha-wr-250f-de","64":"product_cat-yamaha-wr-250f-2005-de","65":"product_cat-yamaha-wr-250f-2006-de","66":"product_cat-yamaha-wr-250f-2007-de","67":"product_cat-yamaha-wr-250f-2008-de","68":"product_cat-yamaha-wr-250f-2009-de","69":"product_cat-yamaha-wr-250f-2010-de","70":"product_cat-yamaha-wr-250f-2011-de","71":"product_cat-yamaha-wr-250f-2012-de","72":"product_cat-yamaha-wr-250f-2013-de","73":"product_cat-yamaha-wr-250f-2014-de","74":"product_cat-yamaha-wr-450f-de","75":"product_cat-yamaha-wr-450f-2003-de","76":"product_cat-yamaha-wr-450f-2004-de","77":"product_cat-yamaha-wr-450f-2005-de","78":"product_cat-yamaha-wr-450f-2006-de","79":"product_cat-yamaha-wr-450f-2007-de","80":"product_cat-yamaha-wr-450f-2008-de","81":"product_cat-yamaha-wr-450f-2009-de","82":"product_cat-yamaha-wr-450f-2010-de","83":"product_cat-yamaha-wr-450f-2011-de","84":"product_cat-yamaha-wr-450f-2012-de","85":"product_cat-yamaha-wr-450f-2013-de","86":"product_cat-yamaha-wr-450f-2014-de","87":"product_cat-yamaha-wr-450f-2015-de","88":"product_cat-yamaha-de","89":"product_cat-yamaha-yz-125-de","90":"product_cat-yamaha-yz-125-2005-de","91":"product_cat-yamaha-yz-125-2006-de","92":"product_cat-yamaha-yz-125-2007-de","93":"product_cat-yamaha-yz-125-2008-de","94":"product_cat-yamaha-yz-125-2009-de","95":"product_cat-yamaha-yz-125-2010-de","96":"product_cat-yamaha-yz-125-2011-de","97":"product_cat-yamaha-yz-125-2012-de","98":"product_cat-yamaha-yz-125-2013-de","99":"product_cat-yamaha-yz-125-2014-de","100":"product_cat-yamaha-yz-125-2015-de","101":"product_cat-yamaha-yz-125-2016-de","102":"product_cat-yamaha-yz-125-2017-de","103":"product_cat-yamaha-yz-125-2018-de","104":"product_cat-yamaha-yz-125-2019-de","105":"product_cat-yamaha-yz-125-2020-de","106":"product_cat-yamaha-yz-125-2021-de","107":"product_cat-yamaha-yz-125-2022-de","108":"product_cat-yamaha-yz-125-2023-de","109":"product_cat-yamaha-yz-125-2024-de","110":"product_cat-yamaha-yz-125-2025-de","111":"product_cat-yamaha-yz-125-2026-de","112":"product_cat-yamaha-yz-250-de","113":"product_cat-yamaha-yz-250-2005-de","114":"product_cat-yamaha-yz-250-2006-de","115":"product_cat-yamaha-yz-250-2007-de","116":"product_cat-yamaha-yz-250-2008-de","117":"product_cat-yamaha-yz-250-2009-de","118":"product_cat-yamaha-yz-250-2010-de","119":"product_cat-yamaha-yz-250-2011-de","120":"product_cat-yamaha-yz-250-2012-de","121":"product_cat-yamaha-yz-250-2013-de","122":"product_cat-yamaha-yz-250-2014-de","123":"product_cat-yamaha-yz-250-2015-de","124":"product_cat-yamaha-yz-250-2016-de","125":"product_cat-yamaha-yz-250-2017-de","126":"product_cat-yamaha-yz-250-2018-de","127":"product_cat-yamaha-yz-250-2019-de","128":"product_cat-yamaha-yz-250-2020-de","129":"product_cat-yamaha-yz-250-2021-de","130":"product_cat-yamaha-yz-250-2022-de","131":"product_cat-yamaha-yz-250-2023-de","132":"product_cat-yamaha-yz-250-2024-de","133":"product_cat-yamaha-yz-250-2025-de","134":"product_cat-yamaha-yz-250-2026-de","135":"product_cat-yamaha-yzf-250-de","136":"product_cat-yamaha-yzf-250-2005-de","137":"product_cat-yamaha-yzf-250-2006-de","138":"product_cat-yamaha-yzf-250-2007-de","139":"product_cat-yamaha-yzf-250-2008-de","140":"product_cat-yamaha-yzf-250-2009-de","141":"product_cat-yamaha-yzf-250-2010-de","142":"product_cat-yamaha-yzf-250-2011-de","143":"product_cat-yamaha-yzf-250-2012-de","144":"product_cat-yamaha-yzf-250-2013-de","145":"product_cat-yamaha-yzf-450-de","146":"product_cat-yamaha-yzf-450-2004-de","147":"product_cat-yamaha-yzf-450-2005-de","148":"product_cat-yamaha-yzf-450-2006-de","149":"product_cat-yamaha-yzf-450-2007-de","150":"product_cat-yamaha-yzf-450-2008-de","151":"product_cat-yamaha-yzf-450-2009-de","153":"first","154":"instock","155":"taxable","156":"shipping-taxable","157":"product-type-variable"},"_links":{"self":[{"href":"https:\/\/mx-springs.com\/de\/wp-json\/wp\/v2\/product\/28625","targetHints":{"allow":["GET"]}}],"collection":[{"href":"https:\/\/mx-springs.com\/de\/wp-json\/wp\/v2\/product"}],"about":[{"href":"https:\/\/mx-springs.com\/de\/wp-json\/wp\/v2\/types\/product"}],"wp:featuredmedia":[{"embeddable":true,"href":"https:\/\/mx-springs.com\/de\/wp-json\/wp\/v2\/media\/21881"}],"wp:attachment":[{"href":"https:\/\/mx-springs.com\/de\/wp-json\/wp\/v2\/media?parent=28625"}],"wp:term":[{"taxonomy":"product_brand","embeddable":true,"href":"https:\/\/mx-springs.com\/de\/wp-json\/wp\/v2\/product_brand?post=28625"},{"taxonomy":"product_cat","embeddable":true,"href":"https:\/\/mx-springs.com\/de\/wp-json\/wp\/v2\/product_cat?post=28625"},{"taxonomy":"product_tag","embeddable":true,"href":"https:\/\/mx-springs.com\/de\/wp-json\/wp\/v2\/product_tag?post=28625"}],"curies":[{"name":"wp","href":"https:\/\/api.w.org\/{rel}","templated":true}]}}