{"id":28603,"date":"2026-03-11T15:03:34","date_gmt":"2026-03-11T15:03:34","guid":{"rendered":"https:\/\/staging.mx-springs.com\/producten\/stosdampferfeder-mx-59-225\/"},"modified":"2026-03-11T19:08:33","modified_gmt":"2026-03-11T19:08:33","slug":"stosdampferfeder-mx-59-225","status":"publish","type":"product","link":"https:\/\/mx-springs.com\/de\/produkt\/stosdampferfeder-mx-59-225\/","title":{"rendered":"Sto\u00dfd\u00e4mpferfeder MX 59-225"},"content":{"rendered":"<div class=\"mx-desc\">\n<div class=\"mx-desc__block\">\n<div class=\"mx-desc__title\">Geeignet f\u00fcr<\/div>\n<div class=\"mx-desc__box\">\n<div class=\"mx-desc__row\">\n<div class=\"mx-desc__label\">KTM<\/div>\n<div class=\"mx-desc__value\">\n    EXC 150 (2020\u20132025)<br \/>EXC 150 SIX DAYS (2024)<br \/>EXC 250 (2017\u20132025)<br \/>EXC 250 SIX DAYS (2017\u20132025)<br \/>EXC 300 (2017\u20132026)<br \/>EXC 300 SIX DAYS (2017\u20132026)<br \/>EXC-F 250 (2017\u20132025)<br \/>EXC-F 250 SIX DAYS (2017\u20132025)<br \/>EXC-F 350 (2017\u20132026)<br \/>EXC-F 350 SIX DAYS (2017\u20132026)<br \/>EXC-F 450 (2017\u20132026)<br \/>EXC-F 450 SIX DAYS (2017\u20132026)<br \/>EXC-F 500 (2017\u20132026)<br \/>EXC-F 500 SIX DAYS (2017\u20132026)\n  <\/div>\n<\/div><\/div>\n<\/p><\/div>\n<div class=\"mx-desc__block\">\n<div class=\"mx-desc__title\">Spezifikationen<\/div>\n<div class=\"mx-desc__box\">\n<div class=\"mx-desc__row\">\n<div class=\"mx-desc__label\">Innendurchmesser<\/div>\n<div class=\"mx-desc__value\">59 mm<\/div>\n<\/div>\n<div class=\"mx-desc__row\">\n<div class=\"mx-desc__label\">L\u00e4nge<\/div>\n<div class=\"mx-desc__value\">225 mm<\/div>\n<\/div>\n<div class=\"mx-desc__row\">\n<div class=\"mx-desc__label\">Federraten<\/div>\n<div class=\"mx-desc__value mx-desc__springs\">\n    57.0 N\/mm \u00b7 60.0 N\/mm \u00b7 63.0 N\/mm \u00b7 66.0 N\/mm \u00b7 69.0 N\/mm \u00b7 72.0 N\/mm \u00b7 75.0 N\/mm \u00b7 78,0 N\/mm \u00b7 81.0 N\/mm \u00b7 84.0 N\/mm \u00b7 88.0 N\/mm \u00b7 92.0 N\/mm<\/p>\n<div class=\"mx-desc__note\">\n      Die richtige Federrate h\u00e4ngt von Fahrergewicht, Fahrstil und Einsatzzweck ab. Im Zweifel kontaktieren Sie MX-Springs.\n    <\/div>\n<\/p><\/div>\n<\/div><\/div>\n<\/p><\/div>\n<\/div>\n","protected":false},"excerpt":{"rendered":"<p>Sto\u00dfd\u00e4mpferfeder geeignet f\u00fcr verschiedene KTM Modelle der angegebenen Baujahre. <a href=\"#tab-description\">Vollst\u00e4ndige Spezifikationen ansehen<\/a>.<\/p>\n","protected":false},"featured_media":21881,"template":"","meta":[],"product_brand":[],"product_cat":[32727,33573,33579,33585,33591,33597,33603,43402,43744,32739,33687,33693,33699,33705,33711,33717,33723,33729,33735,32745,40497,43422,43427,43432,43437,43442,43447,43452,43457,32751,33819,33825,33831,33837,33843,33849,33855,33861,33867,33873,32757,40575,43462,43467,43472,43477,43482,43487,43492,43497,43502,32787,33945,33951,33957,33963,33969,33975,33981,33987,33993,32793,43507,43512,43517,43522,43527,43532,43537,43542,43547,32799,34101,34107,34113,34119,34125,34131,34137,34143,34149,34155,32805,43552,43557,43562,43567,43572,43577,43582,43587,43592,43597,32817,34215,34221,34227,34233,34239,34245,34251,34257,34263,34269,32823,43622,43627,43632,43637,43642,43647,43652,43657,43662,43667,32829,34305,34311,34317,34323,34329,34335,34341,34347,34353,34359,32835,43677,43682,43687,43692,43697,43702,43707,43712,43717,43722,32559],"product_tag":[],"class_list":{"0":"post-28603","1":"product","2":"type-product","3":"status-publish","4":"has-post-thumbnail","6":"product_cat-ktm-exc-150-de","7":"product_cat-ktm-exc-150-2020-de","8":"product_cat-ktm-exc-150-2021-de","9":"product_cat-ktm-exc-150-2022-de","10":"product_cat-ktm-exc-150-2023-de","11":"product_cat-ktm-exc-150-2024-de","12":"product_cat-ktm-exc-150-2025-de","13":"product_cat-exc-150-six-days-de","14":"product_cat-exc-150-six-days-2024-de","15":"product_cat-ktm-exc-250-de","16":"product_cat-ktm-exc-250-2017-de","17":"product_cat-ktm-exc-250-2018-de","18":"product_cat-ktm-exc-250-2019-de","19":"product_cat-ktm-exc-250-2020-de","20":"product_cat-ktm-exc-250-2021-de","21":"product_cat-ktm-exc-250-2022-de","22":"product_cat-ktm-exc-250-2023-de","23":"product_cat-ktm-exc-250-2024-de","24":"product_cat-ktm-exc-250-2025-de","25":"product_cat-ktm-exc-250-six-days-de","26":"product_cat-ktm-exc-250-six-days-2017-de","27":"product_cat-exc-250-six-days-2018-de","28":"product_cat-exc-250-six-days-2019-de","29":"product_cat-exc-250-six-days-2020-de","30":"product_cat-exc-250-six-days-2021-de","31":"product_cat-exc-250-six-days-2022-de","32":"product_cat-exc-250-six-days-2023-de","33":"product_cat-exc-250-six-days-2024-de","34":"product_cat-exc-250-six-days-2025-de","35":"product_cat-ktm-exc-300-de","36":"product_cat-ktm-exc-300-2017-de","37":"product_cat-ktm-exc-300-2018-de","38":"product_cat-ktm-exc-300-2019-de","39":"product_cat-ktm-exc-300-2020-de","40":"product_cat-ktm-exc-300-2021-de","41":"product_cat-ktm-exc-300-2022-de","42":"product_cat-ktm-exc-300-2023-de","43":"product_cat-ktm-exc-300-2024-de","44":"product_cat-ktm-exc-300-2025-de","45":"product_cat-ktm-exc-300-2026-de","46":"product_cat-ktm-exc-300-six-days-de","47":"product_cat-ktm-exc-300-six-days-2017-de","48":"product_cat-exc-300-six-days-2018-de","49":"product_cat-exc-300-six-days-2019-de","50":"product_cat-exc-300-six-days-2020-de","51":"product_cat-exc-300-six-days-2021-de","52":"product_cat-exc-300-six-days-2022-de","53":"product_cat-exc-300-six-days-2023-de","54":"product_cat-exc-300-six-days-2024-de","55":"product_cat-exc-300-six-days-2025-de","56":"product_cat-exc-300-six-days-2026-de","57":"product_cat-ktm-exc-f-250-de","58":"product_cat-ktm-exc-f-250-2017-de","59":"product_cat-ktm-exc-f-250-2018-de","60":"product_cat-ktm-exc-f-250-2019-de","61":"product_cat-ktm-exc-f-250-2020-de","62":"product_cat-ktm-exc-f-250-2021-de","63":"product_cat-ktm-exc-f-250-2022-de","64":"product_cat-ktm-exc-f-250-2023-de","65":"product_cat-ktm-exc-f-250-2024-de","66":"product_cat-ktm-exc-f-250-2025-de","67":"product_cat-ktm-exc-f-250-six-days-de","68":"product_cat-exc-f-250-six-days-2017-de","69":"product_cat-exc-f-250-six-days-2018-de","70":"product_cat-exc-f-250-six-days-2019-de","71":"product_cat-exc-f-250-six-days-2020-de","72":"product_cat-exc-f-250-six-days-2021-de","73":"product_cat-exc-f-250-six-days-2022-de","74":"product_cat-exc-f-250-six-days-2023-de","75":"product_cat-exc-f-250-six-days-2024-de","76":"product_cat-exc-f-250-six-days-2025-de","77":"product_cat-ktm-exc-f-350-de","78":"product_cat-ktm-exc-f-350-2017-de","79":"product_cat-ktm-exc-f-350-2018-de","80":"product_cat-ktm-exc-f-350-2019-de","81":"product_cat-ktm-exc-f-350-2020-de","82":"product_cat-ktm-exc-f-350-2021-de","83":"product_cat-ktm-exc-f-350-2022-de","84":"product_cat-ktm-exc-f-350-2023-de","85":"product_cat-ktm-exc-f-350-2024-de","86":"product_cat-ktm-exc-f-350-2025-de","87":"product_cat-ktm-exc-f-350-2026-de","88":"product_cat-ktm-exc-f-350-six-days-de","89":"product_cat-exc-f-350-six-days-2017-de","90":"product_cat-exc-f-350-six-days-2018-de","91":"product_cat-exc-f-350-six-days-2019-de","92":"product_cat-exc-f-350-six-days-2020-de","93":"product_cat-exc-f-350-six-days-2021-de","94":"product_cat-exc-f-350-six-days-2022-de","95":"product_cat-exc-f-350-six-days-2023-de","96":"product_cat-exc-f-350-six-days-2024-de","97":"product_cat-exc-f-350-six-days-2025-de","98":"product_cat-exc-f-350-six-days-2026-de","99":"product_cat-ktm-exc-f-450-de","100":"product_cat-ktm-exc-f-450-2017-de","101":"product_cat-ktm-exc-f-450-2018-de","102":"product_cat-ktm-exc-f-450-2019-de","103":"product_cat-ktm-exc-f-450-2020-de","104":"product_cat-ktm-exc-f-450-2021-de","105":"product_cat-ktm-exc-f-450-2022-de","106":"product_cat-ktm-exc-f-450-2023-de","107":"product_cat-ktm-exc-f-450-2024-de","108":"product_cat-ktm-exc-f-450-2025-de","109":"product_cat-ktm-exc-f-450-2026-de","110":"product_cat-ktm-exc-f-450-six-days-de","111":"product_cat-exc-f-450-six-days-2017-de","112":"product_cat-exc-f-450-six-days-2018-de","113":"product_cat-exc-f-450-six-days-2019-de","114":"product_cat-exc-f-450-six-days-2020-de","115":"product_cat-exc-f-450-six-days-2021-de","116":"product_cat-exc-f-450-six-days-2022-de","117":"product_cat-exc-f-450-six-days-2023-de","118":"product_cat-exc-f-450-six-days-2024-de","119":"product_cat-exc-f-450-six-days-2025-de","120":"product_cat-exc-f-450-six-days-2026-de","121":"product_cat-ktm-exc-f-500-de","122":"product_cat-ktm-exc-f-500-2017-de","123":"product_cat-ktm-exc-f-500-2018-de","124":"product_cat-ktm-exc-f-500-2019-de","125":"product_cat-ktm-exc-f-500-2020-de","126":"product_cat-ktm-exc-f-500-2021-de","127":"product_cat-ktm-exc-f-500-2022-de","128":"product_cat-ktm-exc-f-500-2023-de","129":"product_cat-ktm-exc-f-500-2024-de","130":"product_cat-ktm-exc-f-500-2025-de","131":"product_cat-ktm-exc-f-500-2026-de","132":"product_cat-ktm-exc-f-500-six-days-de","133":"product_cat-exc-f-500-six-days-2017-de","134":"product_cat-exc-f-500-six-days-2018-de","135":"product_cat-exc-f-500-six-days-2019-de","136":"product_cat-exc-f-500-six-days-2020-de","137":"product_cat-exc-f-500-six-days-2021-de","138":"product_cat-exc-f-500-six-days-2022-de","139":"product_cat-exc-f-500-six-days-2023-de","140":"product_cat-exc-f-500-six-days-2024-de","141":"product_cat-exc-f-500-six-days-2025-de","142":"product_cat-exc-f-500-six-days-2026-de","143":"product_cat-ktm-de","145":"first","146":"instock","147":"taxable","148":"shipping-taxable","149":"product-type-variable"},"_links":{"self":[{"href":"https:\/\/mx-springs.com\/de\/wp-json\/wp\/v2\/product\/28603","targetHints":{"allow":["GET"]}}],"collection":[{"href":"https:\/\/mx-springs.com\/de\/wp-json\/wp\/v2\/product"}],"about":[{"href":"https:\/\/mx-springs.com\/de\/wp-json\/wp\/v2\/types\/product"}],"wp:featuredmedia":[{"embeddable":true,"href":"https:\/\/mx-springs.com\/de\/wp-json\/wp\/v2\/media\/21881"}],"wp:attachment":[{"href":"https:\/\/mx-springs.com\/de\/wp-json\/wp\/v2\/media?parent=28603"}],"wp:term":[{"taxonomy":"product_brand","embeddable":true,"href":"https:\/\/mx-springs.com\/de\/wp-json\/wp\/v2\/product_brand?post=28603"},{"taxonomy":"product_cat","embeddable":true,"href":"https:\/\/mx-springs.com\/de\/wp-json\/wp\/v2\/product_cat?post=28603"},{"taxonomy":"product_tag","embeddable":true,"href":"https:\/\/mx-springs.com\/de\/wp-json\/wp\/v2\/product_tag?post=28603"}],"curies":[{"name":"wp","href":"https:\/\/api.w.org\/{rel}","templated":true}]}}