{"id":28595,"date":"2026-03-11T15:02:11","date_gmt":"2026-03-11T15:02:11","guid":{"rendered":"https:\/\/staging.mx-springs.com\/producten\/stosdampferfeder-mx-59-220\/"},"modified":"2026-03-11T19:04:17","modified_gmt":"2026-03-11T19:04:17","slug":"stosdampferfeder-mx-59-220","status":"publish","type":"product","link":"https:\/\/mx-springs.com\/de\/produkt\/stosdampferfeder-mx-59-220\/","title":{"rendered":"Sto\u00dfd\u00e4mpferfeder MX 59-220"},"content":{"rendered":"<div class=\"mx-desc\">\n<div class=\"mx-desc__block\">\n<div class=\"mx-desc__title\">Geeignet f\u00fcr<\/div>\n<div class=\"mx-desc__box\">\n<div class=\"mx-desc__row\">\n<div class=\"mx-desc__label\">GASGAS<\/div>\n<div class=\"mx-desc__value\">\n    MC 85 (2021\u20132026)\n  <\/div>\n<\/div>\n<div class=\"mx-desc__row\">\n<div class=\"mx-desc__label\">Husqvarna<\/div>\n<div class=\"mx-desc__value\">\n    TC 85 (2014\u20132026)\n  <\/div>\n<\/div>\n<div class=\"mx-desc__row\">\n<div class=\"mx-desc__label\">KTM<\/div>\n<div class=\"mx-desc__value\">\n    SX 105 (2008\u20132026)<br \/>SX 85 (2004\u20132026)\n  <\/div>\n<\/div><\/div>\n<\/p><\/div>\n<div class=\"mx-desc__block\">\n<div class=\"mx-desc__title\">Spezifikationen<\/div>\n<div class=\"mx-desc__box\">\n<div class=\"mx-desc__row\">\n<div class=\"mx-desc__label\">Innendurchmesser<\/div>\n<div class=\"mx-desc__value\">59 mm<\/div>\n<\/div>\n<div class=\"mx-desc__row\">\n<div class=\"mx-desc__label\">L\u00e4nge<\/div>\n<div class=\"mx-desc__value\">220 mm<\/div>\n<\/div>\n<div class=\"mx-desc__row\">\n<div class=\"mx-desc__label\">Federraten<\/div>\n<div class=\"mx-desc__value mx-desc__springs\">\n    30.0 N\/mm \u00b7 35.0 N\/mm \u00b7 40.0 N\/mm \u00b7 45.0 N\/mm \u00b7 50.0 N\/mm \u00b7 55.0 N\/mm \u00b7 60.0 N\/mm<\/p>\n<div class=\"mx-desc__note\">\n      Die richtige Federrate h\u00e4ngt von Fahrergewicht, Fahrstil und Einsatzzweck ab. Im Zweifel kontaktieren Sie MX-Springs.\n    <\/div>\n<\/p><\/div>\n<\/div><\/div>\n<\/p><\/div>\n<\/div>\n","protected":false},"excerpt":{"rendered":"<p>Sto\u00dfd\u00e4mpferfeder geeignet f\u00fcr verschiedene GASGAS, Husqvarna und KTM Modelle der angegebenen Baujahre. <a href=\"#tab-description\">Vollst\u00e4ndige Spezifikationen ansehen<\/a>.<\/p>\n","protected":false},"featured_media":21881,"template":"","meta":[],"product_brand":[],"product_cat":[32529,32547,32559,32673,33207,33213,33219,33225,33231,33237,32889,33357,33363,33369,33375,33381,33387,33393,33399,33405,33411,33417,33423,33429,33435,33441,33447,33453,33459,33465,33471,33477,33483,33489,32847,33243,33249,33255,33261,33267,33273,33279,33285,33291,33297,33303,33309,33315,33321,33327,33333,33339,33345,33351,33135,33495,33501,33507,33513,33519,33525,33531,33537,33543,33549,33555,33561,33567],"product_tag":[],"class_list":{"0":"post-28595","1":"product","2":"type-product","3":"status-publish","4":"has-post-thumbnail","6":"product_cat-gasgas-de","7":"product_cat-husqvarna-de","8":"product_cat-ktm-de","9":"product_cat-gasgas-mc-85-de","10":"product_cat-gasgas-mc-85-2021-de","11":"product_cat-gasgas-mc-85-2022-de","12":"product_cat-gasgas-mc-85-2023-de","13":"product_cat-gasgas-mc-85-2024-de","14":"product_cat-gasgas-mc-85-2025-de","15":"product_cat-gasgas-mc-85-2026-de","16":"product_cat-ktm-sx-85-de","17":"product_cat-ktm-sx-85-2004-de","18":"product_cat-ktm-sx-85-2005-de","19":"product_cat-ktm-sx-85-2006-de","20":"product_cat-ktm-sx-85-2007-de","21":"product_cat-ktm-sx-85-2008-de","22":"product_cat-ktm-sx-85-2009-de","23":"product_cat-ktm-sx-85-2010-de","24":"product_cat-ktm-sx-85-2011-de","25":"product_cat-ktm-sx-85-2012-de","26":"product_cat-ktm-sx-85-2013-de","27":"product_cat-ktm-sx-85-2014-de","28":"product_cat-ktm-sx-85-2015-de","29":"product_cat-ktm-sx-85-2016-de","30":"product_cat-ktm-sx-85-2017-de","31":"product_cat-ktm-sx-85-2018-de","32":"product_cat-ktm-sx-85-2019-de","33":"product_cat-ktm-sx-85-2020-de","34":"product_cat-ktm-sx-85-2021-de","35":"product_cat-ktm-sx-85-2022-de","36":"product_cat-ktm-sx-85-2023-de","37":"product_cat-ktm-sx-85-2024-de","38":"product_cat-ktm-sx-85-2025-de","39":"product_cat-ktm-sx-85-2026-de","40":"product_cat-ktm-sx-105-de","41":"product_cat-ktm-sx-105-2008-de","42":"product_cat-ktm-sx-105-2009-de","43":"product_cat-ktm-sx-105-2010-de","44":"product_cat-ktm-sx-105-2011-de","45":"product_cat-ktm-sx-105-2012-de","46":"product_cat-ktm-sx-105-2013-de","47":"product_cat-ktm-sx-105-2014-de","48":"product_cat-ktm-sx-105-2015-de","49":"product_cat-ktm-sx-105-2016-de","50":"product_cat-ktm-sx-105-2017-de","51":"product_cat-ktm-sx-105-2018-de","52":"product_cat-ktm-sx-105-2019-de","53":"product_cat-ktm-sx-105-2020-de","54":"product_cat-ktm-sx-105-2021-de","55":"product_cat-ktm-sx-105-2022-de","56":"product_cat-ktm-sx-105-2023-de","57":"product_cat-ktm-sx-105-2024-de","58":"product_cat-ktm-sx-105-2025-de","59":"product_cat-ktm-sx-105-2026-de","60":"product_cat-husqvarna-tc-85-de","61":"product_cat-husqvarna-tc-85-2014-de","62":"product_cat-husqvarna-tc-85-2015-de","63":"product_cat-husqvarna-tc-85-2016-de","64":"product_cat-husqvarna-tc-85-2017-de","65":"product_cat-husqvarna-tc-85-2018-de","66":"product_cat-husqvarna-tc-85-2019-de","67":"product_cat-husqvarna-tc-85-2020-de","68":"product_cat-husqvarna-tc-85-2021-de","69":"product_cat-husqvarna-tc-85-2022-de","70":"product_cat-husqvarna-tc-85-2023-de","71":"product_cat-husqvarna-tc-85-2024-de","72":"product_cat-husqvarna-tc-85-2025-de","73":"product_cat-husqvarna-tc-85-2026-de","75":"first","76":"instock","77":"taxable","78":"shipping-taxable","79":"product-type-variable"},"_links":{"self":[{"href":"https:\/\/mx-springs.com\/de\/wp-json\/wp\/v2\/product\/28595","targetHints":{"allow":["GET"]}}],"collection":[{"href":"https:\/\/mx-springs.com\/de\/wp-json\/wp\/v2\/product"}],"about":[{"href":"https:\/\/mx-springs.com\/de\/wp-json\/wp\/v2\/types\/product"}],"wp:featuredmedia":[{"embeddable":true,"href":"https:\/\/mx-springs.com\/de\/wp-json\/wp\/v2\/media\/21881"}],"wp:attachment":[{"href":"https:\/\/mx-springs.com\/de\/wp-json\/wp\/v2\/media?parent=28595"}],"wp:term":[{"taxonomy":"product_brand","embeddable":true,"href":"https:\/\/mx-springs.com\/de\/wp-json\/wp\/v2\/product_brand?post=28595"},{"taxonomy":"product_cat","embeddable":true,"href":"https:\/\/mx-springs.com\/de\/wp-json\/wp\/v2\/product_cat?post=28595"},{"taxonomy":"product_tag","embeddable":true,"href":"https:\/\/mx-springs.com\/de\/wp-json\/wp\/v2\/product_tag?post=28595"}],"curies":[{"name":"wp","href":"https:\/\/api.w.org\/{rel}","templated":true}]}}