{"id":28588,"date":"2026-03-11T14:55:16","date_gmt":"2026-03-11T14:55:16","guid":{"rendered":"https:\/\/staging.mx-springs.com\/producten\/stosdampferfeder-mx-55-220\/"},"modified":"2026-03-11T19:02:53","modified_gmt":"2026-03-11T19:02:53","slug":"stosdampferfeder-mx-55-220","status":"publish","type":"product","link":"https:\/\/mx-springs.com\/de\/produkt\/stosdampferfeder-mx-55-220\/","title":{"rendered":"Sto\u00dfd\u00e4mpferfeder MX 55-220"},"content":{"rendered":"<div class=\"mx-desc\">\n<div class=\"mx-desc__block\">\n<div class=\"mx-desc__title\">Geeignet f\u00fcr<\/div>\n<div class=\"mx-desc__box\">\n<div class=\"mx-desc__row\">\n<div class=\"mx-desc__label\">Yamaha<\/div>\n<div class=\"mx-desc__value\">\n    YZ 85 (2000\u20132026)\n  <\/div>\n<\/div><\/div>\n<\/p><\/div>\n<div class=\"mx-desc__block\">\n<div class=\"mx-desc__title\">Spezifikationen<\/div>\n<div class=\"mx-desc__box\">\n<div class=\"mx-desc__row\">\n<div class=\"mx-desc__label\">Innendurchmesser<\/div>\n<div class=\"mx-desc__value\">55 mm<\/div>\n<\/div>\n<div class=\"mx-desc__row\">\n<div class=\"mx-desc__label\">L\u00e4nge<\/div>\n<div class=\"mx-desc__value\">220 mm<\/div>\n<\/div>\n<div class=\"mx-desc__row\">\n<div class=\"mx-desc__label\">Federraten<\/div>\n<div class=\"mx-desc__value mx-desc__springs\">\n    35.0 N\/mm \u00b7 40.0 N\/mm \u00b7 42,5 N\/mm \u00b7 45.0 N\/mm \u00b7 50.0 N\/mm \u00b7 55.0 N\/mm<\/p>\n<div class=\"mx-desc__note\">\n      Die richtige Federrate h\u00e4ngt von Fahrergewicht, Fahrstil und Einsatzzweck ab. Im Zweifel kontaktieren Sie MX-Springs.\n    <\/div>\n<\/p><\/div>\n<\/div><\/div>\n<\/p><\/div>\n<\/div>\n","protected":false},"excerpt":{"rendered":"<p>Sto\u00dfd\u00e4mpferfeder geeignet f\u00fcr verschiedene Yamaha Modelle der angegebenen Baujahre. <a href=\"#tab-description\">Vollst\u00e4ndige Spezifikationen ansehen<\/a>.<\/p>\n","protected":false},"featured_media":21881,"template":"","meta":[],"product_brand":[],"product_cat":[32601,38943,39435,39441,39447,39453,39459,39465,39471,39477,39483,39489,39495,39501,39507,39513,39519,39525,39531,39537,39543,39549,39555,39561,39567,39573,39579,39585,39591],"product_tag":[],"class_list":{"0":"post-28588","1":"product","2":"type-product","3":"status-publish","4":"has-post-thumbnail","6":"product_cat-yamaha-de","7":"product_cat-yamaha-yz-85-de","8":"product_cat-yamaha-yz-85-2000-de","9":"product_cat-yamaha-yz-85-2001-de","10":"product_cat-yamaha-yz-85-2002-de","11":"product_cat-yamaha-yz-85-2003-de","12":"product_cat-yamaha-yz-85-2004-de","13":"product_cat-yamaha-yz-85-2005-de","14":"product_cat-yamaha-yz-85-2006-de","15":"product_cat-yamaha-yz-85-2007-de","16":"product_cat-yamaha-yz-85-2008-de","17":"product_cat-yamaha-yz-85-2009-de","18":"product_cat-yamaha-yz-85-2010-de","19":"product_cat-yamaha-yz-85-2011-de","20":"product_cat-yamaha-yz-85-2012-de","21":"product_cat-yamaha-yz-85-2013-de","22":"product_cat-yamaha-yz-85-2014-de","23":"product_cat-yamaha-yz-85-2015-de","24":"product_cat-yamaha-yz-85-2016-de","25":"product_cat-yamaha-yz-85-2017-de","26":"product_cat-yamaha-yz-85-2018-de","27":"product_cat-yamaha-yz-85-2019-de","28":"product_cat-yamaha-yz-85-2020-de","29":"product_cat-yamaha-yz-85-2021-de","30":"product_cat-yamaha-yz-85-2022-de","31":"product_cat-yamaha-yz-85-2023-de","32":"product_cat-yamaha-yz-85-2024-de","33":"product_cat-yamaha-yz-85-2025-de","34":"product_cat-yamaha-yz-85-2026-de","36":"first","37":"instock","38":"taxable","39":"shipping-taxable","40":"product-type-variable"},"_links":{"self":[{"href":"https:\/\/mx-springs.com\/de\/wp-json\/wp\/v2\/product\/28588","targetHints":{"allow":["GET"]}}],"collection":[{"href":"https:\/\/mx-springs.com\/de\/wp-json\/wp\/v2\/product"}],"about":[{"href":"https:\/\/mx-springs.com\/de\/wp-json\/wp\/v2\/types\/product"}],"wp:featuredmedia":[{"embeddable":true,"href":"https:\/\/mx-springs.com\/de\/wp-json\/wp\/v2\/media\/21881"}],"wp:attachment":[{"href":"https:\/\/mx-springs.com\/de\/wp-json\/wp\/v2\/media?parent=28588"}],"wp:term":[{"taxonomy":"product_brand","embeddable":true,"href":"https:\/\/mx-springs.com\/de\/wp-json\/wp\/v2\/product_brand?post=28588"},{"taxonomy":"product_cat","embeddable":true,"href":"https:\/\/mx-springs.com\/de\/wp-json\/wp\/v2\/product_cat?post=28588"},{"taxonomy":"product_tag","embeddable":true,"href":"https:\/\/mx-springs.com\/de\/wp-json\/wp\/v2\/product_tag?post=28588"}],"curies":[{"name":"wp","href":"https:\/\/api.w.org\/{rel}","templated":true}]}}