{"id":28582,"date":"2026-03-11T14:55:16","date_gmt":"2026-03-11T14:55:16","guid":{"rendered":"https:\/\/staging.mx-springs.com\/producten\/stosdampferfeder-mx-55-205\/"},"modified":"2026-03-11T19:00:07","modified_gmt":"2026-03-11T19:00:07","slug":"stosdampferfeder-mx-55-205","status":"publish","type":"product","link":"https:\/\/mx-springs.com\/de\/produkt\/stosdampferfeder-mx-55-205\/","title":{"rendered":"Sto\u00dfd\u00e4mpferfeder MX 55-205"},"content":{"rendered":"<div class=\"mx-desc\">\n<div class=\"mx-desc__block\">\n<div class=\"mx-desc__title\">Geeignet f\u00fcr<\/div>\n<div class=\"mx-desc__box\">\n<div class=\"mx-desc__row\">\n<div class=\"mx-desc__label\">Yamaha<\/div>\n<div class=\"mx-desc__value\">\n    YZ 65 (2018\u20132026)\n  <\/div>\n<\/div><\/div>\n<\/p><\/div>\n<div class=\"mx-desc__block\">\n<div class=\"mx-desc__title\">Spezifikationen<\/div>\n<div class=\"mx-desc__box\">\n<div class=\"mx-desc__row\">\n<div class=\"mx-desc__label\">Innendurchmesser<\/div>\n<div class=\"mx-desc__value\">55 mm<\/div>\n<\/div>\n<div class=\"mx-desc__row\">\n<div class=\"mx-desc__label\">L\u00e4nge<\/div>\n<div class=\"mx-desc__value\">205 mm<\/div>\n<\/div>\n<div class=\"mx-desc__row\">\n<div class=\"mx-desc__label\">Federraten<\/div>\n<div class=\"mx-desc__value mx-desc__springs\">\n    30.0 N\/mm \u00b7 35.0 N\/mm \u00b7 40.0 N\/mm \u00b7 45.0 N\/mm \u00b7 50.0 N\/mm<\/p>\n<div class=\"mx-desc__note\">\n      Die richtige Federrate h\u00e4ngt von Fahrergewicht, Fahrstil und Einsatzzweck ab. Im Zweifel kontaktieren Sie MX-Springs.\n    <\/div>\n<\/p><\/div>\n<\/div><\/div>\n<\/p><\/div>\n<\/div>\n","protected":false},"excerpt":{"rendered":"<p>Sto\u00dfd\u00e4mpferfeder geeignet f\u00fcr verschiedene Yamaha Modelle der angegebenen Baujahre. <a href=\"#tab-description\">Vollst\u00e4ndige Spezifikationen ansehen<\/a>.<\/p>\n","protected":false},"featured_media":21881,"template":"","meta":[],"product_brand":[],"product_cat":[32601,38937,39381,39387,39393,39399,39405,39411,39417,39423,39429],"product_tag":[],"class_list":{"0":"post-28582","1":"product","2":"type-product","3":"status-publish","4":"has-post-thumbnail","6":"product_cat-yamaha-de","7":"product_cat-yamaha-yz-65-de","8":"product_cat-yamaha-yz-65-2018-de","9":"product_cat-yamaha-yz-65-2019-de","10":"product_cat-yamaha-yz-65-2020-de","11":"product_cat-yamaha-yz-65-2021-de","12":"product_cat-yamaha-yz-65-2022-de","13":"product_cat-yamaha-yz-65-2023-de","14":"product_cat-yamaha-yz-65-2024-de","15":"product_cat-yamaha-yz-65-2025-de","16":"product_cat-yamaha-yz-65-2026-de","18":"first","19":"instock","20":"taxable","21":"shipping-taxable","22":"product-type-variable"},"_links":{"self":[{"href":"https:\/\/mx-springs.com\/de\/wp-json\/wp\/v2\/product\/28582","targetHints":{"allow":["GET"]}}],"collection":[{"href":"https:\/\/mx-springs.com\/de\/wp-json\/wp\/v2\/product"}],"about":[{"href":"https:\/\/mx-springs.com\/de\/wp-json\/wp\/v2\/types\/product"}],"wp:featuredmedia":[{"embeddable":true,"href":"https:\/\/mx-springs.com\/de\/wp-json\/wp\/v2\/media\/21881"}],"wp:attachment":[{"href":"https:\/\/mx-springs.com\/de\/wp-json\/wp\/v2\/media?parent=28582"}],"wp:term":[{"taxonomy":"product_brand","embeddable":true,"href":"https:\/\/mx-springs.com\/de\/wp-json\/wp\/v2\/product_brand?post=28582"},{"taxonomy":"product_cat","embeddable":true,"href":"https:\/\/mx-springs.com\/de\/wp-json\/wp\/v2\/product_cat?post=28582"},{"taxonomy":"product_tag","embeddable":true,"href":"https:\/\/mx-springs.com\/de\/wp-json\/wp\/v2\/product_tag?post=28582"}],"curies":[{"name":"wp","href":"https:\/\/api.w.org\/{rel}","templated":true}]}}