{"id":28577,"date":"2026-03-11T14:55:16","date_gmt":"2026-03-11T14:55:16","guid":{"rendered":"https:\/\/staging.mx-springs.com\/producten\/stosdampferfeder-mx-47-210\/"},"modified":"2026-03-11T18:58:45","modified_gmt":"2026-03-11T18:58:45","slug":"stosdampferfeder-mx-47-210","status":"publish","type":"product","link":"https:\/\/mx-springs.com\/de\/produkt\/stosdampferfeder-mx-47-210\/","title":{"rendered":"Sto\u00dfd\u00e4mpferfeder MX 47-210"},"content":{"rendered":"<div class=\"mx-desc\">\n<div class=\"mx-desc__block\">\n<div class=\"mx-desc__title\">Geeignet f\u00fcr<\/div>\n<div class=\"mx-desc__box\">\n<div class=\"mx-desc__row\">\n<div class=\"mx-desc__label\">GASGAS<\/div>\n<div class=\"mx-desc__value\">\n    MC 65 (2021\u20132023)\n  <\/div>\n<\/div>\n<div class=\"mx-desc__row\">\n<div class=\"mx-desc__label\">Husqvarna<\/div>\n<div class=\"mx-desc__value\">\n    TC 65 (2021\u20132023)\n  <\/div>\n<\/div>\n<div class=\"mx-desc__row\">\n<div class=\"mx-desc__label\">KTM<\/div>\n<div class=\"mx-desc__value\">\n    SX 65 (2002\u20132023)\n  <\/div>\n<\/div><\/div>\n<\/p><\/div>\n<div class=\"mx-desc__block\">\n<div class=\"mx-desc__title\">Spezifikationen<\/div>\n<div class=\"mx-desc__box\">\n<div class=\"mx-desc__row\">\n<div class=\"mx-desc__label\">Innendurchmesser<\/div>\n<div class=\"mx-desc__value\">47 mm<\/div>\n<\/div>\n<div class=\"mx-desc__row\">\n<div class=\"mx-desc__label\">L\u00e4nge<\/div>\n<div class=\"mx-desc__value\">210 mm<\/div>\n<\/div>\n<div class=\"mx-desc__row\">\n<div class=\"mx-desc__label\">Federraten<\/div>\n<div class=\"mx-desc__value mx-desc__springs\">\n    30.0 N\/mm \u00b7 35.0 N\/mm \u00b7 40.0 N\/mm \u00b7 45.0 N\/mm \u00b7 50.0 N\/mm<\/p>\n<div class=\"mx-desc__note\">\n      Die richtige Federrate h\u00e4ngt von Fahrergewicht, Fahrstil und Einsatzzweck ab. Im Zweifel kontaktieren Sie MX-Springs.\n    <\/div>\n<\/p><\/div>\n<\/div><\/div>\n<\/p><\/div>\n<\/div>\n","protected":false},"excerpt":{"rendered":"<p>Sto\u00dfd\u00e4mpferfeder geeignet f\u00fcr verschiedene GASGAS, Husqvarna und KTM Modelle der angegebenen Baujahre. <a href=\"#tab-description\">Vollst\u00e4ndige Spezifikationen ansehen<\/a>.<\/p>\n","protected":false},"featured_media":21881,"template":"","meta":[],"product_brand":[],"product_cat":[32529,32547,32559,32667,32679,32685,32691,32883,32925,32931,32937,32943,32949,32955,32961,32967,32973,32979,32985,32991,32997,33003,33009,33015,33021,33027,33033,33039,33045,33051,33129,33189,33195,33201],"product_tag":[],"class_list":{"0":"post-28577","1":"product","2":"type-product","3":"status-publish","4":"has-post-thumbnail","6":"product_cat-gasgas-de","7":"product_cat-husqvarna-de","8":"product_cat-ktm-de","9":"product_cat-gasgas-mc-65-de","10":"product_cat-gasgas-mc-65-2021-de","11":"product_cat-gasgas-mc-65-2022-de","12":"product_cat-gasgas-mc-65-2023-de","13":"product_cat-ktm-sx-65-de","14":"product_cat-ktm-sx-65-2002-de","15":"product_cat-ktm-sx-65-2003-de","16":"product_cat-ktm-sx-65-2004-de","17":"product_cat-ktm-sx-65-2005-de","18":"product_cat-ktm-sx-65-2006-de","19":"product_cat-ktm-sx-65-2007-de","20":"product_cat-ktm-sx-65-2008-de","21":"product_cat-ktm-sx-65-2009-de","22":"product_cat-ktm-sx-65-2010-de","23":"product_cat-ktm-sx-65-2011-de","24":"product_cat-ktm-sx-65-2012-de","25":"product_cat-ktm-sx-65-2013-de","26":"product_cat-ktm-sx-65-2014-de","27":"product_cat-ktm-sx-65-2015-de","28":"product_cat-ktm-sx-65-2016-de","29":"product_cat-ktm-sx-65-2017-de","30":"product_cat-ktm-sx-65-2018-de","31":"product_cat-ktm-sx-65-2019-de","32":"product_cat-ktm-sx-65-2020-de","33":"product_cat-ktm-sx-65-2021-de","34":"product_cat-ktm-sx-65-2022-de","35":"product_cat-ktm-sx-65-2023-de","36":"product_cat-husqvarna-tc-65-de","37":"product_cat-husqvarna-tc-65-2021-de","38":"product_cat-husqvarna-tc-65-2022-de","39":"product_cat-husqvarna-tc-65-2023-de","41":"first","42":"instock","43":"taxable","44":"shipping-taxable","45":"product-type-variable"},"_links":{"self":[{"href":"https:\/\/mx-springs.com\/de\/wp-json\/wp\/v2\/product\/28577","targetHints":{"allow":["GET"]}}],"collection":[{"href":"https:\/\/mx-springs.com\/de\/wp-json\/wp\/v2\/product"}],"about":[{"href":"https:\/\/mx-springs.com\/de\/wp-json\/wp\/v2\/types\/product"}],"wp:featuredmedia":[{"embeddable":true,"href":"https:\/\/mx-springs.com\/de\/wp-json\/wp\/v2\/media\/21881"}],"wp:attachment":[{"href":"https:\/\/mx-springs.com\/de\/wp-json\/wp\/v2\/media?parent=28577"}],"wp:term":[{"taxonomy":"product_brand","embeddable":true,"href":"https:\/\/mx-springs.com\/de\/wp-json\/wp\/v2\/product_brand?post=28577"},{"taxonomy":"product_cat","embeddable":true,"href":"https:\/\/mx-springs.com\/de\/wp-json\/wp\/v2\/product_cat?post=28577"},{"taxonomy":"product_tag","embeddable":true,"href":"https:\/\/mx-springs.com\/de\/wp-json\/wp\/v2\/product_tag?post=28577"}],"curies":[{"name":"wp","href":"https:\/\/api.w.org\/{rel}","templated":true}]}}