{"id":15795,"date":"2021-11-03T14:30:55","date_gmt":"2021-11-03T14:30:55","guid":{"rendered":"https:\/\/mx-springs.com\/ueber-uns\/"},"modified":"2025-09-03T08:57:11","modified_gmt":"2025-09-03T08:57:11","slug":"ueber-uns","status":"publish","type":"page","link":"https:\/\/mx-springs.com\/de\/ueber-uns\/","title":{"rendered":"\u00dcber uns"},"content":{"rendered":"\t\t<div data-elementor-type=\"wp-page\" data-elementor-id=\"15795\" class=\"elementor elementor-15795 elementor-1130\" data-elementor-post-type=\"page\">\n\t\t\t\t\t\t<section class=\"elementor-section elementor-top-section elementor-element elementor-element-58ab01bc elementor-section-full_width elementor-section-stretched elementor-hidden-mobile elementor-section-height-default elementor-section-height-default qodef-elementor-content-no\" data-id=\"58ab01bc\" data-element_type=\"section\" data-e-type=\"section\" data-settings=\"{&quot;stretch_section&quot;:&quot;section-stretched&quot;,&quot;background_background&quot;:&quot;classic&quot;}\">\n\t\t\t\t\t\t<div class=\"elementor-container elementor-column-gap-default\">\n\t\t\t\t\t<div class=\"elementor-column elementor-col-100 elementor-top-column elementor-element elementor-element-48dbd7fb\" data-id=\"48dbd7fb\" data-element_type=\"column\" data-e-type=\"column\">\n\t\t\t<div class=\"elementor-widget-wrap elementor-element-populated\">\n\t\t\t\t\t\t<div class=\"elementor-element elementor-element-58d582e4 elementor-widget elementor-widget-shiftup_core_image_section_info\" data-id=\"58d582e4\" data-element_type=\"widget\" data-e-type=\"widget\" data-widget_type=\"shiftup_core_image_section_info.default\">\n\t\t\t\t<div class=\"elementor-widget-container\">\n\t\t\t\t\t<div class=\"qodef-shortcode qodef-m  qodef-image-section-info qodef-layout--standard   qodef--left qodef-has-bottom-info qodef--has-appear\">\n\t<div class=\"qodef-m-inner clear\">\n\t\t<div class=\"qodef-m-content\">\n\t\t\t<div class=\"qodef-m-content-inner\" style=\"background-color: #161616A6\">\n\t\t\t\t\t<div class=\"qodef-m-tagline\" style=\"-webkit-text-stroke-color: #EEEEEED6\">MX-SPRINGS<\/div>\n\n\n\t\t\t\t<div class=\"qodef-m-heading\">\n\t\t\t\t\t\t<h2 class=\"qodef-m-title\" style=\"color: #EEEEEE\">Angetrieben durch Leistung. Gebaut f\u00fcr Profis. <\/h2>\n\t\t\t\t<\/div>\n\t\t\t\t\t<div class=\"qodef-m-text\" style=\"color: #FFFFFFCF\">Jede MX-Springs-Feder ist auf maximalen Grip, D\u00e4mpfung und Zuverl\u00e4ssigkeit ausgelegt - exklusiv erh\u00e4ltlich bei autorisierten H\u00e4ndlern.<\/div>\n\n\n\t\t\t\t\t\t\t<\/div>\n\t\t\t<span class=\"qodef-m-square qodef-top\" ><\/span>\n\t\t\t<span class=\"qodef-m-square qodef-bottom\" ><\/span>\n\t\t<\/div>\n\t\t<div class=\"qodef-m-image\">\n\t<img fetchpriority=\"high\" decoding=\"async\" width=\"2560\" height=\"1435\" src=\"https:\/\/mx-springs.com\/wp-content\/uploads\/2025\/05\/dirt-bike-rider-with-his-motorcycle-racing-circuits-adventure-2-scaled.jpg\" class=\"attachment-full size-full\" alt=\"\" srcset=\"https:\/\/mx-springs.com\/wp-content\/uploads\/2025\/05\/dirt-bike-rider-with-his-motorcycle-racing-circuits-adventure-2-scaled.jpg 2560w, https:\/\/mx-springs.com\/wp-content\/uploads\/2025\/05\/dirt-bike-rider-with-his-motorcycle-racing-circuits-adventure-2-300x168.jpg 300w, https:\/\/mx-springs.com\/wp-content\/uploads\/2025\/05\/dirt-bike-rider-with-his-motorcycle-racing-circuits-adventure-2-1024x574.jpg 1024w, https:\/\/mx-springs.com\/wp-content\/uploads\/2025\/05\/dirt-bike-rider-with-his-motorcycle-racing-circuits-adventure-2-768x430.jpg 768w, https:\/\/mx-springs.com\/wp-content\/uploads\/2025\/05\/dirt-bike-rider-with-his-motorcycle-racing-circuits-adventure-2-1536x861.jpg 1536w, https:\/\/mx-springs.com\/wp-content\/uploads\/2025\/05\/dirt-bike-rider-with-his-motorcycle-racing-circuits-adventure-2-2048x1148.jpg 2048w, https:\/\/mx-springs.com\/wp-content\/uploads\/2025\/05\/dirt-bike-rider-with-his-motorcycle-racing-circuits-adventure-2-600x336.jpg 600w\" sizes=\"(max-width: 2560px) 100vw, 2560px\" \/><\/div>\n\t\t\t<div class=\"qodef-m-bottom-info\" >\n\t\t\t\t\t<div class=\"qodef-m-bottom-info-mark\" >MX<\/div>\n\t\t\t\t\t\t\t<h5 class=\"qodef-m-bottom-info-text\" >MX-SPRINGS.COM<\/h5>\n\t\t\t<\/div>\n\t<\/div>\n<\/div>\n\t\t\t\t<\/div>\n\t\t\t\t<\/div>\n\t\t\t\t\t<\/div>\n\t\t<\/div>\n\t\t\t\t\t<\/div>\n\t\t<\/section>\n\t\t\t\t<section class=\"elementor-section elementor-top-section elementor-element elementor-element-303da52 elementor-section-full_width elementor-section-stretched elementor-hidden-desktop elementor-hidden-tablet elementor-section-height-default elementor-section-height-default qodef-elementor-content-no\" data-id=\"303da52\" data-element_type=\"section\" data-e-type=\"section\" data-settings=\"{&quot;stretch_section&quot;:&quot;section-stretched&quot;,&quot;background_background&quot;:&quot;classic&quot;}\">\n\t\t\t\t\t\t<div class=\"elementor-container elementor-column-gap-default\">\n\t\t\t\t\t<div class=\"elementor-column elementor-col-100 elementor-top-column elementor-element elementor-element-283d7f7\" data-id=\"283d7f7\" data-element_type=\"column\" data-e-type=\"column\">\n\t\t\t<div class=\"elementor-widget-wrap elementor-element-populated\">\n\t\t\t\t\t\t<div class=\"elementor-element elementor-element-8a99132 elementor-widget elementor-widget-shiftup_core_image_section_info\" data-id=\"8a99132\" data-element_type=\"widget\" data-e-type=\"widget\" data-widget_type=\"shiftup_core_image_section_info.default\">\n\t\t\t\t<div class=\"elementor-widget-container\">\n\t\t\t\t\t<div class=\"qodef-shortcode qodef-m  qodef-image-section-info qodef-layout--standard   qodef--left qodef-has-bottom-info qodef--has-appear\">\n\t<div class=\"qodef-m-inner clear\">\n\t\t<div class=\"qodef-m-content\">\n\t\t\t<div class=\"qodef-m-content-inner\" style=\"background-color: #161616A6\">\n\t\t\t\t\t<div class=\"qodef-m-tagline\" style=\"-webkit-text-stroke-color: #EEEEEED6\">MX-SPRINGS<\/div>\n\n\n\t\t\t\t<div class=\"qodef-m-heading\">\n\t\t\t\t\t\t<h2 class=\"qodef-m-title\" style=\"color: #EEEEEE\">Angetrieben durch Leistung. Gebaut f\u00fcr Profis. <\/h2>\n\t\t\t\t<\/div>\n\t\t\t\t\t<div class=\"qodef-m-text\" style=\"color: #FFFFFFCF\">Jede MX-Springs-Feder ist auf maximalen Grip, D\u00e4mpfung und Zuverl\u00e4ssigkeit ausgelegt - exklusiv erh\u00e4ltlich bei autorisierten H\u00e4ndlern.<\/div>\n\n\n\t\t\t\t\t\t\t<\/div>\n\t\t\t<span class=\"qodef-m-square qodef-top\" ><\/span>\n\t\t\t<span class=\"qodef-m-square qodef-bottom\" ><\/span>\n\t\t<\/div>\n\t\t<div class=\"qodef-m-image\">\n\t<\/div>\n\t\t\t<div class=\"qodef-m-bottom-info\" >\n\t\t\t\t\t<div class=\"qodef-m-bottom-info-mark\" >MX<\/div>\n\t\t\t\t\t\t\t<h5 class=\"qodef-m-bottom-info-text\" >MX-SPRINGS.COM<\/h5>\n\t\t\t<\/div>\n\t<\/div>\n<\/div>\n\t\t\t\t<\/div>\n\t\t\t\t<\/div>\n\t\t\t\t\t<\/div>\n\t\t<\/div>\n\t\t\t\t\t<\/div>\n\t\t<\/section>\n\t\t\t\t<section class=\"elementor-section elementor-top-section elementor-element elementor-element-2eb193ad elementor-section-full_width qodef-elementor-content-grid elementor-section-height-default elementor-section-height-default\" data-id=\"2eb193ad\" data-element_type=\"section\" data-e-type=\"section\" data-settings=\"{&quot;background_background&quot;:&quot;classic&quot;}\">\n\t\t\t\t\t\t<div class=\"elementor-container elementor-column-gap-default\">\n\t\t\t\t\t<div class=\"elementor-column elementor-col-50 elementor-top-column elementor-element elementor-element-5f8a528\" data-id=\"5f8a528\" data-element_type=\"column\" data-e-type=\"column\">\n\t\t\t<div class=\"elementor-widget-wrap elementor-element-populated\">\n\t\t\t\t\t\t<div class=\"elementor-element elementor-element-7acc83ba elementor-widget elementor-widget-shiftup_core_section_title\" data-id=\"7acc83ba\" data-element_type=\"widget\" data-e-type=\"widget\" data-widget_type=\"shiftup_core_section_title.default\">\n\t\t\t\t<div class=\"elementor-widget-container\">\n\t\t\t\t\t<div class=\"qodef-shortcode qodef-m  qodef-section-title qodef-alignment--left \">\n\t\t<h2 class=\"qodef-m-title\" style=\"color: #EEEEEE\">\n\t\t\t\t\tWas wir tun\t\t\t<\/h2>\n\t<\/div>\n\t\t\t\t<\/div>\n\t\t\t\t<\/div>\n\t\t\t\t\t<\/div>\n\t\t<\/div>\n\t\t\t\t<div class=\"elementor-column elementor-col-50 elementor-top-column elementor-element elementor-element-61b93257\" data-id=\"61b93257\" data-element_type=\"column\" data-e-type=\"column\">\n\t\t\t<div class=\"elementor-widget-wrap elementor-element-populated\">\n\t\t\t\t\t\t<div class=\"elementor-element elementor-element-f9a2f32 elementor-widget elementor-widget-shiftup_core_section_title\" data-id=\"f9a2f32\" data-element_type=\"widget\" data-e-type=\"widget\" data-widget_type=\"shiftup_core_section_title.default\">\n\t\t\t\t<div class=\"elementor-widget-container\">\n\t\t\t\t\t<div class=\"qodef-shortcode qodef-m  qodef-section-title qodef-alignment--left \">\n\t\t<h4 class=\"qodef-m-title\" style=\"color: #EEEEEE\">\n\t\t\t\t\tMaximaler Grip. Perfekte D\u00e4mpfung.   \t\t\t<\/h4>\n\t\t<p class=\"qodef-m-text\" >Wir entwickeln Vorder- und Hinterradfedern, die f\u00fcr intensive Motorsportleistungen ausgelegt sind. Jedes Modell wird auf Haltbarkeit, Kontrolle und Geschwindigkeit getestet und optimiert. <\/p>\n<\/div>\n\t\t\t\t<\/div>\n\t\t\t\t<\/div>\n\t\t\t\t<div class=\"elementor-element elementor-element-5329a7dc elementor-widget elementor-widget-shiftup_core_section_title\" data-id=\"5329a7dc\" data-element_type=\"widget\" data-e-type=\"widget\" data-widget_type=\"shiftup_core_section_title.default\">\n\t\t\t\t<div class=\"elementor-widget-container\">\n\t\t\t\t\t<div class=\"qodef-shortcode qodef-m  qodef-section-title qodef-alignment--left \">\n\t\t<h4 class=\"qodef-m-title\" style=\"color: #EEEEEE\">\n\t\t\t\t\tJeder Fr\u00fchling hat einen Zweck.  \t\t\t<\/h4>\n\t\t<p class=\"qodef-m-text\" >Wir liefern keine Standardprodukte - sondern Federungssysteme, die wirklich einen Unterschied machen. Hergestellt in Zusammenarbeit mit den besten Fahrern und Ingenieuren. <\/p>\n<\/div>\n\t\t\t\t<\/div>\n\t\t\t\t<\/div>\n\t\t\t\t<div class=\"elementor-element elementor-element-57d88311 qodef-custom-spacing elementor-widget elementor-widget-shiftup_core_icon_list_item\" data-id=\"57d88311\" data-element_type=\"widget\" data-e-type=\"widget\" data-widget_type=\"shiftup_core_icon_list_item.default\">\n\t\t\t\t<div class=\"elementor-widget-container\">\n\t\t\t\t\t<div class=\"qodef-icon-list-item qodef-icon--icon-pack\" >\n\t<p class=\"qodef-e-title\" style=\"color: #9A9A9A\">\n\t\t\t\t\t<span class=\"qodef-e-title-inner\">\n\t\t\t\t<span class=\"qodef-shortcode qodef-m  qodef-icon-holder  qodef-layout--normal\"  >\t\t\t<span class=\"qodef-icon-dripicons dripicons-checkmark qodef-icon qodef-e\" style=\"color: #FF4D24;font-size: 20px\" ><\/span>\t<\/span>\t\t\t\t<span class=\"qodef-e-title-text\">Optimiert f\u00fcr den Rennsport<\/span>\n\t\t\t<\/span>\n\t\t\t<\/p>\n<\/div>\n\t\t\t\t<\/div>\n\t\t\t\t<\/div>\n\t\t\t\t<div class=\"elementor-element elementor-element-3f906b74 qodef-custom-spacing elementor-widget elementor-widget-shiftup_core_icon_list_item\" data-id=\"3f906b74\" data-element_type=\"widget\" data-e-type=\"widget\" data-widget_type=\"shiftup_core_icon_list_item.default\">\n\t\t\t\t<div class=\"elementor-widget-container\">\n\t\t\t\t\t<div class=\"qodef-icon-list-item qodef-icon--icon-pack\" >\n\t<p class=\"qodef-e-title\" style=\"color: #9A9A9A\">\n\t\t\t\t\t<span class=\"qodef-e-title-inner\">\n\t\t\t\t<span class=\"qodef-shortcode qodef-m  qodef-icon-holder  qodef-layout--normal\"  >\t\t\t<span class=\"qodef-icon-dripicons dripicons-checkmark qodef-icon qodef-e\" style=\"color: #FF4D24;font-size: 20px\" ><\/span>\t<\/span>\t\t\t\t<span class=\"qodef-e-title-text\">Erh\u00e4ltlich bei autorisierten H\u00e4ndlern<\/span>\n\t\t\t<\/span>\n\t\t\t<\/p>\n<\/div>\n\t\t\t\t<\/div>\n\t\t\t\t<\/div>\n\t\t\t\t\t<\/div>\n\t\t<\/div>\n\t\t\t\t\t<\/div>\n\t\t<\/section>\n\t\t\t\t<section class=\"elementor-section elementor-top-section elementor-element elementor-element-32403cc5 elementor-section-full_width qodef-elementor-content-grid qodef-btt-light elementor-section-height-default elementor-section-height-default\" data-id=\"32403cc5\" data-element_type=\"section\" data-e-type=\"section\" data-settings=\"{&quot;background_background&quot;:&quot;classic&quot;}\">\n\t\t\t\t\t\t<div class=\"elementor-container elementor-column-gap-default\">\n\t\t\t\t\t<div class=\"elementor-column elementor-col-25 elementor-top-column elementor-element elementor-element-78f2899c\" data-id=\"78f2899c\" data-element_type=\"column\" data-e-type=\"column\">\n\t\t\t<div class=\"elementor-widget-wrap elementor-element-populated\">\n\t\t\t\t\t\t<div class=\"elementor-element elementor-element-476c73d1 elementor-widget elementor-widget-shiftup_core_info_section\" data-id=\"476c73d1\" data-element_type=\"widget\" data-e-type=\"widget\" data-widget_type=\"shiftup_core_info_section.default\">\n\t\t\t\t<div class=\"elementor-widget-container\">\n\t\t\t\t\t<div class=\"qodef-shortcode qodef-m  qodef-info-section qodef-layout--background-text  qodef-background-text-pos--top-left\">\n\t<div class=\"qodef-m-background-text\">\n\t\t\t<\/div>\n\t<div class=\"qodef-m-info\">\n\t\t\t<h4 class=\"qodef-m-title\" style=\"color: #FFFFFF\">\n\t\tPure Leistung\t<\/h4>\n\t\t\t<p class=\"qodef-m-text\" style=\"color: #9A9A9A\">Entwickelt f\u00fcr Spitzenleistungen unter extremen MX-Bedingungen - getestet auf h\u00f6chstem Niveau.<\/p>\n\t<\/div>\n<\/div>\n\t\t\t\t<\/div>\n\t\t\t\t<\/div>\n\t\t\t\t\t<\/div>\n\t\t<\/div>\n\t\t\t\t<div class=\"elementor-column elementor-col-25 elementor-top-column elementor-element elementor-element-3f5ddbfc\" data-id=\"3f5ddbfc\" data-element_type=\"column\" data-e-type=\"column\">\n\t\t\t<div class=\"elementor-widget-wrap elementor-element-populated\">\n\t\t\t\t\t\t<div class=\"elementor-element elementor-element-726d74c7 elementor-widget elementor-widget-shiftup_core_info_section\" data-id=\"726d74c7\" data-element_type=\"widget\" data-e-type=\"widget\" data-widget_type=\"shiftup_core_info_section.default\">\n\t\t\t\t<div class=\"elementor-widget-container\">\n\t\t\t\t\t<div class=\"qodef-shortcode qodef-m  qodef-info-section qodef-layout--background-text  qodef-background-text-pos--top-left\">\n\t<div class=\"qodef-m-background-text\">\n\t\t\t<\/div>\n\t<div class=\"qodef-m-info\">\n\t\t\t<h4 class=\"qodef-m-title\" style=\"color: #FFFFFF\">\n\t\tPerfekte Passform\t<\/h4>\n\t\t\t<p class=\"qodef-m-text\" style=\"color: #838383\">Jede Feder passt nahtlos zu Marke, Modell und Baujahr Ihres Dirt Bikes.<\/p>\n\t<\/div>\n<\/div>\n\t\t\t\t<\/div>\n\t\t\t\t<\/div>\n\t\t\t\t\t<\/div>\n\t\t<\/div>\n\t\t\t\t<div class=\"elementor-column elementor-col-25 elementor-top-column elementor-element elementor-element-7358ecc2\" data-id=\"7358ecc2\" data-element_type=\"column\" data-e-type=\"column\">\n\t\t\t<div class=\"elementor-widget-wrap elementor-element-populated\">\n\t\t\t\t\t\t<div class=\"elementor-element elementor-element-514c6baa elementor-widget elementor-widget-shiftup_core_info_section\" data-id=\"514c6baa\" data-element_type=\"widget\" data-e-type=\"widget\" data-widget_type=\"shiftup_core_info_section.default\">\n\t\t\t\t<div class=\"elementor-widget-container\">\n\t\t\t\t\t<div class=\"qodef-shortcode qodef-m  qodef-info-section qodef-layout--background-text  qodef-background-text-pos--top-left\">\n\t<div class=\"qodef-m-background-text\">\n\t\t\t<\/div>\n\t<div class=\"qodef-m-info\">\n\t\t\t<h4 class=\"qodef-m-title\" style=\"color: #FFFFFF\">\n\t\tNur H\u00e4ndler Zugang\t<\/h4>\n\t\t\t<p class=\"qodef-m-text\" style=\"color: #9A9A9A\">Exklusiver Zugang zu Preisen, Lagerbest\u00e4nden und Bestellm\u00f6glichkeiten \u00fcber Ihr H\u00e4ndlerkonto.<\/p>\n\t<\/div>\n<\/div>\n\t\t\t\t<\/div>\n\t\t\t\t<\/div>\n\t\t\t\t\t<\/div>\n\t\t<\/div>\n\t\t\t\t<div class=\"elementor-column elementor-col-25 elementor-top-column elementor-element elementor-element-6af8c8cc\" data-id=\"6af8c8cc\" data-element_type=\"column\" data-e-type=\"column\">\n\t\t\t<div class=\"elementor-widget-wrap elementor-element-populated\">\n\t\t\t\t\t\t<div class=\"elementor-element elementor-element-22de394e elementor-widget elementor-widget-shiftup_core_info_section\" data-id=\"22de394e\" data-element_type=\"widget\" data-e-type=\"widget\" data-widget_type=\"shiftup_core_info_section.default\">\n\t\t\t\t<div class=\"elementor-widget-container\">\n\t\t\t\t\t<div class=\"qodef-shortcode qodef-m  qodef-info-section qodef-layout--background-text  qodef-background-text-pos--top-left\">\n\t<div class=\"qodef-m-background-text\">\n\t\t\t<\/div>\n\t<div class=\"qodef-m-info\">\n\t\t\t<h4 class=\"qodef-m-title\" style=\"color: #FFFFFF\">\n\t\tLeitfaden f\u00fcr eine kluge Wahl\t<\/h4>\n\t\t\t<p class=\"qodef-m-text\" style=\"color: #9A9A9A\">W\u00e4hlen Sie Ihre Marke, Ihr Modell und Ihr Baujahr und finden Sie sofort die richtige Vorder- und Hinterradfeder.<\/p>\n\t<\/div>\n<\/div>\n\t\t\t\t<\/div>\n\t\t\t\t<\/div>\n\t\t\t\t\t<\/div>\n\t\t<\/div>\n\t\t\t\t\t<\/div>\n\t\t<\/section>\n\t\t\t\t<section class=\"elementor-section elementor-top-section elementor-element elementor-element-4c462a4 elementor-section-full_width qodef-btt-light elementor-section-height-default elementor-section-height-default qodef-elementor-content-no\" data-id=\"4c462a4\" data-element_type=\"section\" data-e-type=\"section\">\n\t\t\t\t\t\t<div class=\"elementor-container elementor-column-gap-default\">\n\t\t\t\t\t<div class=\"elementor-column elementor-col-100 elementor-top-column elementor-element elementor-element-43745be\" data-id=\"43745be\" data-element_type=\"column\" data-e-type=\"column\">\n\t\t\t<div class=\"elementor-widget-wrap elementor-element-populated\">\n\t\t\t\t\t\t<div class=\"elementor-element elementor-element-4ea1228 elementor-widget elementor-widget-shiftup_core_image_section_info\" data-id=\"4ea1228\" data-element_type=\"widget\" data-e-type=\"widget\" data-widget_type=\"shiftup_core_image_section_info.default\">\n\t\t\t\t<div class=\"elementor-widget-container\">\n\t\t\t\t\t<div class=\"qodef-shortcode qodef-m  qodef-image-section-info qodef-layout--info-on-image  qodef-image-default qodef--right  qodef--has-appear\">\n\t<div class=\"qodef-m-inner clear\">\n\t\t<div class=\"qodef-m-image\">\n\t<\/div>\n\t\t<div class=\"qodef-m-content\" style=\"padding: 16.5% 6% 16.5% 15%\">\n\t\t\t<div class=\"qodef-m-content-inner\" style=\"padding: 16.5% 6% 16.5% 15%\">\n\t\t\t\t\n\n\t\t\t\t\t<h2 class=\"qodef-m-title\" >WERDEN SIE OFFIZIELLER H\u00c4NDLER<\/h2>\n\t\t\t\t\t<div class=\"qodef-m-text\" ><p style=\"color: #9A9A9A;\"><em>Exklusiver Zugang zu Leistungsfedern und intelligenten Tools.<\/em><\/p>\n<p style=\"color: white;\">\n  Werden Sie Mitglied im Netzwerk von MX-Springs und erhalten Sie Zugang zu unserem H\u00e4ndlerportal mit umfassenden Funktionen f\u00fcr professionelle Bestellungen, technischen Support und wettbewerbsf\u00e4hige Einkaufspreise.\n<\/p>\n<ul style=\"list-style-type: none; padding-left: 0; color: white;\">\n  <li><span style=\"color: #E6212B;\">\u2714<\/span> Zugang zum exklusiven H\u00e4ndlerportal<\/li>\n  <li> <span style=\"color: #E6212B;\">\u2714<\/span>Vereinfachte Gro\u00dfbestellung mit einem Klick<\/li>\n  <li><span style=\"color: #E6212B;\">\u2714<\/span> Technische Produktunterst\u00fctzung<\/li>\n<\/ul><\/div>\n\n\n\t\t\t\t\t<div class=\"qodef-m-button\">\n\t\t<a class=\"qodef-shortcode qodef-m  qodef-button qodef-layout--filled  qodef-html--link \" href=\"https:\/\/mx-springs.com\/de\/werden-sie-offizieller-haendler\/\" target=\"_self\"  style=\"color: #FFFFFF;font-size: 15px\">\t\t<span class=\"qodef-m-text\">Zugang anfordern<\/span><\/a>\t<\/div>\n\t\t\t<\/div>\n\t\t\t\t\t\t\t<span class=\"qodef-m-square qodef-top\" ><\/span>\n\t\t\t\t<span class=\"qodef-m-square qodef-bottom\" ><\/span>\n\t\t\t\t\t<\/div>\n\t<\/div>\n<\/div>\n\t\t\t\t<\/div>\n\t\t\t\t<\/div>\n\t\t\t\t\t<\/div>\n\t\t<\/div>\n\t\t\t\t\t<\/div>\n\t\t<\/section>\n\t\t\t\t<\/div>\n\t\t","protected":false},"excerpt":{"rendered":"<p>MX-SPRINGS Angetrieben durch Leistung. Gebaut f\u00fcr Profis. Jede MX-Springs-Feder ist auf maximalen Grip, D\u00e4mpfung und Zuverl\u00e4ssigkeit ausgelegt &#8211; exklusiv erh\u00e4ltlich bei autorisierten H\u00e4ndlern. MX MX-SPRINGS.COM MX-SPRINGS Angetrieben durch Leistung. Gebaut f\u00fcr Profis. Jede MX-Springs-Feder ist auf maximalen Grip, D\u00e4mpfung und Zuverl\u00e4ssigkeit ausgelegt &#8211; exklusiv erh\u00e4ltlich bei autorisierten H\u00e4ndlern. MX MX-SPRINGS.COM Was wir tun Maximaler Grip. [&hellip;]<\/p>\n","protected":false},"author":1,"featured_media":0,"parent":0,"menu_order":0,"comment_status":"closed","ping_status":"closed","template":"page-full-width.php","meta":{"footnotes":""},"class_list":["post-15795","page","type-page","status-publish","hentry"],"_links":{"self":[{"href":"https:\/\/mx-springs.com\/de\/wp-json\/wp\/v2\/pages\/15795","targetHints":{"allow":["GET"]}}],"collection":[{"href":"https:\/\/mx-springs.com\/de\/wp-json\/wp\/v2\/pages"}],"about":[{"href":"https:\/\/mx-springs.com\/de\/wp-json\/wp\/v2\/types\/page"}],"author":[{"embeddable":true,"href":"https:\/\/mx-springs.com\/de\/wp-json\/wp\/v2\/users\/1"}],"replies":[{"embeddable":true,"href":"https:\/\/mx-springs.com\/de\/wp-json\/wp\/v2\/comments?post=15795"}],"version-history":[{"count":11,"href":"https:\/\/mx-springs.com\/de\/wp-json\/wp\/v2\/pages\/15795\/revisions"}],"predecessor-version":[{"id":21419,"href":"https:\/\/mx-springs.com\/de\/wp-json\/wp\/v2\/pages\/15795\/revisions\/21419"}],"wp:attachment":[{"href":"https:\/\/mx-springs.com\/de\/wp-json\/wp\/v2\/media?parent=15795"}],"curies":[{"name":"wp","href":"https:\/\/api.w.org\/{rel}","templated":true}]}}