{"id":15729,"date":"2025-05-26T09:00:57","date_gmt":"2025-05-26T09:00:57","guid":{"rendered":"https:\/\/mx-springs.com\/erklaerung-zum-datenschutz\/"},"modified":"2025-05-30T10:01:57","modified_gmt":"2025-05-30T10:01:57","slug":"erklaerung-zum-datenschutz","status":"publish","type":"page","link":"https:\/\/mx-springs.com\/de\/erklaerung-zum-datenschutz\/","title":{"rendered":"Erkl\u00e4rung zum Datenschutz"},"content":{"rendered":"\t\t<div data-elementor-type=\"wp-page\" data-elementor-id=\"15729\" class=\"elementor elementor-15729 elementor-12268\" data-elementor-post-type=\"page\">\n\t\t\t\t\t\t<section class=\"elementor-section elementor-top-section elementor-element elementor-element-2245e74 elementor-section-full_width mx-banner elementor-hidden-tablet elementor-hidden-mobile elementor-section-height-default elementor-section-height-default qodef-elementor-content-no\" data-id=\"2245e74\" data-element_type=\"section\" data-e-type=\"section\">\n\t\t\t\t\t\t<div class=\"elementor-container elementor-column-gap-default\">\n\t\t\t\t\t<div class=\"elementor-column elementor-col-100 elementor-top-column elementor-element elementor-element-e69222a\" data-id=\"e69222a\" data-element_type=\"column\" data-e-type=\"column\">\n\t\t\t<div class=\"elementor-widget-wrap elementor-element-populated\">\n\t\t\t\t\t\t<div class=\"elementor-element elementor-element-7ee231b elementor-widget elementor-widget-shiftup_core_single_image\" data-id=\"7ee231b\" data-element_type=\"widget\" data-e-type=\"widget\" data-widget_type=\"shiftup_core_single_image.default\">\n\t\t\t\t<div class=\"elementor-widget-container\">\n\t\t\t\t\t<div class=\"qodef-shortcode qodef-m  qodef-single-image qodef-layout--default    \">\n\t\t<div class=\"qodef-m-image\">\n\t\t\t\t\t<img fetchpriority=\"high\" decoding=\"async\" width=\"1536\" height=\"1024\" src=\"https:\/\/mx-springs.com\/wp-content\/uploads\/2025\/05\/ChatGPT-Image-May-17-2025-12_00_34-PM.png\" class=\"attachment-full size-full\" alt=\"\" srcset=\"https:\/\/mx-springs.com\/wp-content\/uploads\/2025\/05\/ChatGPT-Image-May-17-2025-12_00_34-PM.png 1536w, https:\/\/mx-springs.com\/wp-content\/uploads\/2025\/05\/ChatGPT-Image-May-17-2025-12_00_34-PM-300x200.png 300w, https:\/\/mx-springs.com\/wp-content\/uploads\/2025\/05\/ChatGPT-Image-May-17-2025-12_00_34-PM-1024x683.png 1024w, https:\/\/mx-springs.com\/wp-content\/uploads\/2025\/05\/ChatGPT-Image-May-17-2025-12_00_34-PM-768x512.png 768w, https:\/\/mx-springs.com\/wp-content\/uploads\/2025\/05\/ChatGPT-Image-May-17-2025-12_00_34-PM-600x400.png 600w\" sizes=\"(max-width: 1536px) 100vw, 1536px\" \/>\t\t\t<\/div>\n\t<\/div>\n\t\t\t\t<\/div>\n\t\t\t\t<\/div>\n\t\t\t\t\t<\/div>\n\t\t<\/div>\n\t\t\t\t\t<\/div>\n\t\t<\/section>\n\t\t\t\t<section class=\"elementor-section elementor-top-section elementor-element elementor-element-dc44b17 elementor-section-full_width qodef-elementor-content-grid elementor-section-height-default elementor-section-height-default\" data-id=\"dc44b17\" data-element_type=\"section\" data-e-type=\"section\">\n\t\t\t\t\t\t<div class=\"elementor-container elementor-column-gap-default\">\n\t\t\t\t\t<div class=\"elementor-column elementor-col-100 elementor-top-column elementor-element elementor-element-e9033d9 qodef-skin-light\" data-id=\"e9033d9\" data-element_type=\"column\" data-e-type=\"column\">\n\t\t\t<div class=\"elementor-widget-wrap elementor-element-populated\">\n\t\t\t\t\t\t<div class=\"elementor-element elementor-element-7130235 elementor-hidden-desktop elementor-widget elementor-widget-shiftup_core_single_image\" data-id=\"7130235\" data-element_type=\"widget\" data-e-type=\"widget\" data-widget_type=\"shiftup_core_single_image.default\">\n\t\t\t\t<div class=\"elementor-widget-container\">\n\t\t\t\t\t<div class=\"qodef-shortcode qodef-m  qodef-single-image qodef-layout--default    \">\n\t\t<div class=\"qodef-m-image\">\n\t\t\t\t\t<img fetchpriority=\"high\" decoding=\"async\" width=\"1536\" height=\"1024\" src=\"https:\/\/mx-springs.com\/wp-content\/uploads\/2025\/05\/ChatGPT-Image-May-17-2025-12_00_34-PM.png\" class=\"attachment-full size-full\" alt=\"\" srcset=\"https:\/\/mx-springs.com\/wp-content\/uploads\/2025\/05\/ChatGPT-Image-May-17-2025-12_00_34-PM.png 1536w, https:\/\/mx-springs.com\/wp-content\/uploads\/2025\/05\/ChatGPT-Image-May-17-2025-12_00_34-PM-300x200.png 300w, https:\/\/mx-springs.com\/wp-content\/uploads\/2025\/05\/ChatGPT-Image-May-17-2025-12_00_34-PM-1024x683.png 1024w, https:\/\/mx-springs.com\/wp-content\/uploads\/2025\/05\/ChatGPT-Image-May-17-2025-12_00_34-PM-768x512.png 768w, https:\/\/mx-springs.com\/wp-content\/uploads\/2025\/05\/ChatGPT-Image-May-17-2025-12_00_34-PM-600x400.png 600w\" sizes=\"(max-width: 1536px) 100vw, 1536px\" \/>\t\t\t<\/div>\n\t<\/div>\n\t\t\t\t<\/div>\n\t\t\t\t<\/div>\n\t\t\t\t<div class=\"elementor-element elementor-element-917faa0 elementor-widget elementor-widget-template\" data-id=\"917faa0\" data-element_type=\"widget\" data-e-type=\"widget\" data-widget_type=\"template.default\">\n\t\t\t\t<div class=\"elementor-widget-container\">\n\t\t\t\t\t\t\t<div class=\"elementor-template\">\n\t\t\t\t\t<div data-elementor-type=\"section\" data-elementor-id=\"16240\" class=\"elementor elementor-16240 elementor-12253\" data-elementor-post-type=\"elementor_library\">\n\t\t\t\t\t<section class=\"elementor-section elementor-top-section elementor-element elementor-element-7bbb035d elementor-section-boxed elementor-section-height-default elementor-section-height-default qodef-elementor-content-no\" data-id=\"7bbb035d\" data-element_type=\"section\" data-e-type=\"section\">\n\t\t\t\t\t\t<div class=\"elementor-container elementor-column-gap-default\">\n\t\t\t\t\t<div class=\"elementor-column elementor-col-100 elementor-top-column elementor-element elementor-element-73ec9369\" data-id=\"73ec9369\" data-element_type=\"column\" data-e-type=\"column\">\n\t\t\t<div class=\"elementor-widget-wrap elementor-element-populated\">\n\t\t\t\t\t\t<div class=\"elementor-element elementor-element-3ac8695c elementor-widget elementor-widget-text-editor\" data-id=\"3ac8695c\" data-element_type=\"widget\" data-e-type=\"widget\" data-widget_type=\"text-editor.default\">\n\t\t\t\t<div class=\"elementor-widget-container\">\n\t\t\t\t\t\t\t\t\t\n<h3 data-start=\"143\" data-end=\"185\">1. Unsere Verwendung der gesammelten Daten<\/h3>\n<p data-start=\"187\" data-end=\"568\"><strong data-start=\"187\" data-end=\"216\">Nutzung unserer Dienste<\/strong><br data-start=\"216\" data-end=\"219\">Wenn Sie sich f\u00fcr einen unserer Dienste anmelden, bitten wir Sie um die Angabe pers\u00f6nlicher Daten. Wir verwenden diese Daten, um den Dienst zu erbringen. Die Daten werden auf den sicheren Servern von MX-Springs oder eines Drittanbieters gespeichert. Wir kombinieren diese Daten nicht mit anderen pers\u00f6nlichen Informationen in unserem Besitz.   <\/p>\n<p data-start=\"570\" data-end=\"1024\"><strong data-start=\"570\" data-end=\"586\">Kommunikation<\/strong><br data-start=\"586\" data-end=\"589\">Wenn Sie uns E-Mails oder andere Nachrichten schicken, k\u00f6nnen wir diese Nachrichten speichern. Manchmal fragen wir nach pers\u00f6nlichen Daten, die f\u00fcr die jeweilige Situation relevant sind. Dies erm\u00f6glicht es uns, Ihre Fragen zu bearbeiten und Ihre Anfragen zu beantworten. Die Daten werden auf den sicheren Servern von MX-Springs oder eines Drittanbieters gespeichert. Wir kombinieren diese Daten nicht mit anderen pers\u00f6nlichen Informationen.    <\/p>\n<p data-start=\"1026\" data-end=\"1168\"><strong data-start=\"1026\" data-end=\"1037\">Cookies<\/strong><br data-start=\"1037\" data-end=\"1040\">Wir sammeln Daten zu Forschungszwecken, um unsere Kunden besser zu verstehen und unsere Dienstleistungen entsprechend anzupassen.<\/p>\n<p data-start=\"1170\" data-end=\"1699\">Diese Website verwendet \u201eCookies\u201c (Textdateien, die auf Ihrem Computer gespeichert werden), um zu analysieren, wie Benutzer die Website nutzen. Die von dem Cookie erzeugten Informationen \u00fcber Ihre Nutzung der Website k\u00f6nnen auf die sicheren Server von MX-Springs oder eines Dritten \u00fcbertragen werden. Wir verwenden diese Informationen, um zu verfolgen, wie die Website genutzt wird, um Berichte \u00fcber die Website-Aktivit\u00e4ten zu erstellen und um weitere Dienstleistungen im Zusammenhang mit der Website-Aktivit\u00e4t und der Internetnutzung zu erbringen.  <\/p>\n<hr data-start=\"1701\" data-end=\"1704\">\n<h3 data-start=\"1706\" data-end=\"1725\">2. Ziele<\/h3>\n<p data-start=\"1726\" data-end=\"1920\">Wir sammeln oder verwenden keine Informationen f\u00fcr andere als die in dieser Datenschutzerkl\u00e4rung beschriebenen Zwecke, es sei denn, wir haben Ihre vorherige Zustimmung erhalten.<\/p>\n<hr data-start=\"1922\" data-end=\"1925\">\n<h3 data-start=\"1927\" data-end=\"1942\">3. Dritte Parteien<\/h3>\n<p data-start=\"1943\" data-end=\"2379\">Die Informationen werden nicht an Dritte weitergegeben, au\u00dfer an Webanwendungen, die wir f\u00fcr unseren Webshop verwenden. Dies betrifft z.B. die Bewertungsplattform von WebwinkelKeur. Diese Daten werden nur f\u00fcr den Zweck der jeweiligen Anwendung verwendet und nicht weitergegeben. In einigen F\u00e4llen k\u00f6nnen die Daten intern weitergegeben werden. Unsere Mitarbeiter sind verpflichtet, die Vertraulichkeit Ihrer Daten zu wahren.    <\/p>\n<hr data-start=\"2381\" data-end=\"2384\">\n<h3 data-start=\"2386\" data-end=\"2406\">4. \u00c4nderungen<\/h3>\n<p data-start=\"2407\" data-end=\"2677\">Dieser Datenschutzhinweis ist auf die Nutzung und die Funktionen dieser Website zugeschnitten. Alle Anpassungen und\/oder \u00c4nderungen an dieser Website k\u00f6nnen zu \u00c4nderungen dieser Datenschutzerkl\u00e4rung f\u00fchren. Es ist daher ratsam, diese Erkl\u00e4rung regelm\u00e4\u00dfig zu lesen.  <\/p>\n<hr data-start=\"2679\" data-end=\"2682\">\n<h3 data-start=\"2684\" data-end=\"2721\">5. Wahlm\u00f6glichkeiten f\u00fcr pers\u00f6nliche Daten<\/h3>\n<p data-start=\"2722\" data-end=\"2877\">Wir bieten allen Besuchern die M\u00f6glichkeit, die uns zur Verf\u00fcgung gestellten pers\u00f6nlichen Daten jederzeit einzusehen, zu \u00e4ndern oder zu l\u00f6schen.<\/p>\n<p data-start=\"2879\" data-end=\"3039\"><strong data-start=\"2879\" data-end=\"2937\">Daten bearbeiten oder Newsletter abbestellen<\/strong><br data-start=\"2937\" data-end=\"2940\">Am Ende jedes Mailings finden Sie die M\u00f6glichkeit, Ihre Daten zu bearbeiten oder den Newsletter abzubestellen.<\/p>\n<p data-start=\"3041\" data-end=\"3247\"><strong data-start=\"3041\" data-end=\"3096\">Daten \u00e4ndern oder von der Kommunikation abmelden<\/strong><br data-start=\"3096\" data-end=\"3099\">M\u00f6chten Sie Ihre Daten \u00e4ndern oder sich aus unseren Dateien entfernen? Dann kontaktieren Sie uns bitte \u00fcber die Kontaktdaten am Ende dieser Seite. <\/p>\n<p data-start=\"3249\" data-end=\"3587\"><strong data-start=\"3249\" data-end=\"3273\">Deaktivieren von Cookies<\/strong><br data-start=\"3273\" data-end=\"3276\">Die meisten Browser sind so eingestellt, dass sie Cookies standardm\u00e4\u00dfig akzeptieren. Sie k\u00f6nnen Ihren Browser jedoch so einstellen, dass er alle Cookies ablehnt oder anzeigt, wenn ein Cookie gesendet wird. Einige Funktionen und Dienste auf unserer Website funktionieren jedoch m\u00f6glicherweise nicht richtig, wenn Cookies deaktiviert sind. <\/p>\n<hr data-start=\"3589\" data-end=\"3592\">\n<h3 data-start=\"3594\" data-end=\"3643\">6. Ihre Rechte in Bezug auf Daten<\/h3>\n<p data-start=\"3644\" data-end=\"4080\">Wenn Sie ein Konto auf dieser Website haben oder Kommentare hinterlassen haben, k\u00f6nnen Sie eine Exportdatei der personenbezogenen Daten anfordern, die wir \u00fcber Sie gespeichert haben, einschlie\u00dflich aller Daten, die Sie uns zur Verf\u00fcgung gestellt haben. Sie k\u00f6nnen auch verlangen, dass wir alle personenbezogenen Daten, die wir \u00fcber Sie gespeichert haben, l\u00f6schen. Dies gilt nicht f\u00fcr Daten, die wir aus administrativen, rechtlichen oder Sicherheitsgr\u00fcnden aufbewahren m\u00fcssen.  <\/p>\n<hr data-start=\"4082\" data-end=\"4085\">\n<h3 data-start=\"4087\" data-end=\"4114\">7. Fragen und Feedback<\/h3>\n<p data-start=\"4115\" data-end=\"4257\">Wir \u00fcberpr\u00fcfen regelm\u00e4\u00dfig, ob wir diese Datenschutzrichtlinie einhalten. Wenn Sie Fragen zu dieser Datenschutzrichtlinie haben, kontaktieren Sie uns bitte unter: <\/p>\n<p data-start=\"4259\" data-end=\"4377\"><strong data-start=\"4259\" data-end=\"4273\">MX-Federn<\/strong><\/p>\n<ul>\n<li data-start=\"4259\" data-end=\"4377\"><a class=\"\" href=\"mailto:info@mx-springs.com\" target=\"_new\" rel=\"noopener\" data-start=\"2870\" data-end=\"2887\">info@mx-springs.com<\/a><\/li>\n<li data-start=\"4259\" data-end=\"4377\"><a class=\"\" href=\"tel:+31654331031\" target=\"_new\" rel=\"noopener\" data-start=\"2870\" data-end=\"2887\">+31 6 54331031<\/a><\/li>\n<li data-start=\"4259\" data-end=\"4377\"><a class=\"\" href=\"https:\/\/www.google.com\/maps\/place\/Herenweg+21,+3602+AM+Maarssen\/\" target=\"_new\" rel=\"noopener\" data-start=\"2870\" data-end=\"2887\">MX-Springs HQ, Herenweg 21 C, 3602 AM Maarssen<\/a><\/li>\n<li data-start=\"4259\" data-end=\"4377\">w<a class=\"\" href=\"https:\/\/mx-springs.com\/de\/\" target=\"_new\" rel=\"noopener\" data-start=\"2870\" data-end=\"2887\">ww.mx-s<\/a>prings.com<\/li>\n<\/ul>\t\t\t\t\t\t\t\t<\/div>\n\t\t\t\t<\/div>\n\t\t\t\t\t<\/div>\n\t\t<\/div>\n\t\t\t\t\t<\/div>\n\t\t<\/section>\n\t\t\t\t<\/div>\n\t\t\t\t<\/div>\n\t\t\t\t\t\t<\/div>\n\t\t\t\t<\/div>\n\t\t\t\t\t<\/div>\n\t\t<\/div>\n\t\t\t\t\t<\/div>\n\t\t<\/section>\n\t\t\t\t<\/div>\n\t\t","protected":false},"excerpt":{"rendered":"","protected":false},"author":4,"featured_media":0,"parent":0,"menu_order":0,"comment_status":"closed","ping_status":"closed","template":"page-full-width.php","meta":{"footnotes":""},"class_list":["post-15729","page","type-page","status-publish","hentry"],"_links":{"self":[{"href":"https:\/\/mx-springs.com\/de\/wp-json\/wp\/v2\/pages\/15729","targetHints":{"allow":["GET"]}}],"collection":[{"href":"https:\/\/mx-springs.com\/de\/wp-json\/wp\/v2\/pages"}],"about":[{"href":"https:\/\/mx-springs.com\/de\/wp-json\/wp\/v2\/types\/page"}],"author":[{"embeddable":true,"href":"https:\/\/mx-springs.com\/de\/wp-json\/wp\/v2\/users\/4"}],"replies":[{"embeddable":true,"href":"https:\/\/mx-springs.com\/de\/wp-json\/wp\/v2\/comments?post=15729"}],"version-history":[{"count":1,"href":"https:\/\/mx-springs.com\/de\/wp-json\/wp\/v2\/pages\/15729\/revisions"}],"predecessor-version":[{"id":15730,"href":"https:\/\/mx-springs.com\/de\/wp-json\/wp\/v2\/pages\/15729\/revisions\/15730"}],"wp:attachment":[{"href":"https:\/\/mx-springs.com\/de\/wp-json\/wp\/v2\/media?parent=15729"}],"curies":[{"name":"wp","href":"https:\/\/api.w.org\/{rel}","templated":true}]}}