{"id":15721,"date":"2025-05-26T09:49:36","date_gmt":"2025-05-26T09:49:36","guid":{"rendered":"https:\/\/mx-springs.com\/garantie\/"},"modified":"2025-09-03T07:55:44","modified_gmt":"2025-09-03T07:55:44","slug":"garantie","status":"publish","type":"page","link":"https:\/\/mx-springs.com\/de\/garantie\/","title":{"rendered":"Garantie"},"content":{"rendered":"\t\t<div data-elementor-type=\"wp-page\" data-elementor-id=\"15721\" class=\"elementor elementor-15721 elementor-12307\" data-elementor-post-type=\"page\">\n\t\t\t\t\t\t<section class=\"elementor-section elementor-top-section elementor-element elementor-element-dc44b17 elementor-section-full_width qodef-elementor-content-grid elementor-section-height-default elementor-section-height-default\" data-id=\"dc44b17\" data-element_type=\"section\" data-e-type=\"section\">\n\t\t\t\t\t\t<div class=\"elementor-container elementor-column-gap-default\">\n\t\t\t\t\t<div class=\"elementor-column elementor-col-100 elementor-top-column elementor-element elementor-element-e9033d9 qodef-skin-light\" data-id=\"e9033d9\" data-element_type=\"column\" data-e-type=\"column\">\n\t\t\t<div class=\"elementor-widget-wrap elementor-element-populated\">\n\t\t\t\t\t\t<div class=\"elementor-element elementor-element-c29ce85 elementor-widget__width-initial elementor-widget elementor-widget-text-editor\" data-id=\"c29ce85\" data-element_type=\"widget\" data-e-type=\"widget\" data-widget_type=\"text-editor.default\">\n\t\t\t\t<div class=\"elementor-widget-container\">\n\t\t\t\t\t\t\t\t\t<h2><strong>MX-Springs Motorradfedern \u2013 Lebenslange Garantie<\/strong><\/h2><p>MX-Springs ist eine Business-to-Business-Marke, die hochwertige Motorradfedern liefert. Unsere Produkte werden aus den besten Materialien weltweit hergestellt. Die Federn werden in den Niederlanden nach pr\u00e4zisen Spezifikationen entwickelt und produziert. Deshalb bieten wir auf unsere Federn eine lebenslange Garantie.<\/p><h3>1. Lebenslange Garantie von MX-Springs<\/h3><p>MX-Springs-Federn werden mit einer lebenslangen Garantie gegen Material- oder Herstellungsfehler geliefert (ausgenommen Beschichtung), sofern sie korrekt verwendet werden. Diese Garantie gilt ausschlie\u00dflich f\u00fcr den urspr\u00fcnglichen K\u00e4ufer, der Eigent\u00fcmer des Fahrzeugs bleibt, in dem die Federn eingebaut wurden.<\/p><p>Nach Best\u00e4tigung des Garantieanspruchs ersetzt MX-Springs defekte oder vorzeitig verschlissene Federn kostenlos. Diese Garantie stellt die einzige und ausschlie\u00dfliche L\u00f6sung f\u00fcr Verluste oder Sch\u00e4den dar, die auf Herstellungsfehler oder M\u00e4ngel der Feder zur\u00fcckzuf\u00fchren sind.<\/p><h3>2. Garantieausschl\u00fcsse<\/h3><p>Diese Garantie gilt nicht f\u00fcr Federn, die unsachgem\u00e4\u00df montiert wurden. Der Einbau muss von einem qualifizierten Fachmann durchgef\u00fchrt werden. Die Garantie gilt au\u00dferdem nicht f\u00fcr Federn, die:<\/p><ul><li>unsachgem\u00e4\u00df angepasst oder ver\u00e4ndert wurden;<\/li><li>durch Fahrl\u00e4ssigkeit, Unfall, Kollision oder \u00dcberlastung besch\u00e4digt wurden;<\/li><li>in Fahrzeugen verwendet wurden, die das vom Hersteller empfohlene Gewicht \u00fcberschreiten.<\/li><\/ul><p>MX-Springs beh\u00e4lt sich das Recht vor, Spezifikationen und Materialien ohne vorherige Ank\u00fcndigung zu \u00e4ndern und ist nicht verpflichtet, zuvor produzierte Produkte entsprechend anzupassen.<\/p><h3>3. Weitere Ausschl\u00fcsse<\/h3><p>Diese Garantie gilt nur f\u00fcr vollst\u00e4ndige Federn und ist nicht \u00fcbertragbar. Aussagen Dritter, in welcher Form auch immer (schriftlich oder m\u00fcndlich), \u00e4ndern diese Garantie nicht.<\/p><p>Der Text auf dieser Seite ist bindend. Es bestehen keine zus\u00e4tzlichen Garantien au\u00dferhalb dieser Erkl\u00e4rung. MX-Springs haftet nicht f\u00fcr:<\/p><ul><li>indirekte Sch\u00e4den;<\/li><li>den Verlust der Nutzung oder Mobilit\u00e4t des Fahrzeugs;<\/li><li>unerw\u00fcnschte oder unbeabsichtigte Sch\u00e4den;<\/li><li>Verletzungen oder Todesf\u00e4lle infolge der Nutzung unserer Produkte.<\/li><\/ul><p>Der Benutzer tr\u00e4gt die volle Verantwortung und das Risiko.<\/p><h3>4. Garantieantrag \u2013 Vorgehensweise<\/h3><p>Um einen Garantieanspruch geltend zu machen, muss der K\u00e4ufer den MX-Springs-H\u00e4ndler oder -Vertriebspartner kontaktieren, bei dem die Federn urspr\u00fcnglich gekauft wurden. Der K\u00e4ufer ist f\u00fcr alle Kosten im Zusammenhang mit dem (De-)Montieren der Feder sowie f\u00fcr den Versand an den H\u00e4ndler\/Vertriebspartner und weiter an MX-Springs \u2013 und zur\u00fcck \u2013 verantwortlich.<\/p><hr \/><p><strong>MX-Springs<br \/><\/strong><\/p><p><strong>E-Mail: <a class=\"cursor-pointer\" rel=\"noopener\" data-start=\"230\" data-end=\"279\">info@mx-springs.com<\/a><br data-start=\"279\" data-end=\"282\" \/>Telefon: <a href=\"tel:+31654331031\">+31 6 54331031<\/a><br data-start=\"309\" data-end=\"312\" \/>Lieferadresse:<a class=\"\" href=\"https:\/\/www.google.com\/maps\/place\/Herenweg+21C,+3602+AM+Maarssen\/\" target=\"_new\" rel=\"noopener\" data-start=\"333\" data-end=\"433\">Herenweg 21 C, 3602 AM Maarssen<\/a><br data-start=\"433\" data-end=\"436\" \/>Postanschrift:<a class=\"\" href=\"https:\/\/www.google.com\/maps\/place\/Buitenweg+238,+3602+ZH+Maarssen\/\" target=\"_new\" rel=\"noopener\" data-start=\"457\" data-end=\"558\">Buitenweg 238, 3602 ZH Maarssen<\/a><br data-start=\"558\" data-end=\"561\" \/>Website: <a class=\"\" href=\"https:\/\/mx-springs.com\" target=\"_new\" rel=\"noopener\" data-start=\"574\" data-end=\"622\">www.mx-springs.com<\/a><br \/><\/strong><\/p>\t\t\t\t\t\t\t\t<\/div>\n\t\t\t\t<\/div>\n\t\t\t\t<div class=\"elementor-element elementor-element-657c967 elementor-widget elementor-widget-shiftup_core_button\" data-id=\"657c967\" data-element_type=\"widget\" data-e-type=\"widget\" data-widget_type=\"shiftup_core_button.default\">\n\t\t\t\t<div class=\"elementor-widget-container\">\n\t\t\t\t\t<a class=\"qodef-shortcode qodef-m  qodef-button qodef-layout--filled  qodef-html--link \" href=\"https:\/\/mx-springs.com\/wp-content\/uploads\/2025\/08\/MX-Springs-Warranty-1.pdf\" target=\"_self\"  >\n\t\t<span class=\"qodef-m-text\">PDF herunterladen<\/span>\n<\/a>\n\t\t\t\t<\/div>\n\t\t\t\t<\/div>\n\t\t\t\t\t<\/div>\n\t\t<\/div>\n\t\t\t\t\t<\/div>\n\t\t<\/section>\n\t\t\t\t<\/div>\n\t\t","protected":false},"excerpt":{"rendered":"<p>MX-Springs Motorradfedern \u2013 Lebenslange Garantie MX-Springs ist eine Business-to-Business-Marke, die hochwertige Motorradfedern liefert. Unsere Produkte werden aus den besten Materialien weltweit hergestellt. Die Federn werden in den Niederlanden nach pr\u00e4zisen Spezifikationen entwickelt und produziert. Deshalb bieten wir auf unsere Federn eine lebenslange Garantie. 1. Lebenslange Garantie von MX-Springs MX-Springs-Federn werden mit einer lebenslangen Garantie gegen [&hellip;]<\/p>\n","protected":false},"author":4,"featured_media":0,"parent":0,"menu_order":0,"comment_status":"closed","ping_status":"closed","template":"","meta":{"footnotes":""},"class_list":["post-15721","page","type-page","status-publish","hentry"],"_links":{"self":[{"href":"https:\/\/mx-springs.com\/de\/wp-json\/wp\/v2\/pages\/15721","targetHints":{"allow":["GET"]}}],"collection":[{"href":"https:\/\/mx-springs.com\/de\/wp-json\/wp\/v2\/pages"}],"about":[{"href":"https:\/\/mx-springs.com\/de\/wp-json\/wp\/v2\/types\/page"}],"author":[{"embeddable":true,"href":"https:\/\/mx-springs.com\/de\/wp-json\/wp\/v2\/users\/4"}],"replies":[{"embeddable":true,"href":"https:\/\/mx-springs.com\/de\/wp-json\/wp\/v2\/comments?post=15721"}],"version-history":[{"count":10,"href":"https:\/\/mx-springs.com\/de\/wp-json\/wp\/v2\/pages\/15721\/revisions"}],"predecessor-version":[{"id":21372,"href":"https:\/\/mx-springs.com\/de\/wp-json\/wp\/v2\/pages\/15721\/revisions\/21372"}],"wp:attachment":[{"href":"https:\/\/mx-springs.com\/de\/wp-json\/wp\/v2\/media?parent=15721"}],"curies":[{"name":"wp","href":"https:\/\/api.w.org\/{rel}","templated":true}]}}